{"id":20800,"date":"2025-04-07T12:04:01","date_gmt":"2025-04-07T12:04:01","guid":{"rendered":"https:\/\/ztsports.com\/?post_type=product&#038;p=20800"},"modified":"2026-04-16T17:48:10","modified_gmt":"2026-04-16T17:48:10","slug":"soies-de-lame-a-carreaux-deluxe","status":"publish","type":"product","link":"https:\/\/ztsports.com\/fr\/store\/soies-de-lame-a-carreaux-deluxe\/","title":{"rendered":"Soies de lame \u00e0 carreaux deluxe"},"content":{"rendered":"<h2>Soies de lame \u00e0 carreaux deluxe<\/h2>\n<p>Ces trempettes Deluxe Plaid Blade Soakers sont dot\u00e9es d&#8217;un mat\u00e9riau r\u00e9sistant \u00e0 la coupure pour renforcer les extr\u00e9mit\u00e9s.<\/p>\n<p>Ext\u00e9rieur en flanelle et int\u00e9rieur absorbant.<\/p>\n<p>Renforcement des orteils et des talons avec un tissu r\u00e9sistant aux coupures.<\/p>\n<p><strong>Pourquoi avons-nous besoin de skate soakers ?<\/strong><\/p>\n<p>Il y a une tr\u00e8s bonne raison pour laquelle les absorbeurs d&#8217;humidit\u00e9 pour patins sont un article indispensable dans tous les sacs de patinage. Leur fonction principale est d&#8217;<em>absorber l&#8217;humidit\u00e9 des lames<\/em> apr\u00e8s votre s\u00e9ance de patinage. Il est essentiel d&#8217;essuyer la partie inf\u00e9rieure de vos patins, y compris les lames, apr\u00e8s chaque s\u00e9ance de patinage.<\/p>\n<p>Cependant, m\u00eame si vous essuyez soigneusement vos lames, le contraste entre la temp\u00e9rature ambiante et la temp\u00e9rature de la patinoire fera appara\u00eetre davantage de condensation sur vos patins une fois que vous les aurez rang\u00e9s dans le sac. L&#8217;humidit\u00e9 r\u00e9siduelle est un facteur n\u00e9gatif qui provoque la rouille et l&#8217;\u00e9moussement rapide de vos lames.<\/p>\n<p>Les absorbeurs d&#8217;humidit\u00e9 pour patins \u00e0 glace sont con\u00e7us pour capturer l&#8217;humidit\u00e9 r\u00e9siduelle de vos lames, les gardant ainsi s\u00e8ches et correctement prot\u00e9g\u00e9es. D&#8217;autres fonctions utiles de ces absorbeurs d&#8217;humidit\u00e9 sont la <em>protection de vos lames contre les dommages m\u00e9caniques<\/em> tels que les bosses et les \u00e9raflures, ainsi que <em>la protection de votre sac de patinage de vitesse contre les coupures<\/em>.<\/p>\n<p>Disponible en quatre palettes de couleurs uniques.<\/p>\n<p>Gris\/Noir<\/p>\n<p>Bleu\/Noir<\/p>\n<p>Rouge\/Noir<\/p>\n<p>Jaune\/Noir<\/p>\n<p>Consultez notre large s\u00e9lection de <a href=\"https:\/\/ztsports.com\/?s=soakers&amp;post_type=product&amp;product_cat=0\"><strong>de trempes \u00e0 lames ici.<\/strong><\/a><\/p>\n<p>&nbsp;<\/p>\n","protected":false},"excerpt":{"rendered":"<p>Soies de lame \u00e0 carreaux deluxe Ces trempettes Deluxe Plaid Blade Soakers sont dot\u00e9es d&#8217;un mat\u00e9riau r\u00e9sistant \u00e0 la coupure pour renforcer les extr\u00e9mit\u00e9s. Ext\u00e9rieur en flanelle et int\u00e9rieur absorbant. Renforcement des orteils et des talons avec un tissu r\u00e9sistant aux coupures. Pourquoi avons-nous besoin de skate soakers ? Il y a une tr\u00e8s bonne [&hellip;]<\/p>\n","protected":false},"featured_media":20802,"comment_status":"open","ping_status":"closed","template":"","meta":{"_acf_changed":false,"_monsterinsights_skip_tracking":false,"_monsterinsights_sitenote_active":false,"_monsterinsights_sitenote_note":"","_monsterinsights_sitenote_category":0,"_uf_show_specific_survey":0,"_uf_disable_surveys":false,"site-sidebar-layout":"default","site-content-layout":"","ast-site-content-layout":"default","site-content-style":"default","site-sidebar-style":"default","ast-global-header-display":"","ast-banner-title-visibility":"","ast-main-header-display":"","ast-hfb-above-header-display":"","ast-hfb-below-header-display":"","ast-hfb-mobile-header-display":"","site-post-title":"","ast-breadcrumbs-content":"","ast-featured-img":"","footer-sml-layout":"","ast-disable-related-posts":"","theme-transparent-header-meta":"default","adv-header-id-meta":"","stick-header-meta":"","header-above-stick-meta":"","header-main-stick-meta":"","header-below-stick-meta":"","astra-migrate-meta-layouts":"set","ast-page-background-enabled":"default","ast-page-background-meta":{"desktop":{"background-color":"","background-image":"","background-repeat":"repeat","background-position":"center center","background-size":"auto","background-attachment":"scroll","background-type":"","background-media":"","overlay-type":"","overlay-color":"","overlay-opacity":"","overlay-gradient":""},"tablet":{"background-color":"","background-image":"","background-repeat":"repeat","background-position":"center center","background-size":"auto","background-attachment":"scroll","background-type":"","background-media":"","overlay-type":"","overlay-color":"","overlay-opacity":"","overlay-gradient":""},"mobile":{"background-color":"","background-image":"","background-repeat":"repeat","background-position":"center center","background-size":"auto","background-attachment":"scroll","background-type":"","background-media":"","overlay-type":"","overlay-color":"","overlay-opacity":"","overlay-gradient":""}},"ast-content-background-meta":{"desktop":{"background-color":"var(--ast-global-color-5)","background-image":"","background-repeat":"repeat","background-position":"center center","background-size":"auto","background-attachment":"scroll","background-type":"","background-media":"","overlay-type":"","overlay-color":"","overlay-opacity":"","overlay-gradient":""},"tablet":{"background-color":"var(--ast-global-color-5)","background-image":"","background-repeat":"repeat","background-position":"center center","background-size":"auto","background-attachment":"scroll","background-type":"","background-media":"","overlay-type":"","overlay-color":"","overlay-opacity":"","overlay-gradient":""},"mobile":{"background-color":"var(--ast-global-color-5)","background-image":"","background-repeat":"repeat","background-position":"center center","background-size":"auto","background-attachment":"scroll","background-type":"","background-media":"","overlay-type":"","overlay-color":"","overlay-opacity":"","overlay-gradient":""}}},"product_brand":[3277,3337,3361,3358,3360],"product_cat":[3389,3392,3396,3395,3390,3838,3876,3502,3877,3501,3503,4216,3507,3504],"product_tag":[4128,4129,4130,4429,3427,4131,4132,4096,4430,4431,3512,4133],"class_list":{"0":"post-20800","1":"product","2":"type-product","3":"status-publish","4":"has-post-thumbnail","6":"product_brand-atom","7":"product_brand-sherbatov","8":"product_brand-x-series-xact","9":"product_brand-x-series","10":"product_brand-xact","11":"product_cat-accessoires-longue-piste","12":"product_cat-accessoires-short-track","13":"product_cat-accessories","14":"product_cat-courte-piste","15":"product_cat-longue-piste","16":"product_cat-offres-de-club","17":"product_cat-protecteurs-de-lames-et-gardes","18":"product_cat-protection-de-la-lame","21":"product_cat-protections-de-lames","22":"product_cat-protections-et-trempeurs-pour-patins","24":"product_cat-soigneurs-de-lames","25":"product_tag-cadeau-patineur","26":"product_tag-couvercles-de-lames","27":"product_tag-couvertures-de-lames-de-patins-a-glace","28":"product_tag-de-luxe","29":"product_tag-equipement-de-patinage-de-vitesse","30":"product_tag-patins-a-glace-soakers","31":"product_tag-protecteur-de-lames","32":"product_tag-protege-lame","33":"product_tag-soakers-a-lames-a-carreaux","34":"product_tag-soies-de-lame-a-carreaux-de-luxe","35":"product_tag-trempes-a-lames","36":"product_tag-visage-heureux","37":"desktop-align-left","38":"tablet-align-left","39":"mobile-align-left","41":"first","42":"instock","43":"taxable","44":"shipping-taxable","45":"purchasable","46":"product-type-simple"},"acf":[],"_links":{"self":[{"href":"https:\/\/ztsports.com\/fr\/wp-json\/wp\/v2\/product\/20800","targetHints":{"allow":["GET"]}}],"collection":[{"href":"https:\/\/ztsports.com\/fr\/wp-json\/wp\/v2\/product"}],"about":[{"href":"https:\/\/ztsports.com\/fr\/wp-json\/wp\/v2\/types\/product"}],"replies":[{"embeddable":true,"href":"https:\/\/ztsports.com\/fr\/wp-json\/wp\/v2\/comments?post=20800"}],"version-history":[{"count":3,"href":"https:\/\/ztsports.com\/fr\/wp-json\/wp\/v2\/product\/20800\/revisions"}],"predecessor-version":[{"id":25540,"href":"https:\/\/ztsports.com\/fr\/wp-json\/wp\/v2\/product\/20800\/revisions\/25540"}],"wp:featuredmedia":[{"embeddable":true,"href":"https:\/\/ztsports.com\/fr\/wp-json\/wp\/v2\/media\/20802"}],"wp:attachment":[{"href":"https:\/\/ztsports.com\/fr\/wp-json\/wp\/v2\/media?parent=20800"}],"wp:term":[{"taxonomy":"product_brand","embeddable":true,"href":"https:\/\/ztsports.com\/fr\/wp-json\/wp\/v2\/product_brand?post=20800"},{"taxonomy":"product_cat","embeddable":true,"href":"https:\/\/ztsports.com\/fr\/wp-json\/wp\/v2\/product_cat?post=20800"},{"taxonomy":"product_tag","embeddable":true,"href":"https:\/\/ztsports.com\/fr\/wp-json\/wp\/v2\/product_tag?post=20800"}],"curies":[{"name":"wp","href":"https:\/\/api.w.org\/{rel}","templated":true}]}}