{"id":20797,"date":"2025-03-11T12:11:27","date_gmt":"2025-03-11T12:11:27","guid":{"rendered":"https:\/\/ztsports.com\/?post_type=product&#038;p=20797"},"modified":"2026-01-23T11:10:39","modified_gmt":"2026-01-23T11:10:39","slug":"atom-gear-combo-coude-genou-2-packs","status":"publish","type":"product","link":"https:\/\/ztsports.com\/fr\/store\/atom-gear-combo-coude-genou-2-packs\/","title":{"rendered":"ATOM Gear Combo coude\/genou (2 packs)"},"content":{"rendered":"<h1 id=\"title\" class=\"a-size-large a-spacing-none\"><span id=\"productTitle\" class=\"a-size-large product-title-word-break\">ATOM Gear Combo coude\/genou<\/span><\/h1>\n<p>Pour ceux qui d\u00e9butent dans le patinage en ligne ou \u00e0 roulettes, une question se pose souvent : Est-il n\u00e9cessaire de porter des protections ? La r\u00e9ponse est sans \u00e9quivoque OUI : quel que soit leur niveau, y compris les experts, les patineurs devraient toujours opter pour un \u00e9quipement de protection. <\/p>\n<h3>ATOM Gear Combo coude\/genou<\/h3>\n<p>Les protections souples s&#8217;adressent aux patineurs de loisir qui privil\u00e9gient la mobilit\u00e9 et la circulation de l&#8217;air. Ces protections prot\u00e8gent les articulations gr\u00e2ce \u00e0 une couche de mousse durable, ce qui permet d&#8217;\u00e9viter les \u00e9raflures et les blessures dues \u00e0 des chutes \u00e0 vitesse mod\u00e9r\u00e9e. <\/p>\n<p>Les protections \u00e0 coque dure sont dot\u00e9es d&#8217;un capuchon en plastique qui recouvre la mousse rembourr\u00e9e. Cette protection est id\u00e9ale pour les patineurs qui ex\u00e9cutent des figures et des sauts en hauteur, typiques du patinage agressif, du patinage de vitesse en ligne ou des sports de contact tels que le roller hockey et le roller derby. <\/p>\n<h1 class=\"a-size-base-plus a-text-bold\">A propos de ces articles<\/h1>\n<ul class=\"a-unordered-list a-vertical a-spacing-mini\">\n<li class=\"a-spacing-mini\"><span class=\"a-list-item\">Mousse haute densit\u00e9 pour absorber les chocs multiples<\/span><\/li>\n<li class=\"a-spacing-mini\"><span class=\"a-list-item\">Tissu l\u00e9ger et respirant pour un confort optimal<\/span><\/li>\n<li class=\"a-spacing-mini\"><span class=\"a-list-item\">Doublure \u00e0 enfiler pour maintenir le coussin en place pour plus de confort<\/span><\/li>\n<li class=\"a-spacing-mini\"><span class=\"a-list-item\">Sangles Velcro r\u00e9glables en haut et en bas Casquette ext\u00e9rieure (profil\u00e9e)<\/span><\/li>\n<li>ATOM Gear Combo coude\/genou<\/li>\n<li>\n<table class=\"a-normal a-spacing-micro\">\n<tbody>\n<tr class=\"a-spacing-small po-brand\">\n<td class=\"a-span3\"><span class=\"a-size-base a-text-bold\">Marque<\/span><\/td>\n<td class=\"a-span9\"><span class=\"a-size-base po-break-word\">ATOM<\/span><\/td>\n<\/tr>\n<tr class=\"a-spacing-small po-material\">\n<td class=\"a-span3\"><span class=\"a-size-base a-text-bold\">Mat\u00e9riau<\/span><\/td>\n<td class=\"a-span9\"><span class=\"a-size-base po-break-word\">Mousse<\/span><\/td>\n<\/tr>\n<tr class=\"a-spacing-small po-closure.type\">\n<td class=\"a-span3\"><span class=\"a-size-base a-text-bold\">Type de fermeture<\/span><\/td>\n<td class=\"a-span9\"><span class=\"a-size-base po-break-word\">Velcro<\/span><\/td>\n<\/tr>\n<tr class=\"a-spacing-small po-special_feature\">\n<td class=\"a-span3\"><span class=\"a-size-base a-text-bold\">Caract\u00e9ristiques sp\u00e9ciales<\/span><\/td>\n<td class=\"a-span9\"><span class=\"a-size-base po-break-word\">Respirant<\/span><\/td>\n<\/tr>\n<tr class=\"a-spacing-small po-form_factor\">\n<td class=\"a-span3\"><span class=\"a-size-base a-text-bold\">Facteur de forme<\/span><\/td>\n<td class=\"a-span9\"><span class=\"a-size-base po-break-word\">Coquille<\/span><\/td>\n<\/tr>\n<\/tbody>\n<\/table>\n<\/li>\n<li><img decoding=\"async\" src=\"https:\/\/cdn4.volusion.store\/renvs-jxqrr\/v\/vspfiles\/photos\/ARMOR-ELBOW-KNEE-2T.jpg?v-cache=1407095344\"> <img decoding=\"async\" src=\"https:\/\/www.conniesskateplace.com\/v\/vspfiles\/photos\/manufacturers\/Atom.gif\" alt=\"Coudi\u00e8res et genouill\u00e8res Armor Combo\"><\/li>\n<\/ul>\n","protected":false},"excerpt":{"rendered":"<p>ATOM Gear Combo coude\/genou Pour ceux qui d\u00e9butent dans le patinage en ligne ou \u00e0 roulettes, une question se pose souvent : Est-il n\u00e9cessaire de porter des protections ? La r\u00e9ponse est sans \u00e9quivoque OUI : quel que soit leur niveau, y compris les experts, les patineurs devraient toujours opter pour un \u00e9quipement de protection. [&hellip;]<\/p>\n","protected":false},"featured_media":20799,"comment_status":"open","ping_status":"closed","template":"","meta":{"_acf_changed":false,"_monsterinsights_skip_tracking":false,"_monsterinsights_sitenote_active":false,"_monsterinsights_sitenote_note":"","_monsterinsights_sitenote_category":0,"_uf_show_specific_survey":0,"_uf_disable_surveys":false,"site-sidebar-layout":"default","site-content-layout":"","ast-site-content-layout":"default","site-content-style":"default","site-sidebar-style":"default","ast-global-header-display":"","ast-banner-title-visibility":"","ast-main-header-display":"","ast-hfb-above-header-display":"","ast-hfb-below-header-display":"","ast-hfb-mobile-header-display":"","site-post-title":"","ast-breadcrumbs-content":"","ast-featured-img":"","footer-sml-layout":"","ast-disable-related-posts":"","theme-transparent-header-meta":"","adv-header-id-meta":"","stick-header-meta":"","header-above-stick-meta":"","header-main-stick-meta":"","header-below-stick-meta":"","astra-migrate-meta-layouts":"default","ast-page-background-enabled":"default","ast-page-background-meta":{"desktop":{"background-color":"","background-image":"","background-repeat":"repeat","background-position":"center center","background-size":"auto","background-attachment":"scroll","background-type":"","background-media":"","overlay-type":"","overlay-color":"","overlay-opacity":"","overlay-gradient":""},"tablet":{"background-color":"","background-image":"","background-repeat":"repeat","background-position":"center center","background-size":"auto","background-attachment":"scroll","background-type":"","background-media":"","overlay-type":"","overlay-color":"","overlay-opacity":"","overlay-gradient":""},"mobile":{"background-color":"","background-image":"","background-repeat":"repeat","background-position":"center center","background-size":"auto","background-attachment":"scroll","background-type":"","background-media":"","overlay-type":"","overlay-color":"","overlay-opacity":"","overlay-gradient":""}},"ast-content-background-meta":{"desktop":{"background-color":"var(--ast-global-color-5)","background-image":"","background-repeat":"repeat","background-position":"center center","background-size":"auto","background-attachment":"scroll","background-type":"","background-media":"","overlay-type":"","overlay-color":"","overlay-opacity":"","overlay-gradient":""},"tablet":{"background-color":"var(--ast-global-color-5)","background-image":"","background-repeat":"repeat","background-position":"center center","background-size":"auto","background-attachment":"scroll","background-type":"","background-media":"","overlay-type":"","overlay-color":"","overlay-opacity":"","overlay-gradient":""},"mobile":{"background-color":"var(--ast-global-color-5)","background-image":"","background-repeat":"repeat","background-position":"center center","background-size":"auto","background-attachment":"scroll","background-type":"","background-media":"","overlay-type":"","overlay-color":"","overlay-opacity":"","overlay-gradient":""}}},"product_brand":[],"product_cat":[3422,3433,3402,4423,3381,3408,3429,3419,3409],"product_tag":[4424,2097,4425,4426,3673,4427,4428,4002],"class_list":{"0":"post-20797","1":"product","2":"type-product","3":"status-publish","4":"has-post-thumbnail","6":"product_cat-accessoires","7":"product_cat-accessories","8":"product_cat-en-ligne","9":"product_cat-equipement-de-protection","10":"product_cat-patinage-de-vitesse-en-ligne","11":"product_cat-patins-a-roulettes","12":"product_cat-pieces-et-outils","13":"product_cat-protection","14":"product_cat-roulements-et-outils","15":"product_tag-accessoires-en-ligne","16":"product_tag-atom-gear","17":"product_tag-combo-coude-genou","18":"product_tag-coude-pds","19":"product_tag-equipement-de-protection","20":"product_tag-genouilleres","21":"product_tag-protection-des-patins-a-roulettes","22":"product_tag-protection-en-ligne","23":"desktop-align-left","24":"tablet-align-left","25":"mobile-align-left","27":"first","28":"instock","29":"taxable","30":"shipping-taxable","31":"purchasable","32":"product-type-simple"},"acf":[],"_links":{"self":[{"href":"https:\/\/ztsports.com\/fr\/wp-json\/wp\/v2\/product\/20797","targetHints":{"allow":["GET"]}}],"collection":[{"href":"https:\/\/ztsports.com\/fr\/wp-json\/wp\/v2\/product"}],"about":[{"href":"https:\/\/ztsports.com\/fr\/wp-json\/wp\/v2\/types\/product"}],"replies":[{"embeddable":true,"href":"https:\/\/ztsports.com\/fr\/wp-json\/wp\/v2\/comments?post=20797"}],"version-history":[{"count":1,"href":"https:\/\/ztsports.com\/fr\/wp-json\/wp\/v2\/product\/20797\/revisions"}],"predecessor-version":[{"id":20798,"href":"https:\/\/ztsports.com\/fr\/wp-json\/wp\/v2\/product\/20797\/revisions\/20798"}],"wp:featuredmedia":[{"embeddable":true,"href":"https:\/\/ztsports.com\/fr\/wp-json\/wp\/v2\/media\/20799"}],"wp:attachment":[{"href":"https:\/\/ztsports.com\/fr\/wp-json\/wp\/v2\/media?parent=20797"}],"wp:term":[{"taxonomy":"product_brand","embeddable":true,"href":"https:\/\/ztsports.com\/fr\/wp-json\/wp\/v2\/product_brand?post=20797"},{"taxonomy":"product_cat","embeddable":true,"href":"https:\/\/ztsports.com\/fr\/wp-json\/wp\/v2\/product_cat?post=20797"},{"taxonomy":"product_tag","embeddable":true,"href":"https:\/\/ztsports.com\/fr\/wp-json\/wp\/v2\/product_tag?post=20797"}],"curies":[{"name":"wp","href":"https:\/\/api.w.org\/{rel}","templated":true}]}}