{"id":20793,"date":"2025-03-06T15:49:07","date_gmt":"2025-03-06T15:49:07","guid":{"rendered":"https:\/\/ztsports.com\/?post_type=product&#038;p=20793"},"modified":"2026-04-16T19:52:53","modified_gmt":"2026-04-16T19:52:53","slug":"protection-de-lame-skate-tec-soakers","status":"publish","type":"product","link":"https:\/\/ztsports.com\/fr\/store\/protection-de-lame-skate-tec-soakers\/","title":{"rendered":"Protection de lame Skate-Tec Soakers"},"content":{"rendered":"<h2>Skate-Tec Soakers<\/h2>\n<p>Skate-Tec Soakers dans leur <strong>couleur Orange <\/strong>siginature <strong>, <\/strong>fabriqu\u00e9s avec un mat\u00e9riau en microfibre et une doublure en coton pour l&#8217;absorption de l&#8217;eau.<\/p>\n<p><strong>1 taille pour les lames jusqu&#8217;\u00e0 18\u2033. <\/strong><\/p>\n<p>Mati\u00e8re en microfibre et doublure en coton pour l&#8217;absorption de l&#8217;eau dans la couleur Skate-tec Siginature Orange.<\/p>\n<div data-hveid=\"CFAQAQ\" data-ved=\"2ahUKEwiv0dHNqPaLAxW6JjQIHfGrJg8Qj7gIegQIUBAB\">\n<div class=\"dnXCYb\" tabindex=\"0\" role=\"button\" aria-controls=\"_mQjKZ--gD7rN0PEP8deaeQ_70\" aria-expanded=\"true\">\n<h3 class=\"JlqpRe\"><span class=\"JCzEY tNxQIb\"><span class=\"CSkcDe\">Les skate soakers sont-ils n\u00e9cessaires ?<\/span><\/span><\/h3>\n<\/div>\n<\/div>\n<div id=\"_mQjKZ--gD7rN0PEP8deaeQ_70\" class=\"bCOlv\" data-ved=\"2ahUKEwiv0dHNqPaLAxW6JjQIHfGrJg8Q7NUEegQIUBAE\">\n<div class=\"IZE3Td\">\n<div class=\"r2fjmd t0bRye Sbgr0\" data-hveid=\"CFAQBQ\" data-ved=\"2ahUKEwiv0dHNqPaLAxW6JjQIHfGrJg8Qu04oAHoECFAQBQ\">\n<div id=\"mQjKZ--gD7rN0PEP8deaeQ__87\">\n<div class=\"wDYxhc\" data-md=\"61\">\n<div class=\"LGOjhe\" data-attrid=\"wa:\/description\" data-hveid=\"CFEQAA\"><span class=\"BxUVEf ILfuVd\" lang=\"en\"><span class=\"hgKElc\">Il y a une tr\u00e8s bonne raison pour laquelle <b>les skate soakers sont un article indispensable dans tous les sacs de patinage<\/b>. Leur fonction principale est d&#8217;absorber l&#8217;humidit\u00e9 des lames apr\u00e8s votre s\u00e9ance de patinage. Il est essentiel d&#8217;essuyer la partie inf\u00e9rieure de vos patins, y compris les lames, apr\u00e8s chaque s\u00e9ance de patinage. <\/span><\/span><\/div>\n<\/div>\n<\/div>\n<\/div>\n<div data-attrid=\"wa:\/description\" data-hveid=\"CFEQAA\">\n<div data-hveid=\"CE8QAQ\" data-ved=\"2ahUKEwiv0dHNqPaLAxW6JjQIHfGrJg8Qj7gIegQITxAB\">\n<div class=\"dnXCYb\" tabindex=\"0\" role=\"button\" aria-controls=\"_mQjKZ--gD7rN0PEP8deaeQ_69\" aria-expanded=\"true\">\n<h3 class=\"JlqpRe\"><strong><span class=\"JCzEY tNxQIb\"><span class=\"CSkcDe\">Laissez-vous des serpilli\u00e8res sur les patins \u00e0 glace ?<\/span><\/span><\/strong><\/h3>\n<\/div>\n<\/div>\n<div id=\"_mQjKZ--gD7rN0PEP8deaeQ_69\" class=\"bCOlv\" data-ved=\"2ahUKEwiv0dHNqPaLAxW6JjQIHfGrJg8Q7NUEegQITxAE\">\n<div class=\"IZE3Td\">\n<div class=\"r2fjmd t0bRye Sbgr0\" data-hveid=\"CE8QBQ\" data-ved=\"2ahUKEwiv0dHNqPaLAxW6JjQIHfGrJg8Qu04oAHoECE8QBQ\">\n<div id=\"mQjKZ--gD7rN0PEP8deaeQ__93\">\n<div class=\"wDYxhc\" data-md=\"61\">\n<div class=\"LGOjhe\" data-attrid=\"wa:\/description\" data-hveid=\"CEwQAA\"><span class=\"BxUVEf ILfuVd\" lang=\"en\"><span class=\"hgKElc\">Ces protections agissent comme une barri\u00e8re protectrice, prot\u00e9geant les bords d\u00e9licats des lames de vos patins. <b>N&#8217;oubliez pas de les retirer avant de ranger vos patins<\/b>, car l&#8217;humidit\u00e9 peut s&#8217;y loger et provoquer de la rouille.<\/span><\/span><\/div>\n<\/div>\n<\/div>\n<\/div>\n<\/div>\n<\/div>\n<\/div>\n<\/div>\n<\/div>\n<p>Vous aimeriez l&#8217;avoir dans d&#8217;autres couleurs ? Voyez les BONT Soakers <a href=\"https:\/\/ztsports.com\/product\/bont-blade-covers-and-soaker\/\">ici<\/a><\/p>\n","protected":false},"excerpt":{"rendered":"<p>Skate-Tec Soakers Skate-Tec Soakers dans leur couleur Orange siginature , fabriqu\u00e9s avec un mat\u00e9riau en microfibre et une doublure en coton pour l&#8217;absorption de l&#8217;eau. 1 taille pour les lames jusqu&#8217;\u00e0 18\u2033. Mati\u00e8re en microfibre et doublure en coton pour l&#8217;absorption de l&#8217;eau dans la couleur Skate-tec Siginature Orange. Les skate soakers sont-ils n\u00e9cessaires ? [&hellip;]<\/p>\n","protected":false},"featured_media":20795,"comment_status":"open","ping_status":"closed","template":"","meta":{"_acf_changed":false,"_monsterinsights_skip_tracking":false,"_monsterinsights_sitenote_active":false,"_monsterinsights_sitenote_note":"","_monsterinsights_sitenote_category":0,"_uf_show_specific_survey":0,"_uf_disable_surveys":false,"site-sidebar-layout":"default","site-content-layout":"","ast-site-content-layout":"default","site-content-style":"default","site-sidebar-style":"default","ast-global-header-display":"","ast-banner-title-visibility":"","ast-main-header-display":"","ast-hfb-above-header-display":"","ast-hfb-below-header-display":"","ast-hfb-mobile-header-display":"","site-post-title":"","ast-breadcrumbs-content":"","ast-featured-img":"","footer-sml-layout":"","ast-disable-related-posts":"","theme-transparent-header-meta":"default","adv-header-id-meta":"","stick-header-meta":"","header-above-stick-meta":"","header-main-stick-meta":"","header-below-stick-meta":"","astra-migrate-meta-layouts":"set","ast-page-background-enabled":"default","ast-page-background-meta":{"desktop":{"background-color":"","background-image":"","background-repeat":"repeat","background-position":"center center","background-size":"auto","background-attachment":"scroll","background-type":"","background-media":"","overlay-type":"","overlay-color":"","overlay-opacity":"","overlay-gradient":""},"tablet":{"background-color":"","background-image":"","background-repeat":"repeat","background-position":"center center","background-size":"auto","background-attachment":"scroll","background-type":"","background-media":"","overlay-type":"","overlay-color":"","overlay-opacity":"","overlay-gradient":""},"mobile":{"background-color":"","background-image":"","background-repeat":"repeat","background-position":"center center","background-size":"auto","background-attachment":"scroll","background-type":"","background-media":"","overlay-type":"","overlay-color":"","overlay-opacity":"","overlay-gradient":""}},"ast-content-background-meta":{"desktop":{"background-color":"var(--ast-global-color-5)","background-image":"","background-repeat":"repeat","background-position":"center center","background-size":"auto","background-attachment":"scroll","background-type":"","background-media":"","overlay-type":"","overlay-color":"","overlay-opacity":"","overlay-gradient":""},"tablet":{"background-color":"var(--ast-global-color-5)","background-image":"","background-repeat":"repeat","background-position":"center center","background-size":"auto","background-attachment":"scroll","background-type":"","background-media":"","overlay-type":"","overlay-color":"","overlay-opacity":"","overlay-gradient":""},"mobile":{"background-color":"var(--ast-global-color-5)","background-image":"","background-repeat":"repeat","background-position":"center center","background-size":"auto","background-attachment":"scroll","background-type":"","background-media":"","overlay-type":"","overlay-color":"","overlay-opacity":"","overlay-gradient":""}}},"product_brand":[3338],"product_cat":[3391,3479,3396,3572,3395,3390,3877,3501,3502,4216,3507,3777,3504],"product_tag":[4128,4047,4129,4351,4130,4352,4353,3427,2480,4131,3505,3506,4096,3162,4219,3512,2384],"class_list":{"0":"post-20793","1":"product","2":"type-product","3":"status-publish","4":"has-post-thumbnail","6":"product_brand-skate-tec","7":"product_cat-accessoires-pour-la-longue-piste","8":"product_cat-accessoires-pour-le-short-track","9":"product_cat-accessories","10":"product_cat-cadeaux-pour-patineurs","11":"product_cat-courte-piste","12":"product_cat-longue-piste","13":"product_cat-protection-de-la-lame","16":"product_cat-protections-et-trempeurs-pour-patins","18":"product_cat-protections-pour-patins","19":"product_cat-soigneurs-de-lames","20":"product_tag-cadeau-patineur","21":"product_tag-chaussettes-a-lame","22":"product_tag-couvercles-de-lames","23":"product_tag-couvercles-de-lames-bont","24":"product_tag-couvertures-de-lames-de-patins-a-glace","25":"product_tag-couvertures-de-lames-en-vinyle-bont","26":"product_tag-couvertures-des-lames-de-vinyle","27":"product_tag-equipement-de-patinage-de-vitesse","28":"product_tag-mysok","29":"product_tag-patins-a-glace-soakers","30":"product_tag-protecteur-de-lame","31":"product_tag-protecteur-de-lame-en-vinyle","32":"product_tag-protege-lame","33":"product_tag-skate-tec-soakers","34":"product_tag-trempes","35":"product_tag-trempes-a-lames","36":"product_tag-woofies","37":"desktop-align-left","38":"tablet-align-left","39":"mobile-align-left","41":"first","42":"instock","43":"sale","44":"taxable","45":"shipping-taxable","46":"purchasable","47":"product-type-simple"},"acf":[],"_links":{"self":[{"href":"https:\/\/ztsports.com\/fr\/wp-json\/wp\/v2\/product\/20793","targetHints":{"allow":["GET"]}}],"collection":[{"href":"https:\/\/ztsports.com\/fr\/wp-json\/wp\/v2\/product"}],"about":[{"href":"https:\/\/ztsports.com\/fr\/wp-json\/wp\/v2\/types\/product"}],"replies":[{"embeddable":true,"href":"https:\/\/ztsports.com\/fr\/wp-json\/wp\/v2\/comments?post=20793"}],"version-history":[{"count":1,"href":"https:\/\/ztsports.com\/fr\/wp-json\/wp\/v2\/product\/20793\/revisions"}],"predecessor-version":[{"id":20794,"href":"https:\/\/ztsports.com\/fr\/wp-json\/wp\/v2\/product\/20793\/revisions\/20794"}],"wp:featuredmedia":[{"embeddable":true,"href":"https:\/\/ztsports.com\/fr\/wp-json\/wp\/v2\/media\/20795"}],"wp:attachment":[{"href":"https:\/\/ztsports.com\/fr\/wp-json\/wp\/v2\/media?parent=20793"}],"wp:term":[{"taxonomy":"product_brand","embeddable":true,"href":"https:\/\/ztsports.com\/fr\/wp-json\/wp\/v2\/product_brand?post=20793"},{"taxonomy":"product_cat","embeddable":true,"href":"https:\/\/ztsports.com\/fr\/wp-json\/wp\/v2\/product_cat?post=20793"},{"taxonomy":"product_tag","embeddable":true,"href":"https:\/\/ztsports.com\/fr\/wp-json\/wp\/v2\/product_tag?post=20793"}],"curies":[{"name":"wp","href":"https:\/\/api.w.org\/{rel}","templated":true}]}}