{"id":20786,"date":"2025-03-03T18:41:39","date_gmt":"2025-03-03T18:41:39","guid":{"rendered":"https:\/\/ztsports.com\/?post_type=product&#038;p=20786"},"modified":"2026-01-23T16:02:22","modified_gmt":"2026-01-23T16:02:22","slug":"gants-skate-tec-dyneema","status":"publish","type":"product","link":"https:\/\/ztsports.com\/fr\/store\/gants-skate-tec-dyneema\/","title":{"rendered":"Gants Skate-Tec Dyneema"},"content":{"rendered":"<h3 class=\"LC20lb MBeuO DKV0Md\">Gants en dyneema Skate-Tec<\/h3>\n<p>Les gants Skate-Tec Dyneema sont fabriqu\u00e9s avec la fibre de poly\u00e9thyl\u00e8ne de poids mol\u00e9culaire tr\u00e8s \u00e9lev\u00e9 (UHMwPE) d&#8217;Avient, connue sous le nom de Dyneema\u00ae, qui offre une r\u00e9sistance maximale pour un poids minimal.<\/p>\n<p>Gants de patinage de vitesse sur piste courte en Dyneema r\u00e9sistant aux coupures<\/p>\n<p>Gants en dyneema Skate-Tec<\/p>\n<p>Gant parfait et tr\u00e8s bien ajust\u00e9.<\/p>\n<p>&#8211; R\u00e9sistant \u00e0 la coupure ( Niveau de coupure 3 Indice EN388 )<br \/>\n&#8211; Fabriqu\u00e9 en DSM DPE White Dyneema(r)<br \/>\n&#8211; Paume enduite<br \/>\n&#8211; Poignet allong\u00e9<br \/>\n&#8211; Disponible en taille XS &#8211; XL<\/p>\n<p>&#8211; R\u00e9sistance \u00e0 la coupure &#8211; Niveau de coupure 3 Indice EN388<\/p>\n<p>&#8211; Fabriqu\u00e9 en Dyneema(r) blanc DSM DPE<\/p>\n<p>&#8211; Paume enduite<\/p>\n<p>&#8211; Poignet allong\u00e9<\/p>\n<p>&#8211; Disponible en taille XS &#8211; XL<\/p>\n<p>Consultez notre large s\u00e9lection de <a href=\"https:\/\/ztsports.com\/product-category\/speed-skating-protection-equipment\/quick-tips-protection\/\"><strong>Conseils rapides ici<\/strong><\/a>.<\/p>\n<p>Enfin voir tous les gants <a href=\"https:\/\/ztsports.com\/product-category\/protection\/gloves\/\"><strong>gants de piste<\/strong><\/a> ici.<\/p>\n<h2 class=\"text-center\">Le secret de Dyneema<\/h2>\n<p>Les gants Skate-Tec Dyneema sont fabriqu\u00e9s avec la fibre de poly\u00e9thyl\u00e8ne de poids mol\u00e9culaire tr\u00e8s \u00e9lev\u00e9 (UHMwPE) d&#8217;Avient, connue sous le nom de Dyneema\u00ae, qui offre une r\u00e9sistance maximale pour un poids minimal. Le nombre d&#8217;applications possibles est donc pratiquement illimit\u00e9.<\/p>\n<p>La fibre Dyneema\u00ae est produite par un proc\u00e9d\u00e9 brevet\u00e9 de filage en gel dans lequel les fibres sont \u00e9tir\u00e9es, chauff\u00e9es, allong\u00e9es et refroidies. L&#8217;\u00e9tirement et la rotation entra\u00eenent un alignement mol\u00e9culaire, une forte cristallisation et une faible densit\u00e9. Le Dyneema\u00ae poss\u00e8de des cha\u00eenes mol\u00e9culaires extr\u00eamement longues qui transf\u00e8rent plus efficacement la charge \u00e0 l&#8217;\u00e9pine dorsale du polym\u00e8re. Il est donc plus r\u00e9sistant, \u00e0 poids \u00e9gal, ou plus l\u00e9ger, \u00e0 poids \u00e9gal, que les autres solutions.<\/p>\n<p>La fibre Dyneema\u00ae est 15 fois plus r\u00e9sistante que l&#8217;acier \u00e0 poids \u00e9gal, avec une r\u00e9sistance \u00e0 la traction allant jusqu&#8217;\u00e0 43 cN\/dtex. Outre son extraordinaire solidit\u00e9, le Dyneema\u00ae excelle dans la r\u00e9sistance \u00e0 la coupure et \u00e0 l&#8217;abrasion et pr\u00e9sente une r\u00e9sistance \u00e9lev\u00e9e aux produits chimiques et aux UV. La fibre Dyneema\u00ae est si l\u00e9g\u00e8re qu&#8217;elle flotte sur l&#8217;eau et poss\u00e8de en outre un module tr\u00e8s \u00e9lev\u00e9 (r\u00e9sistance \u00e0 la d\u00e9formation). Dyneema\u00ae est disponible dans une large gamme de titres (\u00e9paisseur de la fibre), de 50 \u00e0 6600 dtex, ce qui rend la fibre adapt\u00e9e \u00e0 de nombreuses applications.<\/p>\n<p>Pour en savoir plus sur le DSM <a href=\"https:\/\/www.dyneema.com\/our-products\/dyneema-fiber\" target=\"_blank\" rel=\"noopener\">, cliquez ici !<\/a><\/p>\n<h4>Test EN-388<\/h4>\n<p>Les gants Skate-Tec Dyneema sont conformes \u00e0 la norme europ\u00e9enne EN 388:2016+A1:2018 &#8211; &#8220;Gants de protection contre les risques m\u00e9caniques&#8221;, qui remplace la norme EN 388:2003. Les gants de protection \u00e0 usage g\u00e9n\u00e9ral repr\u00e9sentent la plus grande part de march\u00e9 de tous les \u00e9quipements de protection individuelle (EPI) vendus et prot\u00e8gent les porteurs contre un large \u00e9ventail de dangers. Pour aider les utilisateurs \u00e0 choisir des gants appropri\u00e9s, plusieurs normes de s\u00e9curit\u00e9 europ\u00e9ennes &#8211; dont EN 388:2016+A1:2018 &#8211; ont \u00e9t\u00e9 \u00e9labor\u00e9es, permettant de d\u00e9finir des niveaux de protection contre diff\u00e9rents risques. Ces niveaux de protection d\u00e9finis permettent de choisir des gants appropri\u00e9s, en fonction des dangers et des risques identifi\u00e9s pour une activit\u00e9 professionnelle sp\u00e9cifique.<\/p>\n","protected":false},"excerpt":{"rendered":"<p>Gants en dyneema Skate-Tec Les gants Skate-Tec Dyneema sont fabriqu\u00e9s avec la fibre de poly\u00e9thyl\u00e8ne de poids mol\u00e9culaire tr\u00e8s \u00e9lev\u00e9 (UHMwPE) d&#8217;Avient, connue sous le nom de Dyneema\u00ae, qui offre une r\u00e9sistance maximale pour un poids minimal. Gants de patinage de vitesse sur piste courte en Dyneema r\u00e9sistant aux coupures Gants en dyneema Skate-Tec Gant [&hellip;]<\/p>\n","protected":false},"featured_media":20788,"comment_status":"open","ping_status":"closed","template":"","meta":{"_acf_changed":false,"_monsterinsights_skip_tracking":false,"_monsterinsights_sitenote_active":false,"_monsterinsights_sitenote_note":"","_monsterinsights_sitenote_category":0,"_uf_show_specific_survey":0,"_uf_disable_surveys":false,"site-sidebar-layout":"default","site-content-layout":"","ast-site-content-layout":"default","site-content-style":"default","site-sidebar-style":"default","ast-global-header-display":"","ast-banner-title-visibility":"","ast-main-header-display":"","ast-hfb-above-header-display":"","ast-hfb-below-header-display":"","ast-hfb-mobile-header-display":"","site-post-title":"","ast-breadcrumbs-content":"","ast-featured-img":"","footer-sml-layout":"","ast-disable-related-posts":"","theme-transparent-header-meta":"","adv-header-id-meta":"","stick-header-meta":"","header-above-stick-meta":"","header-main-stick-meta":"","header-below-stick-meta":"","astra-migrate-meta-layouts":"default","ast-page-background-enabled":"default","ast-page-background-meta":{"desktop":{"background-color":"","background-image":"","background-repeat":"repeat","background-position":"center center","background-size":"auto","background-attachment":"scroll","background-type":"","background-media":"","overlay-type":"","overlay-color":"","overlay-opacity":"","overlay-gradient":""},"tablet":{"background-color":"","background-image":"","background-repeat":"repeat","background-position":"center center","background-size":"auto","background-attachment":"scroll","background-type":"","background-media":"","overlay-type":"","overlay-color":"","overlay-opacity":"","overlay-gradient":""},"mobile":{"background-color":"","background-image":"","background-repeat":"repeat","background-position":"center center","background-size":"auto","background-attachment":"scroll","background-type":"","background-media":"","overlay-type":"","overlay-color":"","overlay-opacity":"","overlay-gradient":""}},"ast-content-background-meta":{"desktop":{"background-color":"var(--ast-global-color-5)","background-image":"","background-repeat":"repeat","background-position":"center center","background-size":"auto","background-attachment":"scroll","background-type":"","background-media":"","overlay-type":"","overlay-color":"","overlay-opacity":"","overlay-gradient":""},"tablet":{"background-color":"var(--ast-global-color-5)","background-image":"","background-repeat":"repeat","background-position":"center center","background-size":"auto","background-attachment":"scroll","background-type":"","background-media":"","overlay-type":"","overlay-color":"","overlay-opacity":"","overlay-gradient":""},"mobile":{"background-color":"var(--ast-global-color-5)","background-image":"","background-repeat":"repeat","background-position":"center center","background-size":"auto","background-attachment":"scroll","background-type":"","background-media":"","overlay-type":"","overlay-color":"","overlay-opacity":"","overlay-gradient":""}}},"product_brand":[3338,3361,3358,3360],"product_cat":[3396,3395,3483,3480,3482],"product_tag":[2418,4365,2419,3540,2420,3485,3533,3537,2421,4421,3538,3752,3539,4367,3966,2248,4422,2425,3535,2430,2240,1794,2426],"class_list":{"0":"post-20786","1":"product","2":"type-product","3":"status-publish","4":"has-post-thumbnail","6":"product_brand-skate-tec","7":"product_brand-x-series-xact","8":"product_brand-x-series","9":"product_brand-xact","10":"product_cat-accessories","11":"product_cat-courte-piste","12":"product_cat-gants","13":"product_cat-gants-blancs","14":"product_cat-protection-contre-les-coupures","15":"product_tag-anti-coupure","16":"product_tag-blanc","17":"product_tag-courte-piste","18":"product_tag-engrenages","19":"product_tag-equipement","20":"product_tag-gant-de-patinage-de-vitesse","21":"product_tag-gant-de-short-track","22":"product_tag-gant-protect-iv","23":"product_tag-gants","24":"product_tag-gants-blancs","25":"product_tag-gants-de-maintien-de-la-coupe","26":"product_tag-gants-de-patinage-de-vitesse","27":"product_tag-gants-de-protection-pour-piste-courte","28":"product_tag-gants-de-vitesse-blancs","29":"product_tag-gants-en-dyneema","30":"product_tag-gants-pour-short-track","31":"product_tag-gants-skate-tec-dyneema","32":"product_tag-patin-de-vitesse","33":"product_tag-resistant-aux-coupures","34":"product_tag-sebra","35":"product_tag-skate-tec","36":"product_tag-speed-skating","37":"product_tag-zt-sports-skate-shop","38":"desktop-align-left","39":"tablet-align-left","40":"mobile-align-left","42":"first","43":"instock","44":"taxable","45":"shipping-taxable","46":"purchasable","47":"product-type-simple"},"acf":[],"_links":{"self":[{"href":"https:\/\/ztsports.com\/fr\/wp-json\/wp\/v2\/product\/20786","targetHints":{"allow":["GET"]}}],"collection":[{"href":"https:\/\/ztsports.com\/fr\/wp-json\/wp\/v2\/product"}],"about":[{"href":"https:\/\/ztsports.com\/fr\/wp-json\/wp\/v2\/types\/product"}],"replies":[{"embeddable":true,"href":"https:\/\/ztsports.com\/fr\/wp-json\/wp\/v2\/comments?post=20786"}],"version-history":[{"count":1,"href":"https:\/\/ztsports.com\/fr\/wp-json\/wp\/v2\/product\/20786\/revisions"}],"predecessor-version":[{"id":20787,"href":"https:\/\/ztsports.com\/fr\/wp-json\/wp\/v2\/product\/20786\/revisions\/20787"}],"wp:featuredmedia":[{"embeddable":true,"href":"https:\/\/ztsports.com\/fr\/wp-json\/wp\/v2\/media\/20788"}],"wp:attachment":[{"href":"https:\/\/ztsports.com\/fr\/wp-json\/wp\/v2\/media?parent=20786"}],"wp:term":[{"taxonomy":"product_brand","embeddable":true,"href":"https:\/\/ztsports.com\/fr\/wp-json\/wp\/v2\/product_brand?post=20786"},{"taxonomy":"product_cat","embeddable":true,"href":"https:\/\/ztsports.com\/fr\/wp-json\/wp\/v2\/product_cat?post=20786"},{"taxonomy":"product_tag","embeddable":true,"href":"https:\/\/ztsports.com\/fr\/wp-json\/wp\/v2\/product_tag?post=20786"}],"curies":[{"name":"wp","href":"https:\/\/api.w.org\/{rel}","templated":true}]}}