{"id":20784,"date":"2021-09-23T02:05:42","date_gmt":"2021-09-23T02:05:42","guid":{"rendered":"https:\/\/ztsports.com\/?post_type=product&#038;p=20784"},"modified":"2026-02-02T20:54:08","modified_gmt":"2026-02-02T20:54:08","slug":"gants-race-ii-courte-piste-par-garneau","status":"publish","type":"product","link":"https:\/\/ztsports.com\/fr\/store\/gants-race-ii-courte-piste-par-garneau\/","title":{"rendered":"GANTS RACE II courte piste par Garneau"},"content":{"rendered":"<h1>GANTS RACE II courte piste par Garneau<\/h1>\n<p>Ces gants Short Track Race II de Garneau sont sp\u00e9cialement con\u00e7us pour le patinage de vitesse tout en portant une attention particuli\u00e8re \u00e0 la protection. De plus, les paumes en cuir v\u00e9ritable procurent un confort exceptionnel tandis que le dessus en Kevlar r\u00e9sistant aux coupures de niveau 5 vous offre une protection in\u00e9gal\u00e9e. De plus, ces gants sont id\u00e9aux pour le patineur de vitesse de comp\u00e9tition.<br \/>\nPaumes en cuir pour le confort, dessus en Kevlar r\u00e9sistant aux coupures.   Upper made of 78% Nylon, 10% Spandex, 12% Kevlar<\/p>\n<p>Paume en cuir v\u00e9ritable<br \/>\n78% nylon, 10% spandex, 12% Kevlar<br \/>\nProtection anti-coupure de niveau 5<br \/>\nPoignet r\u00e9glable par velcro<\/p>\n<p>REG. 69.99$ 59.99$<\/p>\n<p>Disponible dans les tailles <strong>Medium,<\/strong> <strong>Large et X Large<\/strong><\/p>\n<p><span class=\"Y2IQFc\" lang=\"en\">Enfin voir tous les gants <a href=\"https:\/\/ztsports.com\/product-category\/protection\/gloves\/\"><strong>gants de piste<\/strong><\/a> ici.<\/span><\/p>\n","protected":false},"excerpt":{"rendered":"<p>GANTS RACE II courte piste par Garneau Ces gants Short Track Race II de Garneau sont sp\u00e9cialement con\u00e7us pour le patinage de vitesse tout en portant une attention particuli\u00e8re \u00e0 la protection. De plus, les paumes en cuir v\u00e9ritable procurent un confort exceptionnel tandis que le dessus en Kevlar r\u00e9sistant aux coupures de niveau 5 [&hellip;]<\/p>\n","protected":false},"featured_media":0,"comment_status":"open","ping_status":"closed","template":"","meta":{"_acf_changed":false,"_monsterinsights_skip_tracking":false,"_monsterinsights_sitenote_active":false,"_monsterinsights_sitenote_note":"","_monsterinsights_sitenote_category":0,"_uf_show_specific_survey":0,"_uf_disable_surveys":false,"site-sidebar-layout":"default","site-content-layout":"","ast-site-content-layout":"default","site-content-style":"default","site-sidebar-style":"default","ast-global-header-display":"","ast-banner-title-visibility":"","ast-main-header-display":"","ast-hfb-above-header-display":"","ast-hfb-below-header-display":"","ast-hfb-mobile-header-display":"","site-post-title":"","ast-breadcrumbs-content":"","ast-featured-img":"","footer-sml-layout":"","ast-disable-related-posts":"","theme-transparent-header-meta":"default","adv-header-id-meta":"","stick-header-meta":"","header-above-stick-meta":"","header-main-stick-meta":"","header-below-stick-meta":"","astra-migrate-meta-layouts":"set","ast-page-background-enabled":"default","ast-page-background-meta":{"desktop":{"background-color":"","background-image":"","background-repeat":"repeat","background-position":"center center","background-size":"auto","background-attachment":"scroll","background-type":"","background-media":"","overlay-type":"","overlay-color":"","overlay-opacity":"","overlay-gradient":""},"tablet":{"background-color":"","background-image":"","background-repeat":"repeat","background-position":"center center","background-size":"auto","background-attachment":"scroll","background-type":"","background-media":"","overlay-type":"","overlay-color":"","overlay-opacity":"","overlay-gradient":""},"mobile":{"background-color":"","background-image":"","background-repeat":"repeat","background-position":"center center","background-size":"auto","background-attachment":"scroll","background-type":"","background-media":"","overlay-type":"","overlay-color":"","overlay-opacity":"","overlay-gradient":""}},"ast-content-background-meta":{"desktop":{"background-color":"var(--ast-global-color-5)","background-image":"","background-repeat":"repeat","background-position":"center center","background-size":"auto","background-attachment":"scroll","background-type":"","background-media":"","overlay-type":"","overlay-color":"","overlay-opacity":"","overlay-gradient":""},"tablet":{"background-color":"var(--ast-global-color-5)","background-image":"","background-repeat":"repeat","background-position":"center center","background-size":"auto","background-attachment":"scroll","background-type":"","background-media":"","overlay-type":"","overlay-color":"","overlay-opacity":"","overlay-gradient":""},"mobile":{"background-color":"var(--ast-global-color-5)","background-image":"","background-repeat":"repeat","background-position":"center center","background-size":"auto","background-attachment":"scroll","background-type":"","background-media":"","overlay-type":"","overlay-color":"","overlay-opacity":"","overlay-gradient":""}}},"product_brand":[3302],"product_cat":[3483],"product_tag":[3533,4354,4419,1821,1824,4420,3487],"class_list":{"0":"post-20784","1":"product","2":"type-product","3":"status-publish","5":"product_brand-garneau","6":"product_cat-gants","7":"product_tag-gant-de-short-track","8":"product_tag-gants-kevlar","9":"product_tag-gants-race-ii","10":"product_tag-garneau","11":"product_tag-louis-garneau","12":"product_tag-niveau-5-resistant-a-la-coupure","13":"product_tag-protection-contre-les-coupures","14":"desktop-align-left","15":"tablet-align-left","16":"mobile-align-left","18":"first","19":"instock","20":"sale","21":"taxable","22":"shipping-taxable","23":"purchasable","24":"product-type-simple"},"acf":[],"_links":{"self":[{"href":"https:\/\/ztsports.com\/fr\/wp-json\/wp\/v2\/product\/20784","targetHints":{"allow":["GET"]}}],"collection":[{"href":"https:\/\/ztsports.com\/fr\/wp-json\/wp\/v2\/product"}],"about":[{"href":"https:\/\/ztsports.com\/fr\/wp-json\/wp\/v2\/types\/product"}],"replies":[{"embeddable":true,"href":"https:\/\/ztsports.com\/fr\/wp-json\/wp\/v2\/comments?post=20784"}],"version-history":[{"count":1,"href":"https:\/\/ztsports.com\/fr\/wp-json\/wp\/v2\/product\/20784\/revisions"}],"predecessor-version":[{"id":20785,"href":"https:\/\/ztsports.com\/fr\/wp-json\/wp\/v2\/product\/20784\/revisions\/20785"}],"wp:attachment":[{"href":"https:\/\/ztsports.com\/fr\/wp-json\/wp\/v2\/media?parent=20784"}],"wp:term":[{"taxonomy":"product_brand","embeddable":true,"href":"https:\/\/ztsports.com\/fr\/wp-json\/wp\/v2\/product_brand?post=20784"},{"taxonomy":"product_cat","embeddable":true,"href":"https:\/\/ztsports.com\/fr\/wp-json\/wp\/v2\/product_cat?post=20784"},{"taxonomy":"product_tag","embeddable":true,"href":"https:\/\/ztsports.com\/fr\/wp-json\/wp\/v2\/product_tag?post=20784"}],"curies":[{"name":"wp","href":"https:\/\/api.w.org\/{rel}","templated":true}]}}