{"id":20781,"date":"2025-02-15T22:57:27","date_gmt":"2025-02-15T22:57:27","guid":{"rendered":"https:\/\/ztsports.com\/?post_type=product&#038;p=20781"},"modified":"2026-04-16T20:47:17","modified_gmt":"2026-04-16T20:47:17","slug":"coupes-evo","status":"publish","type":"product","link":"https:\/\/ztsports.com\/fr\/store\/coupes-evo\/","title":{"rendered":"Gobelets de remplacement EVO"},"content":{"rendered":"<h1 class=\"product_title entry-title\">Coupelles de remplacement pour les lames EVO<\/h1>\n<p>Coupelles de remplacement Evo<\/p>\n<h2>Coupes Evo<\/h2>\n<ul class=\"productspecs\">\n<li>Con\u00e7u en utilisant uniquement de l\u2019aluminium de haute qualit\u00e9 et du mat\u00e9riel de montage<\/li>\n<li>Coupelles l\u00e9g\u00e8res en aluminium<\/li>\n<li>Anodisation \u00e0 l\u2019or<\/li>\n<li>Pilier de coupelle filet\u00e9 avec un seul boulon\/rondelle<\/li>\n<li>Compatible avec tous les mod\u00e8les de lames Evo<\/li>\n<li>Viennent en lot de 4 tasses (2 larges et 2 r\u00e9guli\u00e8res)<\/li>\n<\/ul>\n<h2>Coupes Evo<\/h2>\n<ul class=\"productspecs\">\n<li>Con\u00e7u en utilisant uniquement de l&#8217;aluminium de haute qualit\u00e9 et du mat\u00e9riel de montage<\/li>\n<li>Coupelles l\u00e9g\u00e8res en aluminium<\/li>\n<li>Anodisation \u00e0 l&#8217;or<\/li>\n<li>Pilier de coupelle filet\u00e9 avec un seul boulon\/rondelle<\/li>\n<li>Compatible avec tous les mod\u00e8les de lames Evo<\/li>\n<li>Viennent en lot de 4 tasses (2 larges et 2 r\u00e9guli\u00e8res)<\/li>\n<\/ul>\n","protected":false},"excerpt":{"rendered":"<p>Coupelles de remplacement pour les lames EVO Coupelles de remplacement Evo Coupes Evo Con\u00e7u en utilisant uniquement de l\u2019aluminium de haute qualit\u00e9 et du mat\u00e9riel de montage Coupelles l\u00e9g\u00e8res en aluminium Anodisation \u00e0 l\u2019or Pilier de coupelle filet\u00e9 avec un seul boulon\/rondelle Compatible avec tous les mod\u00e8les de lames Evo Viennent en lot de 4 [&hellip;]<\/p>\n","protected":false},"featured_media":20783,"comment_status":"open","ping_status":"closed","template":"","meta":{"_acf_changed":false,"_monsterinsights_skip_tracking":false,"_monsterinsights_sitenote_active":false,"_monsterinsights_sitenote_note":"","_monsterinsights_sitenote_category":0,"_uf_show_specific_survey":0,"_uf_disable_surveys":false,"site-sidebar-layout":"default","site-content-layout":"","ast-site-content-layout":"default","site-content-style":"default","site-sidebar-style":"default","ast-global-header-display":"","ast-banner-title-visibility":"","ast-main-header-display":"","ast-hfb-above-header-display":"","ast-hfb-below-header-display":"","ast-hfb-mobile-header-display":"","site-post-title":"","ast-breadcrumbs-content":"","ast-featured-img":"","footer-sml-layout":"","ast-disable-related-posts":"","theme-transparent-header-meta":"default","adv-header-id-meta":"","stick-header-meta":"","header-above-stick-meta":"","header-main-stick-meta":"","header-below-stick-meta":"","astra-migrate-meta-layouts":"set","ast-page-background-enabled":"default","ast-page-background-meta":{"desktop":{"background-color":"","background-image":"","background-repeat":"repeat","background-position":"center center","background-size":"auto","background-attachment":"scroll","background-type":"","background-media":"","overlay-type":"","overlay-color":"","overlay-opacity":"","overlay-gradient":""},"tablet":{"background-color":"","background-image":"","background-repeat":"repeat","background-position":"center center","background-size":"auto","background-attachment":"scroll","background-type":"","background-media":"","overlay-type":"","overlay-color":"","overlay-opacity":"","overlay-gradient":""},"mobile":{"background-color":"","background-image":"","background-repeat":"repeat","background-position":"center center","background-size":"auto","background-attachment":"scroll","background-type":"","background-media":"","overlay-type":"","overlay-color":"","overlay-opacity":"","overlay-gradient":""}},"ast-content-background-meta":{"desktop":{"background-color":"var(--ast-global-color-5)","background-image":"","background-repeat":"repeat","background-position":"center center","background-size":"auto","background-attachment":"scroll","background-type":"","background-media":"","overlay-type":"","overlay-color":"","overlay-opacity":"","overlay-gradient":""},"tablet":{"background-color":"var(--ast-global-color-5)","background-image":"","background-repeat":"repeat","background-position":"center center","background-size":"auto","background-attachment":"scroll","background-type":"","background-media":"","overlay-type":"","overlay-color":"","overlay-opacity":"","overlay-gradient":""},"mobile":{"background-color":"var(--ast-global-color-5)","background-image":"","background-repeat":"repeat","background-position":"center center","background-size":"auto","background-attachment":"scroll","background-type":"","background-media":"","overlay-type":"","overlay-color":"","overlay-opacity":"","overlay-gradient":""}}},"product_brand":[3297,3338],"product_cat":[3479,3392,3396,3395,3508,3620,3398,3467,3949],"product_tag":[4412,4413,4414,4415,4416,4417,4418],"class_list":{"0":"post-20781","1":"product","2":"type-product","3":"status-publish","4":"has-post-thumbnail","6":"product_brand-evo","7":"product_brand-skate-tec","8":"product_cat-accessoires-pour-le-short-track","9":"product_cat-accessoires-short-track","10":"product_cat-accessories","11":"product_cat-courte-piste","12":"product_cat-lame","13":"product_cat-lames-pour-piste-courte","14":"product_cat-parts-tools","15":"product_cat-patinage-de-vitesse","16":"product_cat-pieces-et-vis","17":"product_tag-coupelles-de-remplacement-evo","18":"product_tag-coupes-de-remplacement-pour-les-lames-evo","19":"product_tag-coupes-de-remplacement-lames-evo","20":"product_tag-coupes-evo","21":"product_tag-lames-evo","22":"product_tag-patinage-de-vitesse-short-track","23":"product_tag-pieces-pour-circuits-courts","24":"desktop-align-left","25":"tablet-align-left","26":"mobile-align-left","28":"first","29":"instock","30":"taxable","31":"shipping-taxable","32":"purchasable","33":"product-type-simple"},"acf":[],"_links":{"self":[{"href":"https:\/\/ztsports.com\/fr\/wp-json\/wp\/v2\/product\/20781","targetHints":{"allow":["GET"]}}],"collection":[{"href":"https:\/\/ztsports.com\/fr\/wp-json\/wp\/v2\/product"}],"about":[{"href":"https:\/\/ztsports.com\/fr\/wp-json\/wp\/v2\/types\/product"}],"replies":[{"embeddable":true,"href":"https:\/\/ztsports.com\/fr\/wp-json\/wp\/v2\/comments?post=20781"}],"version-history":[{"count":3,"href":"https:\/\/ztsports.com\/fr\/wp-json\/wp\/v2\/product\/20781\/revisions"}],"predecessor-version":[{"id":25559,"href":"https:\/\/ztsports.com\/fr\/wp-json\/wp\/v2\/product\/20781\/revisions\/25559"}],"wp:featuredmedia":[{"embeddable":true,"href":"https:\/\/ztsports.com\/fr\/wp-json\/wp\/v2\/media\/20783"}],"wp:attachment":[{"href":"https:\/\/ztsports.com\/fr\/wp-json\/wp\/v2\/media?parent=20781"}],"wp:term":[{"taxonomy":"product_brand","embeddable":true,"href":"https:\/\/ztsports.com\/fr\/wp-json\/wp\/v2\/product_brand?post=20781"},{"taxonomy":"product_cat","embeddable":true,"href":"https:\/\/ztsports.com\/fr\/wp-json\/wp\/v2\/product_cat?post=20781"},{"taxonomy":"product_tag","embeddable":true,"href":"https:\/\/ztsports.com\/fr\/wp-json\/wp\/v2\/product_tag?post=20781"}],"curies":[{"name":"wp","href":"https:\/\/api.w.org\/{rel}","templated":true}]}}