{"id":20774,"date":"2025-02-06T10:04:07","date_gmt":"2025-02-06T10:04:07","guid":{"rendered":"https:\/\/ztsports.com\/?post_type=product&#038;p=20774"},"modified":"2026-01-23T16:06:00","modified_gmt":"2026-01-23T16:06:00","slug":"kit-de-montage-de-bottes-bont","status":"publish","type":"product","link":"https:\/\/ztsports.com\/fr\/store\/kit-de-montage-de-bottes-bont\/","title":{"rendered":"Kit de montage de bottes Bont"},"content":{"rendered":"<p>Cet ensemble de montage de bottes Bont est livr\u00e9 avec 4 boulons \u00e0 t\u00eate hexagonale en acier zingu\u00e9 de 10 mm et 4<strong> rondelles robustes<\/strong> (pas les<strong> rondelles<\/strong> l\u00e9g\u00e8res fournies avec vos bottes).<\/p>\n<p>Un excellent remplacement ou une solution d&#8217;appoint lorsque vous vous rendez \u00e0 des comp\u00e9titions.<\/p>\n<p>Un must pour chaque patineur, responsable de l&#8217;\u00e9quipement ou entra\u00eeneur.<\/p>\n<p>Pour les commandes de club en vrac, envoyez un courriel \u00e0<a href=\"mailto:info@ztsports.com\"><strong> info@ztsports.com<\/strong><\/a><\/p>\n<p>Vous cherchez une cl\u00e9 de 10 mm pour votre kit ?<a href=\"https:\/\/ztsports.com\/product\/short-track-wrench-10mm\/\"> <strong>Nous l&#8217;avons ici.<\/strong><\/a><\/p>\n","protected":false},"excerpt":{"rendered":"<p>Cet ensemble de montage de bottes Bont est livr\u00e9 avec 4 boulons \u00e0 t\u00eate hexagonale en acier zingu\u00e9 de 10 mm et 4 rondelles robustes (pas les rondelles l\u00e9g\u00e8res fournies avec vos bottes). Un excellent remplacement ou une solution d&#8217;appoint lorsque vous vous rendez \u00e0 des comp\u00e9titions. Un must pour chaque patineur, responsable de l&#8217;\u00e9quipement [&hellip;]<\/p>\n","protected":false},"featured_media":20776,"comment_status":"open","ping_status":"closed","template":"","meta":{"_acf_changed":false,"_monsterinsights_skip_tracking":false,"_monsterinsights_sitenote_active":false,"_monsterinsights_sitenote_note":"","_monsterinsights_sitenote_category":0,"_uf_show_specific_survey":0,"_uf_disable_surveys":false,"site-sidebar-layout":"default","site-content-layout":"","ast-site-content-layout":"default","site-content-style":"default","site-sidebar-style":"default","ast-global-header-display":"","ast-banner-title-visibility":"","ast-main-header-display":"","ast-hfb-above-header-display":"","ast-hfb-below-header-display":"","ast-hfb-mobile-header-display":"","site-post-title":"","ast-breadcrumbs-content":"","ast-featured-img":"","footer-sml-layout":"","ast-disable-related-posts":"","theme-transparent-header-meta":"","adv-header-id-meta":"","stick-header-meta":"","header-above-stick-meta":"","header-main-stick-meta":"","header-below-stick-meta":"","astra-migrate-meta-layouts":"default","ast-page-background-enabled":"default","ast-page-background-meta":{"desktop":{"background-color":"","background-image":"","background-repeat":"repeat","background-position":"center center","background-size":"auto","background-attachment":"scroll","background-type":"","background-media":"","overlay-type":"","overlay-color":"","overlay-opacity":"","overlay-gradient":""},"tablet":{"background-color":"","background-image":"","background-repeat":"repeat","background-position":"center center","background-size":"auto","background-attachment":"scroll","background-type":"","background-media":"","overlay-type":"","overlay-color":"","overlay-opacity":"","overlay-gradient":""},"mobile":{"background-color":"","background-image":"","background-repeat":"repeat","background-position":"center center","background-size":"auto","background-attachment":"scroll","background-type":"","background-media":"","overlay-type":"","overlay-color":"","overlay-opacity":"","overlay-gradient":""}},"ast-content-background-meta":{"desktop":{"background-color":"var(--ast-global-color-5)","background-image":"","background-repeat":"repeat","background-position":"center center","background-size":"auto","background-attachment":"scroll","background-type":"","background-media":"","overlay-type":"","overlay-color":"","overlay-opacity":"","overlay-gradient":""},"tablet":{"background-color":"var(--ast-global-color-5)","background-image":"","background-repeat":"repeat","background-position":"center center","background-size":"auto","background-attachment":"scroll","background-type":"","background-media":"","overlay-type":"","overlay-color":"","overlay-opacity":"","overlay-gradient":""},"mobile":{"background-color":"var(--ast-global-color-5)","background-image":"","background-repeat":"repeat","background-position":"center center","background-size":"auto","background-attachment":"scroll","background-type":"","background-media":"","overlay-type":"","overlay-color":"","overlay-opacity":"","overlay-gradient":""}}},"product_brand":[3285],"product_cat":[3392,3396,3395,3838,3489,3949],"product_tag":[3799,4395,4410,3796,1794,4411],"class_list":{"0":"post-20774","1":"product","2":"type-product","3":"status-publish","4":"has-post-thumbnail","6":"product_brand-bont","7":"product_cat-accessoires-short-track","8":"product_cat-accessories","9":"product_cat-courte-piste","10":"product_cat-offres-de-club","12":"product_cat-pieces-et-vis","13":"product_tag-bont","14":"product_tag-boulons","15":"product_tag-boulons-de-montage-du-coffre","16":"product_tag-short-track","17":"product_tag-speed-skating","18":"product_tag-vis-de-montage-du-bont","19":"desktop-align-left","20":"tablet-align-left","21":"mobile-align-left","23":"first","24":"instock","25":"taxable","26":"shipping-taxable","27":"purchasable","28":"product-type-simple"},"acf":[],"_links":{"self":[{"href":"https:\/\/ztsports.com\/fr\/wp-json\/wp\/v2\/product\/20774","targetHints":{"allow":["GET"]}}],"collection":[{"href":"https:\/\/ztsports.com\/fr\/wp-json\/wp\/v2\/product"}],"about":[{"href":"https:\/\/ztsports.com\/fr\/wp-json\/wp\/v2\/types\/product"}],"replies":[{"embeddable":true,"href":"https:\/\/ztsports.com\/fr\/wp-json\/wp\/v2\/comments?post=20774"}],"version-history":[{"count":1,"href":"https:\/\/ztsports.com\/fr\/wp-json\/wp\/v2\/product\/20774\/revisions"}],"predecessor-version":[{"id":20775,"href":"https:\/\/ztsports.com\/fr\/wp-json\/wp\/v2\/product\/20774\/revisions\/20775"}],"wp:featuredmedia":[{"embeddable":true,"href":"https:\/\/ztsports.com\/fr\/wp-json\/wp\/v2\/media\/20776"}],"wp:attachment":[{"href":"https:\/\/ztsports.com\/fr\/wp-json\/wp\/v2\/media?parent=20774"}],"wp:term":[{"taxonomy":"product_brand","embeddable":true,"href":"https:\/\/ztsports.com\/fr\/wp-json\/wp\/v2\/product_brand?post=20774"},{"taxonomy":"product_cat","embeddable":true,"href":"https:\/\/ztsports.com\/fr\/wp-json\/wp\/v2\/product_cat?post=20774"},{"taxonomy":"product_tag","embeddable":true,"href":"https:\/\/ztsports.com\/fr\/wp-json\/wp\/v2\/product_tag?post=20774"}],"curies":[{"name":"wp","href":"https:\/\/api.w.org\/{rel}","templated":true}]}}