{"id":20766,"date":"2025-02-06T18:04:32","date_gmt":"2025-02-06T18:04:32","guid":{"rendered":"https:\/\/ztsports.com\/?post_type=product&#038;p=20766"},"modified":"2026-04-17T12:47:54","modified_gmt":"2026-04-17T12:47:54","slug":"lunettes-de-patinage-kapvoe-junior","status":"publish","type":"product","link":"https:\/\/ztsports.com\/fr\/store\/lunettes-de-patinage-kapvoe-junior\/","title":{"rendered":"Lunettes de patinage Kapvoe Junior Nouveau !"},"content":{"rendered":"<h1>Lunettes de patinage Kapvoe Junior<\/h1>\n<p>Lunettes de patinage Kapvoe Junior ces lunettes sont livr\u00e9es avec trois verres interchangeables : un verre color\u00e9, un verre polaris\u00e9 pour une vision et un confort accrus, et un verre transparent.<\/p>\n<p>La monture TR90 est l\u00e9g\u00e8re et offre une protection int\u00e9grale, et le nez en caoutchouc inclus assure un ajustement confortable.<\/p>\n<p>En outre, les lunettes Kapvoe Junior comprennent une monture pour myopes avec des verres correcteurs, un tissu pour lunettes, un sac pour lunettes et un \u00e9tui pour lunettes.<\/p>\n<p>Nous pensons que ces lunettes am\u00e9lioreront votre exp\u00e9rience du patinage.<\/p>\n<p><em>Kapvoe est une marque professionnelle de cyclisme et de patinage de vitesse<\/em>.<\/p>\n<p>Fournit des lunettes de cyclisme, des lunettes de protection et des \u00e9quipements de sport de plein air de haute qualit\u00e9.<\/p>\n<p dir=\"ltr\" data-placeholder=\"Translation\"><strong><span class=\"Y2IQFc\" lang=\"en\">FPVQ ET <a href=\"https:\/\/www.ontariospeedskating.ca\/safety-equipment\" target=\"_blank\" rel=\"noopener\">OSSA : Accessoire obligatoire<\/a> en comp\u00e9tition.<\/span><\/strong><\/p>\n<p dir=\"ltr\" data-placeholder=\"Translation\">Enfin, veuillez consulter toutes nos lunettes de protection pour le patinage de vitesse. <a href=\"https:\/\/ztsports.ca\/product-category\/speed-skating-protection-equipment\/glasses\/\" target=\"_blank\" rel=\"noopener\"><strong>lunettes de protection pour le patinage de vitesse<\/strong><\/a> ici.<\/p>\n","protected":false},"excerpt":{"rendered":"<p>Lunettes de patinage Kapvoe Junior Lunettes de patinage Kapvoe Junior ces lunettes sont livr\u00e9es avec trois verres interchangeables : un verre color\u00e9, un verre polaris\u00e9 pour une vision et un confort accrus, et un verre transparent. La monture TR90 est l\u00e9g\u00e8re et offre une protection int\u00e9grale, et le nez en caoutchouc inclus assure un ajustement [&hellip;]<\/p>\n","protected":false},"featured_media":20768,"comment_status":"open","ping_status":"closed","template":"","meta":{"_acf_changed":false,"_monsterinsights_skip_tracking":false,"_monsterinsights_sitenote_active":false,"_monsterinsights_sitenote_note":"","_monsterinsights_sitenote_category":0,"_uf_show_specific_survey":0,"_uf_disable_surveys":false,"site-sidebar-layout":"default","site-content-layout":"","ast-site-content-layout":"default","site-content-style":"default","site-sidebar-style":"default","ast-global-header-display":"","ast-banner-title-visibility":"","ast-main-header-display":"","ast-hfb-above-header-display":"","ast-hfb-below-header-display":"","ast-hfb-mobile-header-display":"","site-post-title":"","ast-breadcrumbs-content":"","ast-featured-img":"","footer-sml-layout":"","ast-disable-related-posts":"","theme-transparent-header-meta":"default","adv-header-id-meta":"","stick-header-meta":"","header-above-stick-meta":"","header-main-stick-meta":"","header-below-stick-meta":"","astra-migrate-meta-layouts":"set","ast-page-background-enabled":"default","ast-page-background-meta":{"desktop":{"background-color":"","background-image":"","background-repeat":"repeat","background-position":"center center","background-size":"auto","background-attachment":"scroll","background-type":"","background-media":"","overlay-type":"","overlay-color":"","overlay-opacity":"","overlay-gradient":""},"tablet":{"background-color":"","background-image":"","background-repeat":"repeat","background-position":"center center","background-size":"auto","background-attachment":"scroll","background-type":"","background-media":"","overlay-type":"","overlay-color":"","overlay-opacity":"","overlay-gradient":""},"mobile":{"background-color":"","background-image":"","background-repeat":"repeat","background-position":"center center","background-size":"auto","background-attachment":"scroll","background-type":"","background-media":"","overlay-type":"","overlay-color":"","overlay-opacity":"","overlay-gradient":""}},"ast-content-background-meta":{"desktop":{"background-color":"var(--ast-global-color-5)","background-image":"","background-repeat":"repeat","background-position":"center center","background-size":"auto","background-attachment":"scroll","background-type":"","background-media":"","overlay-type":"","overlay-color":"","overlay-opacity":"","overlay-gradient":""},"tablet":{"background-color":"var(--ast-global-color-5)","background-image":"","background-repeat":"repeat","background-position":"center center","background-size":"auto","background-attachment":"scroll","background-type":"","background-media":"","overlay-type":"","overlay-color":"","overlay-opacity":"","overlay-gradient":""},"mobile":{"background-color":"var(--ast-global-color-5)","background-image":"","background-repeat":"repeat","background-position":"center center","background-size":"auto","background-attachment":"scroll","background-type":"","background-media":"","overlay-type":"","overlay-color":"","overlay-opacity":"","overlay-gradient":""}}},"product_brand":[3313],"product_cat":[3422,3396,3874,3433,3395,3750,3587,4279,3381],"product_tag":[3140,3977,4409,4158,3978,4162],"class_list":{"0":"post-20766","1":"product","2":"type-product","3":"status-publish","4":"has-post-thumbnail","6":"product_brand-kapvoe","7":"product_cat-accessoires","8":"product_cat-accessories","11":"product_cat-courte-piste","12":"product_cat-equipement-de-protection-pour-le-patinage-de-vitesse","13":"product_cat-lunettes","14":"product_cat-lunettes-de-sport","15":"product_cat-patinage-de-vitesse-en-ligne","16":"product_tag-kapvoe","17":"product_tag-lunettes-de-patinage-de-vitesse","18":"product_tag-lunettes-de-patinage-junior","19":"product_tag-lunettes-de-protection-pour-enfants","20":"product_tag-lunettes-de-protection-pour-patinage-de-vitesse","21":"product_tag-protege-oeil-junior","22":"desktop-align-left","23":"tablet-align-left","24":"mobile-align-left","26":"first","27":"instock","28":"sale","29":"taxable","30":"shipping-taxable","31":"purchasable","32":"product-type-simple"},"acf":[],"_links":{"self":[{"href":"https:\/\/ztsports.com\/fr\/wp-json\/wp\/v2\/product\/20766","targetHints":{"allow":["GET"]}}],"collection":[{"href":"https:\/\/ztsports.com\/fr\/wp-json\/wp\/v2\/product"}],"about":[{"href":"https:\/\/ztsports.com\/fr\/wp-json\/wp\/v2\/types\/product"}],"replies":[{"embeddable":true,"href":"https:\/\/ztsports.com\/fr\/wp-json\/wp\/v2\/comments?post=20766"}],"version-history":[{"count":1,"href":"https:\/\/ztsports.com\/fr\/wp-json\/wp\/v2\/product\/20766\/revisions"}],"predecessor-version":[{"id":20767,"href":"https:\/\/ztsports.com\/fr\/wp-json\/wp\/v2\/product\/20766\/revisions\/20767"}],"wp:featuredmedia":[{"embeddable":true,"href":"https:\/\/ztsports.com\/fr\/wp-json\/wp\/v2\/media\/20768"}],"wp:attachment":[{"href":"https:\/\/ztsports.com\/fr\/wp-json\/wp\/v2\/media?parent=20766"}],"wp:term":[{"taxonomy":"product_brand","embeddable":true,"href":"https:\/\/ztsports.com\/fr\/wp-json\/wp\/v2\/product_brand?post=20766"},{"taxonomy":"product_cat","embeddable":true,"href":"https:\/\/ztsports.com\/fr\/wp-json\/wp\/v2\/product_cat?post=20766"},{"taxonomy":"product_tag","embeddable":true,"href":"https:\/\/ztsports.com\/fr\/wp-json\/wp\/v2\/product_tag?post=20766"}],"curies":[{"name":"wp","href":"https:\/\/api.w.org\/{rel}","templated":true}]}}