{"id":20762,"date":"2025-02-08T11:26:11","date_gmt":"2025-02-08T11:26:11","guid":{"rendered":"https:\/\/ztsports.com\/?post_type=product&#038;p=20762"},"modified":"2026-04-17T03:13:43","modified_gmt":"2026-04-17T03:13:43","slug":"botte-correctrice-plaque","status":"publish","type":"product","link":"https:\/\/ztsports.com\/fr\/store\/botte-correctrice-plaque\/","title":{"rendered":"Botte Correctrice Plaque Short Track Signature de Frank"},"content":{"rendered":"<h3 data-rm-block-id=\"block-1\">Frank&#8217;s Signature Boot Correcting Plate pour les bottes Short Track<\/h3>\n<p><strong>Botte Correctrice Plaque<\/strong><\/p>\n<p data-rm-block-id=\"block-2\">Cette plaque de correction des bottes est destin\u00e9e aux bottes Short Track.<\/p>\n<p data-rm-block-id=\"block-3\">Une autre des plaques de correction diamant\u00e9es Signature de Frank.<\/p>\n<p data-rm-block-id=\"block-4\">Il r\u00e8gle avec pr\u00e9cision l&#8217;angle des supports de patins et assure le parall\u00e9lisme et la pr\u00e9cision de l&#8217;\u00e9l\u00e9vation des porte-gobelets.<\/p>\n<p data-rm-block-id=\"block-5\">Id\u00e9al pour am\u00e9liorer les performances et la stabilit\u00e9 sur la glace pour les chaussures Short Track.<\/p>\n<p data-rm-block-id=\"block-6\">Une autre des plaques de correction diamant\u00e9es Signature de Frank.<\/p>\n<p data-rm-block-id=\"block-7\">Il r\u00e8gle avec pr\u00e9cision l&#8217;angle des supports de patins et assure le parall\u00e9lisme et la pr\u00e9cision de l&#8217;\u00e9l\u00e9vation des porte-gobelets.<\/p>\n<h3 data-rm-block-id=\"block-8\"><strong>Noir 140 grains<\/strong><\/h3>\n<p data-rm-block-id=\"block-9\"><strong>Un outil pour les clubs, les f\u00e9d\u00e9rations et les gestionnaires d&#8217;\u00e9quipement.<\/strong><\/p>\n<p data-rm-block-id=\"block-10\">Produit exclusif \u00e0 Nagano Skate et <a href=\"https:\/\/ztsports.com\/?lang=fr\">Zt Sports<\/a> un d\u00e9taillant autoris\u00e9.<\/p>\n","protected":false},"excerpt":{"rendered":"<p>Frank&#8217;s Signature Boot Correcting Plate pour les bottes Short Track Botte Correctrice Plaque Cette plaque de correction des bottes est destin\u00e9e aux bottes Short Track. Une autre des plaques de correction diamant\u00e9es Signature de Frank. Il r\u00e8gle avec pr\u00e9cision l&#8217;angle des supports de patins et assure le parall\u00e9lisme et la pr\u00e9cision de l&#8217;\u00e9l\u00e9vation des porte-gobelets. [&hellip;]<\/p>\n","protected":false},"featured_media":20764,"comment_status":"open","ping_status":"closed","template":"","meta":{"_acf_changed":false,"_monsterinsights_skip_tracking":false,"_monsterinsights_sitenote_active":false,"_monsterinsights_sitenote_note":"","_monsterinsights_sitenote_category":0,"_uf_show_specific_survey":0,"_uf_disable_surveys":false,"site-sidebar-layout":"default","site-content-layout":"","ast-site-content-layout":"default","site-content-style":"default","site-sidebar-style":"default","ast-global-header-display":"","ast-banner-title-visibility":"","ast-main-header-display":"","ast-hfb-above-header-display":"","ast-hfb-below-header-display":"","ast-hfb-mobile-header-display":"","site-post-title":"","ast-breadcrumbs-content":"","ast-featured-img":"","footer-sml-layout":"","ast-disable-related-posts":"","theme-transparent-header-meta":"default","adv-header-id-meta":"","stick-header-meta":"","header-above-stick-meta":"","header-main-stick-meta":"","header-below-stick-meta":"","astra-migrate-meta-layouts":"set","ast-page-background-enabled":"default","ast-page-background-meta":{"desktop":{"background-color":"","background-image":"","background-repeat":"repeat","background-position":"center center","background-size":"auto","background-attachment":"scroll","background-type":"","background-media":"","overlay-type":"","overlay-color":"","overlay-opacity":"","overlay-gradient":""},"tablet":{"background-color":"","background-image":"","background-repeat":"repeat","background-position":"center center","background-size":"auto","background-attachment":"scroll","background-type":"","background-media":"","overlay-type":"","overlay-color":"","overlay-opacity":"","overlay-gradient":""},"mobile":{"background-color":"","background-image":"","background-repeat":"repeat","background-position":"center center","background-size":"auto","background-attachment":"scroll","background-type":"","background-media":"","overlay-type":"","overlay-color":"","overlay-opacity":"","overlay-gradient":""}},"ast-content-background-meta":{"desktop":{"background-color":"var(--ast-global-color-5)","background-image":"","background-repeat":"repeat","background-position":"center center","background-size":"auto","background-attachment":"scroll","background-type":"","background-media":"","overlay-type":"","overlay-color":"","overlay-opacity":"","overlay-gradient":""},"tablet":{"background-color":"var(--ast-global-color-5)","background-image":"","background-repeat":"repeat","background-position":"center center","background-size":"auto","background-attachment":"scroll","background-type":"","background-media":"","overlay-type":"","overlay-color":"","overlay-opacity":"","overlay-gradient":""},"mobile":{"background-color":"var(--ast-global-color-5)","background-image":"","background-repeat":"repeat","background-position":"center center","background-size":"auto","background-attachment":"scroll","background-type":"","background-media":"","overlay-type":"","overlay-color":"","overlay-opacity":"","overlay-gradient":""}}},"product_brand":[3326],"product_cat":[3392,3396,3786,3489,3873],"product_tag":[2501,4407,4408],"class_list":{"0":"post-20762","1":"product","2":"type-product","3":"status-publish","4":"has-post-thumbnail","6":"product_brand-nagano","7":"product_cat-accessoires-short-track","8":"product_cat-accessories","9":"product_cat-bottes","10":"product_cat-offres-de-club","11":"product_cat-pierres-de-diamant","12":"product_tag-nagano-skate-diamond","13":"product_tag-plaque-de-correction-de-la-botte","14":"product_tag-plaque-de-correction-de-la-signature-de-frank","15":"desktop-align-left","16":"tablet-align-left","17":"mobile-align-left","19":"first","20":"instock","21":"taxable","22":"shipping-taxable","23":"purchasable","24":"product-type-simple"},"acf":[],"_links":{"self":[{"href":"https:\/\/ztsports.com\/fr\/wp-json\/wp\/v2\/product\/20762","targetHints":{"allow":["GET"]}}],"collection":[{"href":"https:\/\/ztsports.com\/fr\/wp-json\/wp\/v2\/product"}],"about":[{"href":"https:\/\/ztsports.com\/fr\/wp-json\/wp\/v2\/types\/product"}],"replies":[{"embeddable":true,"href":"https:\/\/ztsports.com\/fr\/wp-json\/wp\/v2\/comments?post=20762"}],"version-history":[{"count":3,"href":"https:\/\/ztsports.com\/fr\/wp-json\/wp\/v2\/product\/20762\/revisions"}],"predecessor-version":[{"id":25590,"href":"https:\/\/ztsports.com\/fr\/wp-json\/wp\/v2\/product\/20762\/revisions\/25590"}],"wp:featuredmedia":[{"embeddable":true,"href":"https:\/\/ztsports.com\/fr\/wp-json\/wp\/v2\/media\/20764"}],"wp:attachment":[{"href":"https:\/\/ztsports.com\/fr\/wp-json\/wp\/v2\/media?parent=20762"}],"wp:term":[{"taxonomy":"product_brand","embeddable":true,"href":"https:\/\/ztsports.com\/fr\/wp-json\/wp\/v2\/product_brand?post=20762"},{"taxonomy":"product_cat","embeddable":true,"href":"https:\/\/ztsports.com\/fr\/wp-json\/wp\/v2\/product_cat?post=20762"},{"taxonomy":"product_tag","embeddable":true,"href":"https:\/\/ztsports.com\/fr\/wp-json\/wp\/v2\/product_tag?post=20762"}],"curies":[{"name":"wp","href":"https:\/\/api.w.org\/{rel}","templated":true}]}}