{"id":20755,"date":"2025-02-08T09:50:07","date_gmt":"2025-02-08T09:50:07","guid":{"rendered":"https:\/\/ztsports.com\/?post_type=product&#038;p=20755"},"modified":"2026-04-15T22:59:10","modified_gmt":"2026-04-15T22:59:10","slug":"cle-courte-de-10-mm","status":"publish","type":"product","link":"https:\/\/ztsports.com\/fr\/store\/cle-courte-de-10-mm\/","title":{"rendered":"Cl\u00e9 courte de 10 mm"},"content":{"rendered":"<h1>Cl\u00e9 courte de 10 mm<\/h1>\n<p id=\"title\" class=\"a-size-large a-spacing-none\"><span id=\"productTitle\" class=\"a-size-large product-title-word-break\">Cl\u00e9 \u00e0 cliquet de 10 mm \u00e0 double usage pour la r\u00e9paration des<strong> boulons de chaussures de patinage de vitesse<\/strong> et de l&#8217;\u00e9quipement m\u00e9nager.<\/span><\/p>\n<p>Un must pour tous les<strong> Entra\u00eeneur, patineur, responsable de l&#8217;\u00e9quipement, parent d&#8217;un patineur, arbitre, sac d&#8217;\u00e9quipement, kit d&#8217;aff\u00fbtage,<\/strong> et la liste est longue pour cette cl\u00e9 courte de 10 mm, y compris la cl\u00e9 courte de 10 mm essentielle, polyvalente et facile \u00e0 utiliser.<\/p>\n<ul class=\"nl-features__list\" data-testid=\"features\">\n<li>\n<p class=\"nl-features__information\">Acier alli\u00e9 au chrome-vanadium de haute qualit\u00e9<\/p>\n<p class=\"nl-features__information\">La cl\u00e9 \u00e0 molette est con\u00e7ue pour une efficacit\u00e9 et une fiabilit\u00e9 maximales.<\/p>\n<\/li>\n<li>\n<p class=\"nl-features__information\">Enti\u00e8rement poli pour plus de confort et un nettoyage facile<\/p>\n<\/li>\n<li>\n<p class=\"nl-features__information\"><span style=\"font-size: 1.7em; font-weight: bold;\">A propos de cet article<\/span><\/p>\n<\/li>\n<\/ul>\n<p>Gr\u00e2ce \u00e0 la cl\u00e9 courte piste, les utilisateurs peuvent facilement effectuer des r\u00e9parations et des ajustements sans probl\u00e8me.<\/p>\n<ul class=\"a-unordered-list a-vertical a-spacing-mini\">\n<li style=\"list-style-type: none;\">\n<ul class=\"a-unordered-list a-vertical a-spacing-mini\">\n<li class=\"a-spacing-mini\"><span class=\"a-list-item\">\u3010standard arc\u3011L&#8217;ensemble de cl\u00e9s combin\u00e9es adopte la norme d&#8217;\u00e9paisseur de la ligne d&#8217;ouverture en forme d&#8217;arc, un meilleur type d&#8217;anastomose r\u00e9duit le frottement et l&#8217;usure, et est plus pratique \u00e0 utiliser.<\/span><\/li>\n<li class=\"a-spacing-mini\"><span class=\"a-list-item\">\u3010Gain de temps et de travail\u3011La longueur totale de la cl\u00e9, l&#8217;augmentation du bras de levier, la plus grande torsion et le gain de temps.<\/span><\/li>\n<li class=\"a-spacing-mini\"><span class=\"a-list-item\">\u3010not easy to rust\u3011Ces cl\u00e9s \u00e0 double usage sont \u00e9paissies et l&#8217;ext\u00e9rieur poli n&#8217;est pas facile \u00e0 rouiller.<\/span><\/li>\n<li class=\"a-spacing-mini\"><span class=\"a-list-item\">\u3010Chrome Vanadium Steel\u3011Cette cl\u00e9 est fabriqu\u00e9e en acier au chrome vanadium, d&#8217;une grande duret\u00e9 et d&#8217;une longue dur\u00e9e de vie.<\/span><\/li>\n<\/ul>\n<\/li>\n<\/ul>\n<p>L&#8217;utilisation d&#8217;une cl\u00e9 courte piste vous permet d&#8217;avoir toujours le bon outil pour vos patins de vitesse.<\/p>\n<ul class=\"a-unordered-list a-vertical a-spacing-mini\">\n<li style=\"list-style-type: none;\">\n<ul class=\"a-unordered-list a-vertical a-spacing-mini\">\n<li class=\"a-spacing-mini\"><span class=\"a-list-item\">\u3010large gamme d&#8217;applications\u3011La cl\u00e9 a une large gamme d&#8217;applications, un fonctionnement simple et une efficacit\u00e9 de travail am\u00e9lior\u00e9e.<\/span><\/li>\n<\/ul>\n<\/li>\n<\/ul>\n<p>La cl\u00e9 \u00e0 gorge courte est \u00e9galement id\u00e9ale pour une vari\u00e9t\u00e9 de t\u00e2ches m\u00e9nag\u00e8res, ce qui en fait un excellent compl\u00e9ment \u00e0 toute trousse \u00e0 outils.<\/p>\n<h3>Maintenant, pour ceux qui souhaitent conna\u00eetre quelques faits et l&#8217;histoire de la cl\u00e9 \u00e0 molette.<\/h3>\n<div class=\"Y3BBE\" data-sfc-cp=\"\" data-hveid=\"CAEQAA\" data-processed=\"true\">L&#8217;histoire de la cl\u00e9 \u00e0 molette <mark class=\"HxTRcb\" data-processed=\"true\">s&#8217;\u00e9tend des premiers outils romains aux mod\u00e8les modernes, avec des d\u00e9veloppements cl\u00e9s tels que le brevet de la cl\u00e9 \u00e0 molette de Solymon Merrick en 1835 et le brevet de la cl\u00e9 \u00e0 pipe de Daniel C. Stillson en 1870<\/mark>. Les innovations se sont poursuivies avec la cl\u00e9 \u00e0 molette de Charles Moncky vers 1858, la cl\u00e9 \u00e0 cliquet brevet\u00e9e par Robert Owen Jr. en 1913 et la cr\u00e9ation d&#8217;outils sp\u00e9cialis\u00e9s comme la cl\u00e9 Allen au d\u00e9but du XXe si\u00e8cle. <button class=\"rBl3me\" tabindex=\"0\" data-amic=\"true\" data-icl-uuid=\"0ab2444e-a0cc-4b30-897b-f8b44b952009\" aria-label=\"View related links\" data-wiz-attrbind=\"disabled=YbKbab_f_C5gNJc;class=YbKbab_f_UpSNec;\" data-ved=\"2ahUKEwjuo5-1x9mQAxXz_8kDHV2jK7cQye0OegQIARAE\" data-processed=\"true\"><\/button><\/div>\n<div class=\"Y3BBE\" data-sfc-cp=\"\" data-hveid=\"CAIQAA\" data-processed=\"true\">Cette <a href=\"https:\/\/encrypted-vtbn0.gstatic.com\/video?q=tbn:ANd9GcRwMa_UeD1EzoODdxlXx6w3o-yG60017EgatbKNG3iJyHQqCgbP\" target=\"_blank\" rel=\"noopener\">vid\u00e9o<\/a> explique l&#8217;histoire des cl\u00e9s \u00e0 molette et leur utilisation :<\/div>\n<div data-sfc-cp=\"\" data-hveid=\"CAIQAA\" data-processed=\"true\"><\/div>\n<div data-sfc-cp=\"\" data-hveid=\"CAIQAA\" data-processed=\"true\">\n<div class=\"otQkpb\" role=\"heading\" aria-level=\"3\" data-animation-nesting=\"\" data-sfc-cp=\"\" data-processed=\"true\">Histoire et \u00e9volution<button class=\"rBl3me\" tabindex=\"0\" data-amic=\"true\" data-icl-uuid=\"2bc9b7e7-89bd-4228-870f-26b9bd2e2cde\" aria-label=\"View related links\" data-wiz-attrbind=\"disabled=YbKbab_10_C5gNJc;class=YbKbab_10_UpSNec;\" data-ved=\"2ahUKEwjuo5-1x9mQAxXz_8kDHV2jK7cQye0OegQIAxAA\" data-processed=\"true\"><\/button><\/div>\n<ul class=\"KsbFXc U6u95\" data-processed=\"true\">\n<li style=\"list-style-type: none;\">\n<ul class=\"KsbFXc U6u95\" data-processed=\"true\">\n<li data-hveid=\"CAQQAA\" data-processed=\"true\"><span class=\"T286Pc\" data-sfc-cp=\"\" data-processed=\"true\"><strong class=\"Yjhzub\" data-processed=\"true\">Origines anciennes :<\/strong> Les Romains utilisaient des outils de base ressemblant \u00e0 des cl\u00e9s pour des objets tels que des colliers de serrage.<\/span><\/li>\n<li data-hveid=\"CAQQAQ\" data-processed=\"true\"><span class=\"T286Pc\" data-sfc-cp=\"\" data-processed=\"true\"><strong class=\"Yjhzub\" data-processed=\"true\">Angleterre du 18e si\u00e8cle :<\/strong> Les cl\u00e9s \u00e0 molette sont fabriqu\u00e9es en Angleterre pour les \u00e9crous de taille irr\u00e9guli\u00e8re des roues de wagons et export\u00e9es vers l&#8217;Am\u00e9rique du Nord.<\/span><\/li>\n<li data-hveid=\"CAQQAg\" data-processed=\"true\"><span class=\"T286Pc\" data-sfc-cp=\"\" data-processed=\"true\"><strong class=\"Yjhzub\" data-processed=\"true\">1835 :<\/strong> Le premier brevet pour une cl\u00e9 \u00e0 molette est accord\u00e9 \u00e0 <a class=\"GI370e\" href=\"https:\/\/www.google.com\/search?q=Solymon+Merrick&amp;rlz=1C1UEAD_enCA1183CA1183&amp;oq=history+of+a+wrench&amp;gs_lcrp=EgZjaHJvbWUyBggAEEUYOTIICAEQABgWGB4yCAgCEAAYFhgeMggIAxAAGBYYHjIICAQQABgWGB4yCAgFEAAYFhgeMggIBhAAGBYYHjIICAcQABgWGB4yCAgIEAAYFhgeMggICRAAGBYYHtIBCjExNzgzajBqMTWoAgiwAgHxBRtAPrDgmNfg&amp;sourceid=chrome&amp;ie=UTF-8&amp;mstk=AUtExfCMAJokmJ480P_7n5RlwDdzmnJLV-3GGeDg-HhVUt6worGSzZOJjlMpBhuKx5J-lfCrd0X73BILTxoqXPsLeO2QGFl-qopzEOlFCJsNwhWSZbSf3DQsKX34iiEDPZerllQLGXOc_cTHRdSY0UWW12yR9aPhbQbuB_Bk8IeifieIfyw&amp;csui=3&amp;ved=2ahUKEwjuo5-1x9mQAxXz_8kDHV2jK7cQgK4QegQIBBAD\" data-wiz-uids=\"YbKbab_1c\" data-ved=\"2ahUKEwjuo5-1x9mQAxXz_8kDHV2jK7cQgK4QegQIBBAD\" data-hveid=\"CAQQAw\" data-processed=\"true\" target=\"_blank\" rel=\"noopener\">Solymon Merrick<\/a>. Sa conception utilise une vis pour r\u00e9gler l&#8217;ouverture de la m\u00e2choire. <\/span> <button class=\"rBl3me\" tabindex=\"0\" data-amic=\"true\" data-icl-uuid=\"63018c17-aaf7-4e9a-bf44-f76e250c0fd9\" aria-label=\"View related links\" data-wiz-attrbind=\"disabled=YbKbab_1d_C5gNJc;class=YbKbab_1d_UpSNec;\" data-ved=\"2ahUKEwjuo5-1x9mQAxXz_8kDHV2jK7cQye0OegQIBBAE\" data-processed=\"true\"><\/button><\/li>\n<\/ul>\n<\/li>\n<\/ul>\n<p>La cl\u00e9 \u00e0 molette Short Track a consid\u00e9rablement \u00e9volu\u00e9 au fil des ans, s&#8217;adaptant aux besoins des patineurs et des m\u00e9caniciens.<\/p>\n<p>&nbsp;<\/p>\n<div class=\"Fsg96\" data-sfc-cp=\"\" data-processed=\"true\"><\/div>\n<div class=\"otQkpb\" role=\"heading\" aria-level=\"3\" data-animation-nesting=\"\" data-sfc-cp=\"\" data-processed=\"true\">Principales innovations et brevets<button class=\"rBl3me\" tabindex=\"0\" data-amic=\"true\" data-icl-uuid=\"a8bc1ae5-c10c-43bd-b8b5-6958b1cee5c8\" aria-label=\"View related links\" data-wiz-attrbind=\"disabled=YbKbab_1k_C5gNJc;class=YbKbab_1k_UpSNec;\" data-ved=\"2ahUKEwjuo5-1x9mQAxXz_8kDHV2jK7cQye0OegQIBRAA\" data-processed=\"true\"><\/button><\/div>\n<ul class=\"KsbFXc U6u95\" data-processed=\"true\">\n<li style=\"list-style-type: none;\">\n<ul class=\"KsbFXc U6u95\" data-processed=\"true\">\n<li data-hveid=\"CAYQAA\" data-processed=\"true\"><span class=\"T286Pc\" data-sfc-cp=\"\" data-processed=\"true\"><strong class=\"Yjhzub\" data-processed=\"true\">Milieu du 19e si\u00e8cle :<\/strong> La &#8220;cl\u00e9 \u00e0 molette&#8221;, qui permet un r\u00e9glage par vis, a \u00e9t\u00e9 invent\u00e9e par Charles Moncky vers 1858.<\/span><\/li>\n<\/ul>\n<\/li>\n<\/ul>\n<p>Aujourd&#8217;hui, la cl\u00e9 \u00e0 molette Short Track est un \u00e9l\u00e9ment essentiel de nombreuses trousses \u00e0 outils, r\u00e9put\u00e9 pour sa durabilit\u00e9 et son efficacit\u00e9.<\/p>\n<ul class=\"KsbFXc U6u95\" data-processed=\"true\">\n<li data-hveid=\"CAYQAQ\" data-processed=\"true\"><span class=\"T286Pc\" data-sfc-cp=\"\" data-processed=\"true\"><strong class=\"Yjhzub\" data-processed=\"true\">1870 :<\/strong> Daniel C. Stillson fait breveter la cl\u00e9 \u00e0 pipe, un outil robuste con\u00e7u pour les plombiers et les tuyauteurs, qui est fabriqu\u00e9 par Walworth apr\u00e8s un essai concluant.<\/span><\/li>\n<li data-hveid=\"CAYQAg\" data-processed=\"true\"><span class=\"T286Pc\" data-sfc-cp=\"\" data-processed=\"true\"><strong class=\"Yjhzub\" data-processed=\"true\">1913 :<\/strong> Robert Owen Jr. brevette la <a class=\"GI370e\" href=\"https:\/\/www.google.com\/search?q=ratchet+wrench&amp;rlz=1C1UEAD_enCA1183CA1183&amp;oq=history+of+a+wrench&amp;gs_lcrp=EgZjaHJvbWUyBggAEEUYOTIICAEQABgWGB4yCAgCEAAYFhgeMggIAxAAGBYYHjIICAQQABgWGB4yCAgFEAAYFhgeMggIBhAAGBYYHjIICAcQABgWGB4yCAgIEAAYFhgeMggICRAAGBYYHtIBCjExNzgzajBqMTWoAgiwAgHxBRtAPrDgmNfg&amp;sourceid=chrome&amp;ie=UTF-8&amp;mstk=AUtExfCMAJokmJ480P_7n5RlwDdzmnJLV-3GGeDg-HhVUt6worGSzZOJjlMpBhuKx5J-lfCrd0X73BILTxoqXPsLeO2QGFl-qopzEOlFCJsNwhWSZbSf3DQsKX34iiEDPZerllQLGXOc_cTHRdSY0UWW12yR9aPhbQbuB_Bk8IeifieIfyw&amp;csui=3&amp;ved=2ahUKEwjuo5-1x9mQAxXz_8kDHV2jK7cQgK4QegQIBhAD\" data-wiz-uids=\"YbKbab_1w\" data-ved=\"2ahUKEwjuo5-1x9mQAxXz_8kDHV2jK7cQgK4QegQIBhAD\" data-hveid=\"CAYQAw\" data-processed=\"true\" target=\"_blank\" rel=\"noopener\">cl\u00e9 \u00e0 cliquet<\/a>, consid\u00e9r\u00e9e comme une avanc\u00e9e majeure dans la technologie des cl\u00e9s.<\/span><\/li>\n<li data-hveid=\"CAYQBA\" data-processed=\"true\"><span class=\"T286Pc\" data-sfc-cp=\"\" data-processed=\"true\"><strong class=\"Yjhzub\" data-processed=\"true\">1907 :<\/strong> La <a class=\"GI370e\" href=\"https:\/\/www.google.com\/search?q=Crescent+Tool+Company&amp;rlz=1C1UEAD_enCA1183CA1183&amp;oq=history+of+a+wrench&amp;gs_lcrp=EgZjaHJvbWUyBggAEEUYOTIICAEQABgWGB4yCAgCEAAYFhgeMggIAxAAGBYYHjIICAQQABgWGB4yCAgFEAAYFhgeMggIBhAAGBYYHjIICAcQABgWGB4yCAgIEAAYFhgeMggICRAAGBYYHtIBCjExNzgzajBqMTWoAgiwAgHxBRtAPrDgmNfg&amp;sourceid=chrome&amp;ie=UTF-8&amp;mstk=AUtExfCMAJokmJ480P_7n5RlwDdzmnJLV-3GGeDg-HhVUt6worGSzZOJjlMpBhuKx5J-lfCrd0X73BILTxoqXPsLeO2QGFl-qopzEOlFCJsNwhWSZbSf3DQsKX34iiEDPZerllQLGXOc_cTHRdSY0UWW12yR9aPhbQbuB_Bk8IeifieIfyw&amp;csui=3&amp;ved=2ahUKEwjuo5-1x9mQAxXz_8kDHV2jK7cQgK4QegQIBhAF\" data-wiz-uids=\"YbKbab_20\" data-ved=\"2ahUKEwjuo5-1x9mQAxXz_8kDHV2jK7cQgK4QegQIBhAF\" data-hveid=\"CAYQBQ\" data-processed=\"true\" target=\"_blank\" rel=\"noopener\">Crescent Tool Company<\/a> pr\u00e9sente une cl\u00e9 \u00e0 molette plus compacte et plus durable, fabriqu\u00e9e en acier matric\u00e9, dont la conception devient extr\u00eamement populaire.<\/span><\/li>\n<li data-hveid=\"CAYQBg\" data-processed=\"true\"><span class=\"T286Pc\" data-sfc-cp=\"\" data-processed=\"true\"><strong class=\"Yjhzub\" data-processed=\"true\">1910 :<\/strong> La <a class=\"GI370e\" href=\"https:\/\/www.google.com\/search?q=Allen+Manufacturing+Company&amp;rlz=1C1UEAD_enCA1183CA1183&amp;oq=history+of+a+wrench&amp;gs_lcrp=EgZjaHJvbWUyBggAEEUYOTIICAEQABgWGB4yCAgCEAAYFhgeMggIAxAAGBYYHjIICAQQABgWGB4yCAgFEAAYFhgeMggIBhAAGBYYHjIICAcQABgWGB4yCAgIEAAYFhgeMggICRAAGBYYHtIBCjExNzgzajBqMTWoAgiwAgHxBRtAPrDgmNfg&amp;sourceid=chrome&amp;ie=UTF-8&amp;mstk=AUtExfCMAJokmJ480P_7n5RlwDdzmnJLV-3GGeDg-HhVUt6worGSzZOJjlMpBhuKx5J-lfCrd0X73BILTxoqXPsLeO2QGFl-qopzEOlFCJsNwhWSZbSf3DQsKX34iiEDPZerllQLGXOc_cTHRdSY0UWW12yR9aPhbQbuB_Bk8IeifieIfyw&amp;csui=3&amp;ved=2ahUKEwjuo5-1x9mQAxXz_8kDHV2jK7cQgK4QegQIBhAH\" data-wiz-uids=\"YbKbab_24\" data-ved=\"2ahUKEwjuo5-1x9mQAxXz_8kDHV2jK7cQgK4QegQIBhAH\" data-hveid=\"CAYQBw\" data-processed=\"true\" target=\"_blank\" rel=\"noopener\">soci\u00e9t\u00e9 Allen Manufacturing Company<\/a> cr\u00e9e la premi\u00e8re <a class=\"GI370e\" href=\"https:\/\/www.google.com\/search?q=hex+key&amp;rlz=1C1UEAD_enCA1183CA1183&amp;oq=history+of+a+wrench&amp;gs_lcrp=EgZjaHJvbWUyBggAEEUYOTIICAEQABgWGB4yCAgCEAAYFhgeMggIAxAAGBYYHjIICAQQABgWGB4yCAgFEAAYFhgeMggIBhAAGBYYHjIICAcQABgWGB4yCAgIEAAYFhgeMggICRAAGBYYHtIBCjExNzgzajBqMTWoAgiwAgHxBRtAPrDgmNfg&amp;sourceid=chrome&amp;ie=UTF-8&amp;mstk=AUtExfCMAJokmJ480P_7n5RlwDdzmnJLV-3GGeDg-HhVUt6worGSzZOJjlMpBhuKx5J-lfCrd0X73BILTxoqXPsLeO2QGFl-qopzEOlFCJsNwhWSZbSf3DQsKX34iiEDPZerllQLGXOc_cTHRdSY0UWW12yR9aPhbQbuB_Bk8IeifieIfyw&amp;csui=3&amp;ved=2ahUKEwjuo5-1x9mQAxXz_8kDHV2jK7cQgK4QegQIBhAI\" data-wiz-uids=\"YbKbab_25\" data-ved=\"2ahUKEwjuo5-1x9mQAxXz_8kDHV2jK7cQgK4QegQIBhAI\" data-hveid=\"CAYQCA\" data-processed=\"true\" target=\"_blank\" rel=\"noopener\">cl\u00e9 hexagonale<\/a>, ou cl\u00e9 Allen, dont la marque est d\u00e9pos\u00e9e.<\/span> <button class=\"rBl3me\" tabindex=\"0\" data-amic=\"true\" data-icl-uuid=\"55f37019-64c2-47e4-b7ff-dafbb65f8a1e\" aria-label=\"View related links\" data-wiz-attrbind=\"disabled=YbKbab_26_C5gNJc;class=YbKbab_26_UpSNec;\" data-ved=\"2ahUKEwjuo5-1x9mQAxXz_8kDHV2jK7cQye0OegQIBhAJ\" data-processed=\"true\"><\/button><\/li>\n<\/ul>\n<p>&nbsp;<\/p>\n<div class=\"Fsg96\" data-sfc-cp=\"\" data-processed=\"true\"><\/div>\n<div class=\"otQkpb\" role=\"heading\" aria-level=\"3\" data-animation-nesting=\"\" data-sfc-cp=\"\" data-processed=\"true\">Autres contributions notables<button class=\"rBl3me\" tabindex=\"0\" data-amic=\"true\" data-icl-uuid=\"882e942a-d15c-468d-8ed8-24b58062f009\" aria-label=\"View related links\" data-wiz-attrbind=\"disabled=YbKbab_2e_C5gNJc;class=YbKbab_2e_UpSNec;\" data-ved=\"2ahUKEwjuo5-1x9mQAxXz_8kDHV2jK7cQye0OegQIBxAA\" data-processed=\"true\"><\/button><\/div>\n<ul class=\"KsbFXc U6u95\" data-processed=\"true\">\n<li style=\"list-style-type: none;\">\n<ul class=\"KsbFXc U6u95\" data-processed=\"true\">\n<li data-hveid=\"CAgQAA\" data-processed=\"true\"><span class=\"T286Pc\" data-sfc-cp=\"\" data-processed=\"true\"><strong class=\"Yjhzub\" data-processed=\"true\"><a class=\"GI370e\" href=\"https:\/\/www.google.com\/search?q=Jack+Johnson&amp;rlz=1C1UEAD_enCA1183CA1183&amp;oq=history+of+a+wrench&amp;gs_lcrp=EgZjaHJvbWUyBggAEEUYOTIICAEQABgWGB4yCAgCEAAYFhgeMggIAxAAGBYYHjIICAQQABgWGB4yCAgFEAAYFhgeMggIBhAAGBYYHjIICAcQABgWGB4yCAgIEAAYFhgeMggICRAAGBYYHtIBCjExNzgzajBqMTWoAgiwAgHxBRtAPrDgmNfg&amp;sourceid=chrome&amp;ie=UTF-8&amp;mstk=AUtExfCMAJokmJ480P_7n5RlwDdzmnJLV-3GGeDg-HhVUt6worGSzZOJjlMpBhuKx5J-lfCrd0X73BILTxoqXPsLeO2QGFl-qopzEOlFCJsNwhWSZbSf3DQsKX34iiEDPZerllQLGXOc_cTHRdSY0UWW12yR9aPhbQbuB_Bk8IeifieIfyw&amp;csui=3&amp;ved=2ahUKEwjuo5-1x9mQAxXz_8kDHV2jK7cQgK4QegQICBAB\" data-wiz-uids=\"YbKbab_2k\" data-ved=\"2ahUKEwjuo5-1x9mQAxXz_8kDHV2jK7cQgK4QegQICBAB\" data-hveid=\"CAgQAQ\" data-processed=\"true\" target=\"_blank\" rel=\"noopener\">Jack Johnson<\/a>:<\/strong> le premier champion noir de boxe poids lourd a obtenu un brevet pour une cl\u00e9 \u00e0 molette am\u00e9lior\u00e9e le 18 avril 1922, bien que le nom de &#8220;cl\u00e9 \u00e0 molette&#8221; soit ant\u00e9rieur \u00e0 son invention et ne soit pas une insulte raciale.<\/span><\/li>\n<\/ul>\n<\/li>\n<\/ul>\n<p>Que ce soit pour le sport ou les r\u00e9parations, la cl\u00e9 \u00e0 molette Short Track est un outil indispensable.<\/p>\n<ul class=\"KsbFXc U6u95\" data-processed=\"true\">\n<li style=\"list-style-type: none;\">\n<ul class=\"KsbFXc U6u95\" data-processed=\"true\">\n<li data-hveid=\"CAgQAg\" data-processed=\"true\"><span class=\"T286Pc\" data-sfc-cp=\"\" data-processed=\"true\"><strong class=\"Yjhzub\" data-processed=\"true\"><a class=\"GI370e\" href=\"https:\/\/www.google.com\/search?q=John+Vranish&amp;rlz=1C1UEAD_enCA1183CA1183&amp;oq=history+of+a+wrench&amp;gs_lcrp=EgZjaHJvbWUyBggAEEUYOTIICAEQABgWGB4yCAgCEAAYFhgeMggIAxAAGBYYHjIICAQQABgWGB4yCAgFEAAYFhgeMggIBhAAGBYYHjIICAcQABgWGB4yCAgIEAAYFhgeMggICRAAGBYYHtIBCjExNzgzajBqMTWoAgiwAgHxBRtAPrDgmNfg&amp;sourceid=chrome&amp;ie=UTF-8&amp;mstk=AUtExfCMAJokmJ480P_7n5RlwDdzmnJLV-3GGeDg-HhVUt6worGSzZOJjlMpBhuKx5J-lfCrd0X73BILTxoqXPsLeO2QGFl-qopzEOlFCJsNwhWSZbSf3DQsKX34iiEDPZerllQLGXOc_cTHRdSY0UWW12yR9aPhbQbuB_Bk8IeifieIfyw&amp;csui=3&amp;ved=2ahUKEwjuo5-1x9mQAxXz_8kDHV2jK7cQgK4QegQICBAD\" data-wiz-uids=\"YbKbab_2o\" data-ved=\"2ahUKEwjuo5-1x9mQAxXz_8kDHV2jK7cQgK4QegQICBAD\" data-hveid=\"CAgQAw\" data-processed=\"true\" target=\"_blank\" rel=\"noopener\">John Vranish<\/a>:<\/strong> Ing\u00e9nieur \u00e0 la NASA, c&#8217;est \u00e0 Vranish que l&#8217;on doit l&#8217;id\u00e9e d&#8217;une cl\u00e9 &#8220;sans cliquet&#8221;.<\/span><\/li>\n<\/ul>\n<\/li>\n<\/ul>\n<p>La polyvalence de la cl\u00e9 \u00e0 molette Short Track en fait la favorite des professionnels et des passionn\u00e9s.<\/p>\n<\/div>\n<div data-sfc-cp=\"\" data-hveid=\"CAIQAA\" data-processed=\"true\"><\/div>\n","protected":false},"excerpt":{"rendered":"<p>Cl\u00e9 courte de 10 mm Cl\u00e9 \u00e0 cliquet de 10 mm \u00e0 double usage pour la r\u00e9paration des boulons de chaussures de patinage de vitesse et de l&#8217;\u00e9quipement m\u00e9nager. Un must pour tous les Entra\u00eeneur, patineur, responsable de l&#8217;\u00e9quipement, parent d&#8217;un patineur, arbitre, sac d&#8217;\u00e9quipement, kit d&#8217;aff\u00fbtage, et la liste est longue pour cette cl\u00e9 [&hellip;]<\/p>\n","protected":false},"featured_media":20757,"comment_status":"open","ping_status":"closed","template":"","meta":{"_acf_changed":false,"_monsterinsights_skip_tracking":false,"_monsterinsights_sitenote_active":false,"_monsterinsights_sitenote_note":"","_monsterinsights_sitenote_category":0,"_uf_show_specific_survey":0,"_uf_disable_surveys":false,"site-sidebar-layout":"default","site-content-layout":"","ast-site-content-layout":"default","site-content-style":"default","site-sidebar-style":"default","ast-global-header-display":"","ast-banner-title-visibility":"","ast-main-header-display":"","ast-hfb-above-header-display":"","ast-hfb-below-header-display":"","ast-hfb-mobile-header-display":"","site-post-title":"","ast-breadcrumbs-content":"","ast-featured-img":"","footer-sml-layout":"","ast-disable-related-posts":"","theme-transparent-header-meta":"default","adv-header-id-meta":"","stick-header-meta":"","header-above-stick-meta":"","header-main-stick-meta":"","header-below-stick-meta":"","astra-migrate-meta-layouts":"set","ast-page-background-enabled":"default","ast-page-background-meta":{"desktop":{"background-color":"","background-image":"","background-repeat":"repeat","background-position":"center center","background-size":"auto","background-attachment":"scroll","background-type":"","background-media":"","overlay-type":"","overlay-color":"","overlay-opacity":"","overlay-gradient":""},"tablet":{"background-color":"","background-image":"","background-repeat":"repeat","background-position":"center center","background-size":"auto","background-attachment":"scroll","background-type":"","background-media":"","overlay-type":"","overlay-color":"","overlay-opacity":"","overlay-gradient":""},"mobile":{"background-color":"","background-image":"","background-repeat":"repeat","background-position":"center center","background-size":"auto","background-attachment":"scroll","background-type":"","background-media":"","overlay-type":"","overlay-color":"","overlay-opacity":"","overlay-gradient":""}},"ast-content-background-meta":{"desktop":{"background-color":"var(--ast-global-color-5)","background-image":"","background-repeat":"repeat","background-position":"center center","background-size":"auto","background-attachment":"scroll","background-type":"","background-media":"","overlay-type":"","overlay-color":"","overlay-opacity":"","overlay-gradient":""},"tablet":{"background-color":"var(--ast-global-color-5)","background-image":"","background-repeat":"repeat","background-position":"center center","background-size":"auto","background-attachment":"scroll","background-type":"","background-media":"","overlay-type":"","overlay-color":"","overlay-opacity":"","overlay-gradient":""},"mobile":{"background-color":"var(--ast-global-color-5)","background-image":"","background-repeat":"repeat","background-position":"center center","background-size":"auto","background-attachment":"scroll","background-type":"","background-media":"","overlay-type":"","overlay-color":"","overlay-opacity":"","overlay-gradient":""}}},"product_brand":[3365],"product_cat":[3479,3392,3874,3396,3786,3489,3398,3429,3875,3949,3409],"product_tag":[4403,4404,4405,4406],"class_list":{"0":"post-20755","1":"product","2":"type-product","3":"status-publish","4":"has-post-thumbnail","6":"product_brand-zt-sports","7":"product_cat-accessoires-pour-le-short-track","8":"product_cat-accessoires-short-track","9":"product_cat-accessories","11":"product_cat-bottes","12":"product_cat-offres-de-club","13":"product_cat-parts-tools","14":"product_cat-pieces-et-outils","16":"product_cat-pieces-et-vis","17":"product_cat-roulements-et-outils","18":"product_tag-cle-a-molette-courte-piste","19":"product_tag-cle-courte-de-10-mm","20":"product_tag-cle-de-10-mm","21":"product_tag-outil-de-patinage","22":"desktop-align-left","23":"tablet-align-left","24":"mobile-align-left","26":"first","27":"instock","28":"taxable","29":"shipping-taxable","30":"purchasable","31":"product-type-simple"},"acf":[],"_links":{"self":[{"href":"https:\/\/ztsports.com\/fr\/wp-json\/wp\/v2\/product\/20755","targetHints":{"allow":["GET"]}}],"collection":[{"href":"https:\/\/ztsports.com\/fr\/wp-json\/wp\/v2\/product"}],"about":[{"href":"https:\/\/ztsports.com\/fr\/wp-json\/wp\/v2\/types\/product"}],"replies":[{"embeddable":true,"href":"https:\/\/ztsports.com\/fr\/wp-json\/wp\/v2\/comments?post=20755"}],"version-history":[{"count":3,"href":"https:\/\/ztsports.com\/fr\/wp-json\/wp\/v2\/product\/20755\/revisions"}],"predecessor-version":[{"id":25508,"href":"https:\/\/ztsports.com\/fr\/wp-json\/wp\/v2\/product\/20755\/revisions\/25508"}],"wp:featuredmedia":[{"embeddable":true,"href":"https:\/\/ztsports.com\/fr\/wp-json\/wp\/v2\/media\/20757"}],"wp:attachment":[{"href":"https:\/\/ztsports.com\/fr\/wp-json\/wp\/v2\/media?parent=20755"}],"wp:term":[{"taxonomy":"product_brand","embeddable":true,"href":"https:\/\/ztsports.com\/fr\/wp-json\/wp\/v2\/product_brand?post=20755"},{"taxonomy":"product_cat","embeddable":true,"href":"https:\/\/ztsports.com\/fr\/wp-json\/wp\/v2\/product_cat?post=20755"},{"taxonomy":"product_tag","embeddable":true,"href":"https:\/\/ztsports.com\/fr\/wp-json\/wp\/v2\/product_tag?post=20755"}],"curies":[{"name":"wp","href":"https:\/\/api.w.org\/{rel}","templated":true}]}}