{"id":20752,"date":"2025-02-06T09:46:26","date_gmt":"2025-02-06T09:46:26","guid":{"rendered":"https:\/\/ztsports.com\/?post_type=product&#038;p=20752"},"modified":"2026-04-16T20:55:32","modified_gmt":"2026-04-16T20:55:32","slug":"boulons-bont-pour-coupes-de-platine","status":"publish","type":"product","link":"https:\/\/ztsports.com\/fr\/store\/boulons-bont-pour-coupes-de-platine\/","title":{"rendered":"Boulons BONT pour coupes de platine"},"content":{"rendered":"<h1 class=\"product_title entry-title\">Boulons BONT pour coupes de platine<\/h1>\n<p><strong>Jeu de 8<\/strong> boulons de remplacement pour les lames BONT Platinum et Platinum X. Ces boulons sont con\u00e7us sp\u00e9cifiquement pour s&#8217;adapter aux lames de patin haute performance de BONT, assurant une connexion s\u00fbre et stable entre la chaussure et la lame, ce qui est essentiel pour maintenir une performance optimale pendant le patinage. La durabilit\u00e9 et la qualit\u00e9 de ces boulons jouent un r\u00f4le important dans l&#8217;exp\u00e9rience globale du patinage, ce qui en fait un \u00e9l\u00e9ment essentiel pour les patineurs occasionnels et de comp\u00e9tition.<\/p>\n<p>Pi\u00e8ces d&#8217;origine BONT. Chaque boulon est fabriqu\u00e9 conform\u00e9ment aux normes de qualit\u00e9 rigoureuses de BONT, ce qui garantit qu&#8217;il ne se cassera pas et ne causera pas de probl\u00e8mes, m\u00eame en cas d&#8217;utilisation intensive. Lorsque les patineurs utilisent des pi\u00e8ces BONT authentiques, ils peuvent \u00eatre s\u00fbrs qu&#8217;ils obtiennent la meilleure performance possible de leur \u00e9quipement. On ne saurait trop insister sur l&#8217;importance d&#8217;utiliser des pi\u00e8ces d&#8217;origine, car cela a un impact direct sur la s\u00e9curit\u00e9 et les performances.<\/p>\n<p>Un article indispensable que les patineurs doivent avoir dans leur sac. Le fait d&#8217;avoir un jeu de boulons BONT de rechange permet aux patineurs d&#8217;\u00eatre pr\u00eats \u00e0 faire face \u00e0 tout dysfonctionnement inattendu de l&#8217;\u00e9quipement qui pourrait survenir lors d&#8217;un entra\u00eenement ou d&#8217;une comp\u00e9tition.<\/p>\n<p>Cette pr\u00e9paration peut vous faire gagner un temps pr\u00e9cieux et vous \u00e9viter la frustration de ne pas pouvoir patiner \u00e0 cause d&#8217;un boulon manquant ou endommag\u00e9. En outre, il est conseill\u00e9 de v\u00e9rifier r\u00e9guli\u00e8rement l&#8217;\u00e9tat des boulons et de les remplacer si n\u00e9cessaire pour maintenir des performances optimales.<\/p>\n<p>Les entra\u00eeneurs et les responsables de l&#8217;\u00e9quipement pour leurs kits de voyage. Lorsque vous vous rendez \u00e0 des comp\u00e9titions, le fait de disposer de pi\u00e8ces de rechange telles que les boulons BONT peut faire la diff\u00e9rence entre un \u00e9v\u00e9nement r\u00e9ussi et un \u00e9v\u00e9nement d\u00e9cevant.<\/p>\n<p>Les entra\u00eeneurs transportent souvent des boulons suppl\u00e9mentaires dans leur trousse pour s&#8217;assurer que tous les patineurs ont ce dont ils ont besoin pour donner le meilleur d&#8217;eux-m\u00eames. Ce niveau de pr\u00e9paration refl\u00e8te le professionnalisme qui est essentiel dans les sports de comp\u00e9tition, o\u00f9 chaque d\u00e9tail compte.<\/p>\n<p>&nbsp;<\/p>\n<p>De plus, l&#8217;installation des boulons BONT est simple, ce qui permet aux patineurs de les remplacer eux-m\u00eames. Il est recommand\u00e9 aux patineurs de se familiariser avec le processus d&#8217;installation afin de pouvoir r\u00e9soudre rapidement tout probl\u00e8me qui pourrait survenir lors d&#8217;un entra\u00eenement ou d&#8217;une comp\u00e9tition.<\/p>\n<p>En outre, l&#8217;entretien r\u00e9gulier de l&#8217;\u00e9quipement de patinage, y compris les contr\u00f4les p\u00e9riodiques des boulons, peut prolonger la dur\u00e9e de vie des patins et am\u00e9liorer les performances du patineur. Outre les performances, l&#8217;utilisation de boulons de qualit\u00e9 peut \u00e9galement avoir un impact sur la s\u00e9curit\u00e9 du patineur.<\/p>\n<p>Des boulons desserr\u00e9s ou endommag\u00e9s peuvent entra\u00eener des accidents sur la glace, ce qui peut \u00eatre dangereux. Par cons\u00e9quent, un entretien ad\u00e9quat et l&#8217;utilisation de boulons BONT authentiques devraient \u00eatre une priorit\u00e9 pour tous les patineurs. Enfin, la compr\u00e9hension des diff\u00e9rents types de boulons disponibles et de leurs applications sp\u00e9cifiques peut aider les patineurs \u00e0 faire des choix \u00e9clair\u00e9s en ce qui concerne leur \u00e9quipement. Les patineurs devraient tenir compte de leur style de patinage, de la fr\u00e9quence d&#8217;utilisation et de leurs pr\u00e9f\u00e9rences personnelles lorsqu&#8217;ils choisissent les boulons qui conviennent \u00e0 leurs besoins.<\/p>\n<p>Vous recherchez <a href=\"https:\/\/ztsports.com\/categorie-produit\/courte-piste\/pieces-et-vis\/?lang=fr\"><strong>Pi\u00e8ces, vis et outils pour patins de vitesse<\/strong><\/a>?<\/p>\n","protected":false},"excerpt":{"rendered":"<p>Boulons BONT pour coupes de platine Jeu de 8 boulons de remplacement pour les lames BONT Platinum et Platinum X. Ces boulons sont con\u00e7us sp\u00e9cifiquement pour s&#8217;adapter aux lames de patin haute performance de BONT, assurant une connexion s\u00fbre et stable entre la chaussure et la lame, ce qui est essentiel pour maintenir une performance [&hellip;]<\/p>\n","protected":false},"featured_media":20754,"comment_status":"open","ping_status":"closed","template":"","meta":{"_acf_changed":false,"_monsterinsights_skip_tracking":false,"_monsterinsights_sitenote_active":false,"_monsterinsights_sitenote_note":"","_monsterinsights_sitenote_category":0,"_uf_show_specific_survey":0,"_uf_disable_surveys":false,"site-sidebar-layout":"default","site-content-layout":"","ast-site-content-layout":"default","site-content-style":"default","site-sidebar-style":"default","ast-global-header-display":"","ast-banner-title-visibility":"","ast-main-header-display":"","ast-hfb-above-header-display":"","ast-hfb-below-header-display":"","ast-hfb-mobile-header-display":"","site-post-title":"","ast-breadcrumbs-content":"","ast-featured-img":"","footer-sml-layout":"","ast-disable-related-posts":"","theme-transparent-header-meta":"default","adv-header-id-meta":"","stick-header-meta":"","header-above-stick-meta":"","header-main-stick-meta":"","header-below-stick-meta":"","astra-migrate-meta-layouts":"set","ast-page-background-enabled":"default","ast-page-background-meta":{"desktop":{"background-color":"","background-image":"","background-repeat":"repeat","background-position":"center center","background-size":"auto","background-attachment":"scroll","background-type":"","background-media":"","overlay-type":"","overlay-color":"","overlay-opacity":"","overlay-gradient":""},"tablet":{"background-color":"","background-image":"","background-repeat":"repeat","background-position":"center center","background-size":"auto","background-attachment":"scroll","background-type":"","background-media":"","overlay-type":"","overlay-color":"","overlay-opacity":"","overlay-gradient":""},"mobile":{"background-color":"","background-image":"","background-repeat":"repeat","background-position":"center center","background-size":"auto","background-attachment":"scroll","background-type":"","background-media":"","overlay-type":"","overlay-color":"","overlay-opacity":"","overlay-gradient":""}},"ast-content-background-meta":{"desktop":{"background-color":"var(--ast-global-color-5)","background-image":"","background-repeat":"repeat","background-position":"center center","background-size":"auto","background-attachment":"scroll","background-type":"","background-media":"","overlay-type":"","overlay-color":"","overlay-opacity":"","overlay-gradient":""},"tablet":{"background-color":"var(--ast-global-color-5)","background-image":"","background-repeat":"repeat","background-position":"center center","background-size":"auto","background-attachment":"scroll","background-type":"","background-media":"","overlay-type":"","overlay-color":"","overlay-opacity":"","overlay-gradient":""},"mobile":{"background-color":"var(--ast-global-color-5)","background-image":"","background-repeat":"repeat","background-position":"center center","background-size":"auto","background-attachment":"scroll","background-type":"","background-media":"","overlay-type":"","overlay-color":"","overlay-opacity":"","overlay-gradient":""}}},"product_brand":[3285],"product_cat":[3392,3396,3395,3508,3955,3949],"product_tag":[4395,4396,4397,4398,4399,4400,4401,4402],"class_list":{"0":"post-20752","1":"product","2":"type-product","3":"status-publish","4":"has-post-thumbnail","6":"product_brand-bont","7":"product_cat-accessoires-short-track","8":"product_cat-accessories","9":"product_cat-courte-piste","10":"product_cat-lame","11":"product_cat-lames-bont","12":"product_cat-pieces-et-vis","13":"product_tag-boulons","14":"product_tag-boulons-bont","15":"product_tag-coupes-de-platine","16":"product_tag-lames-de-platine","17":"product_tag-lames-de-platine-x","18":"product_tag-pieces-de-lames","19":"product_tag-vis-de-lames","20":"product_tag-vis-pour-lame-de-platine","21":"desktop-align-left","22":"tablet-align-left","23":"mobile-align-left","25":"first","26":"instock","27":"taxable","28":"shipping-taxable","29":"purchasable","30":"product-type-simple"},"acf":[],"_links":{"self":[{"href":"https:\/\/ztsports.com\/fr\/wp-json\/wp\/v2\/product\/20752","targetHints":{"allow":["GET"]}}],"collection":[{"href":"https:\/\/ztsports.com\/fr\/wp-json\/wp\/v2\/product"}],"about":[{"href":"https:\/\/ztsports.com\/fr\/wp-json\/wp\/v2\/types\/product"}],"replies":[{"embeddable":true,"href":"https:\/\/ztsports.com\/fr\/wp-json\/wp\/v2\/comments?post=20752"}],"version-history":[{"count":2,"href":"https:\/\/ztsports.com\/fr\/wp-json\/wp\/v2\/product\/20752\/revisions"}],"predecessor-version":[{"id":25562,"href":"https:\/\/ztsports.com\/fr\/wp-json\/wp\/v2\/product\/20752\/revisions\/25562"}],"wp:featuredmedia":[{"embeddable":true,"href":"https:\/\/ztsports.com\/fr\/wp-json\/wp\/v2\/media\/20754"}],"wp:attachment":[{"href":"https:\/\/ztsports.com\/fr\/wp-json\/wp\/v2\/media?parent=20752"}],"wp:term":[{"taxonomy":"product_brand","embeddable":true,"href":"https:\/\/ztsports.com\/fr\/wp-json\/wp\/v2\/product_brand?post=20752"},{"taxonomy":"product_cat","embeddable":true,"href":"https:\/\/ztsports.com\/fr\/wp-json\/wp\/v2\/product_cat?post=20752"},{"taxonomy":"product_tag","embeddable":true,"href":"https:\/\/ztsports.com\/fr\/wp-json\/wp\/v2\/product_tag?post=20752"}],"curies":[{"name":"wp","href":"https:\/\/api.w.org\/{rel}","templated":true}]}}