{"id":20746,"date":"2025-01-09T13:49:23","date_gmt":"2025-01-09T13:49:23","guid":{"rendered":"https:\/\/ztsports.com\/?post_type=product&#038;p=20746"},"modified":"2026-04-16T21:01:06","modified_gmt":"2026-04-16T21:01:06","slug":"pierre-dure-de-larkansas-de-norton","status":"publish","type":"product","link":"https:\/\/ztsports.com\/fr\/store\/pierre-dure-de-larkansas-de-norton\/","title":{"rendered":"Pierre dure de l&#8217;Arkansas de Norton"},"content":{"rendered":"<h2>Pierre dure de l&#8217;Arkansas de Norton<\/h2>\n<p>Cette pierre Norton Hard Arkansas est une pierre de banc \u00e0 grain unique. Les v\u00e9ritables pierres naturelles Arkansas sont les seules pierres au monde qui polissent vos tranchants en m\u00eame temps qu&#8217;elles s&#8217;aff\u00fbtent. Choisissez cette pierre dure (environ 550 grains) pour cr\u00e9er des tranchants aiguis\u00e9s comme des rasoirs, id\u00e9aux pour les lames de patins de vitesse, les gravers, les couteaux et autres outils d&#8217;aff\u00fbtage. Emball\u00e9e dans une bo\u00eete en carton. La pierre mesure 6&#8243; de long, 2&#8243; de large, 3\/4&#8243; d&#8217;\u00e9paisseur, HM6 Subshape.<\/p>\n<p><span class=\"font-semibold md:font-bold\" data-ui-id=\"page-title-wrapper\">Pierre d&#8217;assise \u00e0 grain unique, 6&#8243; de long, 2&#8243; de large, 3\/4&#8243; d&#8217;\u00e9paisseur, sous-forme HM6<\/span><\/p>\n<p>Depuis 1823, Norton est le premier fournisseur de pierres \u00e0 huile avec la gamme la plus large du march\u00e9. Notre gamme compl\u00e8te de pierres d\u2019aff\u00fbtage et de finition offre des solutions hautes performances.<\/p>\n<h5 class=\"serp-title\"><mark>Pierre dure de l&#8217;Arkansas de Norton<\/mark><\/h5>\n<p>Fabriqu\u00e9es directement \u00e0 partir de novaculite naturelle de premi\u00e8re qualit\u00e9 extraite dans l\u2019Arkansas. Ces pierres sont disponibles en \u00ab\u00a0grade\u00a0\u00bb tendre (soft) et dur (hard)<\/p>\n","protected":false},"excerpt":{"rendered":"<p>Pierre dure de l&#8217;Arkansas de Norton Cette pierre Norton Hard Arkansas est une pierre de banc \u00e0 grain unique. Les v\u00e9ritables pierres naturelles Arkansas sont les seules pierres au monde qui polissent vos tranchants en m\u00eame temps qu&#8217;elles s&#8217;aff\u00fbtent. Choisissez cette pierre dure (environ 550 grains) pour cr\u00e9er des tranchants aiguis\u00e9s comme des rasoirs, id\u00e9aux [&hellip;]<\/p>\n","protected":false},"featured_media":20748,"comment_status":"open","ping_status":"closed","template":"","meta":{"_acf_changed":false,"_monsterinsights_skip_tracking":false,"_monsterinsights_sitenote_active":false,"_monsterinsights_sitenote_note":"","_monsterinsights_sitenote_category":0,"_uf_show_specific_survey":0,"_uf_disable_surveys":false,"site-sidebar-layout":"default","site-content-layout":"","ast-site-content-layout":"default","site-content-style":"default","site-sidebar-style":"default","ast-global-header-display":"","ast-banner-title-visibility":"","ast-main-header-display":"","ast-hfb-above-header-display":"","ast-hfb-below-header-display":"","ast-hfb-mobile-header-display":"","site-post-title":"","ast-breadcrumbs-content":"","ast-featured-img":"","footer-sml-layout":"","ast-disable-related-posts":"","theme-transparent-header-meta":"default","adv-header-id-meta":"","stick-header-meta":"","header-above-stick-meta":"","header-main-stick-meta":"","header-below-stick-meta":"","astra-migrate-meta-layouts":"set","ast-page-background-enabled":"default","ast-page-background-meta":{"desktop":{"background-color":"","background-image":"","background-repeat":"repeat","background-position":"center center","background-size":"auto","background-attachment":"scroll","background-type":"","background-media":"","overlay-type":"","overlay-color":"","overlay-opacity":"","overlay-gradient":""},"tablet":{"background-color":"","background-image":"","background-repeat":"repeat","background-position":"center center","background-size":"auto","background-attachment":"scroll","background-type":"","background-media":"","overlay-type":"","overlay-color":"","overlay-opacity":"","overlay-gradient":""},"mobile":{"background-color":"","background-image":"","background-repeat":"repeat","background-position":"center center","background-size":"auto","background-attachment":"scroll","background-type":"","background-media":"","overlay-type":"","overlay-color":"","overlay-opacity":"","overlay-gradient":""}},"ast-content-background-meta":{"desktop":{"background-color":"var(--ast-global-color-5)","background-image":"","background-repeat":"repeat","background-position":"center center","background-size":"auto","background-attachment":"scroll","background-type":"","background-media":"","overlay-type":"","overlay-color":"","overlay-opacity":"","overlay-gradient":""},"tablet":{"background-color":"var(--ast-global-color-5)","background-image":"","background-repeat":"repeat","background-position":"center center","background-size":"auto","background-attachment":"scroll","background-type":"","background-media":"","overlay-type":"","overlay-color":"","overlay-opacity":"","overlay-gradient":""},"mobile":{"background-color":"var(--ast-global-color-5)","background-image":"","background-repeat":"repeat","background-position":"center center","background-size":"auto","background-attachment":"scroll","background-type":"","background-media":"","overlay-type":"","overlay-color":"","overlay-opacity":"","overlay-gradient":""}}},"product_brand":[3328],"product_cat":[3393,3470,3468],"product_tag":[4388,1929,4389,4390,4391],"class_list":{"0":"post-20746","1":"product","2":"type-product","3":"status-publish","4":"has-post-thumbnail","6":"product_brand-norton","7":"product_cat-aiguisage","8":"product_cat-des-pierres","9":"product_cat-pierres-a-aiguiser","10":"product_tag-arkansas-dur","11":"product_tag-norton","12":"product_tag-pierre-de-larkansas","13":"product_tag-pierre-dure-de-larkansas","14":"product_tag-pierre-dure-de-larkansas-de-norton","15":"desktop-align-left","16":"tablet-align-left","17":"mobile-align-left","19":"first","20":"instock","21":"sale","22":"taxable","23":"shipping-taxable","24":"purchasable","25":"product-type-simple"},"acf":[],"_links":{"self":[{"href":"https:\/\/ztsports.com\/fr\/wp-json\/wp\/v2\/product\/20746","targetHints":{"allow":["GET"]}}],"collection":[{"href":"https:\/\/ztsports.com\/fr\/wp-json\/wp\/v2\/product"}],"about":[{"href":"https:\/\/ztsports.com\/fr\/wp-json\/wp\/v2\/types\/product"}],"replies":[{"embeddable":true,"href":"https:\/\/ztsports.com\/fr\/wp-json\/wp\/v2\/comments?post=20746"}],"version-history":[{"count":3,"href":"https:\/\/ztsports.com\/fr\/wp-json\/wp\/v2\/product\/20746\/revisions"}],"predecessor-version":[{"id":25564,"href":"https:\/\/ztsports.com\/fr\/wp-json\/wp\/v2\/product\/20746\/revisions\/25564"}],"wp:featuredmedia":[{"embeddable":true,"href":"https:\/\/ztsports.com\/fr\/wp-json\/wp\/v2\/media\/20748"}],"wp:attachment":[{"href":"https:\/\/ztsports.com\/fr\/wp-json\/wp\/v2\/media?parent=20746"}],"wp:term":[{"taxonomy":"product_brand","embeddable":true,"href":"https:\/\/ztsports.com\/fr\/wp-json\/wp\/v2\/product_brand?post=20746"},{"taxonomy":"product_cat","embeddable":true,"href":"https:\/\/ztsports.com\/fr\/wp-json\/wp\/v2\/product_cat?post=20746"},{"taxonomy":"product_tag","embeddable":true,"href":"https:\/\/ztsports.com\/fr\/wp-json\/wp\/v2\/product_tag?post=20746"}],"curies":[{"name":"wp","href":"https:\/\/api.w.org\/{rel}","templated":true}]}}