{"id":20741,"date":"2025-01-08T18:26:08","date_gmt":"2025-01-08T18:26:08","guid":{"rendered":"https:\/\/ztsports.com\/?post_type=product&#038;p=20741"},"modified":"2026-04-17T12:52:02","modified_gmt":"2026-04-17T12:52:02","slug":"lames-maple-premium-pb","status":"publish","type":"product","link":"https:\/\/ztsports.com\/fr\/store\/lames-maple-premium-pb\/","title":{"rendered":"Lames Maple Premium PB"},"content":{"rendered":"<h2 id=\"wsite-com-product-title\">Lames Maple Premium PB<\/h2>\n<p id=\"wsite-com-product-title\">Les lames Maple Premium PB sont fabriqu\u00e9es \u00e0 partir d&#8217;aluminium de qualit\u00e9 a\u00e9ronautique de la s\u00e9rie 7000 et d&#8217;acier \u00e0 outils chrom\u00e9.<\/p>\n<p>Avec 58rc, cette lame d&#8217;entr\u00e9e de gamme offre une flexibilit\u00e9 optimale, une faible friction et un contr\u00f4le sans effort. Vendue avec des coupelles pour un montage pratique, chaque lame a \u00e9t\u00e9 aff\u00fbt\u00e9e avec pr\u00e9cision \u00e0 1,10 mm et dispose d&#8217;un tube en aluminium anodis\u00e9 argent\u00e9 de la s\u00e9rie 7000 pour une stabilit\u00e9 accrue. La fin de s\u00e9rie est disponible en taille <strong>17.5 uniquement.<\/strong> Avec pr\u00e9-courbure, nouvelle qualit\u00e9 de pr\u00e9cision, convient pour l&#8217;entr\u00e9e de gamme et les clubs. Niveau 1 de rigidit\u00e9<\/p>\n","protected":false},"excerpt":{"rendered":"<p>Lames Maple Premium PB Les lames Maple Premium PB sont fabriqu\u00e9es \u00e0 partir d&#8217;aluminium de qualit\u00e9 a\u00e9ronautique de la s\u00e9rie 7000 et d&#8217;acier \u00e0 outils chrom\u00e9. Avec 58rc, cette lame d&#8217;entr\u00e9e de gamme offre une flexibilit\u00e9 optimale, une faible friction et un contr\u00f4le sans effort. Vendue avec des coupelles pour un montage pratique, chaque lame [&hellip;]<\/p>\n","protected":false},"featured_media":20743,"comment_status":"open","ping_status":"closed","template":"","meta":{"_acf_changed":false,"_monsterinsights_skip_tracking":false,"_monsterinsights_sitenote_active":false,"_monsterinsights_sitenote_note":"","_monsterinsights_sitenote_category":0,"_uf_show_specific_survey":0,"_uf_disable_surveys":false,"site-sidebar-layout":"default","site-content-layout":"","ast-site-content-layout":"default","site-content-style":"default","site-sidebar-style":"default","ast-global-header-display":"","ast-banner-title-visibility":"","ast-main-header-display":"","ast-hfb-above-header-display":"","ast-hfb-below-header-display":"","ast-hfb-mobile-header-display":"","site-post-title":"","ast-breadcrumbs-content":"","ast-featured-img":"","footer-sml-layout":"","ast-disable-related-posts":"","theme-transparent-header-meta":"default","adv-header-id-meta":"","stick-header-meta":"","header-above-stick-meta":"","header-main-stick-meta":"","header-below-stick-meta":"","astra-migrate-meta-layouts":"set","ast-page-background-enabled":"default","ast-page-background-meta":{"desktop":{"background-color":"","background-image":"","background-repeat":"repeat","background-position":"center center","background-size":"auto","background-attachment":"scroll","background-type":"","background-media":"","overlay-type":"","overlay-color":"","overlay-opacity":"","overlay-gradient":""},"tablet":{"background-color":"","background-image":"","background-repeat":"repeat","background-position":"center center","background-size":"auto","background-attachment":"scroll","background-type":"","background-media":"","overlay-type":"","overlay-color":"","overlay-opacity":"","overlay-gradient":""},"mobile":{"background-color":"","background-image":"","background-repeat":"repeat","background-position":"center center","background-size":"auto","background-attachment":"scroll","background-type":"","background-media":"","overlay-type":"","overlay-color":"","overlay-opacity":"","overlay-gradient":""}},"ast-content-background-meta":{"desktop":{"background-color":"var(--ast-global-color-5)","background-image":"","background-repeat":"repeat","background-position":"center center","background-size":"auto","background-attachment":"scroll","background-type":"","background-media":"","overlay-type":"","overlay-color":"","overlay-opacity":"","overlay-gradient":""},"tablet":{"background-color":"var(--ast-global-color-5)","background-image":"","background-repeat":"repeat","background-position":"center center","background-size":"auto","background-attachment":"scroll","background-type":"","background-media":"","overlay-type":"","overlay-color":"","overlay-opacity":"","overlay-gradient":""},"mobile":{"background-color":"var(--ast-global-color-5)","background-image":"","background-repeat":"repeat","background-position":"center center","background-size":"auto","background-attachment":"scroll","background-type":"","background-media":"","overlay-type":"","overlay-color":"","overlay-opacity":"","overlay-gradient":""}}},"product_brand":[3318,3319,3365],"product_cat":[3395,3508,3620,3489,3467],"product_tag":[3565,3658,4384,4385,4386,4387],"class_list":{"0":"post-20741","1":"product","2":"type-product","3":"status-publish","4":"has-post-thumbnail","6":"product_brand-maple","7":"product_brand-maplez","8":"product_brand-zt-sports","9":"product_cat-courte-piste","10":"product_cat-lame","11":"product_cat-lames-pour-piste-courte","12":"product_cat-offres-de-club","13":"product_cat-patinage-de-vitesse","14":"product_tag-erablez","15":"product_tag-lames-de-club","16":"product_tag-lames-en-erable","17":"product_tag-lames-pb","18":"product_tag-maple-premium","19":"product_tag-prebende","20":"desktop-align-left","21":"tablet-align-left","22":"mobile-align-left","24":"first","25":"instock","26":"sale","27":"taxable","28":"shipping-taxable","29":"purchasable","30":"product-type-simple"},"acf":[],"_links":{"self":[{"href":"https:\/\/ztsports.com\/fr\/wp-json\/wp\/v2\/product\/20741","targetHints":{"allow":["GET"]}}],"collection":[{"href":"https:\/\/ztsports.com\/fr\/wp-json\/wp\/v2\/product"}],"about":[{"href":"https:\/\/ztsports.com\/fr\/wp-json\/wp\/v2\/types\/product"}],"replies":[{"embeddable":true,"href":"https:\/\/ztsports.com\/fr\/wp-json\/wp\/v2\/comments?post=20741"}],"version-history":[{"count":1,"href":"https:\/\/ztsports.com\/fr\/wp-json\/wp\/v2\/product\/20741\/revisions"}],"predecessor-version":[{"id":20742,"href":"https:\/\/ztsports.com\/fr\/wp-json\/wp\/v2\/product\/20741\/revisions\/20742"}],"wp:featuredmedia":[{"embeddable":true,"href":"https:\/\/ztsports.com\/fr\/wp-json\/wp\/v2\/media\/20743"}],"wp:attachment":[{"href":"https:\/\/ztsports.com\/fr\/wp-json\/wp\/v2\/media?parent=20741"}],"wp:term":[{"taxonomy":"product_brand","embeddable":true,"href":"https:\/\/ztsports.com\/fr\/wp-json\/wp\/v2\/product_brand?post=20741"},{"taxonomy":"product_cat","embeddable":true,"href":"https:\/\/ztsports.com\/fr\/wp-json\/wp\/v2\/product_cat?post=20741"},{"taxonomy":"product_tag","embeddable":true,"href":"https:\/\/ztsports.com\/fr\/wp-json\/wp\/v2\/product_tag?post=20741"}],"curies":[{"name":"wp","href":"https:\/\/api.w.org\/{rel}","templated":true}]}}