{"id":20737,"date":"2025-01-06T20:14:25","date_gmt":"2025-01-06T20:14:25","guid":{"rendered":"https:\/\/ztsports.com\/?post_type=product&#038;p=20737"},"modified":"2026-04-15T22:59:44","modified_gmt":"2026-04-15T22:59:44","slug":"fixations-rottefella-n-i-s-performance-ice","status":"publish","type":"product","link":"https:\/\/ztsports.com\/fr\/store\/fixations-rottefella-n-i-s-performance-ice\/","title":{"rendered":"Fixations ROTTEFELLA N.I.S. Performance Ice"},"content":{"rendered":"<h2>Fixations Performance Ice<\/h2>\n<p>ROTTEFELLA N.I.S. PerformanceIce Bindings for nordic blades<\/p>\n<p class=\"details__title\">C&#8217;est la fixation qu&#8217;il vous faut si vous recherchez l&#8217;\u00e9quilibre parfait entre performance et stabilit\u00e9, ainsi qu&#8217;entre l\u00e9g\u00e8ret\u00e9, facilit\u00e9 d&#8217;utilisation et confort.<\/p>\n<p>Avec la cl\u00e9 NIS, les fixations Rottefella N.I.S. Performance peuvent \u00eatre d\u00e9plac\u00e9es vers l&#8217;avant ou vers l&#8217;arri\u00e8re pour s&#8217;adapter \u00e0 votre technique de patinage. Le montage de la fixation est simple et rapide. La fixation a un flex extra dur sp\u00e9cialement con\u00e7u pour le patinage sur glace. (les lames ne sont pas incluses)<\/p>\n<p>Vendu par paire<\/p>\n","protected":false},"excerpt":{"rendered":"<p>Fixations Performance Ice ROTTEFELLA N.I.S. PerformanceIce Bindings for nordic blades C&#8217;est la fixation qu&#8217;il vous faut si vous recherchez l&#8217;\u00e9quilibre parfait entre performance et stabilit\u00e9, ainsi qu&#8217;entre l\u00e9g\u00e8ret\u00e9, facilit\u00e9 d&#8217;utilisation et confort. Avec la cl\u00e9 NIS, les fixations Rottefella N.I.S. Performance peuvent \u00eatre d\u00e9plac\u00e9es vers l&#8217;avant ou vers l&#8217;arri\u00e8re pour s&#8217;adapter \u00e0 votre technique de [&hellip;]<\/p>\n","protected":false},"featured_media":20739,"comment_status":"open","ping_status":"closed","template":"","meta":{"_acf_changed":false,"_monsterinsights_skip_tracking":false,"_monsterinsights_sitenote_active":false,"_monsterinsights_sitenote_note":"","_monsterinsights_sitenote_category":0,"_uf_show_specific_survey":0,"_uf_disable_surveys":false,"site-sidebar-layout":"default","site-content-layout":"","ast-site-content-layout":"default","site-content-style":"default","site-sidebar-style":"default","ast-global-header-display":"","ast-banner-title-visibility":"","ast-main-header-display":"","ast-hfb-above-header-display":"","ast-hfb-below-header-display":"","ast-hfb-mobile-header-display":"","site-post-title":"","ast-breadcrumbs-content":"","ast-featured-img":"","footer-sml-layout":"","ast-disable-related-posts":"","theme-transparent-header-meta":"default","adv-header-id-meta":"","stick-header-meta":"","header-above-stick-meta":"","header-main-stick-meta":"","header-below-stick-meta":"","astra-migrate-meta-layouts":"set","ast-page-background-enabled":"default","ast-page-background-meta":{"desktop":{"background-color":"","background-image":"","background-repeat":"repeat","background-position":"center center","background-size":"auto","background-attachment":"scroll","background-type":"","background-media":"","overlay-type":"","overlay-color":"","overlay-opacity":"","overlay-gradient":""},"tablet":{"background-color":"","background-image":"","background-repeat":"repeat","background-position":"center center","background-size":"auto","background-attachment":"scroll","background-type":"","background-media":"","overlay-type":"","overlay-color":"","overlay-opacity":"","overlay-gradient":""},"mobile":{"background-color":"","background-image":"","background-repeat":"repeat","background-position":"center center","background-size":"auto","background-attachment":"scroll","background-type":"","background-media":"","overlay-type":"","overlay-color":"","overlay-opacity":"","overlay-gradient":""}},"ast-content-background-meta":{"desktop":{"background-color":"var(--ast-global-color-5)","background-image":"","background-repeat":"repeat","background-position":"center center","background-size":"auto","background-attachment":"scroll","background-type":"","background-media":"","overlay-type":"","overlay-color":"","overlay-opacity":"","overlay-gradient":""},"tablet":{"background-color":"var(--ast-global-color-5)","background-image":"","background-repeat":"repeat","background-position":"center center","background-size":"auto","background-attachment":"scroll","background-type":"","background-media":"","overlay-type":"","overlay-color":"","overlay-opacity":"","overlay-gradient":""},"mobile":{"background-color":"var(--ast-global-color-5)","background-image":"","background-repeat":"repeat","background-position":"center center","background-size":"auto","background-attachment":"scroll","background-type":"","background-media":"","overlay-type":"","overlay-color":"","overlay-opacity":"","overlay-gradient":""}}},"product_brand":[],"product_cat":[3455,3451,3454,4383],"product_tag":[3116],"class_list":{"0":"post-20737","1":"product","2":"type-product","3":"status-publish","4":"has-post-thumbnail","6":"product_cat-accessories","7":"product_cat-fixations","8":"product_cat-lames","9":"product_cat-lames-a-clipser-nordiques","10":"product_tag-rottefella-n-i-s","11":"desktop-align-left","12":"tablet-align-left","13":"mobile-align-left","15":"first","16":"instock","17":"taxable","18":"shipping-taxable","19":"purchasable","20":"product-type-simple"},"acf":[],"_links":{"self":[{"href":"https:\/\/ztsports.com\/fr\/wp-json\/wp\/v2\/product\/20737","targetHints":{"allow":["GET"]}}],"collection":[{"href":"https:\/\/ztsports.com\/fr\/wp-json\/wp\/v2\/product"}],"about":[{"href":"https:\/\/ztsports.com\/fr\/wp-json\/wp\/v2\/types\/product"}],"replies":[{"embeddable":true,"href":"https:\/\/ztsports.com\/fr\/wp-json\/wp\/v2\/comments?post=20737"}],"version-history":[{"count":2,"href":"https:\/\/ztsports.com\/fr\/wp-json\/wp\/v2\/product\/20737\/revisions"}],"predecessor-version":[{"id":25506,"href":"https:\/\/ztsports.com\/fr\/wp-json\/wp\/v2\/product\/20737\/revisions\/25506"}],"wp:featuredmedia":[{"embeddable":true,"href":"https:\/\/ztsports.com\/fr\/wp-json\/wp\/v2\/media\/20739"}],"wp:attachment":[{"href":"https:\/\/ztsports.com\/fr\/wp-json\/wp\/v2\/media?parent=20737"}],"wp:term":[{"taxonomy":"product_brand","embeddable":true,"href":"https:\/\/ztsports.com\/fr\/wp-json\/wp\/v2\/product_brand?post=20737"},{"taxonomy":"product_cat","embeddable":true,"href":"https:\/\/ztsports.com\/fr\/wp-json\/wp\/v2\/product_cat?post=20737"},{"taxonomy":"product_tag","embeddable":true,"href":"https:\/\/ztsports.com\/fr\/wp-json\/wp\/v2\/product_tag?post=20737"}],"curies":[{"name":"wp","href":"https:\/\/api.w.org\/{rel}","templated":true}]}}