{"id":20726,"date":"2024-11-28T16:42:53","date_gmt":"2024-11-28T16:42:53","guid":{"rendered":"https:\/\/ztsports.com\/?post_type=product&#038;p=20726"},"modified":"2026-01-23T16:14:19","modified_gmt":"2026-01-23T16:14:19","slug":"n98-futuro-package","status":"publish","type":"product","link":"https:\/\/ztsports.com\/fr\/store\/n98-futuro-package\/","title":{"rendered":"Skate-Tec N98 Futuro Package"},"content":{"rendered":"<h1>Skate-Tec N98 &#8211; Futuro Package<\/h1>\n<p>SKATE-TEC N98 Futuro package pourShort Track<\/p>\n<ul>\n<li>Coque en fibre de carbone \/ rh\u00e9noplastique thermoformable<\/li>\n<li>Coque l\u00e9g\u00e8re offrant une excellente rigidit\u00e9 et un bon soutien<\/li>\n<li>La mousse thermo dans le compartiment de la cheville et la languette offre une personnalisation suppl\u00e9mentaire.<\/li>\n<li>Sangles velcro sup\u00e9rieures et inf\u00e9rieures renforc\u00e9es pour un meilleur soutien<\/li>\n<li>Lacets cir\u00e9s<\/li>\n<li>Protection du lacet par velcro<\/li>\n<li>Airmesh int\u00e9rieur<\/li>\n<li>Double sangle<\/li>\n<\/ul>\n<p>L&#8217;ensemble Skate-tec N98 Futuro\u00a0 Package comprend les lames Evo Futuro<\/p>\n<ul>\n<li>La lame Evo Futuro offre une adh\u00e9rence sup\u00e9rieure tout en maintenant des niveaux \u00e9lev\u00e9s de contr\u00f4le et de sensation.<\/li>\n<li>Le BiMetal 58HRC maintient une excellente qualit\u00e9 de tranchant et d&#8217;aff\u00fbtage<\/li>\n<li>7000 Aluminium<\/li>\n<li>Pr\u00e9-courb\u00e9<\/li>\n<li>Le syst\u00e8me de coupelles innovant d&#8217;Evo offre une interface de montage solide pour une mise en place et un r\u00e9glage simples et efficaces.<\/li>\n<li>13, 14, 14.5, 15, 15.5, 16, 16.5<\/li>\n<\/ul>\n<p>N98 Futuro Package<\/p>\n<p>Qu&#8217;est-ce que l&#8217;acier 12c27 ? Le Sandvik 12c27 est un acier su\u00e9dois martensitique au chrome de bas de gamme, courroie et optimis\u00e9 pour les couteaux, que vous trouverez g\u00e9n\u00e9ralement dans les couteaux de cuisine, les couteaux de chasse, les couteaux de p\u00eache, ainsi que pour les perceuses \u00e0 glace et les <strong>lames de patins \u00e0 glace<\/strong>. Qu&#8217;est-ce que la s\u00e9rie Aluminium 7000 ?<\/p>\n<p>La s\u00e9rie Aluminium 7000 est un groupe d&#8217;alliages d&#8217;aluminium connus pour leur r\u00e9sistance exceptionnelle et leur haute t\u00e9nacit\u00e9. Ces alliages sont principalement compos\u00e9s d&#8217;aluminium, avec l&#8217;ajout de zinc comme principal \u00e9l\u00e9ment d&#8217;alliage. D&#8217;autres \u00e9l\u00e9ments tels que le cuivre et le magn\u00e9sium sont \u00e9galement ajout\u00e9s pour am\u00e9liorer la r\u00e9sistance et les performances globales de l&#8217;alliage.<\/p>\n<p>Les alliages d&#8217;aluminium de la s\u00e9rie 7000 pr\u00e9sentent d&#8217;excellentes propri\u00e9t\u00e9s m\u00e9caniques, ce qui les rend adapt\u00e9s aux applications n\u00e9cessitant une r\u00e9sistance \u00e9lev\u00e9e. Ils offrent une excellente combinaison de solidit\u00e9, de t\u00e9nacit\u00e9 et de r\u00e9sistance \u00e0 la fatigue, ce qui les rend populaires dans des industries telles que l&#8217;a\u00e9rospatiale, l&#8217;automobile et les articles de sport. Vous achetez pour un club ?<\/p>\n<p>D\u00e9couvrez nos offres pour les clubs <a href=\"https:\/\/ztsports.com\/?s=club+deals&amp;post_type=product&amp;product_cat=0\">ici !<\/a><\/p>\n<p>Pour en savoir plus sur Skate-Tec <a href=\"https:\/\/skate-tec.com\/about.html\" target=\"_blank\" rel=\"noopener\">, cliquez ici !<\/a><\/p>\n<h3>N98 Futuro Package<\/h3>\n<p>Voici un magnifique ensemble compos\u00e9 d&#8217;une superbe chaussure et d&#8217;une superbe paire de lames pour les d\u00e9butants et les clubs. Les deux produits sont fabriqu\u00e9s par la prestigieuse soci\u00e9t\u00e9 Skate-Tec. Cet ensemble devrait \u00eatre \u00e0 la disposition de tous les patineurs d\u00e9butants.<\/p>\n<h5>N98 Futuro Package<\/h5>\n<p>La lame Futuro 12C27 est le mod\u00e8le d&#8217;entr\u00e9e de gamme de Skate-Tec. Elle est fabriqu\u00e9e avec une lame en acier 12C27. Elle est pr\u00e9-courb\u00e9e et est la meilleure lame sur le march\u00e9 pour les patineurs d\u00e9butants. Peu de mod\u00e8les de cette qualit\u00e9 sont propos\u00e9s dans cette gamme de prix.<\/p>\n<ul>\n<li>Lame pour les athl\u00e8tes d\u00e9butants. Tr\u00e8s bonne option pour les clubs<\/li>\n<li>Tube flexible permettant une grande marge d&#8217;erreur dans les virages<\/li>\n<li>Comparable : Bont Ultrasprint \/ Maple Premium<\/li>\n<li>Pr\u00e9-courb\u00e9<\/li>\n<li>Lame chrom\u00e9e d&#8217;une duret\u00e9 de 58 HRC<\/li>\n<li>Tube en aluminium<\/li>\n<li>Id\u00e9al pour les patineurs de moins de 100 kg.<\/li>\n<\/ul>\n<p>N&#8217;oubliez pas d&#8217;ajouter la <a href=\"https:\/\/ztsports.com\/product\/short-track-blade-preparation\/\" data-preorder-handle=\"complete-blade-preparation\">pr\u00e9paration de la<\/a> lame ! Les chaussures N98 en carbone pour le patinage de vitesse sur piste courte.<\/p>\n<p>Ils ont \u00e9t\u00e9 fabriqu\u00e9s et con\u00e7us par la soci\u00e9t\u00e9 Skate-Tec.<\/p>\n<p>Le N98 est un petit clin d&#8217;\u0153il \u00e0 Nagano 1998.<\/p>\n<h5>N98 Futuro Package<\/h5>\n<p>La chaussure d&#8217;entr\u00e9e de gamme de Skate-tec avec des caract\u00e9ristiques de haute performance. Elles sont fabriqu\u00e9es avec une coque l\u00e9g\u00e8re en fibre de carbone, ce qui leur conf\u00e8re une rigidit\u00e9 et un soutien exceptionnels. Ils sont personnalisables par moulage \u00e0 chaud. Elles sont dot\u00e9es d&#8217;une mousse thermo sur le compartiment de la cheville pour un meilleur ajustement. L&#8217;ext\u00e9rieur est en cuir synth\u00e9tique d&#8217;une durabilit\u00e9 exceptionnelle.<\/p>\n<p>Tailles disponibles : 30 \u00e0 46<\/p>\n<p><img decoding=\"async\" src=\"https:\/\/xactskateshop.com\/wp-content\/uploads\/2022\/04\/TctT11lWwLRJOACT-1-257x300.png\" \/><\/p>\n","protected":false},"excerpt":{"rendered":"<p>Skate-Tec N98 &#8211; Futuro Package SKATE-TEC N98 Futuro package pourShort Track Coque en fibre de carbone \/ rh\u00e9noplastique thermoformable Coque l\u00e9g\u00e8re offrant une excellente rigidit\u00e9 et un bon soutien La mousse thermo dans le compartiment de la cheville et la languette offre une personnalisation suppl\u00e9mentaire. Sangles velcro sup\u00e9rieures et inf\u00e9rieures renforc\u00e9es pour un meilleur soutien [&hellip;]<\/p>\n","protected":false},"featured_media":20728,"comment_status":"open","ping_status":"closed","template":"","meta":{"_acf_changed":false,"_monsterinsights_skip_tracking":false,"_monsterinsights_sitenote_active":false,"_monsterinsights_sitenote_note":"","_monsterinsights_sitenote_category":0,"_uf_show_specific_survey":0,"_uf_disable_surveys":false,"site-sidebar-layout":"default","site-content-layout":"","ast-site-content-layout":"default","site-content-style":"default","site-sidebar-style":"default","ast-global-header-display":"","ast-banner-title-visibility":"","ast-main-header-display":"","ast-hfb-above-header-display":"","ast-hfb-below-header-display":"","ast-hfb-mobile-header-display":"","site-post-title":"","ast-breadcrumbs-content":"","ast-featured-img":"","footer-sml-layout":"","ast-disable-related-posts":"","theme-transparent-header-meta":"","adv-header-id-meta":"","stick-header-meta":"","header-above-stick-meta":"","header-main-stick-meta":"","header-below-stick-meta":"","astra-migrate-meta-layouts":"default","ast-page-background-enabled":"default","ast-page-background-meta":{"desktop":{"background-color":"","background-image":"","background-repeat":"repeat","background-position":"center center","background-size":"auto","background-attachment":"scroll","background-type":"","background-media":"","overlay-type":"","overlay-color":"","overlay-opacity":"","overlay-gradient":""},"tablet":{"background-color":"","background-image":"","background-repeat":"repeat","background-position":"center center","background-size":"auto","background-attachment":"scroll","background-type":"","background-media":"","overlay-type":"","overlay-color":"","overlay-opacity":"","overlay-gradient":""},"mobile":{"background-color":"","background-image":"","background-repeat":"repeat","background-position":"center center","background-size":"auto","background-attachment":"scroll","background-type":"","background-media":"","overlay-type":"","overlay-color":"","overlay-opacity":"","overlay-gradient":""}},"ast-content-background-meta":{"desktop":{"background-color":"var(--ast-global-color-5)","background-image":"","background-repeat":"repeat","background-position":"center center","background-size":"auto","background-attachment":"scroll","background-type":"","background-media":"","overlay-type":"","overlay-color":"","overlay-opacity":"","overlay-gradient":""},"tablet":{"background-color":"var(--ast-global-color-5)","background-image":"","background-repeat":"repeat","background-position":"center center","background-size":"auto","background-attachment":"scroll","background-type":"","background-media":"","overlay-type":"","overlay-color":"","overlay-opacity":"","overlay-gradient":""},"mobile":{"background-color":"var(--ast-global-color-5)","background-image":"","background-repeat":"repeat","background-position":"center center","background-size":"auto","background-attachment":"scroll","background-type":"","background-media":"","overlay-type":"","overlay-color":"","overlay-opacity":"","overlay-gradient":""}}},"product_brand":[3297,3326,3338],"product_cat":[3395,3624,3838,3627,3625],"product_tag":[4380,3110,3111,3983,4381,4382,1794],"class_list":{"0":"post-20726","1":"product","2":"type-product","3":"status-publish","4":"has-post-thumbnail","6":"product_brand-evo","7":"product_brand-nagano","8":"product_brand-skate-tec","9":"product_cat-courte-piste","10":"product_cat-forfait-courte-piste","11":"product_cat-offres-de-club","12":"product_cat-packages","13":"product_cat-patins-de-vitesse","14":"product_tag-forfaits-courte-piste","15":"product_tag-n98-futuro-package","16":"product_tag-n98-futuro","17":"product_tag-offres-du-club","18":"product_tag-paquet-de-st","19":"product_tag-paquet-n98","20":"product_tag-speed-skating","21":"desktop-align-left","22":"tablet-align-left","23":"mobile-align-left","25":"first","26":"instock","27":"taxable","28":"shipping-taxable","29":"purchasable","30":"product-type-simple"},"acf":[],"_links":{"self":[{"href":"https:\/\/ztsports.com\/fr\/wp-json\/wp\/v2\/product\/20726","targetHints":{"allow":["GET"]}}],"collection":[{"href":"https:\/\/ztsports.com\/fr\/wp-json\/wp\/v2\/product"}],"about":[{"href":"https:\/\/ztsports.com\/fr\/wp-json\/wp\/v2\/types\/product"}],"replies":[{"embeddable":true,"href":"https:\/\/ztsports.com\/fr\/wp-json\/wp\/v2\/comments?post=20726"}],"version-history":[{"count":1,"href":"https:\/\/ztsports.com\/fr\/wp-json\/wp\/v2\/product\/20726\/revisions"}],"predecessor-version":[{"id":20727,"href":"https:\/\/ztsports.com\/fr\/wp-json\/wp\/v2\/product\/20726\/revisions\/20727"}],"wp:featuredmedia":[{"embeddable":true,"href":"https:\/\/ztsports.com\/fr\/wp-json\/wp\/v2\/media\/20728"}],"wp:attachment":[{"href":"https:\/\/ztsports.com\/fr\/wp-json\/wp\/v2\/media?parent=20726"}],"wp:term":[{"taxonomy":"product_brand","embeddable":true,"href":"https:\/\/ztsports.com\/fr\/wp-json\/wp\/v2\/product_brand?post=20726"},{"taxonomy":"product_cat","embeddable":true,"href":"https:\/\/ztsports.com\/fr\/wp-json\/wp\/v2\/product_cat?post=20726"},{"taxonomy":"product_tag","embeddable":true,"href":"https:\/\/ztsports.com\/fr\/wp-json\/wp\/v2\/product_tag?post=20726"}],"curies":[{"name":"wp","href":"https:\/\/api.w.org\/{rel}","templated":true}]}}