{"id":20713,"date":"2024-09-28T19:40:52","date_gmt":"2024-09-28T19:40:52","guid":{"rendered":"https:\/\/ztsports.com\/?post_type=product&#038;p=20713"},"modified":"2026-04-15T22:49:07","modified_gmt":"2026-04-15T22:49:07","slug":"staybent-conseils-rapides","status":"publish","type":"product","link":"https:\/\/ztsports.com\/fr\/store\/staybent-conseils-rapides\/","title":{"rendered":"STAYBENT Conseils Rapides"},"content":{"rendered":"<h1>STAYBENT Conseils Rapides (STAYBENT Colored Quick Tips)<\/h1>\n<p>Les embouts Staybent en plastique sont disponibles en plusieurs couleurs. Les embouts de protection Staybent Quick Tips sont un excellent moyen de prot\u00e9ger vos gants contre l&#8217;usure rapide. Les patineurs de vitesse sur piste courte posent leur main gauche sur la glace dans le virage, ce qui peut rapidement faire des trous dans vos gants. Ces embouts permettent d&#8217;\u00e9viter cela. Utilisez de la super colle en gel pour les fixer \u00e0 vos gants. NOUS FOURNISSONS DE LA COLLE AVEC TOUS NOS CONSEILS.<\/p>\n<h3><strong>STAYBENT Conseils Rapides Features:<\/strong><\/h3>\n<p>&#8211; Fabriqu\u00e9 en plastique &#8211; Longue dur\u00e9e de vie &#8211; Facile \u00e0 coller &#8211; L\u00e9ger<\/p>\n<h4 class=\"tw-data-text tw-text-large tw-ta\" dir=\"ltr\" data-placeholder=\"Translation\">Comment mettre les StayBent Quick Tips sur les gants de patinage de vitesse ?<\/h4>\n<div>\n<div class=\"dnXCYb\" tabindex=\"0\" role=\"button\" aria-controls=\"_t6-uZKD1JPeAqtsPyd6pyAo_33\" aria-expanded=\"true\" data-hveid=\"CDkQAQ\">\n<h4 class=\"JlqpRe\"><b>Instructions de collage<\/b><\/h4>\n<\/div>\n<\/div>\n<div id=\"_t6-uZKD1JPeAqtsPyd6pyAo_33\" class=\"bCOlv\" data-ved=\"2ahUKEwjgrO2FqImAAxV3gGoFHUlvCqkQ7NUEegQIORAE\">\n<div class=\"IZE3Td\">\n<div class=\"t0bRye r2fjmd\" data-hveid=\"CDkQBQ\" data-ved=\"2ahUKEwjgrO2FqImAAxV3gGoFHUlvCqkQu04oAHoECDkQBQ\">\n<div id=\"t6-uZKD1JPeAqtsPyd6pyAo__50\">\n<div class=\"wDYxhc\" data-md=\"83\">\n<div class=\"di3YZe\">\n<div class=\"RqBzHd\">\n<ol class=\"X5LH0c\">\n<li>Commencez par des <strong>gants propres et secs<\/strong><\/li>\n<li class=\"TrT0Xe\">Le paquet contient 5 ou 7 pointes de diff\u00e9rentes tailles. Choisissez les cinq pointes qui correspondent le mieux \u00e0 la taille de vos doigts. Adaptez les embouts de protection \u00e0 votre gant.<\/li>\n<li class=\"TrT0Xe\">Appliquez de la colle sur le bord, puis un petit point au centre de la pointe. Appliquer sur des gants propres et secs. Appuyer fermement sur le gant avec la main dans le gant.<\/li>\n<li class=\"TrT0Xe\">Attendre au moins 30 minutes avant de l&#8217;utiliser.<\/li>\n<li><strong>DANGER !<\/strong> Lorsque vous collez vos pointes, ne les exposez pas aux yeux. La colle peut provoquer une r\u00e9action allergique si elle entre en contact avec la peau. Lisez les mises en garde figurant sur le panneau arri\u00e8re.<\/li>\n<\/ol>\n<p><strong>STAYBENT Conseils Rapides<\/strong><\/p>\n<p>Finley un clip de <a href=\"https:\/\/olympics.com\/en\/video\/special-skates-and-gloves-for-short-track-speed-skaters\" target=\"_blank\" rel=\"noopener\"><strong>Olympian Skates Pivotant en utilisant leurs Quick Tips<\/strong><\/a>.<\/p>\n<\/div>\n<\/div>\n<\/div>\n<\/div>\n<\/div>\n<\/div>\n<\/div>\n<p><strong>Vous pouvez trouver toutes les couleurs et tous les styles de nos <a href=\"https:\/\/ztsports.com\/product-category\/short-track\/quick-tips\/\">Quick Tips<\/a> ici.<\/strong><\/p>\n<h3>Consultez notre s\u00e9lection de gants <a href=\"https:\/\/ztsports.com\/product-category\/speed-skating-protection-equipment\/gloves\/\">ici<\/a><\/h3>\n<p><strong>Pour en savoir plus sur <\/strong><a href=\"https:\/\/ehs-staybent.com\/\" target=\"_blank\" rel=\"noopener\">StayBent by EHS ici.<\/a><\/p>\n","protected":false},"excerpt":{"rendered":"<p>STAYBENT Conseils Rapides (STAYBENT Colored Quick Tips) Les embouts Staybent en plastique sont disponibles en plusieurs couleurs. Les embouts de protection Staybent Quick Tips sont un excellent moyen de prot\u00e9ger vos gants contre l&#8217;usure rapide. Les patineurs de vitesse sur piste courte posent leur main gauche sur la glace dans le virage, ce qui peut [&hellip;]<\/p>\n","protected":false},"featured_media":20715,"comment_status":"open","ping_status":"closed","template":"","meta":{"_acf_changed":false,"_monsterinsights_skip_tracking":false,"_monsterinsights_sitenote_active":false,"_monsterinsights_sitenote_note":"","_monsterinsights_sitenote_category":0,"_uf_show_specific_survey":0,"_uf_disable_surveys":false,"site-sidebar-layout":"default","site-content-layout":"","ast-site-content-layout":"default","site-content-style":"default","site-sidebar-style":"default","ast-global-header-display":"","ast-banner-title-visibility":"","ast-main-header-display":"","ast-hfb-above-header-display":"","ast-hfb-below-header-display":"","ast-hfb-mobile-header-display":"","site-post-title":"","ast-breadcrumbs-content":"","ast-featured-img":"","footer-sml-layout":"","ast-disable-related-posts":"","theme-transparent-header-meta":"default","adv-header-id-meta":"","stick-header-meta":"","header-above-stick-meta":"","header-main-stick-meta":"","header-below-stick-meta":"","astra-migrate-meta-layouts":"set","ast-page-background-enabled":"default","ast-page-background-meta":{"desktop":{"background-color":"","background-image":"","background-repeat":"repeat","background-position":"center center","background-size":"auto","background-attachment":"scroll","background-type":"","background-media":"","overlay-type":"","overlay-color":"","overlay-opacity":"","overlay-gradient":""},"tablet":{"background-color":"","background-image":"","background-repeat":"repeat","background-position":"center center","background-size":"auto","background-attachment":"scroll","background-type":"","background-media":"","overlay-type":"","overlay-color":"","overlay-opacity":"","overlay-gradient":""},"mobile":{"background-color":"","background-image":"","background-repeat":"repeat","background-position":"center center","background-size":"auto","background-attachment":"scroll","background-type":"","background-media":"","overlay-type":"","overlay-color":"","overlay-opacity":"","overlay-gradient":""}},"ast-content-background-meta":{"desktop":{"background-color":"var(--ast-global-color-5)","background-image":"","background-repeat":"repeat","background-position":"center center","background-size":"auto","background-attachment":"scroll","background-type":"","background-media":"","overlay-type":"","overlay-color":"","overlay-opacity":"","overlay-gradient":""},"tablet":{"background-color":"var(--ast-global-color-5)","background-image":"","background-repeat":"repeat","background-position":"center center","background-size":"auto","background-attachment":"scroll","background-type":"","background-media":"","overlay-type":"","overlay-color":"","overlay-opacity":"","overlay-gradient":""},"mobile":{"background-color":"var(--ast-global-color-5)","background-image":"","background-repeat":"repeat","background-position":"center center","background-size":"auto","background-attachment":"scroll","background-type":"","background-media":"","overlay-type":"","overlay-color":"","overlay-opacity":"","overlay-gradient":""}}},"product_brand":[3296,3346],"product_cat":[3392,4003,4004,4005,3395,3483,3480,3536,3481],"product_tag":[4006,4033,3672,4008,4009,4124,3811,3796,3806,4379],"class_list":{"0":"post-20713","1":"product","2":"type-product","3":"status-publish","4":"has-post-thumbnail","6":"product_brand-ehs-2","7":"product_brand-staybent-by-ehs","8":"product_cat-accessoires-short-track","9":"product_cat-conseils-rapides","12":"product_cat-courte-piste","13":"product_cat-gants","14":"product_cat-gants-blancs","15":"product_cat-gants-de-patinage-de-vitesse","16":"product_cat-gants-pour-short-track","17":"product_tag-conseils-de-vitesse","18":"product_tag-conseils-en-matiere-de-carbone","19":"product_tag-conseils-pour-les-gants-de-patinage","20":"product_tag-conseils-pour-les-gants-de-patinage-de-vitesse","21":"product_tag-conseils-rapides","22":"product_tag-conseils-sur-les-gants","23":"product_tag-ehs","24":"product_tag-short-track","25":"product_tag-staybent","26":"product_tag-staybent-conseils-rapides","27":"desktop-align-left","28":"tablet-align-left","29":"mobile-align-left","31":"first","32":"instock","33":"taxable","34":"shipping-taxable","35":"purchasable","36":"product-type-simple"},"acf":[],"_links":{"self":[{"href":"https:\/\/ztsports.com\/fr\/wp-json\/wp\/v2\/product\/20713","targetHints":{"allow":["GET"]}}],"collection":[{"href":"https:\/\/ztsports.com\/fr\/wp-json\/wp\/v2\/product"}],"about":[{"href":"https:\/\/ztsports.com\/fr\/wp-json\/wp\/v2\/types\/product"}],"replies":[{"embeddable":true,"href":"https:\/\/ztsports.com\/fr\/wp-json\/wp\/v2\/comments?post=20713"}],"version-history":[{"count":3,"href":"https:\/\/ztsports.com\/fr\/wp-json\/wp\/v2\/product\/20713\/revisions"}],"predecessor-version":[{"id":25505,"href":"https:\/\/ztsports.com\/fr\/wp-json\/wp\/v2\/product\/20713\/revisions\/25505"}],"wp:featuredmedia":[{"embeddable":true,"href":"https:\/\/ztsports.com\/fr\/wp-json\/wp\/v2\/media\/20715"}],"wp:attachment":[{"href":"https:\/\/ztsports.com\/fr\/wp-json\/wp\/v2\/media?parent=20713"}],"wp:term":[{"taxonomy":"product_brand","embeddable":true,"href":"https:\/\/ztsports.com\/fr\/wp-json\/wp\/v2\/product_brand?post=20713"},{"taxonomy":"product_cat","embeddable":true,"href":"https:\/\/ztsports.com\/fr\/wp-json\/wp\/v2\/product_cat?post=20713"},{"taxonomy":"product_tag","embeddable":true,"href":"https:\/\/ztsports.com\/fr\/wp-json\/wp\/v2\/product_tag?post=20713"}],"curies":[{"name":"wp","href":"https:\/\/api.w.org\/{rel}","templated":true}]}}