{"id":20703,"date":"2024-09-28T19:02:36","date_gmt":"2024-09-28T19:02:36","guid":{"rendered":"https:\/\/ztsports.com\/?post_type=product&#038;p=20703"},"modified":"2026-01-23T16:18:48","modified_gmt":"2026-01-23T16:18:48","slug":"gants-en-carbone-staybent-2","status":"publish","type":"product","link":"https:\/\/ztsports.com\/fr\/store\/gants-en-carbone-staybent-2\/","title":{"rendered":"Gants en carbone StayBent Tips By EHS NEW"},"content":{"rendered":"<h2>StayBent Carbon Glove Tips by EHS (en anglais seulement)<\/h2>\n<p>Les embouts StayBent Carbon Glove Tips &#8220;embouts rapides&#8221; sont fabriqu\u00e9s en fibre de carbone de premi\u00e8re qualit\u00e9, impr\u00e9gn\u00e9e d&#8217;une r\u00e9sine solide et durable.<br \/>\nIls sont con\u00e7us pour r\u00e9duire les frottements lorsque vous pivotez dans les virages serr\u00e9s. Elles sont solides et l\u00e9g\u00e8res et peuvent \u00eatre facilement fix\u00e9es \u00e0 votre gant avec de la colle CA. <\/p>\n<p>Nouveau chez StayBent &#8211; des embouts rapides en fibre de carbone pour le patinage de vitesse sur piste courte. Ces embouts rapides sont con\u00e7us pour r\u00e9duire les frottements lorsque vous pivotez dans les virages serr\u00e9s. Ils sont solides et l\u00e9gers et peuvent \u00eatre facilement attach\u00e9s \u00e0 votre gant avec de la super colle.  <\/p>\n<p>Les Quick Tips de STAYBENT Carbon Glove sont des embouts de protection des doigts con\u00e7us pour les gants de patinage de vitesse sur piste courte afin de r\u00e9duire la friction et l&#8217;usure des gants lorsque l&#8217;on pose la main sur la glace pendant les virages. Ils sont g\u00e9n\u00e9ralement fabriqu\u00e9s en fibre de carbone ou en plastique et sont coll\u00e9s sur le gant. <\/p>\n<p>Principales caract\u00e9ristiques et avantages :<\/p>\n<ul>\n<li><strong>R\u00e9duction de la friction :<\/strong> La fonction premi\u00e8re est de minimiser les frottements entre le gant et la glace, \u00e9vitant ainsi une usure pr\u00e9matur\u00e9e.<\/li>\n<li><strong>Mat\u00e9riaux durables :<\/strong> Fabriqu\u00e9 en fibre de carbone de premi\u00e8re qualit\u00e9 ou en plastique durable, il garantit une protection durable.<\/li>\n<li><strong>Fixation facile :<\/strong> Ils peuvent \u00eatre facilement coll\u00e9s au gant \u00e0 l&#8217;aide de super glue ou de colle CA.<\/li>\n<li><strong>Vari\u00e9t\u00e9 de couleurs :<\/strong> Disponible en plusieurs couleurs pour correspondre \u00e0 vos pr\u00e9f\u00e9rences ou aux couleurs de votre \u00e9quipe.<\/li>\n<li><strong>Con\u00e7u pour le patinage de vitesse sur piste courte :<\/strong> Sp\u00e9cialement con\u00e7u et dimensionn\u00e9 pour le patinage de vitesse sur piste courte.<\/li>\n<\/ul>\n<h4 class=\"tw-data-text tw-text-large tw-ta\" dir=\"ltr\" data-placeholder=\"Translation\">Comment mettre les conseils rapides StayBent Carbon Glove sur la vitesse de vos gants de patinage ?<\/h4>\n<div>\n<div class=\"dnXCYb\" tabindex=\"0\" role=\"button\" aria-controls=\"_t6-uZKD1JPeAqtsPyd6pyAo_33\" aria-expanded=\"true\" data-hveid=\"CDkQAQ\">\n<h4 class=\"JlqpRe\"><b>Instructions de collage<\/b><\/h4>\n<\/div>\n<\/div>\n<div id=\"_t6-uZKD1JPeAqtsPyd6pyAo_33\" class=\"bCOlv\" data-ved=\"2ahUKEwjgrO2FqImAAxV3gGoFHUlvCqkQ7NUEegQIORAE\">\n<div class=\"IZE3Td\">\n<div class=\"t0bRye r2fjmd\" data-hveid=\"CDkQBQ\" data-ved=\"2ahUKEwjgrO2FqImAAxV3gGoFHUlvCqkQu04oAHoECDkQBQ\">\n<div id=\"t6-uZKD1JPeAqtsPyd6pyAo__50\">\n<div class=\"wDYxhc\" data-md=\"83\">\n<div class=\"di3YZe\">\n<div class=\"RqBzHd\">\n<ol class=\"X5LH0c\">\n<li>Commencez par des <strong>gants propres et secs<\/strong><\/li>\n<li class=\"TrT0Xe\">Le paquet contient 5 ou 7 pointes de diff\u00e9rentes tailles. Choisissez les cinq pointes qui correspondent le mieux \u00e0 la taille de vos doigts. Adaptez les embouts de protection \u00e0 votre gant.<\/li>\n<li class=\"TrT0Xe\">Appliquez de la colle sur le bord, puis un petit point au centre de la pointe. Appliquer sur des gants propres et secs. Appuyer fermement sur le gant avec la main dans le gant.<\/li>\n<li class=\"TrT0Xe\">Attendre au moins 30 minutes avant de l&#8217;utiliser.<\/li>\n<li><strong>DANGER !<\/strong> Lorsque vous collez vos pointes, ne les exposez pas aux yeux. La colle peut provoquer une r\u00e9action allergique si elle entre en contact avec la peau. Lisez les mises en garde figurant sur le panneau arri\u00e8re.  <\/li>\n<\/ol>\n<p>Finley un clip de <a href=\"https:\/\/olympics.com\/en\/video\/special-skates-and-gloves-for-short-track-speed-skaters\" target=\"_blank\" rel=\"noopener\"><strong>Olympian Skates Pivotant en utilisant leurs Quick Tips<\/strong><\/a>.<\/p>\n<\/div>\n<\/div>\n<\/div>\n<\/div>\n<\/div>\n<\/div>\n<\/div>\n<p><strong>Vous pouvez trouver toutes les couleurs et tous les styles de nos <a href=\"https:\/\/ztsports.com\/categorie-produit\/courte-piste\/conseils-rapides\/?lang=fr\">Quick Tips<\/a> ici.<\/strong><\/p>\n<h3>Consultez notre s\u00e9lection de gants <a href=\"https:\/\/ztsports.com\/categorie-produit\/protection\/gants\/?lang=fr\">ici<\/a><\/h3>\n<p><strong>Pour en savoir plus sur <\/strong><a href=\"https:\/\/ehs-staybent.com\/\" target=\"_blank\" rel=\"noopener\">StayBent by EHS ici.<\/a><\/p>\n","protected":false},"excerpt":{"rendered":"<p>StayBent Carbon Glove Tips by EHS (en anglais seulement) Les embouts StayBent Carbon Glove Tips &#8220;embouts rapides&#8221; sont fabriqu\u00e9s en fibre de carbone de premi\u00e8re qualit\u00e9, impr\u00e9gn\u00e9e d&#8217;une r\u00e9sine solide et durable. Ils sont con\u00e7us pour r\u00e9duire les frottements lorsque vous pivotez dans les virages serr\u00e9s. Elles sont solides et l\u00e9g\u00e8res et peuvent \u00eatre facilement [&hellip;]<\/p>\n","protected":false},"featured_media":20707,"comment_status":"open","ping_status":"closed","template":"","meta":{"_acf_changed":false,"_monsterinsights_skip_tracking":false,"_monsterinsights_sitenote_active":false,"_monsterinsights_sitenote_note":"","_monsterinsights_sitenote_category":0,"_uf_show_specific_survey":0,"_uf_disable_surveys":false,"site-sidebar-layout":"default","site-content-layout":"","ast-site-content-layout":"default","site-content-style":"default","site-sidebar-style":"default","ast-global-header-display":"","ast-banner-title-visibility":"","ast-main-header-display":"","ast-hfb-above-header-display":"","ast-hfb-below-header-display":"","ast-hfb-mobile-header-display":"","site-post-title":"","ast-breadcrumbs-content":"","ast-featured-img":"","footer-sml-layout":"","ast-disable-related-posts":"","theme-transparent-header-meta":"","adv-header-id-meta":"","stick-header-meta":"","header-above-stick-meta":"","header-main-stick-meta":"","header-below-stick-meta":"","astra-migrate-meta-layouts":"default","ast-page-background-enabled":"default","ast-page-background-meta":{"desktop":{"background-color":"","background-image":"","background-repeat":"repeat","background-position":"center center","background-size":"auto","background-attachment":"scroll","background-type":"","background-media":"","overlay-type":"","overlay-color":"","overlay-opacity":"","overlay-gradient":""},"tablet":{"background-color":"","background-image":"","background-repeat":"repeat","background-position":"center center","background-size":"auto","background-attachment":"scroll","background-type":"","background-media":"","overlay-type":"","overlay-color":"","overlay-opacity":"","overlay-gradient":""},"mobile":{"background-color":"","background-image":"","background-repeat":"repeat","background-position":"center center","background-size":"auto","background-attachment":"scroll","background-type":"","background-media":"","overlay-type":"","overlay-color":"","overlay-opacity":"","overlay-gradient":""}},"ast-content-background-meta":{"desktop":{"background-color":"var(--ast-global-color-5)","background-image":"","background-repeat":"repeat","background-position":"center center","background-size":"auto","background-attachment":"scroll","background-type":"","background-media":"","overlay-type":"","overlay-color":"","overlay-opacity":"","overlay-gradient":""},"tablet":{"background-color":"var(--ast-global-color-5)","background-image":"","background-repeat":"repeat","background-position":"center center","background-size":"auto","background-attachment":"scroll","background-type":"","background-media":"","overlay-type":"","overlay-color":"","overlay-opacity":"","overlay-gradient":""},"mobile":{"background-color":"var(--ast-global-color-5)","background-image":"","background-repeat":"repeat","background-position":"center center","background-size":"auto","background-attachment":"scroll","background-type":"","background-media":"","overlay-type":"","overlay-color":"","overlay-opacity":"","overlay-gradient":""}}},"product_brand":[3296,3346],"product_cat":[3479,3392,4005,4003,4004,3395,3483,3480,3536,3481],"product_tag":[4006,4033,3672,4008,4009,4378,4124],"class_list":{"0":"post-20703","1":"product","2":"type-product","3":"status-publish","4":"has-post-thumbnail","6":"product_brand-ehs-2","7":"product_brand-staybent-by-ehs","8":"product_cat-accessoires-pour-le-short-track","9":"product_cat-accessoires-short-track","10":"product_cat-conseils-rapides","13":"product_cat-courte-piste","14":"product_cat-gants","15":"product_cat-gants-blancs","16":"product_cat-gants-de-patinage-de-vitesse","17":"product_cat-gants-pour-short-track","18":"product_tag-conseils-de-vitesse","19":"product_tag-conseils-en-matiere-de-carbone","20":"product_tag-conseils-pour-les-gants-de-patinage","21":"product_tag-conseils-pour-les-gants-de-patinage-de-vitesse","22":"product_tag-conseils-rapides","23":"product_tag-conseils-rapides-pour-rester-en-forme","24":"product_tag-conseils-sur-les-gants","25":"desktop-align-left","26":"tablet-align-left","27":"mobile-align-left","29":"first","30":"instock","31":"taxable","32":"shipping-taxable","33":"purchasable","34":"product-type-simple"},"acf":[],"_links":{"self":[{"href":"https:\/\/ztsports.com\/fr\/wp-json\/wp\/v2\/product\/20703","targetHints":{"allow":["GET"]}}],"collection":[{"href":"https:\/\/ztsports.com\/fr\/wp-json\/wp\/v2\/product"}],"about":[{"href":"https:\/\/ztsports.com\/fr\/wp-json\/wp\/v2\/types\/product"}],"replies":[{"embeddable":true,"href":"https:\/\/ztsports.com\/fr\/wp-json\/wp\/v2\/comments?post=20703"}],"version-history":[{"count":1,"href":"https:\/\/ztsports.com\/fr\/wp-json\/wp\/v2\/product\/20703\/revisions"}],"predecessor-version":[{"id":20705,"href":"https:\/\/ztsports.com\/fr\/wp-json\/wp\/v2\/product\/20703\/revisions\/20705"}],"wp:featuredmedia":[{"embeddable":true,"href":"https:\/\/ztsports.com\/fr\/wp-json\/wp\/v2\/media\/20707"}],"wp:attachment":[{"href":"https:\/\/ztsports.com\/fr\/wp-json\/wp\/v2\/media?parent=20703"}],"wp:term":[{"taxonomy":"product_brand","embeddable":true,"href":"https:\/\/ztsports.com\/fr\/wp-json\/wp\/v2\/product_brand?post=20703"},{"taxonomy":"product_cat","embeddable":true,"href":"https:\/\/ztsports.com\/fr\/wp-json\/wp\/v2\/product_cat?post=20703"},{"taxonomy":"product_tag","embeddable":true,"href":"https:\/\/ztsports.com\/fr\/wp-json\/wp\/v2\/product_tag?post=20703"}],"curies":[{"name":"wp","href":"https:\/\/api.w.org\/{rel}","templated":true}]}}