{"id":20698,"date":"2021-09-23T02:48:16","date_gmt":"2021-09-23T02:48:16","guid":{"rendered":"https:\/\/ztsports.com\/?post_type=product&#038;p=20698"},"modified":"2026-04-15T22:45:18","modified_gmt":"2026-04-15T22:45:18","slug":"protege-cou-dynamix-2","status":"publish","type":"product","link":"https:\/\/ztsports.com\/fr\/store\/protege-cou-dynamix-2\/","title":{"rendered":"Prot\u00e8ge-cou Dynamix d&#8217;Apogee Adulte pour le Short Track"},"content":{"rendered":"<h1>Prot\u00e8ge-cou Apogee Adulte<\/h1>\n<p>Ce prot\u00e8ge-cou Dynamix d&#8217;Apogee a \u00e9t\u00e9 d\u00e9velopp\u00e9 sp\u00e9cifiquement pour le patinage de vitesse sur piste courte. En outre, il offre un niveau \u00e9lev\u00e9 de protection contre les coupures. De plus, gr\u00e2ce \u00e0 sa conception ergonomique en 3D et au syst\u00e8me de velcro anti-abrasion, il s&#8217;ajuste parfaitement. De plus, il est tr\u00e8s doux et confortable.<\/p>\n<h4 class=\"h-feature-headline h6\">PROT\u00c8GE-COU ANTI-COUPURE<\/h4>\n<p><strong>Pourquoi : <\/strong>pour \u00e9viter les blessures par coupure ou perforation au niveau du cou, en particulier dans la zone des art\u00e8res principales. Tous les patineurs doivent porter un prot\u00e8ge-cou de type bavette qui doit \u00eatre attach\u00e9 solidement.<\/p>\n<p>Il doit \u00eatre fabriqu\u00e9 en Kevlar, en Dyneema ou en nylon balistique. Toute protection int\u00e9gr\u00e9e dans la conception de la combinaison du patineur n&#8217;est pas suffisante.<\/p>\n<p>En outre, le prot\u00e8ge-cou Dynamix est tr\u00e8s doux et confortable.<\/p>\n<h3>Fabriqu\u00e9 au Canada<\/h3>\n<p><strong><span class=\"Y2IQFc\" lang=\"en\">Doit \u00eatre not\u00e9 FPVQ <a href=\"https:\/\/www.ontariospeedskating.ca\/safety-equipment\" target=\"_blank\" rel=\"noopener\">OSSA : Accessoire obligatoire<\/a> en comp\u00e9tition.<\/span><\/strong><\/p>\n<p dir=\"ltr\" data-placeholder=\"Translation\">Enfin, la s\u00e9lection compl\u00e8te <a href=\"https:\/\/ztsports.com\/product-category\/protection\/neck-guards\/\"><strong>s\u00e9lection de prot\u00e8ge-cou<\/strong><\/a> se trouve ici.<\/p>\n","protected":false},"excerpt":{"rendered":"<p>Prot\u00e8ge-cou Apogee Adulte Ce prot\u00e8ge-cou Dynamix d&#8217;Apogee a \u00e9t\u00e9 d\u00e9velopp\u00e9 sp\u00e9cifiquement pour le patinage de vitesse sur piste courte. En outre, il offre un niveau \u00e9lev\u00e9 de protection contre les coupures. De plus, gr\u00e2ce \u00e0 sa conception ergonomique en 3D et au syst\u00e8me de velcro anti-abrasion, il s&#8217;ajuste parfaitement. De plus, il est tr\u00e8s doux [&hellip;]<\/p>\n","protected":false},"featured_media":20702,"comment_status":"open","ping_status":"closed","template":"","meta":{"_acf_changed":false,"_monsterinsights_skip_tracking":false,"_monsterinsights_sitenote_active":false,"_monsterinsights_sitenote_note":"","_monsterinsights_sitenote_category":0,"_uf_show_specific_survey":0,"_uf_disable_surveys":false,"site-sidebar-layout":"default","site-content-layout":"","ast-site-content-layout":"default","site-content-style":"default","site-sidebar-style":"default","ast-global-header-display":"","ast-banner-title-visibility":"","ast-main-header-display":"","ast-hfb-above-header-display":"","ast-hfb-below-header-display":"","ast-hfb-mobile-header-display":"","site-post-title":"","ast-breadcrumbs-content":"","ast-featured-img":"","footer-sml-layout":"","ast-disable-related-posts":"","theme-transparent-header-meta":"default","adv-header-id-meta":"","stick-header-meta":"","header-above-stick-meta":"","header-main-stick-meta":"","header-below-stick-meta":"","astra-migrate-meta-layouts":"set","ast-page-background-enabled":"default","ast-page-background-meta":{"desktop":{"background-color":"","background-image":"","background-repeat":"repeat","background-position":"center center","background-size":"auto","background-attachment":"scroll","background-type":"","background-media":"","overlay-type":"","overlay-color":"","overlay-opacity":"","overlay-gradient":""},"tablet":{"background-color":"","background-image":"","background-repeat":"repeat","background-position":"center center","background-size":"auto","background-attachment":"scroll","background-type":"","background-media":"","overlay-type":"","overlay-color":"","overlay-opacity":"","overlay-gradient":""},"mobile":{"background-color":"","background-image":"","background-repeat":"repeat","background-position":"center center","background-size":"auto","background-attachment":"scroll","background-type":"","background-media":"","overlay-type":"","overlay-color":"","overlay-opacity":"","overlay-gradient":""}},"ast-content-background-meta":{"desktop":{"background-color":"var(--ast-global-color-5)","background-image":"","background-repeat":"repeat","background-position":"center center","background-size":"auto","background-attachment":"scroll","background-type":"","background-media":"","overlay-type":"","overlay-color":"","overlay-opacity":"","overlay-gradient":""},"tablet":{"background-color":"var(--ast-global-color-5)","background-image":"","background-repeat":"repeat","background-position":"center center","background-size":"auto","background-attachment":"scroll","background-type":"","background-media":"","overlay-type":"","overlay-color":"","overlay-opacity":"","overlay-gradient":""},"mobile":{"background-color":"var(--ast-global-color-5)","background-image":"","background-repeat":"repeat","background-position":"center center","background-size":"auto","background-attachment":"scroll","background-type":"","background-media":"","overlay-type":"","overlay-color":"","overlay-opacity":"","overlay-gradient":""}}},"product_brand":[],"product_cat":[3482,3981],"product_tag":[4148,2156,4376,4377,3535],"class_list":{"0":"post-20698","1":"product","2":"type-product","3":"status-publish","4":"has-post-thumbnail","6":"product_cat-protection-contre-les-coupures","7":"product_cat-protege-cou","8":"product_tag-materiel-de-piste-courte","9":"product_tag-protection","10":"product_tag-protege-cou-dynamix","11":"product_tag-protege-cou-kevlar","12":"product_tag-resistant-aux-coupures","13":"desktop-align-left","14":"tablet-align-left","15":"mobile-align-left","17":"first","18":"onbackorder","19":"sale","20":"taxable","21":"shipping-taxable","22":"purchasable","23":"product-type-simple"},"acf":[],"_links":{"self":[{"href":"https:\/\/ztsports.com\/fr\/wp-json\/wp\/v2\/product\/20698","targetHints":{"allow":["GET"]}}],"collection":[{"href":"https:\/\/ztsports.com\/fr\/wp-json\/wp\/v2\/product"}],"about":[{"href":"https:\/\/ztsports.com\/fr\/wp-json\/wp\/v2\/types\/product"}],"replies":[{"embeddable":true,"href":"https:\/\/ztsports.com\/fr\/wp-json\/wp\/v2\/comments?post=20698"}],"version-history":[{"count":2,"href":"https:\/\/ztsports.com\/fr\/wp-json\/wp\/v2\/product\/20698\/revisions"}],"predecessor-version":[{"id":25503,"href":"https:\/\/ztsports.com\/fr\/wp-json\/wp\/v2\/product\/20698\/revisions\/25503"}],"wp:featuredmedia":[{"embeddable":true,"href":"https:\/\/ztsports.com\/fr\/wp-json\/wp\/v2\/media\/20702"}],"wp:attachment":[{"href":"https:\/\/ztsports.com\/fr\/wp-json\/wp\/v2\/media?parent=20698"}],"wp:term":[{"taxonomy":"product_brand","embeddable":true,"href":"https:\/\/ztsports.com\/fr\/wp-json\/wp\/v2\/product_brand?post=20698"},{"taxonomy":"product_cat","embeddable":true,"href":"https:\/\/ztsports.com\/fr\/wp-json\/wp\/v2\/product_cat?post=20698"},{"taxonomy":"product_tag","embeddable":true,"href":"https:\/\/ztsports.com\/fr\/wp-json\/wp\/v2\/product_tag?post=20698"}],"curies":[{"name":"wp","href":"https:\/\/api.w.org\/{rel}","templated":true}]}}