{"id":20689,"date":"2024-09-12T12:28:10","date_gmt":"2024-09-12T12:28:10","guid":{"rendered":"https:\/\/ztsports.com\/?post_type=product&#038;p=20689"},"modified":"2026-01-23T16:32:08","modified_gmt":"2026-01-23T16:32:08","slug":"erable-twin-laser-flex-t-bone-2","status":"publish","type":"product","link":"https:\/\/ztsports.com\/fr\/store\/erable-twin-laser-flex-t-bone-2\/","title":{"rendered":"Erable Twin Laser Flex T-Bone"},"content":{"rendered":"<h1>Erable Twin Laser Flex T-Bone<\/h1>\n<p>Erable Twin Laser Flex T-Bone<\/p>\n<p>D\u00e9couvrez la derni\u00e8re innovation de la gamme Maple, le Comet Twin Laser Flex, qui offre un patinage doux et ferme avec moins de rigidit\u00e9 que le Comet Laser\/Twin Laser. Laissez-vous s\u00e9duire par la puissance de glissement sans effort de l&#8217;acier PM !<\/p>\n<p>Le Maple Speed skating Clap system est en train de conqu\u00e9rir le monde gr\u00e2ce \u00e0 sa glisse rapide et \u00e0 son cadre et son pivot robustes et fiables. Field serviceable springs, steel tube and frame. 1.1mm thick proprietary Bi-metal runner with space age heat treatment. Tested to have the lowest friction of any blade in the world today. Also regarded as having the best edge holding of any blade in use today.<\/p>\n<p>Disponible pour les bottes avec un espacement de 6,5\u2033\/165mm et peut \u00eatre command\u00e9 pour les bottes avec un espacement de 6,5\u2033\/165mm. 1,1 mm bi-metal blades 64 Hrc. The blades have received a special treatment in order to reduce the friction to a minimum. Precision ground blades Special designed steel tube for optimal flexibility; stable and yet easy to control<\/p>\n<p>Or 24 Kt et plaqu\u00e9 nickel<\/p>\n","protected":false},"excerpt":{"rendered":"<p>Erable Twin Laser Flex T-Bone Erable Twin Laser Flex T-Bone D\u00e9couvrez la derni\u00e8re innovation de la gamme Maple, le Comet Twin Laser Flex, qui offre un patinage doux et ferme avec moins de rigidit\u00e9 que le Comet Laser\/Twin Laser. Laissez-vous s\u00e9duire par la puissance de glissement sans effort de l&#8217;acier PM ! Le Maple Speed [&hellip;]<\/p>\n","protected":false},"featured_media":20693,"comment_status":"open","ping_status":"closed","template":"","meta":{"_acf_changed":false,"_monsterinsights_skip_tracking":false,"_monsterinsights_sitenote_active":false,"_monsterinsights_sitenote_note":"","_monsterinsights_sitenote_category":0,"_uf_show_specific_survey":0,"_uf_disable_surveys":false,"site-sidebar-layout":"default","site-content-layout":"","ast-site-content-layout":"default","site-content-style":"default","site-sidebar-style":"default","ast-global-header-display":"","ast-banner-title-visibility":"","ast-main-header-display":"","ast-hfb-above-header-display":"","ast-hfb-below-header-display":"","ast-hfb-mobile-header-display":"","site-post-title":"","ast-breadcrumbs-content":"","ast-featured-img":"","footer-sml-layout":"","ast-disable-related-posts":"","theme-transparent-header-meta":"","adv-header-id-meta":"","stick-header-meta":"","header-above-stick-meta":"","header-main-stick-meta":"","header-below-stick-meta":"","astra-migrate-meta-layouts":"default","ast-page-background-enabled":"default","ast-page-background-meta":{"desktop":{"background-color":"","background-image":"","background-repeat":"repeat","background-position":"center center","background-size":"auto","background-attachment":"scroll","background-type":"","background-media":"","overlay-type":"","overlay-color":"","overlay-opacity":"","overlay-gradient":""},"tablet":{"background-color":"","background-image":"","background-repeat":"repeat","background-position":"center center","background-size":"auto","background-attachment":"scroll","background-type":"","background-media":"","overlay-type":"","overlay-color":"","overlay-opacity":"","overlay-gradient":""},"mobile":{"background-color":"","background-image":"","background-repeat":"repeat","background-position":"center center","background-size":"auto","background-attachment":"scroll","background-type":"","background-media":"","overlay-type":"","overlay-color":"","overlay-opacity":"","overlay-gradient":""}},"ast-content-background-meta":{"desktop":{"background-color":"var(--ast-global-color-5)","background-image":"","background-repeat":"repeat","background-position":"center center","background-size":"auto","background-attachment":"scroll","background-type":"","background-media":"","overlay-type":"","overlay-color":"","overlay-opacity":"","overlay-gradient":""},"tablet":{"background-color":"var(--ast-global-color-5)","background-image":"","background-repeat":"repeat","background-position":"center center","background-size":"auto","background-attachment":"scroll","background-type":"","background-media":"","overlay-type":"","overlay-color":"","overlay-opacity":"","overlay-gradient":""},"mobile":{"background-color":"var(--ast-global-color-5)","background-image":"","background-repeat":"repeat","background-position":"center center","background-size":"auto","background-attachment":"scroll","background-type":"","background-media":"","overlay-type":"","overlay-color":"","overlay-opacity":"","overlay-gradient":""}}},"product_brand":[3318,3319],"product_cat":[3526,3801,3390],"product_tag":[4374,4375,3095],"class_list":{"0":"post-20689","1":"product","2":"type-product","3":"status-publish","4":"has-post-thumbnail","6":"product_brand-maple","7":"product_brand-maplez","8":"product_cat-blades","9":"product_cat-lame","10":"product_cat-longue-piste","11":"product_tag-erable-twin-laser","12":"product_tag-erable-twin-laser-flex-t-bone","13":"product_tag-maple-comet-laser","14":"desktop-align-left","15":"tablet-align-left","16":"mobile-align-left","18":"first","19":"instock","20":"sale","21":"taxable","22":"shipping-taxable","23":"purchasable","24":"product-type-simple"},"acf":[],"_links":{"self":[{"href":"https:\/\/ztsports.com\/fr\/wp-json\/wp\/v2\/product\/20689","targetHints":{"allow":["GET"]}}],"collection":[{"href":"https:\/\/ztsports.com\/fr\/wp-json\/wp\/v2\/product"}],"about":[{"href":"https:\/\/ztsports.com\/fr\/wp-json\/wp\/v2\/types\/product"}],"replies":[{"embeddable":true,"href":"https:\/\/ztsports.com\/fr\/wp-json\/wp\/v2\/comments?post=20689"}],"version-history":[{"count":1,"href":"https:\/\/ztsports.com\/fr\/wp-json\/wp\/v2\/product\/20689\/revisions"}],"predecessor-version":[{"id":20691,"href":"https:\/\/ztsports.com\/fr\/wp-json\/wp\/v2\/product\/20689\/revisions\/20691"}],"wp:featuredmedia":[{"embeddable":true,"href":"https:\/\/ztsports.com\/fr\/wp-json\/wp\/v2\/media\/20693"}],"wp:attachment":[{"href":"https:\/\/ztsports.com\/fr\/wp-json\/wp\/v2\/media?parent=20689"}],"wp:term":[{"taxonomy":"product_brand","embeddable":true,"href":"https:\/\/ztsports.com\/fr\/wp-json\/wp\/v2\/product_brand?post=20689"},{"taxonomy":"product_cat","embeddable":true,"href":"https:\/\/ztsports.com\/fr\/wp-json\/wp\/v2\/product_cat?post=20689"},{"taxonomy":"product_tag","embeddable":true,"href":"https:\/\/ztsports.com\/fr\/wp-json\/wp\/v2\/product_tag?post=20689"}],"curies":[{"name":"wp","href":"https:\/\/api.w.org\/{rel}","templated":true}]}}