{"id":20680,"date":"2024-09-10T15:51:37","date_gmt":"2024-09-10T15:51:37","guid":{"rendered":"https:\/\/ztsports.com\/?post_type=product&#038;p=20680"},"modified":"2026-04-15T04:33:58","modified_gmt":"2026-04-15T04:33:58","slug":"maple-comet-aluminium-2","status":"publish","type":"product","link":"https:\/\/ztsports.com\/fr\/store\/maple-comet-aluminium-2\/","title":{"rendered":"Maple Comet Aluminium"},"content":{"rendered":"<h1>Maple Comet Aluminium<\/h1>\n<p>Le Maple Comet Aluminium, avec son syst\u00e8me Speed Skating Clap, est dot\u00e9 d&#8217;un cadre et d&#8217;un pivot robustes qui vous permettent de glisser plus vite que jamais. Elle est \u00e9quip\u00e9e de ressorts pouvant \u00eatre r\u00e9par\u00e9s sur place, d&#8217;un cadre et d&#8217;un tube en alliage de qualit\u00e9 a\u00e9ronautique de la s\u00e9rie 7000 usin\u00e9s CNC, ainsi que d&#8217;un patin bim\u00e9tallique de 1,1 mm ayant subi un traitement thermique \u00e0 l&#8217;\u00e8re spatiale.<\/p>\n<p>Test\u00e9es pour offrir la friction la plus faible et la meilleure tenue de carre de toutes les lames actuelles, ces lames peuvent s&#8217;adapter aux bottes de 6,5&#8243;\/165 mm et aux bottes Long Track. Aff\u00fbt\u00e9e avec pr\u00e9cision pour un contr\u00f4le maximal et con\u00e7ue avec un tube en acier pour une flexibilit\u00e9 optimale, la lame Maple Comet Aluminium est parfaite pour les patineurs plus l\u00e9gers et est disponible dans les tailles 15-34\/35 \u00e0 18-46\/47. <strong>Caract\u00e9ristiques :<\/strong><\/p>\n<ul>\n<li>La lame est compos\u00e9e de bi-m\u00e9tal 64 HRC et a une \u00e9paisseur de 1,1 mm.<\/li>\n<li>Le couteau est sp\u00e9cialement trait\u00e9 pour r\u00e9duire au minimum la r\u00e9sistance au glissement.<\/li>\n<li>Le fer est broy\u00e9 avec pr\u00e9cision<\/li>\n<li>Des tests ont montr\u00e9 qu&#8217;il reste aiguis\u00e9 plus longtemps que les autres couteaux de patinage.<\/li>\n<li>La lame est coll\u00e9e sous tension permanente<\/li>\n<li>Le m\u00e9canisme de pliage de l&#8217;\u00e9rable se compose de deux roulements \u00e0 billes \u00e9tanches, d&#8217;un arbre en acier et de deux ressorts en acier inoxydable.<\/li>\n<li>Les ressorts sont simples et peuvent \u00eatre chang\u00e9s rapidement. La tension est r\u00e9glable.<\/li>\n<\/ul>\n<p>Veuillez choisir la longueur de la lame avec le pont appropri\u00e9 pour s&#8217;adapter \u00e0 vos bottes. En cas de doute, faites appel \u00e0 notre expertise pour vous guider.<\/p>\n<h4 class=\"style-scope ytd-watch-metadata\">En outre, la vid\u00e9o Art Of Speed <a href=\"https:\/\/www.youtube.com\/watch?v=aC5yxStvjV4\" target=\"_blank\" rel=\"noopener\"><strong>expliquant le clap et le Longtrack<\/strong><\/a><\/h4>\n<p>Enfin, comparez tous les <a href=\"https:\/\/ztsports.com\/product-category\/long-track\/blades1\/\"><strong>Clap Blades ici.<\/strong><\/a><\/p>\n","protected":false},"excerpt":{"rendered":"<p>Maple Comet Aluminium Le Maple Comet Aluminium, avec son syst\u00e8me Speed Skating Clap, est dot\u00e9 d&#8217;un cadre et d&#8217;un pivot robustes qui vous permettent de glisser plus vite que jamais. Elle est \u00e9quip\u00e9e de ressorts pouvant \u00eatre r\u00e9par\u00e9s sur place, d&#8217;un cadre et d&#8217;un tube en alliage de qualit\u00e9 a\u00e9ronautique de la s\u00e9rie 7000 usin\u00e9s [&hellip;]<\/p>\n","protected":false},"featured_media":20683,"comment_status":"open","ping_status":"closed","template":"","meta":{"_acf_changed":false,"_monsterinsights_skip_tracking":false,"_monsterinsights_sitenote_active":false,"_monsterinsights_sitenote_note":"","_monsterinsights_sitenote_category":0,"_uf_show_specific_survey":0,"_uf_disable_surveys":false,"site-sidebar-layout":"default","site-content-layout":"","ast-site-content-layout":"default","site-content-style":"default","site-sidebar-style":"default","ast-global-header-display":"","ast-banner-title-visibility":"","ast-main-header-display":"","ast-hfb-above-header-display":"","ast-hfb-below-header-display":"","ast-hfb-mobile-header-display":"","site-post-title":"","ast-breadcrumbs-content":"","ast-featured-img":"","footer-sml-layout":"","ast-disable-related-posts":"","theme-transparent-header-meta":"default","adv-header-id-meta":"","stick-header-meta":"","header-above-stick-meta":"","header-main-stick-meta":"","header-below-stick-meta":"","astra-migrate-meta-layouts":"set","ast-page-background-enabled":"default","ast-page-background-meta":{"desktop":{"background-color":"","background-image":"","background-repeat":"repeat","background-position":"center center","background-size":"auto","background-attachment":"scroll","background-type":"","background-media":"","overlay-type":"","overlay-color":"","overlay-opacity":"","overlay-gradient":""},"tablet":{"background-color":"","background-image":"","background-repeat":"repeat","background-position":"center center","background-size":"auto","background-attachment":"scroll","background-type":"","background-media":"","overlay-type":"","overlay-color":"","overlay-opacity":"","overlay-gradient":""},"mobile":{"background-color":"","background-image":"","background-repeat":"repeat","background-position":"center center","background-size":"auto","background-attachment":"scroll","background-type":"","background-media":"","overlay-type":"","overlay-color":"","overlay-opacity":"","overlay-gradient":""}},"ast-content-background-meta":{"desktop":{"background-color":"var(--ast-global-color-5)","background-image":"","background-repeat":"repeat","background-position":"center center","background-size":"auto","background-attachment":"scroll","background-type":"","background-media":"","overlay-type":"","overlay-color":"","overlay-opacity":"","overlay-gradient":""},"tablet":{"background-color":"var(--ast-global-color-5)","background-image":"","background-repeat":"repeat","background-position":"center center","background-size":"auto","background-attachment":"scroll","background-type":"","background-media":"","overlay-type":"","overlay-color":"","overlay-opacity":"","overlay-gradient":""},"mobile":{"background-color":"var(--ast-global-color-5)","background-image":"","background-repeat":"repeat","background-position":"center center","background-size":"auto","background-attachment":"scroll","background-type":"","background-media":"","overlay-type":"","overlay-color":"","overlay-opacity":"","overlay-gradient":""}}},"product_brand":[3318,3319],"product_cat":[3526,3390],"product_tag":[3094,3427,4373,4672,3618],"class_list":{"0":"post-20680","1":"product","2":"type-product","3":"status-publish","4":"has-post-thumbnail","6":"product_brand-maple","7":"product_brand-maplez","8":"product_cat-blades","9":"product_cat-longue-piste","10":"product_tag-comet-aluminium","11":"product_tag-equipement-de-patinage-de-vitesse","12":"product_tag-lame-a-frapper","13":"product_tag-maple","14":"product_tag-piste-longue","15":"desktop-align-left","16":"tablet-align-left","17":"mobile-align-left","19":"first","20":"instock","21":"sale","22":"taxable","23":"shipping-taxable","24":"purchasable","25":"product-type-simple"},"acf":[],"_links":{"self":[{"href":"https:\/\/ztsports.com\/fr\/wp-json\/wp\/v2\/product\/20680","targetHints":{"allow":["GET"]}}],"collection":[{"href":"https:\/\/ztsports.com\/fr\/wp-json\/wp\/v2\/product"}],"about":[{"href":"https:\/\/ztsports.com\/fr\/wp-json\/wp\/v2\/types\/product"}],"replies":[{"embeddable":true,"href":"https:\/\/ztsports.com\/fr\/wp-json\/wp\/v2\/comments?post=20680"}],"version-history":[{"count":3,"href":"https:\/\/ztsports.com\/fr\/wp-json\/wp\/v2\/product\/20680\/revisions"}],"predecessor-version":[{"id":25495,"href":"https:\/\/ztsports.com\/fr\/wp-json\/wp\/v2\/product\/20680\/revisions\/25495"}],"wp:featuredmedia":[{"embeddable":true,"href":"https:\/\/ztsports.com\/fr\/wp-json\/wp\/v2\/media\/20683"}],"wp:attachment":[{"href":"https:\/\/ztsports.com\/fr\/wp-json\/wp\/v2\/media?parent=20680"}],"wp:term":[{"taxonomy":"product_brand","embeddable":true,"href":"https:\/\/ztsports.com\/fr\/wp-json\/wp\/v2\/product_brand?post=20680"},{"taxonomy":"product_cat","embeddable":true,"href":"https:\/\/ztsports.com\/fr\/wp-json\/wp\/v2\/product_cat?post=20680"},{"taxonomy":"product_tag","embeddable":true,"href":"https:\/\/ztsports.com\/fr\/wp-json\/wp\/v2\/product_tag?post=20680"}],"curies":[{"name":"wp","href":"https:\/\/api.w.org\/{rel}","templated":true}]}}