{"id":20674,"date":"2024-09-08T12:47:40","date_gmt":"2024-09-08T12:47:40","guid":{"rendered":"https:\/\/ztsports.com\/?post_type=product&#038;p=20674"},"modified":"2026-04-15T04:20:28","modified_gmt":"2026-04-15T04:20:28","slug":"gants-pro-blancs-2-0-nagano-skate-2","status":"publish","type":"product","link":"https:\/\/ztsports.com\/fr\/store\/gants-pro-blancs-2-0-nagano-skate-2\/","title":{"rendered":"Gants Pro Blancs 2.0 Nagano Skate NEW Protect !"},"content":{"rendered":"<h2>Gants Pro blancs 2.0 de Nagano Skate<\/h2>\n<p><strong>Cette deuxi\u00e8me g\u00e9n\u00e9ration de nos gants blancs populaires pour le Short Track.<\/strong> Con\u00e7us par Nagano Skate, ils sont tr\u00e8s l\u00e9gers, ultra confortables et \u00e9pousent parfaitement la forme de votre main.<br \/>\nDe plus, ils sont &#8220;moulables&#8221; avec juste un peu de chaleur et de pression entre les doigts.<br \/>\nLes Pro White Gloves 2.0 repoussent l&#8217;eau et s\u00e8chent tr\u00e8s rapidement.<\/p>\n<h5 class=\"serp-title\"><mark>Gants Pro Blancs<\/mark><\/h5>\n<h4>Protection contre les lac\u00e9rations<\/h4>\n<p>Niveau de protection contre les lac\u00e9rations :<strong> 4+ (sur une \u00e9chelle de 1 \u00e0 5)<\/strong> Mat\u00e9riau : HPPE &#8211; Poly\u00e9thyl\u00e8ne haute performance de notre Imperium Nagano. <span class=\"body2\"><b>Mat\u00e9riaux de haute performance (poly\u00e9thyl\u00e8ne de notre Imperium Nagano)<\/b><\/span><\/p>\n<p><span class=\"body2\">Des avantages significatifs sont fournis avec notre nouveau mat\u00e9riau poly\u00e9thyl\u00e8ne haute performance \u00e0 poids mol\u00e9culaire ultra \u00e9lev\u00e9 <sup>DuPont\u2122<\/sup> <sup>Tensylon\u2122<\/sup> est un mat\u00e9riau poly\u00e9thyl\u00e8ne haute performance \u00e0 poids mol\u00e9culaire ultra \u00e9lev\u00e9 (UHMWPE) qui offre des avantages significatifs par rapport \u00e0 d&#8217;autres mat\u00e9riaux haute performance. <sup>Tensylon\u2122<\/sup> offre aux fournisseurs de solutions de blindage une combinaison attrayante de co\u00fbt, de performance et de poids pour r\u00e9pondre \u00e0 leurs besoins de conception. <\/span> Pro White Gloves 2.0 Commandez les tailles par couleur de bande :<\/p>\n<ul>\n<li>XXXS (Orange)<\/li>\n<li>XXS (Vert)<\/li>\n<li>XS (Bleu)<\/li>\n<li>S (Jaune)<\/li>\n<li>M (Rouge)<\/li>\n<li>L (blanc)<\/li>\n<li>XL (Noir)<\/li>\n<li>XXL (Gris)<\/li>\n<\/ul>\n<p>Vue d&#8217;ensemble <a href=\"https:\/\/www.youtube.com\/watch?v=6uwqkhgJr7Y\" target=\"_blank\" rel=\"noopener\"><strong>Gants et astuces YouTube<\/strong><\/a>. D\u00e9couvrez notre large s\u00e9lection de <a href=\"https:\/\/ztsports.com\/product-category\/short-track\/quick-tips\/\"><strong>Astuces rapides<\/strong><\/a>.<\/p>\n<p>D\u00e9couvrez tous nos <a href=\"https:\/\/ztsports.com\/product-category\/protection\/gloves\/\"><strong>gants de patinage de vitesse<\/strong> <\/a>ici.<\/p>\n","protected":false},"excerpt":{"rendered":"<p>Gants Pro blancs 2.0 de Nagano Skate Cette deuxi\u00e8me g\u00e9n\u00e9ration de nos gants blancs populaires pour le Short Track. Con\u00e7us par Nagano Skate, ils sont tr\u00e8s l\u00e9gers, ultra confortables et \u00e9pousent parfaitement la forme de votre main. De plus, ils sont &#8220;moulables&#8221; avec juste un peu de chaleur et de pression entre les doigts. Les [&hellip;]<\/p>\n","protected":false},"featured_media":20668,"comment_status":"open","ping_status":"closed","template":"","meta":{"_acf_changed":false,"_monsterinsights_skip_tracking":false,"_monsterinsights_sitenote_active":false,"_monsterinsights_sitenote_note":"","_monsterinsights_sitenote_category":0,"_uf_show_specific_survey":0,"_uf_disable_surveys":false,"site-sidebar-layout":"default","site-content-layout":"","ast-site-content-layout":"default","site-content-style":"default","site-sidebar-style":"default","ast-global-header-display":"","ast-banner-title-visibility":"","ast-main-header-display":"","ast-hfb-above-header-display":"","ast-hfb-below-header-display":"","ast-hfb-mobile-header-display":"","site-post-title":"","ast-breadcrumbs-content":"","ast-featured-img":"","footer-sml-layout":"","ast-disable-related-posts":"","theme-transparent-header-meta":"default","adv-header-id-meta":"","stick-header-meta":"","header-above-stick-meta":"","header-main-stick-meta":"","header-below-stick-meta":"","astra-migrate-meta-layouts":"set","ast-page-background-enabled":"default","ast-page-background-meta":{"desktop":{"background-color":"","background-image":"","background-repeat":"repeat","background-position":"center center","background-size":"auto","background-attachment":"scroll","background-type":"","background-media":"","overlay-type":"","overlay-color":"","overlay-opacity":"","overlay-gradient":""},"tablet":{"background-color":"","background-image":"","background-repeat":"repeat","background-position":"center center","background-size":"auto","background-attachment":"scroll","background-type":"","background-media":"","overlay-type":"","overlay-color":"","overlay-opacity":"","overlay-gradient":""},"mobile":{"background-color":"","background-image":"","background-repeat":"repeat","background-position":"center center","background-size":"auto","background-attachment":"scroll","background-type":"","background-media":"","overlay-type":"","overlay-color":"","overlay-opacity":"","overlay-gradient":""}},"ast-content-background-meta":{"desktop":{"background-color":"var(--ast-global-color-5)","background-image":"","background-repeat":"repeat","background-position":"center center","background-size":"auto","background-attachment":"scroll","background-type":"","background-media":"","overlay-type":"","overlay-color":"","overlay-opacity":"","overlay-gradient":""},"tablet":{"background-color":"var(--ast-global-color-5)","background-image":"","background-repeat":"repeat","background-position":"center center","background-size":"auto","background-attachment":"scroll","background-type":"","background-media":"","overlay-type":"","overlay-color":"","overlay-opacity":"","overlay-gradient":""},"mobile":{"background-color":"var(--ast-global-color-5)","background-image":"","background-repeat":"repeat","background-position":"center center","background-size":"auto","background-attachment":"scroll","background-type":"","background-media":"","overlay-type":"","overlay-color":"","overlay-opacity":"","overlay-gradient":""}}},"product_brand":[3326],"product_cat":[3392,3483,3480,3481,3482],"product_tag":[2419,4368,2731,3427,3673,3485,4369,4370,3752,4371,4372,3087,2425,2156,3487,3597,3535,2426],"class_list":{"0":"post-20674","1":"product","2":"type-product","3":"status-publish","4":"has-post-thumbnail","6":"product_brand-nagano","7":"product_cat-accessoires-short-track","8":"product_cat-gants","9":"product_cat-gants-blancs","10":"product_cat-gants-pour-short-track","11":"product_cat-protection-contre-les-coupures","12":"product_tag-courte-piste","13":"product_tag-courte-piste-pour-les-jeunes","14":"product_tag-cut-risistant","15":"product_tag-equipement-de-patinage-de-vitesse","16":"product_tag-equipement-de-protection","17":"product_tag-gant-de-patinage-de-vitesse","18":"product_tag-gants-blancs-2-0","19":"product_tag-gants-blancs-professionnels-2-0","20":"product_tag-gants-de-patinage-de-vitesse","21":"product_tag-gants-de-protection","22":"product_tag-gants-nagano","23":"product_tag-nagano-pro","24":"product_tag-patin-de-vitesse","25":"product_tag-protection","26":"product_tag-protection-contre-les-coupures","27":"product_tag-protection-contre-les-lacerations","28":"product_tag-resistant-aux-coupures","29":"product_tag-zt-sports-skate-shop","30":"desktop-align-left","31":"tablet-align-left","32":"mobile-align-left","34":"first","35":"instock","36":"sale","37":"taxable","38":"shipping-taxable","39":"purchasable","40":"product-type-simple"},"acf":[],"_links":{"self":[{"href":"https:\/\/ztsports.com\/fr\/wp-json\/wp\/v2\/product\/20674","targetHints":{"allow":["GET"]}}],"collection":[{"href":"https:\/\/ztsports.com\/fr\/wp-json\/wp\/v2\/product"}],"about":[{"href":"https:\/\/ztsports.com\/fr\/wp-json\/wp\/v2\/types\/product"}],"replies":[{"embeddable":true,"href":"https:\/\/ztsports.com\/fr\/wp-json\/wp\/v2\/comments?post=20674"}],"version-history":[{"count":3,"href":"https:\/\/ztsports.com\/fr\/wp-json\/wp\/v2\/product\/20674\/revisions"}],"predecessor-version":[{"id":25491,"href":"https:\/\/ztsports.com\/fr\/wp-json\/wp\/v2\/product\/20674\/revisions\/25491"}],"wp:featuredmedia":[{"embeddable":true,"href":"https:\/\/ztsports.com\/fr\/wp-json\/wp\/v2\/media\/20668"}],"wp:attachment":[{"href":"https:\/\/ztsports.com\/fr\/wp-json\/wp\/v2\/media?parent=20674"}],"wp:term":[{"taxonomy":"product_brand","embeddable":true,"href":"https:\/\/ztsports.com\/fr\/wp-json\/wp\/v2\/product_brand?post=20674"},{"taxonomy":"product_cat","embeddable":true,"href":"https:\/\/ztsports.com\/fr\/wp-json\/wp\/v2\/product_cat?post=20674"},{"taxonomy":"product_tag","embeddable":true,"href":"https:\/\/ztsports.com\/fr\/wp-json\/wp\/v2\/product_tag?post=20674"}],"curies":[{"name":"wp","href":"https:\/\/api.w.org\/{rel}","templated":true}]}}