{"id":20659,"date":"2024-09-04T19:45:52","date_gmt":"2024-09-04T19:45:52","guid":{"rendered":"https:\/\/ztsports.com\/?post_type=product&#038;p=20659"},"modified":"2026-01-23T16:37:46","modified_gmt":"2026-01-23T16:37:46","slug":"gants-de-patinage-de-vitesse-blancs","status":"publish","type":"product","link":"https:\/\/ztsports.com\/fr\/store\/gants-de-patinage-de-vitesse-blancs\/","title":{"rendered":"3 Gants de patinage de vitesse Blanc par Bont"},"content":{"rendered":"<h1>Gants de patinage de vitesse Blanc Bont<\/h1>\n<p>gants de patinage de vitesse blancs pour la courte piste<\/p>\n<p>Les gants r\u00e9sistants aux coupures sont un \u00e9quipement de protection essentiel pour les patineurs de vitesse sur piste courte, car ils contribuent \u00e0 r\u00e9duire le risque de blessures aux mains pendant les entra\u00eenements de patinage de vitesse et les courses sur piste courte. Les gants de patinage de vitesse r\u00e9sistants aux coupures de Bont sont confortables et offrent une excellente protection. Ils ont une r\u00e9sistance aux coupures de niveau 4 et sont disponibles en 5 tailles. <\/p>\n<p>Ce produit peut \u00eatre utilis\u00e9 en conjonction avec les <a title=\"Pointes de doigts en carbone Bont pour le patinage de vitesse sur piste courte\" href=\"https:\/\/ztsports.com\/produit\/bont-carbon-tips\/?lang=fr\" target=\"_blank\" rel=\"noopener noreferrer\">bouts de doigts en carbone de Bont<\/a> pour prot\u00e9ger les extr\u00e9mit\u00e9s de vos gants lors de la pratique du patinage de vitesse sur piste courte.<\/p>\n<p>Le patinage de vitesse peut \u00eatre dangereux car vous vous d\u00e9placez \u00e0 grande vitesse. Ces gants anti-coupures Bont prot\u00e8gent vos doigts des coupures en cas d&#8217;accident.<\/p>\n<p>Les gants anti-coupures pour le patinage de vitesse sur piste courte sont disponibles en 5 tailles, ce qui garantit qu&#8217;ils conviendront aux hommes, aux femmes, aux gar\u00e7ons, aux filles, aux enfants et aux jeunes.<\/p>\n<div class=\"gmail_default\">Les nombres en millim\u00e8tres indiqu\u00e9s correspondent \u00e0 la mesure du bout du doigt du majeur \u00e0 l&#8217;extr\u00e9mit\u00e9 du brassard.<\/div>\n<div class=\"gmail_default\">XS &#8211; 220mm \u00e0 229mm -Blanc<\/div>\n<div class=\"gmail_default\">S &#8211; 230mm \u00e0 239mm &#8211; Vert<br \/>\nM &#8211; 240mm \u00e0 249mm &#8211; Marron<br \/>\nL &#8211; 250mm \u00e0 259mm &#8211; Jaune<br \/>\nXL &#8211; 260mm \u00e0 269mm &#8211; Gris<br \/>\nXXL &#8211; 270mm \u00e0 279mm &#8211; Bleu<\/div>\n<div><img decoding=\"async\" src=\"https:\/\/ztsports.com\/wp-content\/uploads\/2024\/09\/Sizes_1_1800x1800-600x600.jpg\"><\/div>\n","protected":false},"excerpt":{"rendered":"<p>Gants de patinage de vitesse Blanc Bont gants de patinage de vitesse blancs pour la courte piste Les gants r\u00e9sistants aux coupures sont un \u00e9quipement de protection essentiel pour les patineurs de vitesse sur piste courte, car ils contribuent \u00e0 r\u00e9duire le risque de blessures aux mains pendant les entra\u00eenements de patinage de vitesse et [&hellip;]<\/p>\n","protected":false},"featured_media":20661,"comment_status":"open","ping_status":"closed","template":"","meta":{"_acf_changed":false,"_monsterinsights_skip_tracking":false,"_monsterinsights_sitenote_active":false,"_monsterinsights_sitenote_note":"","_monsterinsights_sitenote_category":0,"_uf_show_specific_survey":0,"_uf_disable_surveys":false,"site-sidebar-layout":"default","site-content-layout":"","ast-site-content-layout":"default","site-content-style":"default","site-sidebar-style":"default","ast-global-header-display":"","ast-banner-title-visibility":"","ast-main-header-display":"","ast-hfb-above-header-display":"","ast-hfb-below-header-display":"","ast-hfb-mobile-header-display":"","site-post-title":"","ast-breadcrumbs-content":"","ast-featured-img":"","footer-sml-layout":"","ast-disable-related-posts":"","theme-transparent-header-meta":"","adv-header-id-meta":"","stick-header-meta":"","header-above-stick-meta":"","header-main-stick-meta":"","header-below-stick-meta":"","astra-migrate-meta-layouts":"default","ast-page-background-enabled":"default","ast-page-background-meta":{"desktop":{"background-color":"","background-image":"","background-repeat":"repeat","background-position":"center center","background-size":"auto","background-attachment":"scroll","background-type":"","background-media":"","overlay-type":"","overlay-color":"","overlay-opacity":"","overlay-gradient":""},"tablet":{"background-color":"","background-image":"","background-repeat":"repeat","background-position":"center center","background-size":"auto","background-attachment":"scroll","background-type":"","background-media":"","overlay-type":"","overlay-color":"","overlay-opacity":"","overlay-gradient":""},"mobile":{"background-color":"","background-image":"","background-repeat":"repeat","background-position":"center center","background-size":"auto","background-attachment":"scroll","background-type":"","background-media":"","overlay-type":"","overlay-color":"","overlay-opacity":"","overlay-gradient":""}},"ast-content-background-meta":{"desktop":{"background-color":"var(--ast-global-color-5)","background-image":"","background-repeat":"repeat","background-position":"center center","background-size":"auto","background-attachment":"scroll","background-type":"","background-media":"","overlay-type":"","overlay-color":"","overlay-opacity":"","overlay-gradient":""},"tablet":{"background-color":"var(--ast-global-color-5)","background-image":"","background-repeat":"repeat","background-position":"center center","background-size":"auto","background-attachment":"scroll","background-type":"","background-media":"","overlay-type":"","overlay-color":"","overlay-opacity":"","overlay-gradient":""},"mobile":{"background-color":"var(--ast-global-color-5)","background-image":"","background-repeat":"repeat","background-position":"center center","background-size":"auto","background-attachment":"scroll","background-type":"","background-media":"","overlay-type":"","overlay-color":"","overlay-opacity":"","overlay-gradient":""}}},"product_brand":[3285],"product_cat":[3396,3395,3750,3483,3480,3536,3481,3467,3482],"product_tag":[4365,4366,3752,4367],"class_list":{"0":"post-20659","1":"product","2":"type-product","3":"status-publish","4":"has-post-thumbnail","6":"product_brand-bont","7":"product_cat-accessories","8":"product_cat-courte-piste","9":"product_cat-equipement-de-protection-pour-le-patinage-de-vitesse","10":"product_cat-gants","11":"product_cat-gants-blancs","12":"product_cat-gants-de-patinage-de-vitesse","13":"product_cat-gants-pour-short-track","14":"product_cat-patinage-de-vitesse","15":"product_cat-protection-contre-les-coupures","16":"product_tag-blanc","17":"product_tag-gants-bont-white","18":"product_tag-gants-de-patinage-de-vitesse","19":"product_tag-gants-de-vitesse-blancs","20":"desktop-align-left","21":"tablet-align-left","22":"mobile-align-left","24":"first","25":"instock","26":"sale","27":"taxable","28":"shipping-taxable","29":"purchasable","30":"product-type-simple"},"acf":[],"_links":{"self":[{"href":"https:\/\/ztsports.com\/fr\/wp-json\/wp\/v2\/product\/20659","targetHints":{"allow":["GET"]}}],"collection":[{"href":"https:\/\/ztsports.com\/fr\/wp-json\/wp\/v2\/product"}],"about":[{"href":"https:\/\/ztsports.com\/fr\/wp-json\/wp\/v2\/types\/product"}],"replies":[{"embeddable":true,"href":"https:\/\/ztsports.com\/fr\/wp-json\/wp\/v2\/comments?post=20659"}],"version-history":[{"count":1,"href":"https:\/\/ztsports.com\/fr\/wp-json\/wp\/v2\/product\/20659\/revisions"}],"predecessor-version":[{"id":20660,"href":"https:\/\/ztsports.com\/fr\/wp-json\/wp\/v2\/product\/20659\/revisions\/20660"}],"wp:featuredmedia":[{"embeddable":true,"href":"https:\/\/ztsports.com\/fr\/wp-json\/wp\/v2\/media\/20661"}],"wp:attachment":[{"href":"https:\/\/ztsports.com\/fr\/wp-json\/wp\/v2\/media?parent=20659"}],"wp:term":[{"taxonomy":"product_brand","embeddable":true,"href":"https:\/\/ztsports.com\/fr\/wp-json\/wp\/v2\/product_brand?post=20659"},{"taxonomy":"product_cat","embeddable":true,"href":"https:\/\/ztsports.com\/fr\/wp-json\/wp\/v2\/product_cat?post=20659"},{"taxonomy":"product_tag","embeddable":true,"href":"https:\/\/ztsports.com\/fr\/wp-json\/wp\/v2\/product_tag?post=20659"}],"curies":[{"name":"wp","href":"https:\/\/api.w.org\/{rel}","templated":true}]}}