{"id":20650,"date":"2024-08-03T11:39:11","date_gmt":"2024-08-03T11:39:11","guid":{"rendered":"https:\/\/ztsports.com\/?post_type=product&#038;p=20650"},"modified":"2026-04-15T03:48:41","modified_gmt":"2026-04-15T03:48:41","slug":"bones-big-balls-reds","status":"publish","type":"product","link":"https:\/\/ztsports.com\/fr\/store\/bones-big-balls-reds\/","title":{"rendered":"BONES BIG BALLS REDS roulements 8mm paquet de 16"},"content":{"rendered":"<h2 class=\"product_title entry-title\">BONES BIG BALLS REDS roulements 8mm paquet de 16<\/h2>\n<h3>Bones Big balls Reds<\/h3>\n<p><em>BIG BALLS, <\/em>le nouveau membre de notre famille REDS. Les <em>BIG BALLS<\/em> sont con\u00e7ues pour rouler plus vite et durer plus longtemps en utilisant 6 billes 17% plus grosses, comme nos l\u00e9gendaires roulements Bones Super Swiss 6. Ces grosses boules vous permettent de rouler plus vite et de continuer \u00e0 rouler dans les salet\u00e9s qui ralentissent les petites boules. Cela fait des <em>BIG BALLS<\/em> un excellent choix pour les patineurs qui recherchent plus de vitesse et une dur\u00e9e de vie plus longue de leurs roulements. Les patineurs ont fait de la famille de roulements Bones REDS leur premier choix en raison de la qualit\u00e9 constante, de la vitesse, de la durabilit\u00e9 et de la valeur.<\/p>\n<h3>Bones Big balls Reds<\/h3>\n<p><em>BIG BALLS, <\/em>le nouveau membre de notre famille REDS. Les <em>BIG BALLS<\/em> sont con\u00e7ues pour rouler plus vite et durer plus longtemps en utilisant 6 billes 17% plus grosses, comme nos l\u00e9gendaires roulements Bones Super Swiss 6. Ces grosses boules vous permettent de rouler plus vite et de continuer \u00e0 rouler dans les salet\u00e9s qui ralentissent les petites boules. Cela fait des <em>BIG BALLS<\/em> un excellent choix pour les patineurs qui recherchent plus de vitesse et une dur\u00e9e de vie plus longue de leurs roulements. Les patineurs ont fait de la famille de roulements Bones REDS leur premier choix en raison de la qualit\u00e9 constante, de la vitesse, de la durabilit\u00e9 et de la valeur. <strong>DETAILS<\/strong><\/p>\n<ul>\n<li>Vitesse maximale plus \u00e9lev\u00e9e<\/li>\n<li>Une plus grande force<\/li>\n<li>Dur\u00e9e de vie plus longue<\/li>\n<li>Nettoyage facile<\/li>\n<li>Poids l\u00e9ger<\/li>\n<li>Skate Rated\u2122 design<\/li>\n<\/ul>\n<p><strong>SOMMAIRE<\/strong><\/p>\n<ul>\n<li>Jeu de 16 roulements<\/li>\n<li>Instructions<\/li>\n<li>Autocollant<\/li>\n<\/ul>\n<p><strong>Revue de<\/strong> presse des <a href=\"https:\/\/www.youtube.com\/watch?v=5W_xp8SHv1E\" target=\"_blank\" rel=\"noopener\"><strong>Bones Big balls Here<\/strong><\/a>. D\u00e9couvrez tous nos roulements <a href=\"https:\/\/ztsports.com\/product-category\/inline-speed-skating\/bearings\/\"><strong>roulements pour patins \u00e0 roues align\u00e9es ici.<\/strong><\/a><\/p>\n","protected":false},"excerpt":{"rendered":"<p>BONES BIG BALLS REDS roulements 8mm paquet de 16 Bones Big balls Reds BIG BALLS, le nouveau membre de notre famille REDS. Les BIG BALLS sont con\u00e7ues pour rouler plus vite et durer plus longtemps en utilisant 6 billes 17% plus grosses, comme nos l\u00e9gendaires roulements Bones Super Swiss 6. Ces grosses boules vous permettent [&hellip;]<\/p>\n","protected":false},"featured_media":20652,"comment_status":"open","ping_status":"closed","template":"","meta":{"_acf_changed":false,"_monsterinsights_skip_tracking":false,"_monsterinsights_sitenote_active":false,"_monsterinsights_sitenote_note":"","_monsterinsights_sitenote_category":0,"_uf_show_specific_survey":0,"_uf_disable_surveys":false,"site-sidebar-layout":"default","site-content-layout":"","ast-site-content-layout":"default","site-content-style":"default","site-sidebar-style":"default","ast-global-header-display":"","ast-banner-title-visibility":"","ast-main-header-display":"","ast-hfb-above-header-display":"","ast-hfb-below-header-display":"","ast-hfb-mobile-header-display":"","site-post-title":"","ast-breadcrumbs-content":"","ast-featured-img":"","footer-sml-layout":"","ast-disable-related-posts":"","theme-transparent-header-meta":"default","adv-header-id-meta":"","stick-header-meta":"","header-above-stick-meta":"","header-main-stick-meta":"","header-below-stick-meta":"","astra-migrate-meta-layouts":"set","ast-page-background-enabled":"default","ast-page-background-meta":{"desktop":{"background-color":"","background-image":"","background-repeat":"repeat","background-position":"center center","background-size":"auto","background-attachment":"scroll","background-type":"","background-media":"","overlay-type":"","overlay-color":"","overlay-opacity":"","overlay-gradient":""},"tablet":{"background-color":"","background-image":"","background-repeat":"repeat","background-position":"center center","background-size":"auto","background-attachment":"scroll","background-type":"","background-media":"","overlay-type":"","overlay-color":"","overlay-opacity":"","overlay-gradient":""},"mobile":{"background-color":"","background-image":"","background-repeat":"repeat","background-position":"center center","background-size":"auto","background-attachment":"scroll","background-type":"","background-media":"","overlay-type":"","overlay-color":"","overlay-opacity":"","overlay-gradient":""}},"ast-content-background-meta":{"desktop":{"background-color":"var(--ast-global-color-5)","background-image":"","background-repeat":"repeat","background-position":"center center","background-size":"auto","background-attachment":"scroll","background-type":"","background-media":"","overlay-type":"","overlay-color":"","overlay-opacity":"","overlay-gradient":""},"tablet":{"background-color":"var(--ast-global-color-5)","background-image":"","background-repeat":"repeat","background-position":"center center","background-size":"auto","background-attachment":"scroll","background-type":"","background-media":"","overlay-type":"","overlay-color":"","overlay-opacity":"","overlay-gradient":""},"mobile":{"background-color":"var(--ast-global-color-5)","background-image":"","background-repeat":"repeat","background-position":"center center","background-size":"auto","background-attachment":"scroll","background-type":"","background-media":"","overlay-type":"","overlay-color":"","overlay-opacity":"","overlay-gradient":""}}},"product_brand":[3284],"product_cat":[3381,3407,3409],"product_tag":[3078,3079,3080,4363,4364],"class_list":{"0":"post-20650","1":"product","2":"type-product","3":"status-publish","4":"has-post-thumbnail","6":"product_brand-bones","7":"product_cat-patinage-de-vitesse-en-ligne","8":"product_cat-roulements","9":"product_cat-roulements-et-outils","10":"product_tag-big-balls","11":"product_tag-big-balls-reds","12":"product_tag-bones","13":"product_tag-os-big-balls-reds","14":"product_tag-rouge","15":"desktop-align-left","16":"tablet-align-left","17":"mobile-align-left","19":"first","20":"instock","21":"taxable","22":"shipping-taxable","23":"purchasable","24":"product-type-simple"},"acf":[],"_links":{"self":[{"href":"https:\/\/ztsports.com\/fr\/wp-json\/wp\/v2\/product\/20650","targetHints":{"allow":["GET"]}}],"collection":[{"href":"https:\/\/ztsports.com\/fr\/wp-json\/wp\/v2\/product"}],"about":[{"href":"https:\/\/ztsports.com\/fr\/wp-json\/wp\/v2\/types\/product"}],"replies":[{"embeddable":true,"href":"https:\/\/ztsports.com\/fr\/wp-json\/wp\/v2\/comments?post=20650"}],"version-history":[{"count":2,"href":"https:\/\/ztsports.com\/fr\/wp-json\/wp\/v2\/product\/20650\/revisions"}],"predecessor-version":[{"id":25489,"href":"https:\/\/ztsports.com\/fr\/wp-json\/wp\/v2\/product\/20650\/revisions\/25489"}],"wp:featuredmedia":[{"embeddable":true,"href":"https:\/\/ztsports.com\/fr\/wp-json\/wp\/v2\/media\/20652"}],"wp:attachment":[{"href":"https:\/\/ztsports.com\/fr\/wp-json\/wp\/v2\/media?parent=20650"}],"wp:term":[{"taxonomy":"product_brand","embeddable":true,"href":"https:\/\/ztsports.com\/fr\/wp-json\/wp\/v2\/product_brand?post=20650"},{"taxonomy":"product_cat","embeddable":true,"href":"https:\/\/ztsports.com\/fr\/wp-json\/wp\/v2\/product_cat?post=20650"},{"taxonomy":"product_tag","embeddable":true,"href":"https:\/\/ztsports.com\/fr\/wp-json\/wp\/v2\/product_tag?post=20650"}],"curies":[{"name":"wp","href":"https:\/\/api.w.org\/{rel}","templated":true}]}}