{"id":20645,"date":"2021-09-23T03:09:20","date_gmt":"2021-09-23T03:09:20","guid":{"rendered":"https:\/\/ztsports.com\/?post_type=product&#038;p=20645"},"modified":"2026-02-02T19:27:17","modified_gmt":"2026-02-02T19:27:17","slug":"atom-whip-iq","status":"publish","type":"product","link":"https:\/\/ztsports.com\/fr\/store\/atom-whip-iq\/","title":{"rendered":"Atom Whip IQ Inline Wheels 100MM XFIRM"},"content":{"rendered":"<p>Atom Whip IQ Inline Wheels 100MM XFIRM Les Atom Whip IQ Inline Skate Wheels 100 sont parfaites pour les sessions de patinage de vitesse en ligne, l&#8217;entra\u00eenement et les courses en ligne.<\/p>\n<p>Skiez en toute confiance avec les roues Whip IQ Inline Skate d\u00e8s aujourd&#8217;hui. Excellente adh\u00e9rence et roulement rapide.<\/p>\n<p>Les roues Atom <strong>Matrix Inline Sk<\/strong> ate sont les roues suivantes de l&#8217;Atom One. Les roues Matrix sont un peu plus dures, avec une nouvelle formule d&#8217;ur\u00e9thane qui offre plus d&#8217;adh\u00e9rence, de roulement et de durabilit\u00e9.<\/p>\n<p>Ces roues sont con\u00e7ues pour le patinage sur route, mais certains nous ont dit qu&#8217;ils les aimaient aussi sur la piste. Taille : 100mm Couleur : Blanc avec moyeu bleu (X-Firm)<\/p>\n<p>Voir notre large s\u00e9lection de <a href=\"https:\/\/ztsports.com\/product-category\/inline-speed-skating\/wheels\/\"><strong>Roues de patinage de vitesse en ligne ici<\/strong><\/a> &gt;<\/p>\n","protected":false},"excerpt":{"rendered":"<p>Atom Whip IQ Inline Wheels 100MM XFIRM Les Atom Whip IQ Inline Skate Wheels 100 sont parfaites pour les sessions de patinage de vitesse en ligne, l&#8217;entra\u00eenement et les courses en ligne. Skiez en toute confiance avec les roues Whip IQ Inline Skate d\u00e8s aujourd&#8217;hui. Excellente adh\u00e9rence et roulement rapide. Les roues Atom Matrix Inline [&hellip;]<\/p>\n","protected":false},"featured_media":20647,"comment_status":"open","ping_status":"closed","template":"","meta":{"_acf_changed":false,"_monsterinsights_skip_tracking":false,"_monsterinsights_sitenote_active":false,"_monsterinsights_sitenote_note":"","_monsterinsights_sitenote_category":0,"_uf_show_specific_survey":0,"_uf_disable_surveys":false,"site-sidebar-layout":"default","site-content-layout":"","ast-site-content-layout":"default","site-content-style":"default","site-sidebar-style":"default","ast-global-header-display":"","ast-banner-title-visibility":"","ast-main-header-display":"","ast-hfb-above-header-display":"","ast-hfb-below-header-display":"","ast-hfb-mobile-header-display":"","site-post-title":"","ast-breadcrumbs-content":"","ast-featured-img":"","footer-sml-layout":"","ast-disable-related-posts":"","theme-transparent-header-meta":"default","adv-header-id-meta":"","stick-header-meta":"","header-above-stick-meta":"","header-main-stick-meta":"","header-below-stick-meta":"","astra-migrate-meta-layouts":"set","ast-page-background-enabled":"default","ast-page-background-meta":{"desktop":{"background-color":"","background-image":"","background-repeat":"repeat","background-position":"center center","background-size":"auto","background-attachment":"scroll","background-type":"","background-media":"","overlay-type":"","overlay-color":"","overlay-opacity":"","overlay-gradient":""},"tablet":{"background-color":"","background-image":"","background-repeat":"repeat","background-position":"center center","background-size":"auto","background-attachment":"scroll","background-type":"","background-media":"","overlay-type":"","overlay-color":"","overlay-opacity":"","overlay-gradient":""},"mobile":{"background-color":"","background-image":"","background-repeat":"repeat","background-position":"center center","background-size":"auto","background-attachment":"scroll","background-type":"","background-media":"","overlay-type":"","overlay-color":"","overlay-opacity":"","overlay-gradient":""}},"ast-content-background-meta":{"desktop":{"background-color":"var(--ast-global-color-5)","background-image":"","background-repeat":"repeat","background-position":"center center","background-size":"auto","background-attachment":"scroll","background-type":"","background-media":"","overlay-type":"","overlay-color":"","overlay-opacity":"","overlay-gradient":""},"tablet":{"background-color":"var(--ast-global-color-5)","background-image":"","background-repeat":"repeat","background-position":"center center","background-size":"auto","background-attachment":"scroll","background-type":"","background-media":"","overlay-type":"","overlay-color":"","overlay-opacity":"","overlay-gradient":""},"mobile":{"background-color":"var(--ast-global-color-5)","background-image":"","background-repeat":"repeat","background-position":"center center","background-size":"auto","background-attachment":"scroll","background-type":"","background-media":"","overlay-type":"","overlay-color":"","overlay-opacity":"","overlay-gradient":""}}},"product_brand":[3277],"product_cat":[3402,3381,3382],"product_tag":[2590,2591,3423],"class_list":{"0":"post-20645","1":"product","2":"type-product","3":"status-publish","4":"has-post-thumbnail","6":"product_brand-atom","7":"product_cat-en-ligne","8":"product_cat-patinage-de-vitesse-en-ligne","9":"product_cat-roues","10":"product_tag-100mm-xfirm","11":"product_tag-atom-whip-iq","12":"product_tag-roue-de-patin-a-roues-alignees","13":"desktop-align-left","14":"tablet-align-left","15":"mobile-align-left","17":"first","18":"outofstock","19":"taxable","20":"shipping-taxable","21":"purchasable","22":"product-type-simple"},"acf":[],"_links":{"self":[{"href":"https:\/\/ztsports.com\/fr\/wp-json\/wp\/v2\/product\/20645","targetHints":{"allow":["GET"]}}],"collection":[{"href":"https:\/\/ztsports.com\/fr\/wp-json\/wp\/v2\/product"}],"about":[{"href":"https:\/\/ztsports.com\/fr\/wp-json\/wp\/v2\/types\/product"}],"replies":[{"embeddable":true,"href":"https:\/\/ztsports.com\/fr\/wp-json\/wp\/v2\/comments?post=20645"}],"version-history":[{"count":1,"href":"https:\/\/ztsports.com\/fr\/wp-json\/wp\/v2\/product\/20645\/revisions"}],"predecessor-version":[{"id":20646,"href":"https:\/\/ztsports.com\/fr\/wp-json\/wp\/v2\/product\/20645\/revisions\/20646"}],"wp:featuredmedia":[{"embeddable":true,"href":"https:\/\/ztsports.com\/fr\/wp-json\/wp\/v2\/media\/20647"}],"wp:attachment":[{"href":"https:\/\/ztsports.com\/fr\/wp-json\/wp\/v2\/media?parent=20645"}],"wp:term":[{"taxonomy":"product_brand","embeddable":true,"href":"https:\/\/ztsports.com\/fr\/wp-json\/wp\/v2\/product_brand?post=20645"},{"taxonomy":"product_cat","embeddable":true,"href":"https:\/\/ztsports.com\/fr\/wp-json\/wp\/v2\/product_cat?post=20645"},{"taxonomy":"product_tag","embeddable":true,"href":"https:\/\/ztsports.com\/fr\/wp-json\/wp\/v2\/product_tag?post=20645"}],"curies":[{"name":"wp","href":"https:\/\/api.w.org\/{rel}","templated":true}]}}