{"id":20641,"date":"2024-07-27T14:36:59","date_gmt":"2024-07-27T14:36:59","guid":{"rendered":"https:\/\/ztsports.com\/?post_type=product&#038;p=20641"},"modified":"2026-04-15T03:46:27","modified_gmt":"2026-04-15T03:46:27","slug":"gant-de-patinage","status":"publish","type":"product","link":"https:\/\/ztsports.com\/fr\/store\/gant-de-patinage\/","title":{"rendered":"Gant de patinage en cuir pour homme avec protection Dyneema par Apogee"},"content":{"rendered":"<p>Gant de patinage en cuir pour homme avec<\/p>\n<p>Ce gant de patinage en cuir pour homme avec protection Dyneema d&#8217;Apogee vous gardera au chaud et en s\u00e9curit\u00e9. Un gant en cuir \u00e9l\u00e9gant con\u00e7u pour le patinage de vitesse sur piste courte. Gants en cuir Apogee. 100% gants en cuir de haute qualit\u00e9 ; Con\u00e7us pour le short track et le long track ; Doubl\u00e9s d&#8217;une protection tricot\u00e9e en Dyneema Gants en cuir Apogee<\/p>\n<ul>\n<li>Gants en cuir 100% haute qualit\u00e9<\/li>\n<li>Con\u00e7u pour le short-track et le long-track<\/li>\n<li>Doubl\u00e9 d&#8217;une protection tricot\u00e9e en Dyneema cut level 5<\/li>\n<li>Hommes adultes tailles 8-11<\/li>\n<\/ul>\n<p><span class=\"Y2IQFc\" lang=\"en\">Enfin voir tous les gants <a href=\"https:\/\/ztsports.com\/product-category\/protection\/gloves\/\"><strong>gants de piste<\/strong><\/a> ici.<\/span><\/p>\n","protected":false},"excerpt":{"rendered":"<p>Gant de patinage en cuir pour homme avec Ce gant de patinage en cuir pour homme avec protection Dyneema d&#8217;Apogee vous gardera au chaud et en s\u00e9curit\u00e9. Un gant en cuir \u00e9l\u00e9gant con\u00e7u pour le patinage de vitesse sur piste courte. Gants en cuir Apogee. 100% gants en cuir de haute qualit\u00e9 ; Con\u00e7us pour [&hellip;]<\/p>\n","protected":false},"featured_media":20643,"comment_status":"open","ping_status":"closed","template":"","meta":{"_acf_changed":false,"_monsterinsights_skip_tracking":false,"_monsterinsights_sitenote_active":false,"_monsterinsights_sitenote_note":"","_monsterinsights_sitenote_category":0,"_uf_show_specific_survey":0,"_uf_disable_surveys":false,"site-sidebar-layout":"default","site-content-layout":"","ast-site-content-layout":"default","site-content-style":"default","site-sidebar-style":"default","ast-global-header-display":"","ast-banner-title-visibility":"","ast-main-header-display":"","ast-hfb-above-header-display":"","ast-hfb-below-header-display":"","ast-hfb-mobile-header-display":"","site-post-title":"","ast-breadcrumbs-content":"","ast-featured-img":"","footer-sml-layout":"","ast-disable-related-posts":"","theme-transparent-header-meta":"default","adv-header-id-meta":"","stick-header-meta":"","header-above-stick-meta":"","header-main-stick-meta":"","header-below-stick-meta":"","astra-migrate-meta-layouts":"set","ast-page-background-enabled":"default","ast-page-background-meta":{"desktop":{"background-color":"","background-image":"","background-repeat":"repeat","background-position":"center center","background-size":"auto","background-attachment":"scroll","background-type":"","background-media":"","overlay-type":"","overlay-color":"","overlay-opacity":"","overlay-gradient":""},"tablet":{"background-color":"","background-image":"","background-repeat":"repeat","background-position":"center center","background-size":"auto","background-attachment":"scroll","background-type":"","background-media":"","overlay-type":"","overlay-color":"","overlay-opacity":"","overlay-gradient":""},"mobile":{"background-color":"","background-image":"","background-repeat":"repeat","background-position":"center center","background-size":"auto","background-attachment":"scroll","background-type":"","background-media":"","overlay-type":"","overlay-color":"","overlay-opacity":"","overlay-gradient":""}},"ast-content-background-meta":{"desktop":{"background-color":"var(--ast-global-color-5)","background-image":"","background-repeat":"repeat","background-position":"center center","background-size":"auto","background-attachment":"scroll","background-type":"","background-media":"","overlay-type":"","overlay-color":"","overlay-opacity":"","overlay-gradient":""},"tablet":{"background-color":"var(--ast-global-color-5)","background-image":"","background-repeat":"repeat","background-position":"center center","background-size":"auto","background-attachment":"scroll","background-type":"","background-media":"","overlay-type":"","overlay-color":"","overlay-opacity":"","overlay-gradient":""},"mobile":{"background-color":"var(--ast-global-color-5)","background-image":"","background-repeat":"repeat","background-position":"center center","background-size":"auto","background-attachment":"scroll","background-type":"","background-media":"","overlay-type":"","overlay-color":"","overlay-opacity":"","overlay-gradient":""}}},"product_brand":[3275],"product_cat":[3395,3750,3483,3481,3467],"product_tag":[4227,2268,2855,4360,1813,3427,4361,3749,3485,4362,3539,2156,3076],"class_list":{"0":"post-20641","1":"product","2":"type-product","3":"status-publish","4":"has-post-thumbnail","6":"product_brand-apogee","7":"product_cat-courte-piste","8":"product_cat-equipement-de-protection-pour-le-patinage-de-vitesse","9":"product_cat-gants","10":"product_cat-gants-pour-short-track","11":"product_cat-patinage-de-vitesse","12":"product_tag-accessoires-pour-pistes-courtes","13":"product_tag-apogee","14":"product_tag-apogee-dynamix","15":"product_tag-cuir-pour-homme","16":"product_tag-dyneema","17":"product_tag-equipement-de-patinage-de-vitesse","18":"product_tag-gant-de-patinage","19":"product_tag-gant-de-patinage-chaud","20":"product_tag-gant-de-patinage-de-vitesse","21":"product_tag-gant-de-patinage-en-cuir","22":"product_tag-gants-de-protection-pour-piste-courte","23":"product_tag-protection","24":"product_tag-short-track-gloves-apogee-leather-skating-glove-with-dyneema-protection","25":"desktop-align-left","26":"tablet-align-left","27":"mobile-align-left","29":"first","30":"instock","31":"taxable","32":"shipping-taxable","33":"purchasable","34":"product-type-simple"},"acf":[],"_links":{"self":[{"href":"https:\/\/ztsports.com\/fr\/wp-json\/wp\/v2\/product\/20641","targetHints":{"allow":["GET"]}}],"collection":[{"href":"https:\/\/ztsports.com\/fr\/wp-json\/wp\/v2\/product"}],"about":[{"href":"https:\/\/ztsports.com\/fr\/wp-json\/wp\/v2\/types\/product"}],"replies":[{"embeddable":true,"href":"https:\/\/ztsports.com\/fr\/wp-json\/wp\/v2\/comments?post=20641"}],"version-history":[{"count":1,"href":"https:\/\/ztsports.com\/fr\/wp-json\/wp\/v2\/product\/20641\/revisions"}],"predecessor-version":[{"id":20642,"href":"https:\/\/ztsports.com\/fr\/wp-json\/wp\/v2\/product\/20641\/revisions\/20642"}],"wp:featuredmedia":[{"embeddable":true,"href":"https:\/\/ztsports.com\/fr\/wp-json\/wp\/v2\/media\/20643"}],"wp:attachment":[{"href":"https:\/\/ztsports.com\/fr\/wp-json\/wp\/v2\/media?parent=20641"}],"wp:term":[{"taxonomy":"product_brand","embeddable":true,"href":"https:\/\/ztsports.com\/fr\/wp-json\/wp\/v2\/product_brand?post=20641"},{"taxonomy":"product_cat","embeddable":true,"href":"https:\/\/ztsports.com\/fr\/wp-json\/wp\/v2\/product_cat?post=20641"},{"taxonomy":"product_tag","embeddable":true,"href":"https:\/\/ztsports.com\/fr\/wp-json\/wp\/v2\/product_tag?post=20641"}],"curies":[{"name":"wp","href":"https:\/\/api.w.org\/{rel}","templated":true}]}}