{"id":20634,"date":"2024-07-26T14:17:34","date_gmt":"2024-07-26T14:17:34","guid":{"rendered":"https:\/\/ztsports.com\/?post_type=product&#038;p=20634"},"modified":"2026-04-15T03:44:20","modified_gmt":"2026-04-15T03:44:20","slug":"bandes-de-resistance-de-victory-paquet-de-3","status":"publish","type":"product","link":"https:\/\/ztsports.com\/fr\/store\/bandes-de-resistance-de-victory-paquet-de-3\/","title":{"rendered":"Bandes de r\u00e9sistance de Victory (paquet de 3)"},"content":{"rendered":"<p>Les bandes de r\u00e9sistance Victory sont vendues par paquet de 3. AUGMENTENT LA FORCE, LA FLEXIBILIT\u00c9 ET L&#8217;\u00c9QUILIBRE.<\/p>\n<ul>\n<li>Le paquet de 3 contient une r\u00e9sistance l\u00e9g\u00e8re, moyenne et forte.<\/li>\n<li>Con\u00e7u pour am\u00e9liorer la force, la flexibilit\u00e9 et l&#8217;\u00e9quilibre<\/li>\n<li>Vous aider \u00e0 vous remettre d&#8217;une blessure<\/li>\n<li>Au fur et \u00e0 mesure que votre force s&#8217;am\u00e9liore, utilisez une bande plus \u00e9paisse, puis doublez-la pour plus de r\u00e9sistance.<\/li>\n<li>Conception portable et l\u00e9g\u00e8re<\/li>\n<li>Longueur : 5&#8242; (chaque)<\/li>\n<li>Fabriqu\u00e9 en caoutchouc ultra-durable sans latex<\/li>\n<li>\n<div data-hveid=\"CBIQAQ\" data-ved=\"2ahUKEwju4cyQo8WHAxUELTQIHZG4EQsQj7gIegQIEhAB\">\n<div class=\"dnXCYb\" tabindex=\"0\" role=\"button\" aria-controls=\"_teKjZq6zM4Ta0PEPkfHGWA_47\" aria-expanded=\"true\">\n<div class=\"JlqpRe\"><span class=\"JCzEY tNxQIb\"><span class=\"CSkcDe\">Les s\u00e9ances d&#8217;entra\u00eenement avec des bandes de r\u00e9sistance sont-elles vraiment efficaces ?<\/span><\/span><\/div>\n<div class=\"p8Jhnd\">\n<div class=\"aj35ze\"><\/div>\n<\/div>\n<div class=\"L3Ezfd\" data-ved=\"2ahUKEwju4cyQo8WHAxUELTQIHZG4EQsQuk56BAgSEAI\"><\/div>\n<\/div>\n<\/div>\n<div id=\"_teKjZq6zM4Ta0PEPkfHGWA_47\" class=\"bCOlv\" data-ved=\"2ahUKEwju4cyQo8WHAxUELTQIHZG4EQsQ7NUEegQIEhAE\">\n<div class=\"IZE3Td\">\n<div class=\"r2fjmd t0bRye\" data-hveid=\"CBIQBQ\" data-ved=\"2ahUKEwju4cyQo8WHAxUELTQIHZG4EQsQu04oAHoECBIQBQ\">\n<div id=\"teKjZq6zM4Ta0PEPkfHGWA__24\">\n<div class=\"wDYxhc NFQFxe oHglmf xzPb7d\" data-md=\"32\" data-hveid=\"CF8QAA\" data-ved=\"2ahUKEwju4cyQo8WHAxUELTQIHZG4EQsQ4dMGKAB6BAhfEAA\">\n<div id=\"media_result_group\" class=\"H8O85d kno-mrg-si kno-mrg kno-swp\" data-hveid=\"CF8QAQ\">\n<div class=\"iKjSFe aUc9Gd\">\n<div data-count=\"1\" data-hveid=\"CF4QAA\">\n<div>\n<div data-ivep=\"true\">\n<div class=\"RYdNQb\" data-h=\"130\" data-nr=\"1\" data-ved=\"2ahUKEwju4cyQo8WHAxUELTQIHZG4EQsQyQ0oAHoECF4QAg\">\n<div class=\"eA0Zlc WghbWd FnEtTd ivg-i PZPZlf img-kc-m GMCzAd\" aria-hidden=\"true\" data-attrid=\"image\" data-docid=\"pnBz0UAXJFew4M\" data-ivep=\"true\" data-lpage=\"https:\/\/www.onepeloton.com\/blog\/resistance-band-workouts\/\" data-ni=\"1\" data-ref-docid=\"tJHzsrltlcxqgM\" data-hveid=\"CF0QAA\" data-ved=\"2ahUKEwju4cyQo8WHAxUELTQIHZG4EQsQzkx6BAhdEAA\">\n<div>\n<div class=\"XOEbc\" tabindex=\"0\" role=\"button\">\n<div>\n<div class=\"uhHOwf BYbUcd\" data-bla=\"\"><img decoding=\"async\" src=\"https:\/\/encrypted-tbn0.gstatic.com\/images?q=tbn:ANd9GcSJT1ztlCV9Ytqmr3fQaYjoqldr2CQvosKxnaaK1IaBVg&amp;s\" alt=\"Les s\u00e9ances d'entra\u00eenement avec des bandes de r\u00e9sistance sont-elles efficaces ?\" data-ilt=\"1722016451388\" \/><\/div>\n<\/div>\n<\/div>\n<div class=\"BfmEZb\"><\/div>\n<\/div>\n<\/div>\n<\/div>\n<\/div>\n<\/div>\n<\/div>\n<\/div>\n<\/div>\n<\/div>\n<\/div>\n<div id=\"teKjZq6zM4Ta0PEPkfHGWA__27\">\n<div class=\"wDYxhc\" data-md=\"61\">\n<div class=\"LGOjhe\" role=\"heading\" data-attrid=\"wa:\/description\" aria-level=\"3\" data-hveid=\"CFgQAA\"><span class=\"ILfuVd\" lang=\"en\"><span class=\"hgKElc\"><b>Une \u00e9tude a montr\u00e9 que chez les participants ayant un objectif de perte de poids, les bandes de r\u00e9sistance peuvent \u00eatre plus efficaces que les poids libres et les exercices au poids du corps<\/b>. D&#8217;autres \u00e9tudes ont montr\u00e9 que les personnes \u00e2g\u00e9es souffrant de probl\u00e8mes articulaires (comme l&#8217;arthrite) peuvent b\u00e9n\u00e9ficier de l&#8217;entra\u00eenement avec des bandes de r\u00e9sistance pour renforcer leur force et r\u00e9duire la douleur. <\/span><\/span><\/div>\n<div role=\"heading\" data-attrid=\"wa:\/description\" aria-level=\"3\" data-hveid=\"CFgQAA\">Une vid\u00e9o d&#8217;une <strong><a href=\"https:\/\/www.youtube.com\/watch?v=9qqnYOcSpY8&amp;t=23s\" target=\"_blank\" rel=\"noopener\">s\u00e9ance d&#8217;entra\u00eenement pour le corps entier utilisant vos<\/a> bandes de r\u00e9sistance est disponible ici<\/strong>.<\/div>\n<\/div>\n<\/div>\n<div role=\"heading\" data-attrid=\"wa:\/description\" aria-level=\"3\" data-hveid=\"CFgQAA\">Consultez notre large s\u00e9lection de livres et d&#8217;aides \u00e0 la formation <a href=\"https:\/\/ztsports.com\/product-category\/accessories\/training-aids\/\"><strong>aides \u00e0 la formation ici<\/strong><\/a>.<\/div>\n<\/div>\n<\/div>\n<\/div>\n<\/li>\n<\/ul>\n","protected":false},"excerpt":{"rendered":"<p>Les bandes de r\u00e9sistance Victory sont vendues par paquet de 3. AUGMENTENT LA FORCE, LA FLEXIBILIT\u00c9 ET L&#8217;\u00c9QUILIBRE. Le paquet de 3 contient une r\u00e9sistance l\u00e9g\u00e8re, moyenne et forte. Con\u00e7u pour am\u00e9liorer la force, la flexibilit\u00e9 et l&#8217;\u00e9quilibre Vous aider \u00e0 vous remettre d&#8217;une blessure Au fur et \u00e0 mesure que votre force s&#8217;am\u00e9liore, utilisez [&hellip;]<\/p>\n","protected":false},"featured_media":20636,"comment_status":"open","ping_status":"closed","template":"","meta":{"_acf_changed":false,"_monsterinsights_skip_tracking":false,"_monsterinsights_sitenote_active":false,"_monsterinsights_sitenote_note":"","_monsterinsights_sitenote_category":0,"_uf_show_specific_survey":0,"_uf_disable_surveys":false,"site-sidebar-layout":"default","site-content-layout":"","ast-site-content-layout":"default","site-content-style":"default","site-sidebar-style":"default","ast-global-header-display":"","ast-banner-title-visibility":"","ast-main-header-display":"","ast-hfb-above-header-display":"","ast-hfb-below-header-display":"","ast-hfb-mobile-header-display":"","site-post-title":"","ast-breadcrumbs-content":"","ast-featured-img":"","footer-sml-layout":"","ast-disable-related-posts":"","theme-transparent-header-meta":"default","adv-header-id-meta":"","stick-header-meta":"","header-above-stick-meta":"","header-main-stick-meta":"","header-below-stick-meta":"","astra-migrate-meta-layouts":"set","ast-page-background-enabled":"default","ast-page-background-meta":{"desktop":{"background-color":"","background-image":"","background-repeat":"repeat","background-position":"center center","background-size":"auto","background-attachment":"scroll","background-type":"","background-media":"","overlay-type":"","overlay-color":"","overlay-opacity":"","overlay-gradient":""},"tablet":{"background-color":"","background-image":"","background-repeat":"repeat","background-position":"center center","background-size":"auto","background-attachment":"scroll","background-type":"","background-media":"","overlay-type":"","overlay-color":"","overlay-opacity":"","overlay-gradient":""},"mobile":{"background-color":"","background-image":"","background-repeat":"repeat","background-position":"center center","background-size":"auto","background-attachment":"scroll","background-type":"","background-media":"","overlay-type":"","overlay-color":"","overlay-opacity":"","overlay-gradient":""}},"ast-content-background-meta":{"desktop":{"background-color":"var(--ast-global-color-5)","background-image":"","background-repeat":"repeat","background-position":"center center","background-size":"auto","background-attachment":"scroll","background-type":"","background-media":"","overlay-type":"","overlay-color":"","overlay-opacity":"","overlay-gradient":""},"tablet":{"background-color":"var(--ast-global-color-5)","background-image":"","background-repeat":"repeat","background-position":"center center","background-size":"auto","background-attachment":"scroll","background-type":"","background-media":"","overlay-type":"","overlay-color":"","overlay-opacity":"","overlay-gradient":""},"mobile":{"background-color":"var(--ast-global-color-5)","background-image":"","background-repeat":"repeat","background-position":"center center","background-size":"auto","background-attachment":"scroll","background-type":"","background-media":"","overlay-type":"","overlay-color":"","overlay-opacity":"","overlay-gradient":""}}},"product_brand":[3355],"product_cat":[3874,3553,3879,3664],"product_tag":[4355,4356,3557,4357,4358,4359],"class_list":{"0":"post-20634","1":"product","2":"type-product","3":"status-publish","4":"has-post-thumbnail","6":"product_brand-victory","7":"product_cat-accessories","8":"product_cat-aides-a-lentrainement-et-a-la-formation","9":"product_cat-aides-a-la-formation","10":"product_cat-livres-et-manuels-de-formation","11":"product_tag-augmenter-la-force","12":"product_tag-bandes-de-resistance","13":"product_tag-entrainement-croise","14":"product_tag-equilibre","15":"product_tag-flexibilite","16":"product_tag-victoire","17":"desktop-align-left","18":"tablet-align-left","19":"mobile-align-left","21":"first","22":"instock","23":"taxable","24":"shipping-taxable","25":"purchasable","26":"product-type-simple"},"acf":[],"_links":{"self":[{"href":"https:\/\/ztsports.com\/fr\/wp-json\/wp\/v2\/product\/20634","targetHints":{"allow":["GET"]}}],"collection":[{"href":"https:\/\/ztsports.com\/fr\/wp-json\/wp\/v2\/product"}],"about":[{"href":"https:\/\/ztsports.com\/fr\/wp-json\/wp\/v2\/types\/product"}],"replies":[{"embeddable":true,"href":"https:\/\/ztsports.com\/fr\/wp-json\/wp\/v2\/comments?post=20634"}],"version-history":[{"count":1,"href":"https:\/\/ztsports.com\/fr\/wp-json\/wp\/v2\/product\/20634\/revisions"}],"predecessor-version":[{"id":20635,"href":"https:\/\/ztsports.com\/fr\/wp-json\/wp\/v2\/product\/20634\/revisions\/20635"}],"wp:featuredmedia":[{"embeddable":true,"href":"https:\/\/ztsports.com\/fr\/wp-json\/wp\/v2\/media\/20636"}],"wp:attachment":[{"href":"https:\/\/ztsports.com\/fr\/wp-json\/wp\/v2\/media?parent=20634"}],"wp:term":[{"taxonomy":"product_brand","embeddable":true,"href":"https:\/\/ztsports.com\/fr\/wp-json\/wp\/v2\/product_brand?post=20634"},{"taxonomy":"product_cat","embeddable":true,"href":"https:\/\/ztsports.com\/fr\/wp-json\/wp\/v2\/product_cat?post=20634"},{"taxonomy":"product_tag","embeddable":true,"href":"https:\/\/ztsports.com\/fr\/wp-json\/wp\/v2\/product_tag?post=20634"}],"curies":[{"name":"wp","href":"https:\/\/api.w.org\/{rel}","templated":true}]}}