{"id":20630,"date":"2021-12-30T07:38:02","date_gmt":"2021-12-30T07:38:02","guid":{"rendered":"https:\/\/ztsports.com\/?post_type=product&#038;p=20630"},"modified":"2026-02-02T19:21:44","modified_gmt":"2026-02-02T19:21:44","slug":"gants-auclair-st-kevlar","status":"publish","type":"product","link":"https:\/\/ztsports.com\/fr\/store\/gants-auclair-st-kevlar\/","title":{"rendered":"GANTS AUCLAIR ST KEVLAR Jeunesse"},"content":{"rendered":"<h1>GANTS AUCLAIR ST KEVLAR pour les jeunes<\/h1>\n<p>GANTS AUCLAIR ST KEVLAR<\/p>\n<p>Les gants en kevlar AUCLAIR ST offrent une protection totale contre les coupures. Kit souple Paumes en cuir. Tailles jeunes Small ou Med uniquement.<\/p>\n<div class=\"et_pb_row et_pb_row_3 et_pb_row_3-4_1-4\">\n<div class=\"et_pb_column et_pb_column_3_4 et_pb_column_5 et_pb_css_mix_blend_mode_passthrough\">\n<div class=\"et_pb_module et_pb_text et_pb_text_3 et_pb_text_align_left et_pb_bg_layout_light\">\n<div class=\"et_pb_text_inner\">\n<h4 class=\"h-feature-headline h6\">GANTS ANTI-COUPURES<\/h4>\n<p><strong>Pourquoi : <\/strong>pour \u00e9viter les coupures et les piq\u00fbres de lames sur les mains. <strong><em>Des gants complets en mat\u00e9riau r\u00e9sistant aux coupures<\/em><\/strong> avec manchette doivent \u00eatre port\u00e9s en permanence lors de la pratique du patinage. Toutes les surfaces du gant doivent \u00eatre fabriqu\u00e9es dans un mat\u00e9riau r\u00e9sistant \u00e0 la coupure, y compris les paumes, les c\u00f4t\u00e9s, les dessus, les doigts et les poignets. Les <strong>mat\u00e9riaux r\u00e9sistants \u00e0 la coupure appropri\u00e9s<\/strong> sont les suivants<\/p>\n<ul>\n<li>M\u00e9lange de Kevlar (minimum 12%) Nylon et\/ou spandex ou mat\u00e9riau similaire. Les gants en cuir doubl\u00e9s de Kevlar offrent la meilleure protection.<\/li>\n<li>Dyneema m\u00e9lang\u00e9 Nylon et\/ou spandex ou mat\u00e9riaux similaires<\/li>\n<li>Cuir moyen \u00e0 \u00e9pais<\/li>\n<li>Autre mat\u00e9riel r\u00e9sistant aux coupures approuv\u00e9 par Patinage de vitesse Canada<\/li>\n<\/ul>\n<p>Voici quelques exemples de gants qui <strong>ne sont pas (suffisamment) r\u00e9sistants aux coupures<\/strong>:<\/p>\n<ul>\n<li>gants en laine<\/li>\n<li>gants en coton<\/li>\n<li>gants en nylon<\/li>\n<li>gants de baseball<\/li>\n<li>gants de golf<\/li>\n<li>gants de ski\/hiver en cuir fin<\/li>\n<li>gants de ski\/hiver non en cuir<\/li>\n<li>gants de gardien de but de football en cuir<\/li>\n<\/ul>\n<\/div>\n<\/div>\n<\/div>\n<div class=\"et_pb_column et_pb_column_1_4 et_pb_column_6 et_pb_css_mix_blend_mode_passthrough et-last-child\">\n<div class=\"et_pb_module et_pb_image et_pb_image_1\"><\/div>\n<\/div>\n<\/div>\n<p><strong>Retrouvez tous nos <a href=\"https:\/\/ztsports.com\/product-category\/protection\/gloves\/\">gants St Glove pour jeunes et adultes<\/a> ici.<\/strong><\/p>\n","protected":false},"excerpt":{"rendered":"<p>GANTS AUCLAIR ST KEVLAR pour les jeunes GANTS AUCLAIR ST KEVLAR Les gants en kevlar AUCLAIR ST offrent une protection totale contre les coupures. Kit souple Paumes en cuir. Tailles jeunes Small ou Med uniquement. GANTS ANTI-COUPURES Pourquoi : pour \u00e9viter les coupures et les piq\u00fbres de lames sur les mains. Des gants complets en [&hellip;]<\/p>\n","protected":false},"featured_media":20632,"comment_status":"open","ping_status":"closed","template":"","meta":{"_acf_changed":false,"_monsterinsights_skip_tracking":false,"_monsterinsights_sitenote_active":false,"_monsterinsights_sitenote_note":"","_monsterinsights_sitenote_category":0,"_uf_show_specific_survey":0,"_uf_disable_surveys":false,"site-sidebar-layout":"default","site-content-layout":"","ast-site-content-layout":"default","site-content-style":"default","site-sidebar-style":"default","ast-global-header-display":"","ast-banner-title-visibility":"","ast-main-header-display":"","ast-hfb-above-header-display":"","ast-hfb-below-header-display":"","ast-hfb-mobile-header-display":"","site-post-title":"","ast-breadcrumbs-content":"","ast-featured-img":"","footer-sml-layout":"","ast-disable-related-posts":"","theme-transparent-header-meta":"default","adv-header-id-meta":"","stick-header-meta":"","header-above-stick-meta":"","header-main-stick-meta":"","header-below-stick-meta":"","astra-migrate-meta-layouts":"set","ast-page-background-enabled":"default","ast-page-background-meta":{"desktop":{"background-color":"","background-image":"","background-repeat":"repeat","background-position":"center center","background-size":"auto","background-attachment":"scroll","background-type":"","background-media":"","overlay-type":"","overlay-color":"","overlay-opacity":"","overlay-gradient":""},"tablet":{"background-color":"","background-image":"","background-repeat":"repeat","background-position":"center center","background-size":"auto","background-attachment":"scroll","background-type":"","background-media":"","overlay-type":"","overlay-color":"","overlay-opacity":"","overlay-gradient":""},"mobile":{"background-color":"","background-image":"","background-repeat":"repeat","background-position":"center center","background-size":"auto","background-attachment":"scroll","background-type":"","background-media":"","overlay-type":"","overlay-color":"","overlay-opacity":"","overlay-gradient":""}},"ast-content-background-meta":{"desktop":{"background-color":"var(--ast-global-color-5)","background-image":"","background-repeat":"repeat","background-position":"center center","background-size":"auto","background-attachment":"scroll","background-type":"","background-media":"","overlay-type":"","overlay-color":"","overlay-opacity":"","overlay-gradient":""},"tablet":{"background-color":"var(--ast-global-color-5)","background-image":"","background-repeat":"repeat","background-position":"center center","background-size":"auto","background-attachment":"scroll","background-type":"","background-media":"","overlay-type":"","overlay-color":"","overlay-opacity":"","overlay-gradient":""},"mobile":{"background-color":"var(--ast-global-color-5)","background-image":"","background-repeat":"repeat","background-position":"center center","background-size":"auto","background-attachment":"scroll","background-type":"","background-media":"","overlay-type":"","overlay-color":"","overlay-opacity":"","overlay-gradient":""}}},"product_brand":[3278],"product_cat":[3483,3536,3481,3467],"product_tag":[2629,3532,4354,3487],"class_list":{"0":"post-20630","1":"product","2":"type-product","3":"status-publish","4":"has-post-thumbnail","6":"product_brand-auclair","7":"product_cat-gants","8":"product_cat-gants-de-patinage-de-vitesse","9":"product_cat-gants-pour-short-track","10":"product_cat-patinage-de-vitesse","11":"product_tag-auclair-st","12":"product_tag-gant-de-patinage-anti-coupure","13":"product_tag-gants-kevlar","14":"product_tag-protection-contre-les-coupures","15":"desktop-align-left","16":"tablet-align-left","17":"mobile-align-left","19":"first","20":"instock","21":"sale","22":"taxable","23":"shipping-taxable","24":"purchasable","25":"product-type-simple"},"acf":[],"_links":{"self":[{"href":"https:\/\/ztsports.com\/fr\/wp-json\/wp\/v2\/product\/20630","targetHints":{"allow":["GET"]}}],"collection":[{"href":"https:\/\/ztsports.com\/fr\/wp-json\/wp\/v2\/product"}],"about":[{"href":"https:\/\/ztsports.com\/fr\/wp-json\/wp\/v2\/types\/product"}],"replies":[{"embeddable":true,"href":"https:\/\/ztsports.com\/fr\/wp-json\/wp\/v2\/comments?post=20630"}],"version-history":[{"count":1,"href":"https:\/\/ztsports.com\/fr\/wp-json\/wp\/v2\/product\/20630\/revisions"}],"predecessor-version":[{"id":20631,"href":"https:\/\/ztsports.com\/fr\/wp-json\/wp\/v2\/product\/20630\/revisions\/20631"}],"wp:featuredmedia":[{"embeddable":true,"href":"https:\/\/ztsports.com\/fr\/wp-json\/wp\/v2\/media\/20632"}],"wp:attachment":[{"href":"https:\/\/ztsports.com\/fr\/wp-json\/wp\/v2\/media?parent=20630"}],"wp:term":[{"taxonomy":"product_brand","embeddable":true,"href":"https:\/\/ztsports.com\/fr\/wp-json\/wp\/v2\/product_brand?post=20630"},{"taxonomy":"product_cat","embeddable":true,"href":"https:\/\/ztsports.com\/fr\/wp-json\/wp\/v2\/product_cat?post=20630"},{"taxonomy":"product_tag","embeddable":true,"href":"https:\/\/ztsports.com\/fr\/wp-json\/wp\/v2\/product_tag?post=20630"}],"curies":[{"name":"wp","href":"https:\/\/api.w.org\/{rel}","templated":true}]}}