{"id":20620,"date":"2021-12-30T11:43:38","date_gmt":"2021-12-30T11:43:38","guid":{"rendered":"https:\/\/ztsports.com\/?post_type=product&#038;p=20620"},"modified":"2026-02-02T19:19:53","modified_gmt":"2026-02-02T19:19:53","slug":"couverts-de-lame-bont","status":"publish","type":"product","link":"https:\/\/ztsports.com\/fr\/store\/couverts-de-lame-bont\/","title":{"rendered":"BONT BLADE COUVERTS et Soaker pour toutes les lames de skate"},"content":{"rendered":"<h1>COUVERTS DE LAME BONT et Soaker<\/h1>\n<p>Les housses de lames et les serviettes Bont sont fabriqu\u00e9es en microfibre et doubl\u00e9es de coton pour l&#8217;absorption de l&#8217;eau.<\/p>\n<p>L&#8217;essuie-lames Bont garde vos lames bien au sec et emp\u00eache la rouille de se former sur vos lames lorsque vous ne les utilisez pas. Ils conviennent aux patins de vitesse sur glace courte piste et aux patins de vitesse sur glace longue piste. <\/p>\n<p>Les trempes sont disponibles en deux tailles par couleur. <strong>42 cm <\/strong> pour les lames de 13 \u00e0 16 pouces et <strong>47 cm<\/strong> pour les lames de 16,5 \u00e0 18 pouces.<\/p>\n<p>Le mat\u00e9riau est une microfibre ext\u00e9rieure avec une doublure \u00e9paisse en coton absorbant. Les suceurs \u00e0 lame de glace sont disponibles en six couleurs : noir, blanc brillant, rouge brillant, bleu nuit, bleu gamma et lilas. <\/p>\n<p>Protection de la lame<\/p>\n<p>Les nouveaux soakers sont fabriqu\u00e9s en microfibre et doubl\u00e9s de coton pour l&#8217;absorption de l&#8217;eau.<\/p>\n<p>Une pochette transparente est cousue \u00e0 l&#8217;une des extr\u00e9mit\u00e9s \u00e0 des fins d&#8217;identification.<\/p>\n<div data-hveid=\"CFMQAQ\" data-ved=\"2ahUKEwis6qXFjemLAxXMDjQIHQ6RLj8Qj7gIegQIUxAB\">\n<div class=\"dnXCYb\" tabindex=\"0\" role=\"button\" aria-controls=\"_YxvDZ-ysGMyd0PEPjqK6-QM_123\" aria-expanded=\"true\">\n<h4 class=\"JlqpRe\"><strong><span class=\"JCzEY tNxQIb\"><span class=\"CSkcDe\">Est-il n\u00e9cessaire d&#8217;utiliser des trempes \u00e0 lame ?<\/span><\/span><\/strong><\/h4>\n<\/div>\n<\/div>\n<div id=\"_YxvDZ-ysGMyd0PEPjqK6-QM_123\" class=\"bCOlv\" data-ved=\"2ahUKEwis6qXFjemLAxXMDjQIHQ6RLj8Q7NUEegQIUxAE\">\n<div class=\"IZE3Td\">\n<div class=\"r2fjmd t0bRye Sbgr0\" data-hveid=\"CFMQBQ\" data-ved=\"2ahUKEwis6qXFjemLAxXMDjQIHQ6RLj8Qu04oAHoECFMQBQ\">\n<div id=\"YxvDZ-ysGMyd0PEPjqK6-QM__79\">\n<div class=\"wDYxhc\" data-md=\"61\">\n<div class=\"LGOjhe\" data-attrid=\"wa:\/description\" data-hveid=\"CFAQAA\"><span class=\"ILfuVd\" lang=\"en\"><span class=\"hgKElc\">Lorsque vous quittez la patinoire, vos lames m\u00e9talliques froides se couvrent de condensation lorsqu&#8217;elles rencontrent l&#8217;air plus chaud. Les trempes sont n\u00e9cessaires pour absorber cette condensation afin que vos lames ne rouillent pas. <\/span><\/span><\/div>\n<\/div>\n<\/div>\n<\/div>\n<\/div>\n<\/div>\n<p>En plus des nombreuses couleurs, il est disponible en deux (2) tailles.<\/p>\n<p><strong>Noir, blanc brillant, rouge brillant, bleu nuit, bleu gamma et lilas<\/strong><\/p>\n<p><strong>42cm<\/strong> pour les lames de <strong>13&#8243;-16\u2033<\/strong>.<\/p>\n<p><strong>47cm<\/strong> pour les lames de <strong>16.5&#8243;- 18\u2033<\/strong>.<\/p>\n<p>Enfin, vous pouvez trouver tous nos <a href=\"https:\/\/ztsports.com\/categorie-produit\/protection-de-la-lame-fr-2\/?lang=fr\"><strong>produits de protection des lames<\/strong> <\/a>ici.<\/p>\n","protected":false},"excerpt":{"rendered":"<p>COUVERTS DE LAME BONT et Soaker Les housses de lames et les serviettes Bont sont fabriqu\u00e9es en microfibre et doubl\u00e9es de coton pour l&#8217;absorption de l&#8217;eau. L&#8217;essuie-lames Bont garde vos lames bien au sec et emp\u00eache la rouille de se former sur vos lames lorsque vous ne les utilisez pas. Ils conviennent aux patins de [&hellip;]<\/p>\n","protected":false},"featured_media":20622,"comment_status":"open","ping_status":"closed","template":"","meta":{"_acf_changed":false,"_monsterinsights_skip_tracking":false,"_monsterinsights_sitenote_active":false,"_monsterinsights_sitenote_note":"","_monsterinsights_sitenote_category":0,"_uf_show_specific_survey":0,"_uf_disable_surveys":false,"site-sidebar-layout":"default","site-content-layout":"","ast-site-content-layout":"default","site-content-style":"default","site-sidebar-style":"default","ast-global-header-display":"","ast-banner-title-visibility":"","ast-main-header-display":"","ast-hfb-above-header-display":"","ast-hfb-below-header-display":"","ast-hfb-mobile-header-display":"","site-post-title":"","ast-breadcrumbs-content":"","ast-featured-img":"","footer-sml-layout":"","ast-disable-related-posts":"","theme-transparent-header-meta":"default","adv-header-id-meta":"","stick-header-meta":"","header-above-stick-meta":"","header-main-stick-meta":"","header-below-stick-meta":"","astra-migrate-meta-layouts":"set","ast-page-background-enabled":"default","ast-page-background-meta":{"desktop":{"background-color":"","background-image":"","background-repeat":"repeat","background-position":"center center","background-size":"auto","background-attachment":"scroll","background-type":"","background-media":"","overlay-type":"","overlay-color":"","overlay-opacity":"","overlay-gradient":""},"tablet":{"background-color":"","background-image":"","background-repeat":"repeat","background-position":"center center","background-size":"auto","background-attachment":"scroll","background-type":"","background-media":"","overlay-type":"","overlay-color":"","overlay-opacity":"","overlay-gradient":""},"mobile":{"background-color":"","background-image":"","background-repeat":"repeat","background-position":"center center","background-size":"auto","background-attachment":"scroll","background-type":"","background-media":"","overlay-type":"","overlay-color":"","overlay-opacity":"","overlay-gradient":""}},"ast-content-background-meta":{"desktop":{"background-color":"var(--ast-global-color-5)","background-image":"","background-repeat":"repeat","background-position":"center center","background-size":"auto","background-attachment":"scroll","background-type":"","background-media":"","overlay-type":"","overlay-color":"","overlay-opacity":"","overlay-gradient":""},"tablet":{"background-color":"var(--ast-global-color-5)","background-image":"","background-repeat":"repeat","background-position":"center center","background-size":"auto","background-attachment":"scroll","background-type":"","background-media":"","overlay-type":"","overlay-color":"","overlay-opacity":"","overlay-gradient":""},"mobile":{"background-color":"var(--ast-global-color-5)","background-image":"","background-repeat":"repeat","background-position":"center center","background-size":"auto","background-attachment":"scroll","background-type":"","background-media":"","overlay-type":"","overlay-color":"","overlay-opacity":"","overlay-gradient":""}}},"product_brand":[3285],"product_cat":[3389,3391,3479,3392,3878,3572,3395,3508,3390,3501,3502,3877,3507,3504],"product_tag":[4047,4129,4351,4352,4353,3506,4096,4219,2384],"class_list":{"0":"post-20620","1":"product","2":"type-product","3":"status-publish","4":"has-post-thumbnail","6":"product_brand-bont","7":"product_cat-accessoires-longue-piste","8":"product_cat-accessoires-pour-la-longue-piste","9":"product_cat-accessoires-pour-le-short-track","10":"product_cat-accessoires-short-track","11":"product_cat-cadeaux","12":"product_cat-cadeaux-pour-patineurs","13":"product_cat-courte-piste","14":"product_cat-lame","15":"product_cat-longue-piste","16":"product_cat-protection-de-la-lame","19":"product_cat-protections-et-trempeurs-pour-patins","20":"product_cat-soigneurs-de-lames","21":"product_tag-chaussettes-a-lame","22":"product_tag-couvercles-de-lames","23":"product_tag-couvercles-de-lames-bont","24":"product_tag-couvertures-de-lames-en-vinyle-bont","25":"product_tag-couvertures-des-lames-de-vinyle","26":"product_tag-protecteur-de-lame-en-vinyle","27":"product_tag-protege-lame","28":"product_tag-trempes","29":"product_tag-woofies","30":"desktop-align-left","31":"tablet-align-left","32":"mobile-align-left","34":"first","35":"instock","36":"taxable","37":"shipping-taxable","38":"purchasable","39":"product-type-simple"},"acf":[],"_links":{"self":[{"href":"https:\/\/ztsports.com\/fr\/wp-json\/wp\/v2\/product\/20620","targetHints":{"allow":["GET"]}}],"collection":[{"href":"https:\/\/ztsports.com\/fr\/wp-json\/wp\/v2\/product"}],"about":[{"href":"https:\/\/ztsports.com\/fr\/wp-json\/wp\/v2\/types\/product"}],"replies":[{"embeddable":true,"href":"https:\/\/ztsports.com\/fr\/wp-json\/wp\/v2\/comments?post=20620"}],"version-history":[{"count":1,"href":"https:\/\/ztsports.com\/fr\/wp-json\/wp\/v2\/product\/20620\/revisions"}],"predecessor-version":[{"id":20621,"href":"https:\/\/ztsports.com\/fr\/wp-json\/wp\/v2\/product\/20620\/revisions\/20621"}],"wp:featuredmedia":[{"embeddable":true,"href":"https:\/\/ztsports.com\/fr\/wp-json\/wp\/v2\/media\/20622"}],"wp:attachment":[{"href":"https:\/\/ztsports.com\/fr\/wp-json\/wp\/v2\/media?parent=20620"}],"wp:term":[{"taxonomy":"product_brand","embeddable":true,"href":"https:\/\/ztsports.com\/fr\/wp-json\/wp\/v2\/product_brand?post=20620"},{"taxonomy":"product_cat","embeddable":true,"href":"https:\/\/ztsports.com\/fr\/wp-json\/wp\/v2\/product_cat?post=20620"},{"taxonomy":"product_tag","embeddable":true,"href":"https:\/\/ztsports.com\/fr\/wp-json\/wp\/v2\/product_tag?post=20620"}],"curies":[{"name":"wp","href":"https:\/\/api.w.org\/{rel}","templated":true}]}}