{"id":20613,"date":"2024-07-16T14:24:11","date_gmt":"2024-07-16T14:24:11","guid":{"rendered":"https:\/\/ztsports.com\/?post_type=product&#038;p=20613"},"modified":"2026-04-15T03:42:32","modified_gmt":"2026-04-15T03:42:32","slug":"semelles-bont-pu","status":"publish","type":"product","link":"https:\/\/ztsports.com\/fr\/store\/semelles-bont-pu\/","title":{"rendered":"Semelles BONT PU"},"content":{"rendered":"<h1>Semelles BONT PU<\/h1>\n<p>Les semelles int\u00e9rieures Bont Skate sont fabriqu\u00e9es en EVA thermo-moulable. Elles sont confortables et fines, de sorte qu&#8217;elles ne prennent pas trop de place dans votre botte. Les bords sont incurv\u00e9s et fins afin d&#8217;assurer une transition parfaite entre la semelle int\u00e9rieure et le chausson de votre botte.<\/p>\n<p>Convient aux patins \u00e0 roues align\u00e9es, aux patins \u00e0 roulettes, aux patins \u00e0 glace et aux patins de roller derby. Les <em>semelles<\/em> <em>Bont<\/em> Skate <em>Insoles<\/em> sont le moyen id\u00e9al d&#8217;am\u00e9liorer le confort et les performances de vos patins \u00e0 roulettes.<\/p>\n<p>Ces <em>semelles de<\/em> haute qualit\u00e9 sont con\u00e7ues pour offrir un confort et un ajustement sup\u00e9rieurs. La <em>semelle int\u00e9rieure en PU<\/em> offre un excellent amorti, r\u00e9duisant l&#8217;impact sur vos pieds lors des sessions de patinage intenses.<\/p>\n<h5 dir=\"ltr\" data-placeholder=\"Translation\"><strong><em>VEUILLEZ PR\u00c9CISER LA TAILLE DANS LA CASE COMMENTAIRE LORSQUE VOUS PASSEZ VOTRE COMMANDE.<\/em><\/strong><\/h5>\n<p>Avertissement : Retirez les semelles int\u00e9rieures avant le moulage \u00e0 chaud car elles se d\u00e9forment\/r\u00e9tr\u00e9cissent \u00e0 des temp\u00e9ratures sup\u00e9rieures \u00e0 85\u00b0C.<\/p>\n","protected":false},"excerpt":{"rendered":"<p>Semelles BONT PU Les semelles int\u00e9rieures Bont Skate sont fabriqu\u00e9es en EVA thermo-moulable. Elles sont confortables et fines, de sorte qu&#8217;elles ne prennent pas trop de place dans votre botte. Les bords sont incurv\u00e9s et fins afin d&#8217;assurer une transition parfaite entre la semelle int\u00e9rieure et le chausson de votre botte. Convient aux patins \u00e0 [&hellip;]<\/p>\n","protected":false},"featured_media":20615,"comment_status":"open","ping_status":"closed","template":"","meta":{"_acf_changed":false,"_monsterinsights_skip_tracking":false,"_monsterinsights_sitenote_active":false,"_monsterinsights_sitenote_note":"","_monsterinsights_sitenote_category":0,"_uf_show_specific_survey":0,"_uf_disable_surveys":false,"site-sidebar-layout":"default","site-content-layout":"","ast-site-content-layout":"default","site-content-style":"default","site-sidebar-style":"default","ast-global-header-display":"","ast-banner-title-visibility":"","ast-main-header-display":"","ast-hfb-above-header-display":"","ast-hfb-below-header-display":"","ast-hfb-mobile-header-display":"","site-post-title":"","ast-breadcrumbs-content":"","ast-featured-img":"","footer-sml-layout":"","ast-disable-related-posts":"","theme-transparent-header-meta":"default","adv-header-id-meta":"","stick-header-meta":"","header-above-stick-meta":"","header-main-stick-meta":"","header-below-stick-meta":"","astra-migrate-meta-layouts":"set","ast-page-background-enabled":"default","ast-page-background-meta":{"desktop":{"background-color":"","background-image":"","background-repeat":"repeat","background-position":"center center","background-size":"auto","background-attachment":"scroll","background-type":"","background-media":"","overlay-type":"","overlay-color":"","overlay-opacity":"","overlay-gradient":""},"tablet":{"background-color":"","background-image":"","background-repeat":"repeat","background-position":"center center","background-size":"auto","background-attachment":"scroll","background-type":"","background-media":"","overlay-type":"","overlay-color":"","overlay-opacity":"","overlay-gradient":""},"mobile":{"background-color":"","background-image":"","background-repeat":"repeat","background-position":"center center","background-size":"auto","background-attachment":"scroll","background-type":"","background-media":"","overlay-type":"","overlay-color":"","overlay-opacity":"","overlay-gradient":""}},"ast-content-background-meta":{"desktop":{"background-color":"var(--ast-global-color-5)","background-image":"","background-repeat":"repeat","background-position":"center center","background-size":"auto","background-attachment":"scroll","background-type":"","background-media":"","overlay-type":"","overlay-color":"","overlay-opacity":"","overlay-gradient":""},"tablet":{"background-color":"var(--ast-global-color-5)","background-image":"","background-repeat":"repeat","background-position":"center center","background-size":"auto","background-attachment":"scroll","background-type":"","background-media":"","overlay-type":"","overlay-color":"","overlay-opacity":"","overlay-gradient":""},"mobile":{"background-color":"var(--ast-global-color-5)","background-image":"","background-repeat":"repeat","background-position":"center center","background-size":"auto","background-attachment":"scroll","background-type":"","background-media":"","overlay-type":"","overlay-color":"","overlay-opacity":"","overlay-gradient":""}}},"product_brand":[3285],"product_cat":[3389,3392,3874,3786,4338,3425,3495,3395],"product_tag":[4339,4340],"class_list":{"0":"post-20613","1":"product","2":"type-product","3":"status-publish","4":"has-post-thumbnail","6":"product_brand-bont","7":"product_cat-accessoires-longue-piste","8":"product_cat-accessoires-short-track","9":"product_cat-accessories","10":"product_cat-bottes","14":"product_cat-courte-piste","15":"product_tag-semelles-bont-pu","16":"product_tag-semelles-en-pu","17":"desktop-align-left","18":"tablet-align-left","19":"mobile-align-left","21":"first","22":"instock","23":"sale","24":"featured","25":"taxable","26":"shipping-taxable","27":"purchasable","28":"product-type-simple"},"acf":[],"_links":{"self":[{"href":"https:\/\/ztsports.com\/fr\/wp-json\/wp\/v2\/product\/20613","targetHints":{"allow":["GET"]}}],"collection":[{"href":"https:\/\/ztsports.com\/fr\/wp-json\/wp\/v2\/product"}],"about":[{"href":"https:\/\/ztsports.com\/fr\/wp-json\/wp\/v2\/types\/product"}],"replies":[{"embeddable":true,"href":"https:\/\/ztsports.com\/fr\/wp-json\/wp\/v2\/comments?post=20613"}],"version-history":[{"count":3,"href":"https:\/\/ztsports.com\/fr\/wp-json\/wp\/v2\/product\/20613\/revisions"}],"predecessor-version":[{"id":25487,"href":"https:\/\/ztsports.com\/fr\/wp-json\/wp\/v2\/product\/20613\/revisions\/25487"}],"wp:featuredmedia":[{"embeddable":true,"href":"https:\/\/ztsports.com\/fr\/wp-json\/wp\/v2\/media\/20615"}],"wp:attachment":[{"href":"https:\/\/ztsports.com\/fr\/wp-json\/wp\/v2\/media?parent=20613"}],"wp:term":[{"taxonomy":"product_brand","embeddable":true,"href":"https:\/\/ztsports.com\/fr\/wp-json\/wp\/v2\/product_brand?post=20613"},{"taxonomy":"product_cat","embeddable":true,"href":"https:\/\/ztsports.com\/fr\/wp-json\/wp\/v2\/product_cat?post=20613"},{"taxonomy":"product_tag","embeddable":true,"href":"https:\/\/ztsports.com\/fr\/wp-json\/wp\/v2\/product_tag?post=20613"}],"curies":[{"name":"wp","href":"https:\/\/api.w.org\/{rel}","templated":true}]}}