{"id":20605,"date":"2024-07-11T16:48:46","date_gmt":"2024-07-11T16:48:46","guid":{"rendered":"https:\/\/ztsports.com\/?post_type=product&#038;p=20605"},"modified":"2026-04-15T03:34:17","modified_gmt":"2026-04-15T03:34:17","slug":"dmt-w7f-diamond-whetstone-2","status":"publish","type":"product","link":"https:\/\/ztsports.com\/fr\/store\/dmt-w7f-diamond-whetstone-2\/","title":{"rendered":"DMT W7F DIAMOND WHETSTONE pierre d&#8217;\u00e9barbage rouge"},"content":{"rendered":"<h2 class=\"product_title entry-title show-product-nav\">DMT W7F DIAMOND WHETSTONE pierre d&#8217;\u00e9barbage rouge<\/h2>\n<div class=\"elementor-element elementor-element-3a87ce10 elementor-widget elementor-widget-woocommerce-product-short-description\" data-id=\"3a87ce10\" data-element_type=\"widget\" data-widget_type=\"woocommerce-product-short-description.default\">\n<div class=\"elementor-widget-container\">\n<div class=\"woocommerce-product-details__short-description\">\n<p class=\"product_title entry-title elementor-heading-title elementor-size-default\">La pierre \u00e0 aiguiser en diamant DMT W7F est un compl\u00e9ment portable \u00e0 toute trousse \u00e0 outils. En outre, la pierre Mini Diamond de 70 mm, avec le motif \u00e0 pois caract\u00e9ristique de DMT, permet de r\u00e9parer rapidement les bords ou d&#8217;\u00e9liminer les bavures n&#8217;importe o\u00f9. L&#8217;aff\u00fbtage avec des diamants est rapide et facile et ne n\u00e9cessite pas d&#8217;huiles d\u00e9sagr\u00e9ables &#8211; l&#8217;aff\u00fbtage peut se faire \u00e0 sec ou \u00e0 l&#8217;eau.<\/p>\n<h5 class=\"serp-title\">DMT W7F DIAMOND WHETSTONE<\/h5>\n<p>Taille : 2 11\/16\u2033 x 15\/16\u2033 x 3\/16\u2033 (70 mm x 24 mm x 5 mm)<\/p>\n<p>BLACK Diamond &#8211; Extra grossier<\/p>\n<ul>\n<li>A utiliser pour r\u00e9parer rapidement les bords endommag\u00e9s ou vraiment rugueux. (220 mesh, 60 micron)<\/li>\n<\/ul>\n<p>Diamant bleu &#8211; grossier<\/p>\n<ul>\n<li>Transforme une ar\u00eate \u00e9mouss\u00e9e en une ar\u00eate coupante. (325 mesh, 45 micron)<\/li>\n<\/ul>\n<p>Diamant ROUGE &#8211; Fin<\/p>\n<ul>\n<li>A utiliser pour redonner un bon tranchant aux couteaux ou outils l\u00e9g\u00e8rement \u00e9mouss\u00e9s. (600 mesh, 25 micron)<\/li>\n<\/ul>\n<p><strong>Diamant vert &#8211; extra fin <\/strong><\/p>\n<ul>\n<li>(9 microns \/ 1200 mesh) pour polir et affiner le fil du rasoir sans avoir recours \u00e0 des huiles salissantes, ce qui permet un aff\u00fbtage \u00e0 sec ou \u00e0 l&#8217;eau.<\/li>\n<\/ul>\n<\/div>\n<\/div>\n<\/div>\n<h3 class=\"tw-data-text tw-text-large tw-ta\" dir=\"ltr\" data-placeholder=\"Translation\"><span class=\"Y2IQFc\" lang=\"en\"><strong>DMT <\/strong><\/span>PIERRE \u00c0 AIGUISER DIAMANT\u00c9E W7F <span class=\"Y2IQFc\" lang=\"en\"><strong>PIERRES \u00c0 D\u00c9COUPER<\/strong><\/span><\/h3>\n<p class=\"tw-data-text tw-text-large tw-ta\" dir=\"ltr\" data-placeholder=\"Translation\"><span class=\"Y2IQFc\" lang=\"en\">Mini pierre diamant\u00e9e industrielle pour enlever la bavure. 70x25mm. Ultra rapide, facile \u00e0 utiliser, pierre tr\u00e8s durable avec une plan\u00e9it\u00e9 parfaite. 6 degr\u00e9s de rugosit\u00e9.<\/span><\/p>\n<h5 class=\"serp-title\">DMT W7F DIAMOND WHETSTONE<\/h5>\n<p class=\"tw-data-text tw-text-large tw-ta\" dir=\"ltr\" data-placeholder=\"Translation\"><span class=\"Y2IQFc\" lang=\"en\">Argent &#8211; WS7XX &#8211; extra extra rugueux <\/span><\/p>\n<p class=\"tw-data-text tw-text-large tw-ta\" dir=\"ltr\" data-placeholder=\"Translation\"><span class=\"Y2IQFc\" lang=\"en\">Noir &#8211; WS7X &#8211; extra rugueux<\/span><\/p>\n<p class=\"tw-data-text tw-text-large tw-ta\" dir=\"ltr\" data-placeholder=\"Translation\"><span class=\"Y2IQFc\" lang=\"en\">Bleu &#8211; WS7C &#8211; brut<\/span><\/p>\n<p class=\"tw-data-text tw-text-large tw-ta\" dir=\"ltr\" data-placeholder=\"Translation\"><span class=\"Y2IQFc\" lang=\"en\">Rouge &#8211; WS7F &#8211; fine<\/span><\/p>\n<p class=\"tw-data-text tw-text-large tw-ta\" dir=\"ltr\" data-placeholder=\"Translation\"><span class=\"Y2IQFc\" lang=\"en\">Vert &#8211; WS7E &#8211; extra fin<\/span><\/p>\n<p class=\"tw-data-text tw-text-large tw-ta\" dir=\"ltr\" data-placeholder=\"Translation\"><span class=\"Y2IQFc\" lang=\"en\">Beige &#8211; WS7EE &#8211; extra extra fin<\/span><\/p>\n<p dir=\"ltr\" data-placeholder=\"Translation\">En outre, une <a href=\"https:\/\/www.youtube.com\/watch?v=r0rPLGL8z4s\" target=\"_blank\" rel=\"noopener\"><strong>courte vid\u00e9o expliquant les diff\u00e9rents grains de DMT et leurs utilisations<\/strong><\/a>.<\/p>\n<p>Enfin, vous pouvez trouver tous nos <a href=\"https:\/\/ztsports.ca\/product-\" target=\"_blank\" rel=\"noopener\"><strong>pierres \u00e0 aiguiser et \u00e0 \u00e9barber ici<\/strong><\/a>.<\/p>\n","protected":false},"excerpt":{"rendered":"<p>DMT W7F DIAMOND WHETSTONE pierre d&#8217;\u00e9barbage rouge La pierre \u00e0 aiguiser en diamant DMT W7F est un compl\u00e9ment portable \u00e0 toute trousse \u00e0 outils. En outre, la pierre Mini Diamond de 70 mm, avec le motif \u00e0 pois caract\u00e9ristique de DMT, permet de r\u00e9parer rapidement les bords ou d&#8217;\u00e9liminer les bavures n&#8217;importe o\u00f9. L&#8217;aff\u00fbtage avec [&hellip;]<\/p>\n","protected":false},"featured_media":20607,"comment_status":"open","ping_status":"closed","template":"","meta":{"_acf_changed":false,"_monsterinsights_skip_tracking":false,"_monsterinsights_sitenote_active":false,"_monsterinsights_sitenote_note":"","_monsterinsights_sitenote_category":0,"_uf_show_specific_survey":0,"_uf_disable_surveys":false,"site-sidebar-layout":"default","site-content-layout":"","ast-site-content-layout":"default","site-content-style":"default","site-sidebar-style":"default","ast-global-header-display":"","ast-banner-title-visibility":"","ast-main-header-display":"","ast-hfb-above-header-display":"","ast-hfb-below-header-display":"","ast-hfb-mobile-header-display":"","site-post-title":"","ast-breadcrumbs-content":"","ast-featured-img":"","footer-sml-layout":"","ast-disable-related-posts":"","theme-transparent-header-meta":"default","adv-header-id-meta":"","stick-header-meta":"","header-above-stick-meta":"","header-main-stick-meta":"","header-below-stick-meta":"","astra-migrate-meta-layouts":"set","ast-page-background-enabled":"default","ast-page-background-meta":{"desktop":{"background-color":"","background-image":"","background-repeat":"repeat","background-position":"center center","background-size":"auto","background-attachment":"scroll","background-type":"","background-media":"","overlay-type":"","overlay-color":"","overlay-opacity":"","overlay-gradient":""},"tablet":{"background-color":"","background-image":"","background-repeat":"repeat","background-position":"center center","background-size":"auto","background-attachment":"scroll","background-type":"","background-media":"","overlay-type":"","overlay-color":"","overlay-opacity":"","overlay-gradient":""},"mobile":{"background-color":"","background-image":"","background-repeat":"repeat","background-position":"center center","background-size":"auto","background-attachment":"scroll","background-type":"","background-media":"","overlay-type":"","overlay-color":"","overlay-opacity":"","overlay-gradient":""}},"ast-content-background-meta":{"desktop":{"background-color":"var(--ast-global-color-5)","background-image":"","background-repeat":"repeat","background-position":"center center","background-size":"auto","background-attachment":"scroll","background-type":"","background-media":"","overlay-type":"","overlay-color":"","overlay-opacity":"","overlay-gradient":""},"tablet":{"background-color":"var(--ast-global-color-5)","background-image":"","background-repeat":"repeat","background-position":"center center","background-size":"auto","background-attachment":"scroll","background-type":"","background-media":"","overlay-type":"","overlay-color":"","overlay-opacity":"","overlay-gradient":""},"mobile":{"background-color":"var(--ast-global-color-5)","background-image":"","background-repeat":"repeat","background-position":"center center","background-size":"auto","background-attachment":"scroll","background-type":"","background-media":"","overlay-type":"","overlay-color":"","overlay-opacity":"","overlay-gradient":""}}},"product_brand":[3295],"product_cat":[3743,3396,3393,3470,3514,3468,3469,3873,3515],"product_tag":[2723,3062,4089,4181],"class_list":{"0":"post-20605","1":"product","2":"type-product","3":"status-publish","4":"has-post-thumbnail","6":"product_brand-dmt","7":"product_cat-accessoires-daffutage","8":"product_cat-accessories","9":"product_cat-aiguisage","10":"product_cat-des-pierres","11":"product_cat-entretien-des-lames","12":"product_cat-pierres-a-aiguiser","13":"product_cat-pierres-de-diamant","15":"product_cat-pierres-de-ronce","16":"product_tag-dmt","17":"product_tag-dmt-w7f","18":"product_tag-pierre-a-aiguiser-en-diamant","19":"product_tag-pierre-de-taille-diamantee","20":"desktop-align-left","21":"tablet-align-left","22":"mobile-align-left","24":"first","25":"instock","26":"sale","27":"taxable","28":"shipping-taxable","29":"purchasable","30":"product-type-simple"},"acf":[],"_links":{"self":[{"href":"https:\/\/ztsports.com\/fr\/wp-json\/wp\/v2\/product\/20605","targetHints":{"allow":["GET"]}}],"collection":[{"href":"https:\/\/ztsports.com\/fr\/wp-json\/wp\/v2\/product"}],"about":[{"href":"https:\/\/ztsports.com\/fr\/wp-json\/wp\/v2\/types\/product"}],"replies":[{"embeddable":true,"href":"https:\/\/ztsports.com\/fr\/wp-json\/wp\/v2\/comments?post=20605"}],"version-history":[{"count":3,"href":"https:\/\/ztsports.com\/fr\/wp-json\/wp\/v2\/product\/20605\/revisions"}],"predecessor-version":[{"id":25486,"href":"https:\/\/ztsports.com\/fr\/wp-json\/wp\/v2\/product\/20605\/revisions\/25486"}],"wp:featuredmedia":[{"embeddable":true,"href":"https:\/\/ztsports.com\/fr\/wp-json\/wp\/v2\/media\/20607"}],"wp:attachment":[{"href":"https:\/\/ztsports.com\/fr\/wp-json\/wp\/v2\/media?parent=20605"}],"wp:term":[{"taxonomy":"product_brand","embeddable":true,"href":"https:\/\/ztsports.com\/fr\/wp-json\/wp\/v2\/product_brand?post=20605"},{"taxonomy":"product_cat","embeddable":true,"href":"https:\/\/ztsports.com\/fr\/wp-json\/wp\/v2\/product_cat?post=20605"},{"taxonomy":"product_tag","embeddable":true,"href":"https:\/\/ztsports.com\/fr\/wp-json\/wp\/v2\/product_tag?post=20605"}],"curies":[{"name":"wp","href":"https:\/\/api.w.org\/{rel}","templated":true}]}}