{"id":20600,"date":"2024-07-11T16:20:39","date_gmt":"2024-07-11T16:20:39","guid":{"rendered":"https:\/\/ztsports.com\/?post_type=product&#038;p=20600"},"modified":"2026-04-15T03:31:10","modified_gmt":"2026-04-15T03:31:10","slug":"bont-pocket-diamond-whetstone","status":"publish","type":"product","link":"https:\/\/ztsports.com\/fr\/store\/bont-pocket-diamond-whetstone\/","title":{"rendered":"PIERRE \u00c0 AIGUISER DIAMANT\u00c9E DE POCHE BONT"},"content":{"rendered":"<h1 class=\"product_title entry-title\">BONT Pierre \u00e0 aiguiser en diamant de poche<\/h1>\n<p>Le Bont Pocket Diamond Whetstone\/burr stone est utilis\u00e9 pour enlever la bavure du tranchant de votre lame. C&#8217;est l&#8217;une des pierres dont vous avez besoin pour aiguiser vos lames de patinage de vitesse sur glace.<\/p>\n<p>La pierre \u00e0 \u00e9barber diamant\u00e9e Bont a un grain de 600. Il s&#8217;agit d&#8217;un niveau de grain interm\u00e9diaire qui n&#8217;est pas trop dur au point d&#8217;endommager votre lame, mais qui n&#8217;est pas non plus trop fin au point de ne pas pouvoir enlever les bavures de la lame. C&#8217;est le niveau de granulom\u00e9trie parfait pour les lames de piste courte.<\/p>\n<p>Vous pouvez trouver toutes nos <a href=\"https:\/\/ztsports.com\/categorie-produit\/pierres-de-diamant-fr\/?lang=fr\"><strong>pierres \u00e0 aiguiser et \u00e0 \u00e9barber diamant\u00e9es<\/strong><\/a> ici.<\/p>\n","protected":false},"excerpt":{"rendered":"<p>BONT Pierre \u00e0 aiguiser en diamant de poche Le Bont Pocket Diamond Whetstone\/burr stone est utilis\u00e9 pour enlever la bavure du tranchant de votre lame. C&#8217;est l&#8217;une des pierres dont vous avez besoin pour aiguiser vos lames de patinage de vitesse sur glace. La pierre \u00e0 \u00e9barber diamant\u00e9e Bont a un grain de 600. Il [&hellip;]<\/p>\n","protected":false},"featured_media":20602,"comment_status":"open","ping_status":"closed","template":"","meta":{"_acf_changed":false,"_monsterinsights_skip_tracking":false,"_monsterinsights_sitenote_active":false,"_monsterinsights_sitenote_note":"","_monsterinsights_sitenote_category":0,"_uf_show_specific_survey":0,"_uf_disable_surveys":false,"site-sidebar-layout":"default","site-content-layout":"","ast-site-content-layout":"default","site-content-style":"default","site-sidebar-style":"default","ast-global-header-display":"","ast-banner-title-visibility":"","ast-main-header-display":"","ast-hfb-above-header-display":"","ast-hfb-below-header-display":"","ast-hfb-mobile-header-display":"","site-post-title":"","ast-breadcrumbs-content":"","ast-featured-img":"","footer-sml-layout":"","ast-disable-related-posts":"","theme-transparent-header-meta":"default","adv-header-id-meta":"","stick-header-meta":"","header-above-stick-meta":"","header-main-stick-meta":"","header-below-stick-meta":"","astra-migrate-meta-layouts":"set","ast-page-background-enabled":"default","ast-page-background-meta":{"desktop":{"background-color":"","background-image":"","background-repeat":"repeat","background-position":"center center","background-size":"auto","background-attachment":"scroll","background-type":"","background-media":"","overlay-type":"","overlay-color":"","overlay-opacity":"","overlay-gradient":""},"tablet":{"background-color":"","background-image":"","background-repeat":"repeat","background-position":"center center","background-size":"auto","background-attachment":"scroll","background-type":"","background-media":"","overlay-type":"","overlay-color":"","overlay-opacity":"","overlay-gradient":""},"mobile":{"background-color":"","background-image":"","background-repeat":"repeat","background-position":"center center","background-size":"auto","background-attachment":"scroll","background-type":"","background-media":"","overlay-type":"","overlay-color":"","overlay-opacity":"","overlay-gradient":""}},"ast-content-background-meta":{"desktop":{"background-color":"var(--ast-global-color-5)","background-image":"","background-repeat":"repeat","background-position":"center center","background-size":"auto","background-attachment":"scroll","background-type":"","background-media":"","overlay-type":"","overlay-color":"","overlay-opacity":"","overlay-gradient":""},"tablet":{"background-color":"var(--ast-global-color-5)","background-image":"","background-repeat":"repeat","background-position":"center center","background-size":"auto","background-attachment":"scroll","background-type":"","background-media":"","overlay-type":"","overlay-color":"","overlay-opacity":"","overlay-gradient":""},"mobile":{"background-color":"var(--ast-global-color-5)","background-image":"","background-repeat":"repeat","background-position":"center center","background-size":"auto","background-attachment":"scroll","background-type":"","background-media":"","overlay-type":"","overlay-color":"","overlay-opacity":"","overlay-gradient":""}}},"product_brand":[3285],"product_cat":[3396,3393,3514,3468,3873,3469,3515],"product_tag":[4335,4336,4089,4181,4337,3061],"class_list":{"0":"post-20600","1":"product","2":"type-product","3":"status-publish","4":"has-post-thumbnail","6":"product_brand-bont","7":"product_cat-accessories","8":"product_cat-aiguisage","9":"product_cat-entretien-des-lames","10":"product_cat-pierres-a-aiguiser","11":"product_cat-pierres-de-diamant","13":"product_cat-pierres-de-ronce","14":"product_tag-diamant-de-poche-bont","15":"product_tag-fraise-a-diamant-bont","16":"product_tag-pierre-a-aiguiser-en-diamant","17":"product_tag-pierre-de-taille-diamantee","18":"product_tag-pierre-humide-en-diamant","19":"product_tag-whetstone","20":"desktop-align-left","21":"tablet-align-left","22":"mobile-align-left","24":"first","25":"instock","26":"sale","27":"taxable","28":"shipping-taxable","29":"purchasable","30":"product-type-simple"},"acf":[],"_links":{"self":[{"href":"https:\/\/ztsports.com\/fr\/wp-json\/wp\/v2\/product\/20600","targetHints":{"allow":["GET"]}}],"collection":[{"href":"https:\/\/ztsports.com\/fr\/wp-json\/wp\/v2\/product"}],"about":[{"href":"https:\/\/ztsports.com\/fr\/wp-json\/wp\/v2\/types\/product"}],"replies":[{"embeddable":true,"href":"https:\/\/ztsports.com\/fr\/wp-json\/wp\/v2\/comments?post=20600"}],"version-history":[{"count":1,"href":"https:\/\/ztsports.com\/fr\/wp-json\/wp\/v2\/product\/20600\/revisions"}],"predecessor-version":[{"id":20601,"href":"https:\/\/ztsports.com\/fr\/wp-json\/wp\/v2\/product\/20600\/revisions\/20601"}],"wp:featuredmedia":[{"embeddable":true,"href":"https:\/\/ztsports.com\/fr\/wp-json\/wp\/v2\/media\/20602"}],"wp:attachment":[{"href":"https:\/\/ztsports.com\/fr\/wp-json\/wp\/v2\/media?parent=20600"}],"wp:term":[{"taxonomy":"product_brand","embeddable":true,"href":"https:\/\/ztsports.com\/fr\/wp-json\/wp\/v2\/product_brand?post=20600"},{"taxonomy":"product_cat","embeddable":true,"href":"https:\/\/ztsports.com\/fr\/wp-json\/wp\/v2\/product_cat?post=20600"},{"taxonomy":"product_tag","embeddable":true,"href":"https:\/\/ztsports.com\/fr\/wp-json\/wp\/v2\/product_tag?post=20600"}],"curies":[{"name":"wp","href":"https:\/\/api.w.org\/{rel}","templated":true}]}}