{"id":20593,"date":"2024-07-10T22:07:19","date_gmt":"2024-07-10T22:07:19","guid":{"rendered":"https:\/\/ztsports.com\/?post_type=product&#038;p=20593"},"modified":"2026-04-15T03:27:58","modified_gmt":"2026-04-15T03:27:58","slug":"bont-premium-skate-backpack-new","status":"publish","type":"product","link":"https:\/\/ztsports.com\/fr\/store\/bont-premium-skate-backpack-new\/","title":{"rendered":"Bont Premium Skate Backpack NEW !"},"content":{"rendered":"<p><strong>Sac \u00e0 dos Bont Premium Skate\/Bont Premium Skate Backpack<\/strong><\/p>\n<p>Sac durable et r\u00e9sistant \u00e0 l&#8217;eau pour les patins \u00e0 roulettes, les patins en ligne et les patins \u00e0 glace, avec des compartiments d\u00e9di\u00e9s \u00e0 l&#8217;\u00e9quipement.<\/p>\n<p>Lib\u00e9rez votre potentiel de patineur avec le sac \u00e0 dos Bont Premium Skate &#8211; le compagnon ultime des patineurs en ligne, \u00e0 roulettes et sur glace qui exigent le meilleur en termes de performance, de protection et d&#8217;organisation.<\/p>\n<p><strong>Construit pour durer :<\/strong><\/p>\n<p>Fabriqu\u00e9 avec le m\u00eame souci du d\u00e9tail que nos c\u00e9l\u00e8bres patins, ce sac \u00e0 dos est con\u00e7u pour durer. L&#8217;ext\u00e9rieur robuste et r\u00e9sistant \u00e0 l&#8217;eau prot\u00e8ge votre \u00e9quipement des \u00e9l\u00e9ments, tandis que les coutures renforc\u00e9es et les fermetures \u00e0 glissi\u00e8re durables garantissent la long\u00e9vit\u00e9.<\/p>\n<p><strong>Design sp\u00e9cifique au patinage Bont Premium Skate Backpack :<\/strong><\/p>\n<p>Ne craignez plus que vos patins soient endommag\u00e9s pendant le transport. Nos compartiments d\u00e9di\u00e9s aux patins sont dot\u00e9s de sangles r\u00e9glables pour accueillir en toute s\u00e9curit\u00e9 les patins \u00e0 roues align\u00e9es, les patins \u00e0 roulettes, les patins de hockey ou les patins \u00e0 glace de diff\u00e9rentes tailles. L&#8217;int\u00e9rieur rembourr\u00e9 prot\u00e8ge vos lames et vos bottes et les garde en parfait \u00e9tat.<\/p>\n<p><strong>Stockage optimis\u00e9 Bont Premium Skate Backpack :<\/strong><\/p>\n<p>Nous comprenons que les patineurs transportent beaucoup de mat\u00e9riel. C&#8217;est pourquoi nous avons con\u00e7u ce sac \u00e0 dos avec de multiples compartiments et poches pour accueillir tout ce dont vous avez besoin. Le compartiment principal peut facilement accueillir un casque et des protections, tandis que des poches suppl\u00e9mentaires permettent de garder vos v\u00eatements, votre bouteille d&#8217;eau, vos outils et vos objets personnels organis\u00e9s et \u00e0 port\u00e9e de main.<\/p>\n<p><strong>Le confort en mouvement :<\/strong><\/p>\n<p>Que vous vous rendiez au skatepark ou que vous partiez \u00e0 l&#8217;aventure, le confort est essentiel. Le panneau dorsal et les bretelles rembourr\u00e9s, ainsi que la sangle de poitrine r\u00e9glable, r\u00e9partissent le poids uniform\u00e9ment et r\u00e9duisent la tension sur votre dos et vos \u00e9paules. Vous remarquerez \u00e0 peine que vous portez une charge compl\u00e8te.<\/p>\n<p><strong>Choisissez Bont, choisissez l&#8217;excellence Bont Premium Skate Backpack :<\/strong><\/p>\n<p>Bont est un nom de confiance dans le monde du patinage depuis des d\u00e9cennies. Notre engagement en faveur de la qualit\u00e9 et de la performance se refl\u00e8te dans tous les produits que nous cr\u00e9ons, y compris ce sac \u00e0 dos de skate haut de gamme. Investissez dans ce qu&#8217;il y a de mieux et d\u00e9couvrez la diff\u00e9rence qu&#8217;un sac \u00e0 dos bien con\u00e7u peut faire dans votre vie de patineur.<\/p>\n<p>Voyez notre large s\u00e9lection de couleurs et de <a href=\"https:\/\/ztsports.com\/product-category\/accessories\/backpacks-bags\/\"><strong>sacs \u00e0 dos ici<\/strong><\/a>.<\/p>\n","protected":false},"excerpt":{"rendered":"<p>Sac \u00e0 dos Bont Premium Skate\/Bont Premium Skate Backpack Sac durable et r\u00e9sistant \u00e0 l&#8217;eau pour les patins \u00e0 roulettes, les patins en ligne et les patins \u00e0 glace, avec des compartiments d\u00e9di\u00e9s \u00e0 l&#8217;\u00e9quipement. Lib\u00e9rez votre potentiel de patineur avec le sac \u00e0 dos Bont Premium Skate &#8211; le compagnon ultime des patineurs en [&hellip;]<\/p>\n","protected":false},"featured_media":20595,"comment_status":"open","ping_status":"closed","template":"","meta":{"_acf_changed":false,"_monsterinsights_skip_tracking":false,"_monsterinsights_sitenote_active":false,"_monsterinsights_sitenote_note":"","_monsterinsights_sitenote_category":0,"_uf_show_specific_survey":0,"_uf_disable_surveys":false,"site-sidebar-layout":"default","site-content-layout":"","ast-site-content-layout":"default","site-content-style":"default","site-sidebar-style":"default","ast-global-header-display":"","ast-banner-title-visibility":"","ast-main-header-display":"","ast-hfb-above-header-display":"","ast-hfb-below-header-display":"","ast-hfb-mobile-header-display":"","site-post-title":"","ast-breadcrumbs-content":"","ast-featured-img":"","footer-sml-layout":"","ast-disable-related-posts":"","theme-transparent-header-meta":"default","adv-header-id-meta":"","stick-header-meta":"","header-above-stick-meta":"","header-main-stick-meta":"","header-below-stick-meta":"","astra-migrate-meta-layouts":"set","ast-page-background-enabled":"default","ast-page-background-meta":{"desktop":{"background-color":"","background-image":"","background-repeat":"repeat","background-position":"center center","background-size":"auto","background-attachment":"scroll","background-type":"","background-media":"","overlay-type":"","overlay-color":"","overlay-opacity":"","overlay-gradient":""},"tablet":{"background-color":"","background-image":"","background-repeat":"repeat","background-position":"center center","background-size":"auto","background-attachment":"scroll","background-type":"","background-media":"","overlay-type":"","overlay-color":"","overlay-opacity":"","overlay-gradient":""},"mobile":{"background-color":"","background-image":"","background-repeat":"repeat","background-position":"center center","background-size":"auto","background-attachment":"scroll","background-type":"","background-media":"","overlay-type":"","overlay-color":"","overlay-opacity":"","overlay-gradient":""}},"ast-content-background-meta":{"desktop":{"background-color":"var(--ast-global-color-5)","background-image":"","background-repeat":"repeat","background-position":"center center","background-size":"auto","background-attachment":"scroll","background-type":"","background-media":"","overlay-type":"","overlay-color":"","overlay-opacity":"","overlay-gradient":""},"tablet":{"background-color":"var(--ast-global-color-5)","background-image":"","background-repeat":"repeat","background-position":"center center","background-size":"auto","background-attachment":"scroll","background-type":"","background-media":"","overlay-type":"","overlay-color":"","overlay-opacity":"","overlay-gradient":""},"mobile":{"background-color":"var(--ast-global-color-5)","background-image":"","background-repeat":"repeat","background-position":"center center","background-size":"auto","background-attachment":"scroll","background-type":"","background-media":"","overlay-type":"","overlay-color":"","overlay-opacity":"","overlay-gradient":""}}},"product_brand":[3285],"product_cat":[3422,3433,3874,3402,3381,3408,3880],"product_tag":[3052,3054,4331,3675,4332,3616,4333,4334],"class_list":{"0":"post-20593","1":"product","2":"type-product","3":"status-publish","4":"has-post-thumbnail","6":"product_brand-bont","7":"product_cat-accessoires","8":"product_cat-accessories","10":"product_cat-en-ligne","11":"product_cat-patinage-de-vitesse-en-ligne","12":"product_cat-patins-a-roulettes","13":"product_cat-sacs-a-dos-et-sacs","14":"product_tag-bont-premium","15":"product_tag-premium-skate-backpack","16":"product_tag-sac-a-dos-bont","17":"product_tag-sac-a-dos-pour-patins-a-roues-alignees","18":"product_tag-sac-a-dos-pour-patins-a-roulettes","19":"product_tag-sac-a-dos-skate","20":"product_tag-sac-a-dos-ultime","21":"product_tag-sac-de-transport","22":"desktop-align-left","23":"tablet-align-left","24":"mobile-align-left","26":"first","27":"outofstock","28":"sale","29":"taxable","30":"shipping-taxable","31":"purchasable","32":"product-type-simple"},"acf":[],"_links":{"self":[{"href":"https:\/\/ztsports.com\/fr\/wp-json\/wp\/v2\/product\/20593","targetHints":{"allow":["GET"]}}],"collection":[{"href":"https:\/\/ztsports.com\/fr\/wp-json\/wp\/v2\/product"}],"about":[{"href":"https:\/\/ztsports.com\/fr\/wp-json\/wp\/v2\/types\/product"}],"replies":[{"embeddable":true,"href":"https:\/\/ztsports.com\/fr\/wp-json\/wp\/v2\/comments?post=20593"}],"version-history":[{"count":1,"href":"https:\/\/ztsports.com\/fr\/wp-json\/wp\/v2\/product\/20593\/revisions"}],"predecessor-version":[{"id":20594,"href":"https:\/\/ztsports.com\/fr\/wp-json\/wp\/v2\/product\/20593\/revisions\/20594"}],"wp:featuredmedia":[{"embeddable":true,"href":"https:\/\/ztsports.com\/fr\/wp-json\/wp\/v2\/media\/20595"}],"wp:attachment":[{"href":"https:\/\/ztsports.com\/fr\/wp-json\/wp\/v2\/media?parent=20593"}],"wp:term":[{"taxonomy":"product_brand","embeddable":true,"href":"https:\/\/ztsports.com\/fr\/wp-json\/wp\/v2\/product_brand?post=20593"},{"taxonomy":"product_cat","embeddable":true,"href":"https:\/\/ztsports.com\/fr\/wp-json\/wp\/v2\/product_cat?post=20593"},{"taxonomy":"product_tag","embeddable":true,"href":"https:\/\/ztsports.com\/fr\/wp-json\/wp\/v2\/product_tag?post=20593"}],"curies":[{"name":"wp","href":"https:\/\/api.w.org\/{rel}","templated":true}]}}