{"id":20589,"date":"2024-06-17T17:33:47","date_gmt":"2024-06-17T17:33:47","guid":{"rendered":"https:\/\/ztsports.com\/?post_type=product&#038;p=20589"},"modified":"2026-04-15T03:25:21","modified_gmt":"2026-04-15T03:25:21","slug":"bont-skate-velcro-straps-set-4","status":"publish","type":"product","link":"https:\/\/ztsports.com\/fr\/store\/bont-skate-velcro-straps-set-4\/","title":{"rendered":"Bont Skate Velcro Straps Set (4)"},"content":{"rendered":"<h1 class=\"h2 product-single__title\">Bont Skate Velcro Straps (4)<\/h1>\n<p>Votre <strong><a href=\"https:\/\/ztsports.com\/product\/bont-patriot-short-track-boot-version-2\/\">Patriot bont skate<\/a> Velcro Straps<\/strong> ps a besoin d&#8217;\u00eatre remplac\u00e9 \u00e0 cause de l&#8217;usure ou parce que votre chien l&#8217;a mang\u00e9 ? Ne vous inqui\u00e9tez pas <a href=\"https:\/\/ztsports.com\/\"><strong>Zt Sports<\/strong><\/a> vous couvre. Cet article est la sangle de remplacement standard de <a href=\"https:\/\/ztsports.com\/product\/bont-patriot\/\">Patriot Skates<\/a> en noir avec un logo Bont blanc. <strong>Cet article est vendu par 4 et est un produit de remplacement original de Bont.<\/strong><\/p>\n<h3>Bont Skate Velcro Straps<\/h3>\n<p>Les bandes velcro du Patriot Skate de Bont brisent le moule des mat\u00e9riaux utilis\u00e9s pour la fabrication d&#8217;un skate de milieu de gamme et offrent des performances sup\u00e9rieures \u00e0 celles des chaussures haut de gamme de la plupart des marques. Il comprend \u00e9galement une sangle r\u00e9glable en velcro, fabriqu\u00e9e \u00e0 100 % en microfibre.<\/p>\n<p>Bont Skate Velcro Straps<\/p>\n<p>Il s&#8217;agit d&#8217;un lot de 4. Il s&#8217;agit d&#8217;un bracelet noir avec des coutures noires et un logo blanc.<\/p>\n<p>Les bandes velcro de votre skate Bont doivent \u00eatre remplac\u00e9es en raison de l&#8217;usure ou parce que votre chien les a mang\u00e9es. Ne vous inqui\u00e9tez pas, Zt Sports vous propose des pi\u00e8ces de rechange Bont d&#8217;origine. Cet article est le bracelet de remplacement standard en noir avec un logo Bont blanc. Cette sangle velcro r\u00e9glable est fabriqu\u00e9e en cuir australien v\u00e9ritable \u00e0 100 %.<\/p>\n","protected":false},"excerpt":{"rendered":"<p>Bont Skate Velcro Straps (4) Votre Patriot bont skate Velcro Straps ps a besoin d&#8217;\u00eatre remplac\u00e9 \u00e0 cause de l&#8217;usure ou parce que votre chien l&#8217;a mang\u00e9 ? Ne vous inqui\u00e9tez pas Zt Sports vous couvre. Cet article est la sangle de remplacement standard de Patriot Skates en noir avec un logo Bont blanc. Cet [&hellip;]<\/p>\n","protected":false},"featured_media":20591,"comment_status":"open","ping_status":"closed","template":"","meta":{"_acf_changed":false,"_monsterinsights_skip_tracking":false,"_monsterinsights_sitenote_active":false,"_monsterinsights_sitenote_note":"","_monsterinsights_sitenote_category":0,"_uf_show_specific_survey":0,"_uf_disable_surveys":false,"site-sidebar-layout":"default","site-content-layout":"","ast-site-content-layout":"default","site-content-style":"default","site-sidebar-style":"default","ast-global-header-display":"","ast-banner-title-visibility":"","ast-main-header-display":"","ast-hfb-above-header-display":"","ast-hfb-below-header-display":"","ast-hfb-mobile-header-display":"","site-post-title":"","ast-breadcrumbs-content":"","ast-featured-img":"","footer-sml-layout":"","ast-disable-related-posts":"","theme-transparent-header-meta":"default","adv-header-id-meta":"","stick-header-meta":"","header-above-stick-meta":"","header-main-stick-meta":"","header-below-stick-meta":"","astra-migrate-meta-layouts":"set","ast-page-background-enabled":"default","ast-page-background-meta":{"desktop":{"background-color":"","background-image":"","background-repeat":"repeat","background-position":"center center","background-size":"auto","background-attachment":"scroll","background-type":"","background-media":"","overlay-type":"","overlay-color":"","overlay-opacity":"","overlay-gradient":""},"tablet":{"background-color":"","background-image":"","background-repeat":"repeat","background-position":"center center","background-size":"auto","background-attachment":"scroll","background-type":"","background-media":"","overlay-type":"","overlay-color":"","overlay-opacity":"","overlay-gradient":""},"mobile":{"background-color":"","background-image":"","background-repeat":"repeat","background-position":"center center","background-size":"auto","background-attachment":"scroll","background-type":"","background-media":"","overlay-type":"","overlay-color":"","overlay-opacity":"","overlay-gradient":""}},"ast-content-background-meta":{"desktop":{"background-color":"var(--ast-global-color-5)","background-image":"","background-repeat":"repeat","background-position":"center center","background-size":"auto","background-attachment":"scroll","background-type":"","background-media":"","overlay-type":"","overlay-color":"","overlay-opacity":"","overlay-gradient":""},"tablet":{"background-color":"var(--ast-global-color-5)","background-image":"","background-repeat":"repeat","background-position":"center center","background-size":"auto","background-attachment":"scroll","background-type":"","background-media":"","overlay-type":"","overlay-color":"","overlay-opacity":"","overlay-gradient":""},"mobile":{"background-color":"var(--ast-global-color-5)","background-image":"","background-repeat":"repeat","background-position":"center center","background-size":"auto","background-attachment":"scroll","background-type":"","background-media":"","overlay-type":"","overlay-color":"","overlay-opacity":"","overlay-gradient":""}}},"product_brand":[3285],"product_cat":[3786,3838,3489],"product_tag":[3049,4330,4277],"class_list":{"0":"post-20589","1":"product","2":"type-product","3":"status-publish","4":"has-post-thumbnail","6":"product_brand-bont","7":"product_cat-bottes","8":"product_cat-offres-de-club","10":"product_tag-bont-skate","11":"product_tag-sangles-velcro-bont","12":"product_tag-sangles-velcro-patriot","13":"desktop-align-left","14":"tablet-align-left","15":"mobile-align-left","17":"first","18":"instock","19":"taxable","20":"shipping-taxable","21":"purchasable","22":"product-type-simple"},"acf":[],"_links":{"self":[{"href":"https:\/\/ztsports.com\/fr\/wp-json\/wp\/v2\/product\/20589","targetHints":{"allow":["GET"]}}],"collection":[{"href":"https:\/\/ztsports.com\/fr\/wp-json\/wp\/v2\/product"}],"about":[{"href":"https:\/\/ztsports.com\/fr\/wp-json\/wp\/v2\/types\/product"}],"replies":[{"embeddable":true,"href":"https:\/\/ztsports.com\/fr\/wp-json\/wp\/v2\/comments?post=20589"}],"version-history":[{"count":1,"href":"https:\/\/ztsports.com\/fr\/wp-json\/wp\/v2\/product\/20589\/revisions"}],"predecessor-version":[{"id":20590,"href":"https:\/\/ztsports.com\/fr\/wp-json\/wp\/v2\/product\/20589\/revisions\/20590"}],"wp:featuredmedia":[{"embeddable":true,"href":"https:\/\/ztsports.com\/fr\/wp-json\/wp\/v2\/media\/20591"}],"wp:attachment":[{"href":"https:\/\/ztsports.com\/fr\/wp-json\/wp\/v2\/media?parent=20589"}],"wp:term":[{"taxonomy":"product_brand","embeddable":true,"href":"https:\/\/ztsports.com\/fr\/wp-json\/wp\/v2\/product_brand?post=20589"},{"taxonomy":"product_cat","embeddable":true,"href":"https:\/\/ztsports.com\/fr\/wp-json\/wp\/v2\/product_cat?post=20589"},{"taxonomy":"product_tag","embeddable":true,"href":"https:\/\/ztsports.com\/fr\/wp-json\/wp\/v2\/product_tag?post=20589"}],"curies":[{"name":"wp","href":"https:\/\/api.w.org\/{rel}","templated":true}]}}