{"id":20584,"date":"2024-06-16T14:53:38","date_gmt":"2024-06-16T14:53:38","guid":{"rendered":"https:\/\/ztsports.com\/?post_type=product&#038;p=20584"},"modified":"2026-04-15T03:21:25","modified_gmt":"2026-04-15T03:21:25","slug":"mallette-de-transport","status":"publish","type":"product","link":"https:\/\/ztsports.com\/fr\/store\/mallette-de-transport\/","title":{"rendered":"Mallette de transport pour gabarit d&#8217;aff\u00fbtage"},"content":{"rendered":"<h1>Mallette de transport pour gabarit d&#8217;aff\u00fbtage<\/h1>\n<p>Cette mallette de transport de gabarit d&#8217;aff\u00fbtage Ron Nagano Skate est le moyen id\u00e9al pour transporter votre gabarit d&#8217;aff\u00fbtage.<\/p>\n<p>Rigide doubl\u00e9e de mousse pour les gabarits et les pierres \u00e0 aiguiser. <em>Jig Box<\/em> est l&#8217;endroit id\u00e9al pour ranger et prot\u00e9ger votre gabarit et vos pierres !<\/p>\n<p>Id\u00e9al pour transporter votre jig lors d&#8217;une comp\u00e9tition ou d&#8217;un voyage. Un excellent moyen de prot\u00e9ger votre investissement \u00e0 moindre co\u00fbt. id\u00e9al pour l&#8217;entreposage hors saison.<\/p>\n<p>Enfin, vous pouvez consulter tous nos <a href=\"https:\/\/ztsports.com\/product-category\/sharpening\/jigs\/\"><strong>JIGS d&#8217;aff\u00fbtage pour patins de vitesse ici<\/strong><\/a>.<\/p>\n","protected":false},"excerpt":{"rendered":"<p>Mallette de transport pour gabarit d&#8217;aff\u00fbtage Cette mallette de transport de gabarit d&#8217;aff\u00fbtage Ron Nagano Skate est le moyen id\u00e9al pour transporter votre gabarit d&#8217;aff\u00fbtage. Rigide doubl\u00e9e de mousse pour les gabarits et les pierres \u00e0 aiguiser. Jig Box est l&#8217;endroit id\u00e9al pour ranger et prot\u00e9ger votre gabarit et vos pierres ! Id\u00e9al pour transporter [&hellip;]<\/p>\n","protected":false},"featured_media":20586,"comment_status":"open","ping_status":"closed","template":"","meta":{"_acf_changed":false,"_monsterinsights_skip_tracking":false,"_monsterinsights_sitenote_active":false,"_monsterinsights_sitenote_note":"","_monsterinsights_sitenote_category":0,"_uf_show_specific_survey":0,"_uf_disable_surveys":false,"site-sidebar-layout":"default","site-content-layout":"","ast-site-content-layout":"default","site-content-style":"default","site-sidebar-style":"default","ast-global-header-display":"","ast-banner-title-visibility":"","ast-main-header-display":"","ast-hfb-above-header-display":"","ast-hfb-below-header-display":"","ast-hfb-mobile-header-display":"","site-post-title":"","ast-breadcrumbs-content":"","ast-featured-img":"","footer-sml-layout":"","ast-disable-related-posts":"","theme-transparent-header-meta":"default","adv-header-id-meta":"","stick-header-meta":"","header-above-stick-meta":"","header-main-stick-meta":"","header-below-stick-meta":"","astra-migrate-meta-layouts":"set","ast-page-background-enabled":"default","ast-page-background-meta":{"desktop":{"background-color":"","background-image":"","background-repeat":"repeat","background-position":"center center","background-size":"auto","background-attachment":"scroll","background-type":"","background-media":"","overlay-type":"","overlay-color":"","overlay-opacity":"","overlay-gradient":""},"tablet":{"background-color":"","background-image":"","background-repeat":"repeat","background-position":"center center","background-size":"auto","background-attachment":"scroll","background-type":"","background-media":"","overlay-type":"","overlay-color":"","overlay-opacity":"","overlay-gradient":""},"mobile":{"background-color":"","background-image":"","background-repeat":"repeat","background-position":"center center","background-size":"auto","background-attachment":"scroll","background-type":"","background-media":"","overlay-type":"","overlay-color":"","overlay-opacity":"","overlay-gradient":""}},"ast-content-background-meta":{"desktop":{"background-color":"var(--ast-global-color-5)","background-image":"","background-repeat":"repeat","background-position":"center center","background-size":"auto","background-attachment":"scroll","background-type":"","background-media":"","overlay-type":"","overlay-color":"","overlay-opacity":"","overlay-gradient":""},"tablet":{"background-color":"var(--ast-global-color-5)","background-image":"","background-repeat":"repeat","background-position":"center center","background-size":"auto","background-attachment":"scroll","background-type":"","background-media":"","overlay-type":"","overlay-color":"","overlay-opacity":"","overlay-gradient":""},"mobile":{"background-color":"var(--ast-global-color-5)","background-image":"","background-repeat":"repeat","background-position":"center center","background-size":"auto","background-attachment":"scroll","background-type":"","background-media":"","overlay-type":"","overlay-color":"","overlay-opacity":"","overlay-gradient":""}}},"product_brand":[3326,3365],"product_cat":[3743,3393,3394,3398,3397],"product_tag":[3427,4327,4328,3040,4329],"class_list":{"0":"post-20584","1":"product","2":"type-product","3":"status-publish","4":"has-post-thumbnail","6":"product_brand-nagano","7":"product_brand-zt-sports","8":"product_cat-accessoires-daffutage","9":"product_cat-aiguisage","10":"product_cat-kits-de-gabarits","11":"product_cat-parts-tools","12":"product_cat-support","13":"product_tag-equipement-de-patinage-de-vitesse","14":"product_tag-etui-de-protection","15":"product_tag-mallette-de-transport-de-gabarits","16":"product_tag-sharpening","17":"product_tag-trousse-de-gabarits","18":"desktop-align-left","19":"tablet-align-left","20":"mobile-align-left","22":"first","23":"instock","24":"taxable","25":"shipping-taxable","26":"purchasable","27":"product-type-simple"},"acf":[],"_links":{"self":[{"href":"https:\/\/ztsports.com\/fr\/wp-json\/wp\/v2\/product\/20584","targetHints":{"allow":["GET"]}}],"collection":[{"href":"https:\/\/ztsports.com\/fr\/wp-json\/wp\/v2\/product"}],"about":[{"href":"https:\/\/ztsports.com\/fr\/wp-json\/wp\/v2\/types\/product"}],"replies":[{"embeddable":true,"href":"https:\/\/ztsports.com\/fr\/wp-json\/wp\/v2\/comments?post=20584"}],"version-history":[{"count":1,"href":"https:\/\/ztsports.com\/fr\/wp-json\/wp\/v2\/product\/20584\/revisions"}],"predecessor-version":[{"id":20585,"href":"https:\/\/ztsports.com\/fr\/wp-json\/wp\/v2\/product\/20584\/revisions\/20585"}],"wp:featuredmedia":[{"embeddable":true,"href":"https:\/\/ztsports.com\/fr\/wp-json\/wp\/v2\/media\/20586"}],"wp:attachment":[{"href":"https:\/\/ztsports.com\/fr\/wp-json\/wp\/v2\/media?parent=20584"}],"wp:term":[{"taxonomy":"product_brand","embeddable":true,"href":"https:\/\/ztsports.com\/fr\/wp-json\/wp\/v2\/product_brand?post=20584"},{"taxonomy":"product_cat","embeddable":true,"href":"https:\/\/ztsports.com\/fr\/wp-json\/wp\/v2\/product_cat?post=20584"},{"taxonomy":"product_tag","embeddable":true,"href":"https:\/\/ztsports.com\/fr\/wp-json\/wp\/v2\/product_tag?post=20584"}],"curies":[{"name":"wp","href":"https:\/\/api.w.org\/{rel}","templated":true}]}}