{"id":20579,"date":"2021-12-30T07:21:21","date_gmt":"2021-12-30T07:21:21","guid":{"rendered":"https:\/\/ztsports.com\/?post_type=product&#038;p=20579"},"modified":"2026-02-02T19:23:30","modified_gmt":"2026-02-02T19:23:30","slug":"evo-triple-t-ttt-lt-clap-12c27","status":"publish","type":"product","link":"https:\/\/ztsports.com\/fr\/store\/evo-triple-t-ttt-lt-clap-12c27\/","title":{"rendered":"EVO TRIPLE T (TTT) LT CLAP 12C27"},"content":{"rendered":"<p>Le tube EVO Triple T (TTT) LT Clap 12C27 est construit avec de l&#8217;aluminium de haute qualit\u00e9 s\u00e9rie 7000 12C27. Il conserve une excellente qualit\u00e9 de tranchant et est fabriqu\u00e9 selon les m\u00eames tol\u00e9rances que nos patins PM et bi-m\u00e9tal.<\/p>\n<p>Ponts en aluminium de s\u00e9rie 7000 frais\u00e9s avec pr\u00e9cision, pivots de haute qualit\u00e9, mat\u00e9riel de montage et ressorts.<\/p>\n<p>En outre, la tension du ressort est facilement r\u00e9glable et le syst\u00e8me d&#8217;amortissement du c\u00f4ne arri\u00e8re.<\/p>\n<ul class=\"ul1\">\n<li class=\"li1\">\n<ul class=\"productspecs\">\n<li>aluminium de haute qualit\u00e9 de la s\u00e9rie 7000<\/li>\n<li>L&#8217;acier 12C27 conserve un tranchant et une qualit\u00e9 d&#8217;ar\u00eate excellents.<\/li>\n<li>Ponts en aluminium de s\u00e9rie 7000 frais\u00e9s avec pr\u00e9cision<\/li>\n<li>Pivots, mat\u00e9riel de montage et ressorts de haute qualit\u00e9<\/li>\n<li>Tension du ressort facilement r\u00e9glable<\/li>\n<li>Syst\u00e8me d&#8217;amortissement du c\u00f4ne arri\u00e8re<\/li>\n<\/ul>\n<\/li>\n<\/ul>\n<p>Evoskates s&#8217;engage \u00e0 d\u00e9velopper les meilleurs produits gr\u00e2ce \u00e0 l&#8217;innovation et \u00e0 la qualit\u00e9.<\/p>\n<p>Seuls des mat\u00e9riaux de premi\u00e8re qualit\u00e9, des processus de fabrication de la plus haute qualit\u00e9 et des conceptions avanc\u00e9es sont mis en \u0153uvre dans nos produits.<\/p>\n<h4>Fabriqu\u00e9 aux Pays-Bas.<\/h4>\n<p><strong>Pour en savoir plus sur EVO Skate, cliquez <a href=\"https:\/\/www.evoskates.eu\/about.html\" target=\"_blank\" rel=\"noopener\">ici<\/a>.<\/strong><\/p>\n<p><strong>Vous pouvez voir toutes nos <a href=\"https:\/\/ztsports.com\/product-category\/long-track\/blades1\/\">lames Long Track<\/a> ici.<\/strong><\/p>\n","protected":false},"excerpt":{"rendered":"<p>Le tube EVO Triple T (TTT) LT Clap 12C27 est construit avec de l&#8217;aluminium de haute qualit\u00e9 s\u00e9rie 7000 12C27. Il conserve une excellente qualit\u00e9 de tranchant et est fabriqu\u00e9 selon les m\u00eames tol\u00e9rances que nos patins PM et bi-m\u00e9tal. Ponts en aluminium de s\u00e9rie 7000 frais\u00e9s avec pr\u00e9cision, pivots de haute qualit\u00e9, mat\u00e9riel de [&hellip;]<\/p>\n","protected":false},"featured_media":20581,"comment_status":"open","ping_status":"closed","template":"","meta":{"_acf_changed":false,"_monsterinsights_skip_tracking":false,"_monsterinsights_sitenote_active":false,"_monsterinsights_sitenote_note":"","_monsterinsights_sitenote_category":0,"_uf_show_specific_survey":0,"_uf_disable_surveys":false,"site-sidebar-layout":"default","site-content-layout":"","ast-site-content-layout":"default","site-content-style":"default","site-sidebar-style":"default","ast-global-header-display":"","ast-banner-title-visibility":"","ast-main-header-display":"","ast-hfb-above-header-display":"","ast-hfb-below-header-display":"","ast-hfb-mobile-header-display":"","site-post-title":"","ast-breadcrumbs-content":"","ast-featured-img":"","footer-sml-layout":"","ast-disable-related-posts":"","theme-transparent-header-meta":"default","adv-header-id-meta":"","stick-header-meta":"","header-above-stick-meta":"","header-main-stick-meta":"","header-below-stick-meta":"","astra-migrate-meta-layouts":"set","ast-page-background-enabled":"default","ast-page-background-meta":{"desktop":{"background-color":"","background-image":"","background-repeat":"repeat","background-position":"center center","background-size":"auto","background-attachment":"scroll","background-type":"","background-media":"","overlay-type":"","overlay-color":"","overlay-opacity":"","overlay-gradient":""},"tablet":{"background-color":"","background-image":"","background-repeat":"repeat","background-position":"center center","background-size":"auto","background-attachment":"scroll","background-type":"","background-media":"","overlay-type":"","overlay-color":"","overlay-opacity":"","overlay-gradient":""},"mobile":{"background-color":"","background-image":"","background-repeat":"repeat","background-position":"center center","background-size":"auto","background-attachment":"scroll","background-type":"","background-media":"","overlay-type":"","overlay-color":"","overlay-opacity":"","overlay-gradient":""}},"ast-content-background-meta":{"desktop":{"background-color":"var(--ast-global-color-5)","background-image":"","background-repeat":"repeat","background-position":"center center","background-size":"auto","background-attachment":"scroll","background-type":"","background-media":"","overlay-type":"","overlay-color":"","overlay-opacity":"","overlay-gradient":""},"tablet":{"background-color":"var(--ast-global-color-5)","background-image":"","background-repeat":"repeat","background-position":"center center","background-size":"auto","background-attachment":"scroll","background-type":"","background-media":"","overlay-type":"","overlay-color":"","overlay-opacity":"","overlay-gradient":""},"mobile":{"background-color":"var(--ast-global-color-5)","background-image":"","background-repeat":"repeat","background-position":"center center","background-size":"auto","background-attachment":"scroll","background-type":"","background-media":"","overlay-type":"","overlay-color":"","overlay-opacity":"","overlay-gradient":""}}},"product_brand":[3297],"product_cat":[3526,3523,3390,3467],"product_tag":[2616,1881,2617,3577,1794,1752,2620],"class_list":{"0":"post-20579","1":"product","2":"type-product","3":"status-publish","4":"has-post-thumbnail","6":"product_brand-evo","7":"product_cat-blades","8":"product_cat-lames-a-longue-voie","9":"product_cat-longue-piste","10":"product_cat-patinage-de-vitesse","11":"product_tag-clapskate","12":"product_tag-evo","13":"product_tag-evo-triple-t","14":"product_tag-patinage-de-vitesse-sur-glace","15":"product_tag-speed-skating","16":"product_tag-speed-skating-equipment","17":"product_tag-triple-t","18":"desktop-align-left","19":"tablet-align-left","20":"mobile-align-left","22":"first","23":"instock","24":"taxable","25":"shipping-taxable","26":"purchasable","27":"product-type-simple"},"acf":[],"_links":{"self":[{"href":"https:\/\/ztsports.com\/fr\/wp-json\/wp\/v2\/product\/20579","targetHints":{"allow":["GET"]}}],"collection":[{"href":"https:\/\/ztsports.com\/fr\/wp-json\/wp\/v2\/product"}],"about":[{"href":"https:\/\/ztsports.com\/fr\/wp-json\/wp\/v2\/types\/product"}],"replies":[{"embeddable":true,"href":"https:\/\/ztsports.com\/fr\/wp-json\/wp\/v2\/comments?post=20579"}],"version-history":[{"count":1,"href":"https:\/\/ztsports.com\/fr\/wp-json\/wp\/v2\/product\/20579\/revisions"}],"predecessor-version":[{"id":20580,"href":"https:\/\/ztsports.com\/fr\/wp-json\/wp\/v2\/product\/20579\/revisions\/20580"}],"wp:featuredmedia":[{"embeddable":true,"href":"https:\/\/ztsports.com\/fr\/wp-json\/wp\/v2\/media\/20581"}],"wp:attachment":[{"href":"https:\/\/ztsports.com\/fr\/wp-json\/wp\/v2\/media?parent=20579"}],"wp:term":[{"taxonomy":"product_brand","embeddable":true,"href":"https:\/\/ztsports.com\/fr\/wp-json\/wp\/v2\/product_brand?post=20579"},{"taxonomy":"product_cat","embeddable":true,"href":"https:\/\/ztsports.com\/fr\/wp-json\/wp\/v2\/product_cat?post=20579"},{"taxonomy":"product_tag","embeddable":true,"href":"https:\/\/ztsports.com\/fr\/wp-json\/wp\/v2\/product_tag?post=20579"}],"curies":[{"name":"wp","href":"https:\/\/api.w.org\/{rel}","templated":true}]}}