{"id":20573,"date":"2024-06-06T13:42:30","date_gmt":"2024-06-06T13:42:30","guid":{"rendered":"https:\/\/ztsports.com\/?post_type=product&#038;p=20573"},"modified":"2026-04-15T03:20:09","modified_gmt":"2026-04-15T03:20:09","slug":"bottines-ultrathin-dezeefit","status":"publish","type":"product","link":"https:\/\/ztsports.com\/fr\/store\/bottines-ultrathin-dezeefit\/","title":{"rendered":"Bottines Ultrathin d&#8217;eZeefit"},"content":{"rendered":"<h1 data-rm-block-id=\"block-1\">Bottines Ultrathin d&#8217;eZeefit<\/h1>\n<p data-rm-block-id=\"block-2\">Voici la bottine ultra-mince ezeefit, la solution ultime pour prot\u00e9ger vos pieds tout en les gardant confortables et \u00e9l\u00e9gants. De plus, ces chaussons sont fabriqu\u00e9s avec des mat\u00e9riaux de haute qualit\u00e9 et sont con\u00e7us pour offrir une protection et un confort sup\u00e9rieurs. Ils sont donc parfaits pour toute une s\u00e9rie d&#8217;activit\u00e9s, notamment la randonn\u00e9e, la course \u00e0 pied et d&#8217;autres sports de plein air.<\/p>\n<p data-rm-block-id=\"block-3\">Notre soci\u00e9t\u00e9 a \u00e9t\u00e9 fond\u00e9e pour cr\u00e9er une solution non adh\u00e9sive au contr\u00f4le des frottements et des ampoules.<br \/>\nEn commen\u00e7ant par plusieurs prototypes, nous avons trouv\u00e9 une solution simple et efficace qui peut \u00eatre lav\u00e9e et port\u00e9e plusieurs fois.<br \/>\nIl nous a fallu trois ans pour mettre au point les mat\u00e9riaux exclusifs personnalis\u00e9s.<br \/>\nNos mat\u00e9riaux exclusifs ont une &#8220;m\u00e9moire d&#8217;\u00e9tirement&#8221;, ils sont donc flexibles mais<br \/>\nconservent leur forme, qu&#8217;ils soient humides ou secs, et s&#8217;accrochent \u00e0 votre peau en cr\u00e9ant une barri\u00e8re efficace contre les frottements.<\/p>\n<ul>\n<li data-rm-block-id=\"block-4\"><strong>Conception et mat\u00e9riaux<\/strong>:<\/li>\n<li data-rm-block-id=\"block-5\">La bottine ezeefit ultrathin est con\u00e7ue avec un profil fin qui la rend facile \u00e0 porter, m\u00eame avec des chaussures \u00e9troites. En outre, le chausson est fabriqu\u00e9 dans un mat\u00e9riau respirant et r\u00e9sistant \u00e0 l&#8217;eau qui garde vos pieds au sec et \u00e0 l&#8217;aise, m\u00eame dans des conditions humides.<\/li>\n<li data-rm-block-id=\"block-6\"><strong>Confort<\/strong>:<\/li>\n<li data-rm-block-id=\"block-7\">La bottine ultra-mince ezeefit a \u00e9t\u00e9 con\u00e7ue dans un souci de confort. Elle est dot\u00e9e d&#8217;une semelle int\u00e9rieure rembourr\u00e9e et d&#8217;une semelle flexible qui s&#8217;adapte \u00e0 la forme de votre pied. De plus, la mati\u00e8re extensible de la tige de la bottine garantit un ajustement confortable pour toutes les tailles de pieds. Le chausson est \u00e9galement l\u00e9ger, ce qui le rend facile \u00e0 porter pendant de longues p\u00e9riodes.<\/li>\n<\/ul>\n<ul>\n<li data-rm-block-id=\"block-8\"><strong>Polyvalence<\/strong>:<\/li>\n<li data-rm-block-id=\"block-9\">Le chausson de cheville ultrafin ezeefit convient \u00e0 un large \u00e9ventail d&#8217;activit\u00e9s. Y compris le<strong> patinage de vitesse <\/strong>, la randonn\u00e9e, la course \u00e0 pied et d&#8217;autres sports de plein air. Sa l\u00e9g\u00e8ret\u00e9 et sa respirabilit\u00e9 en font un produit id\u00e9al pour les temps chauds.<\/li>\n<li>\n<h3 data-rm-block-id=\"block-10\">Temps froid ou chaud<\/h3>\n<\/li>\n<li>\n<h5 data-rm-block-id=\"block-11\">La mati\u00e8re r\u00e9sistante \u00e0 l&#8217;eau garde vos pieds au sec dans des conditions humides. La bottine ULTRA THIN ANKLE BOOTIE est \u00e9galement id\u00e9ale pour un usage quotidien, offrant une protection et un confort accrus \u00e0 vos pieds lorsque vous faites vos courses ou que vous sortez en ville.<\/h5>\n<\/li>\n<\/ul>\n<ul>\n<li data-rm-block-id=\"block-12\"><strong>Facile \u00e0 porter<\/strong>:<\/li>\n<li data-rm-block-id=\"block-13\">La bottine ultra-mince ezeefit est con\u00e7ue pour \u00eatre facile \u00e0 porter et \u00e0 enlever. Avec un design simple \u00e0 enfiler, c&#8217;est un excellent choix pour les personnes en d\u00e9placement.<\/li>\n<\/ul>\n<ul>\n<li data-rm-block-id=\"block-14\"><strong>Durabilit\u00e9<\/strong>:<\/li>\n<li data-rm-block-id=\"block-15\">Fabriqu\u00e9e avec des mat\u00e9riaux de haute qualit\u00e9, la bottine ultra-mince ezeefit est con\u00e7ue pour durer. Le mat\u00e9riau r\u00e9sistant \u00e0 l&#8217;eau garantit que le chausson peut r\u00e9sister aux rigueurs d&#8217;une utilisation quotidienne.<\/li>\n<\/ul>\n<ul>\n<li data-rm-block-id=\"block-16\"><strong>Service \u00e0 la client\u00e8le<\/strong>:<\/li>\n<li data-rm-block-id=\"block-17\">Nous sommes fiers de fournir un excellent service \u00e0 la client\u00e8le. Notre \u00e9quipe est \u00e0 votre disposition si vous avez des questions sur la bottine ezeefit ultrathin. Nous proposons \u00e9galement une gamme de tailles pour que vous puissiez trouver l&#8217;ajustement parfait.<\/li>\n<\/ul>\n<h4 data-rm-block-id=\"block-18\">chausson de cheville ultrafin ezeefit<\/h4>\n<p data-rm-block-id=\"block-19\">La bottine ezeefit ultrathin est le choix id\u00e9al pour tous ceux qui recherchent une bottine l\u00e9g\u00e8re, confortable et durable offrant une protection et un style sup\u00e9rieurs. Commandez le v\u00f4tre d\u00e8s aujourd&#8217;hui et faites l&#8217;exp\u00e9rience de la protection et du confort ultimes pour vos pieds.<\/p>\n<p data-rm-block-id=\"block-20\"><a href=\"https:\/\/www.youtube.com\/watch?v=KKG3a-MNzrQ&amp;t=3s\" target=\"_blank\" rel=\"noopener\"><strong>Comment enfiler<\/strong><\/a>et d\u00e9terminer un ajustement parfait avec les bottillons Ezeefit<\/p>\n<p data-rm-block-id=\"block-21\">Les chaussettes en n\u00e9opr\u00e8ne Ezeefit sont parfaites pour traiter les points de pression lors du port de nouveaux patins \u00e0 roues align\u00e9es, patins \u00e0 glace ou chaussures. L&#8217;Ezeefit est parfait pour \u00e9viter les ampoules ! Attention : veillez \u00e0 porter l&#8217;Ezeefit sans chaussettes ! Ces chaussettes sont emball\u00e9es par paires (2 chaussettes).<\/p>\n<p data-rm-block-id=\"block-22\">La peau Ezeefit s&#8217;adapte comme une seconde peau. L&#8217;\u00e9paisseur est de 1 mm.<\/p>\n<ul>\n<li>Lycra <strong style=\"font-size: 0.875rem;\">ultra-mince <\/strong>coll\u00e9 sur mesure :<span style=\"font-size: 0.875rem;\"><br \/>\n<\/span><\/p>\n<ul>\n<li data-rm-block-id=\"block-23\"><span style=\"font-size: 0.875rem;\">Ultrathin est le meilleur choix lorsqu&#8217;aucun rembourrage suppl\u00e9mentaire n&#8217;est n\u00e9cessaire.<\/span><\/li>\n<li data-rm-block-id=\"block-24\"><span style=\"font-size: 0.875rem;\">Fabriqu\u00e9 en Lycra\u00ae extensible sur mesure avec un noyau \u00e0 m\u00e9moire de forme<\/span><\/li>\n<li data-rm-block-id=\"block-25\"><span style=\"font-size: 0.875rem;\">Environ un millim\u00e8tre d&#8217;\u00e9paisseur<\/span><\/li>\n<li data-rm-block-id=\"block-26\"><span style=\"font-size: 0.875rem;\">Encombrement minimal dans la chaussure<\/span><\/li>\n<li data-rm-block-id=\"block-27\"><span style=\"font-size: 0.875rem;\">extra petit\/jeune.<\/span><\/li>\n<li data-rm-block-id=\"block-28\"><span style=\"font-size: 0.875rem;\">petit convient aux femmes 5-8<\/span><\/li>\n<li data-rm-block-id=\"block-29\"><span style=\"font-size: 0.875rem;\">med\/lg convient aux hommes 7-11<\/span><\/li>\n<li data-rm-block-id=\"block-30\"><span style=\"font-size: 0.875rem;\">x-large convient aux hommes 11-14<\/span><\/li>\n<li data-rm-block-id=\"block-31\"><span style=\"font-size: 0.875rem;\">Black\/red (reversible)<\/span><\/li>\n<\/ul>\n<\/li>\n<\/ul>\n<p data-rm-block-id=\"block-32\"><strong>Taille XXS : <\/strong>Pointure 28-31<\/p>\n<p data-rm-block-id=\"block-33\"><strong>Taille XS : <\/strong>Pointure 33-35<\/p>\n<p data-rm-block-id=\"block-34\"><strong>Taille S :<\/strong> Taille de chaussure 36-38 (EU)<\/p>\n<p data-rm-block-id=\"block-35\"><strong>Taille M :<\/strong> pointure : 39-40 (EU)<\/p>\n<p data-rm-block-id=\"block-36\"><strong>Taille L<\/strong>: pointure 41-44 (EU)<\/p>\n<p data-rm-block-id=\"block-37\"><strong>Taille XL<\/strong>: pointure 45-47 (EU)<\/p>\n<p data-rm-block-id=\"block-38\"><a href=\"https:\/\/www.youtube.com\/watch?v=KKG3a-MNzrQ&amp;t=3s\" target=\"_blank\" rel=\"noopener\"><strong>Comment enfiler<\/strong><\/a>et d\u00e9terminer un ajustement parfait avec les bottines Ezeefit.<\/p>\n<p data-rm-block-id=\"block-39\"><strong>Plan\u00e8te Inline<\/strong> <a href=\"https:\/\/www.inlineplanet.com\/Articles2\/EzeefitReview.html\" target=\"_blank\" rel=\"noopener\"><strong>Revue des chaussons Ezeefit Ankel Booties<\/strong><\/a> <span class=\"style245\">Par <\/span><a href=\"mailto:robert@inlineplanet.com\"><span class=\"style245\">Robert &#8220;Just the Factoids&#8221; Burnson<\/span><\/a><\/p>\n<p data-rm-block-id=\"block-40\">Enfin, consultez tous les produits <a href=\"https:\/\/ztsports.com\/brand\/ezeefit\/\"><strong>produits Ezeefit<\/strong><\/a>ici.<\/p>\n","protected":false},"excerpt":{"rendered":"<p>Bottines Ultrathin d&#8217;eZeefit Voici la bottine ultra-mince ezeefit, la solution ultime pour prot\u00e9ger vos pieds tout en les gardant confortables et \u00e9l\u00e9gants. De plus, ces chaussons sont fabriqu\u00e9s avec des mat\u00e9riaux de haute qualit\u00e9 et sont con\u00e7us pour offrir une protection et un confort sup\u00e9rieurs. Ils sont donc parfaits pour toute une s\u00e9rie d&#8217;activit\u00e9s, notamment [&hellip;]<\/p>\n","protected":false},"featured_media":20575,"comment_status":"open","ping_status":"closed","template":"","meta":{"_acf_changed":false,"_monsterinsights_skip_tracking":false,"_monsterinsights_sitenote_active":false,"_monsterinsights_sitenote_note":"","_monsterinsights_sitenote_category":0,"_uf_show_specific_survey":0,"_uf_disable_surveys":false,"site-sidebar-layout":"default","site-content-layout":"","ast-site-content-layout":"default","site-content-style":"default","site-sidebar-style":"default","ast-global-header-display":"","ast-banner-title-visibility":"","ast-main-header-display":"","ast-hfb-above-header-display":"","ast-hfb-below-header-display":"","ast-hfb-mobile-header-display":"","site-post-title":"","ast-breadcrumbs-content":"","ast-featured-img":"","footer-sml-layout":"","ast-disable-related-posts":"","theme-transparent-header-meta":"default","adv-header-id-meta":"","stick-header-meta":"","header-above-stick-meta":"","header-main-stick-meta":"","header-below-stick-meta":"","astra-migrate-meta-layouts":"set","ast-page-background-enabled":"default","ast-page-background-meta":{"desktop":{"background-color":"","background-image":"","background-repeat":"repeat","background-position":"center center","background-size":"auto","background-attachment":"scroll","background-type":"","background-media":"","overlay-type":"","overlay-color":"","overlay-opacity":"","overlay-gradient":""},"tablet":{"background-color":"","background-image":"","background-repeat":"repeat","background-position":"center center","background-size":"auto","background-attachment":"scroll","background-type":"","background-media":"","overlay-type":"","overlay-color":"","overlay-opacity":"","overlay-gradient":""},"mobile":{"background-color":"","background-image":"","background-repeat":"repeat","background-position":"center center","background-size":"auto","background-attachment":"scroll","background-type":"","background-media":"","overlay-type":"","overlay-color":"","overlay-opacity":"","overlay-gradient":""}},"ast-content-background-meta":{"desktop":{"background-color":"var(--ast-global-color-5)","background-image":"","background-repeat":"repeat","background-position":"center center","background-size":"auto","background-attachment":"scroll","background-type":"","background-media":"","overlay-type":"","overlay-color":"","overlay-opacity":"","overlay-gradient":""},"tablet":{"background-color":"var(--ast-global-color-5)","background-image":"","background-repeat":"repeat","background-position":"center center","background-size":"auto","background-attachment":"scroll","background-type":"","background-media":"","overlay-type":"","overlay-color":"","overlay-opacity":"","overlay-gradient":""},"mobile":{"background-color":"var(--ast-global-color-5)","background-image":"","background-repeat":"repeat","background-position":"center center","background-size":"auto","background-attachment":"scroll","background-type":"","background-media":"","overlay-type":"","overlay-color":"","overlay-opacity":"","overlay-gradient":""}}},"product_brand":[3298],"product_cat":[3422,3391,3396,3874,3433,3495,3417,3750,3381,3408,3421,3420,3956,3626],"product_tag":[4325,4326,1865,3044,3957,3958],"class_list":{"0":"post-20573","1":"product","2":"type-product","3":"status-publish","4":"has-post-thumbnail","6":"product_brand-ezeefit","7":"product_cat-accessoires","8":"product_cat-accessoires-pour-la-longue-piste","9":"product_cat-accessories","12":"product_cat-bottes","13":"product_cat-chaussettes","14":"product_cat-equipement-de-protection-pour-le-patinage-de-vitesse","15":"product_cat-patinage-de-vitesse-en-ligne","16":"product_cat-patins-a-roulettes","17":"product_cat-protection-bebe-inferieure","18":"product_cat-protection-contre-les-ampoules","19":"product_cat-protection-de-la-cheville","20":"product_cat-super-vente","21":"product_tag-bottines-noires","22":"product_tag-bottines-ultrafines","23":"product_tag-ezeefit","24":"product_tag-ezeefit-ultrathin","25":"product_tag-plus-dampoules","26":"product_tag-protection-contre-les-ampoules","27":"desktop-align-left","28":"tablet-align-left","29":"mobile-align-left","31":"first","32":"instock","33":"sale","34":"taxable","35":"shipping-taxable","36":"purchasable","37":"product-type-simple"},"acf":[],"_links":{"self":[{"href":"https:\/\/ztsports.com\/fr\/wp-json\/wp\/v2\/product\/20573","targetHints":{"allow":["GET"]}}],"collection":[{"href":"https:\/\/ztsports.com\/fr\/wp-json\/wp\/v2\/product"}],"about":[{"href":"https:\/\/ztsports.com\/fr\/wp-json\/wp\/v2\/types\/product"}],"replies":[{"embeddable":true,"href":"https:\/\/ztsports.com\/fr\/wp-json\/wp\/v2\/comments?post=20573"}],"version-history":[{"count":1,"href":"https:\/\/ztsports.com\/fr\/wp-json\/wp\/v2\/product\/20573\/revisions"}],"predecessor-version":[{"id":20574,"href":"https:\/\/ztsports.com\/fr\/wp-json\/wp\/v2\/product\/20573\/revisions\/20574"}],"wp:featuredmedia":[{"embeddable":true,"href":"https:\/\/ztsports.com\/fr\/wp-json\/wp\/v2\/media\/20575"}],"wp:attachment":[{"href":"https:\/\/ztsports.com\/fr\/wp-json\/wp\/v2\/media?parent=20573"}],"wp:term":[{"taxonomy":"product_brand","embeddable":true,"href":"https:\/\/ztsports.com\/fr\/wp-json\/wp\/v2\/product_brand?post=20573"},{"taxonomy":"product_cat","embeddable":true,"href":"https:\/\/ztsports.com\/fr\/wp-json\/wp\/v2\/product_cat?post=20573"},{"taxonomy":"product_tag","embeddable":true,"href":"https:\/\/ztsports.com\/fr\/wp-json\/wp\/v2\/product_tag?post=20573"}],"curies":[{"name":"wp","href":"https:\/\/api.w.org\/{rel}","templated":true}]}}