{"id":20566,"date":"2024-06-03T12:22:17","date_gmt":"2024-06-03T12:22:17","guid":{"rendered":"https:\/\/ztsports.com\/?post_type=product&#038;p=20566"},"modified":"2026-04-15T03:17:27","modified_gmt":"2026-04-15T03:17:27","slug":"sous-combinaison-resistante","status":"publish","type":"product","link":"https:\/\/ztsports.com\/fr\/store\/sous-combinaison-resistante\/","title":{"rendered":"Sous-combinaison r\u00e9sistante aux coupures APOGEE"},"content":{"rendered":"<h1>APOGEE Combinaison de protection contre les coupures Niveau de coupure 6<\/h1>\n<p>Sous-combinaison Apogee r\u00e9sistante aux coupures<\/p>\n<ul>\n<li>Unisexe<\/li>\n<li>Le mat\u00e9riel Dynamix est une exclusivit\u00e9 d&#8217;Apogee<\/li>\n<li>Fermeture \u00e0 glissi\u00e8re auto-lock YKK<\/li>\n<li>Test\u00e9 pour r\u00e9pondre aux normes de l&#8217;ISU et les d\u00e9passer<\/li>\n<li><strong>Fabriqu\u00e9 au Canada<\/strong><\/li>\n<\/ul>\n<p>Plus \u00e9lastique, plus confortable, tr\u00e8s bien ajust\u00e9 !<\/p>\n<p>Sous-combinaison Apogee r\u00e9sistante aux coupures<\/p>\n<p class=\"product_name\">COMBINAISON R\u00c9SISTANTE \u00c0 LA COUPURE D&#8217;UNE SEULE PI\u00c8CE<\/p>\n<div class=\"description\">\n<ul>\n<li>Unisexe<\/li>\n<li>Le mat\u00e9riel Dynamix est une exclusivit\u00e9 d&#8217;Apogee<\/li>\n<li>Fermeture \u00e0 glissi\u00e8re auto-lock YKK<\/li>\n<li>La combinaison Apogee r\u00e9sistante aux coupures est test\u00e9e pour satisfaire et surpasser les normes ISU &#8211; <strong>R\u00e9sistance au niveau de coupure : 6<\/strong> <strong>EN-388 test<\/strong> <strong>le plus \u00e9lev\u00e9 du march\u00e9 !<\/strong><\/li>\n<li>Chaque rouleau de mat\u00e9riau est test\u00e9 avant d&#8217;\u00eatre utilis\u00e9.<\/li>\n<li>Fabriqu\u00e9 au Canada &#8211; la meilleure qualit\u00e9<\/li>\n<\/ul>\n<p>Apogee Sports est une entreprise canadienne qui se consacre \u00e0 la production de v\u00eatements et d&#8217;accessoires personnalis\u00e9s pour les \u00e9quipes et les organisations sportives \u00e0 tous les niveaux, des clubs locaux aux champions olympiques. <span class=\"\">Depuis sa cr\u00e9ation en 1998, Apogee est un acteur cl\u00e9 dans les domaines du cyclisme, de la course \u00e0 pied, du triathlon, du cano\u00eb-kayak, du ski de fond, du ski alpin et du patinage de vitesse au Canada et dans le monde entier. monde.<\/span><\/p>\n<p>Apogee Sports se concentre sur l&#8217;innovation, la qualit\u00e9 et la collaboration afin de rester un leader dans l&#8217;industrie. La volont\u00e9 de concevoir des \u00e9quipements adapt\u00e9s et s\u00fbrs pour les athl\u00e8tes est louable, car elle donne la priorit\u00e9 \u00e0 la s\u00e9curit\u00e9 pour les aider \u00e0 atteindre leurs objectifs sportifs.<\/p>\n<p>Promouvoir l&#8217;importance du sport et du bien-\u00eatre est notre mission. La pratique d&#8217;un sport et le maintien d&#8217;un mode de vie sain pr\u00e9sentent de nombreux avantages, tant sur le plan physique que mental. En mettant l&#8217;accent sur ces aspects, Apogee Sports ne se contente pas de fournir des v\u00eatements de haute qualit\u00e9, mais encourage \u00e9galement les individus \u00e0 pratiquer des activit\u00e9s physiques qui contribuent \u00e0 leur bien-\u00eatre g\u00e9n\u00e9ral.<\/p>\n<p>En continuant \u00e0 travailler en \u00e9troite collaboration avec des athl\u00e8tes de haut niveau, nous nous assurons que nos produits r\u00e9pondent aux besoins et aux exigences de ceux qui en d\u00e9pendent. En tenant compte de leurs commentaires et en les impliquant dans le processus de d\u00e9veloppement, Apogee Sports peut cr\u00e9er des solutions qui soutiennent r\u00e9ellement leurs performances et am\u00e9liorent leurs efforts sportifs.<\/p>\n<p>Dans l&#8217;ensemble, l&#8217;engagement de votre entreprise \u00e0 fournir des produits innovants et de haute qualit\u00e9 tout en donnant la priorit\u00e9 \u00e0 la s\u00e9curit\u00e9 et \u00e0 la r\u00e9ussite des athl\u00e8tes t\u00e9moigne d&#8217;une forte volont\u00e9 d&#8217;excellence et de satisfaction du client.<\/p>\n<p>Pour en savoir plus sur Apogee <a href=\"https:\/\/apogee-sports.com\/pages\/nous-sommes-apogee\" target=\"_blank\" rel=\"noopener\">, cliquez ici !<\/a><\/p>\n<p>Voyez tous nos autres produits <a href=\"https:\/\/ztsports.ca\/product-category\/speed-skating-protection-equipment\/cut-resistant-protection\/\" target=\"_blank\" rel=\"noopener\"><strong>produits r\u00e9sistants aux coupures Ici<\/strong><\/a>.<\/p>\n<\/div>\n","protected":false},"excerpt":{"rendered":"<p>APOGEE Combinaison de protection contre les coupures Niveau de coupure 6 Sous-combinaison Apogee r\u00e9sistante aux coupures Unisexe Le mat\u00e9riel Dynamix est une exclusivit\u00e9 d&#8217;Apogee Fermeture \u00e0 glissi\u00e8re auto-lock YKK Test\u00e9 pour r\u00e9pondre aux normes de l&#8217;ISU et les d\u00e9passer Fabriqu\u00e9 au Canada Plus \u00e9lastique, plus confortable, tr\u00e8s bien ajust\u00e9 ! Sous-combinaison Apogee r\u00e9sistante aux coupures [&hellip;]<\/p>\n","protected":false},"featured_media":20568,"comment_status":"open","ping_status":"closed","template":"","meta":{"_acf_changed":false,"_monsterinsights_skip_tracking":false,"_monsterinsights_sitenote_active":false,"_monsterinsights_sitenote_note":"","_monsterinsights_sitenote_category":0,"_uf_show_specific_survey":0,"_uf_disable_surveys":false,"site-sidebar-layout":"default","site-content-layout":"","ast-site-content-layout":"default","site-content-style":"default","site-sidebar-style":"default","ast-global-header-display":"","ast-banner-title-visibility":"","ast-main-header-display":"","ast-hfb-above-header-display":"","ast-hfb-below-header-display":"","ast-hfb-mobile-header-display":"","site-post-title":"","ast-breadcrumbs-content":"","ast-featured-img":"","footer-sml-layout":"","ast-disable-related-posts":"","theme-transparent-header-meta":"default","adv-header-id-meta":"","stick-header-meta":"","header-above-stick-meta":"","header-main-stick-meta":"","header-below-stick-meta":"","astra-migrate-meta-layouts":"set","ast-page-background-enabled":"default","ast-page-background-meta":{"desktop":{"background-color":"","background-image":"","background-repeat":"repeat","background-position":"center center","background-size":"auto","background-attachment":"scroll","background-type":"","background-media":"","overlay-type":"","overlay-color":"","overlay-opacity":"","overlay-gradient":""},"tablet":{"background-color":"","background-image":"","background-repeat":"repeat","background-position":"center center","background-size":"auto","background-attachment":"scroll","background-type":"","background-media":"","overlay-type":"","overlay-color":"","overlay-opacity":"","overlay-gradient":""},"mobile":{"background-color":"","background-image":"","background-repeat":"repeat","background-position":"center center","background-size":"auto","background-attachment":"scroll","background-type":"","background-media":"","overlay-type":"","overlay-color":"","overlay-opacity":"","overlay-gradient":""}},"ast-content-background-meta":{"desktop":{"background-color":"var(--ast-global-color-5)","background-image":"","background-repeat":"repeat","background-position":"center center","background-size":"auto","background-attachment":"scroll","background-type":"","background-media":"","overlay-type":"","overlay-color":"","overlay-opacity":"","overlay-gradient":""},"tablet":{"background-color":"var(--ast-global-color-5)","background-image":"","background-repeat":"repeat","background-position":"center center","background-size":"auto","background-attachment":"scroll","background-type":"","background-media":"","overlay-type":"","overlay-color":"","overlay-opacity":"","overlay-gradient":""},"mobile":{"background-color":"var(--ast-global-color-5)","background-image":"","background-repeat":"repeat","background-position":"center center","background-size":"auto","background-attachment":"scroll","background-type":"","background-media":"","overlay-type":"","overlay-color":"","overlay-opacity":"","overlay-gradient":""}}},"product_brand":[3275],"product_cat":[3596,3395,3467,3482],"product_tag":[4179,2855,4286,4311,2731,1813,1808,4322,3487],"class_list":{"0":"post-20566","1":"product","2":"type-product","3":"status-publish","4":"has-post-thumbnail","6":"product_brand-apogee","7":"product_cat-costumes-resistants-aux-coupures","8":"product_cat-courte-piste","9":"product_cat-patinage-de-vitesse","10":"product_cat-protection-contre-les-coupures","11":"product_tag-a-lepreuve-des-coupures","12":"product_tag-apogee-dynamix","13":"product_tag-combinaison-resistante-aux-coupures","14":"product_tag-courte-piste-de-lontario","15":"product_tag-cut-risistant","16":"product_tag-dyneema","17":"product_tag-kevlar","18":"product_tag-niveau-de-coupe-5-6","19":"product_tag-protection-contre-les-coupures","20":"desktop-align-left","21":"tablet-align-left","22":"mobile-align-left","24":"first","25":"instock","26":"featured","27":"taxable","28":"shipping-taxable","29":"purchasable","30":"product-type-simple"},"acf":[],"_links":{"self":[{"href":"https:\/\/ztsports.com\/fr\/wp-json\/wp\/v2\/product\/20566","targetHints":{"allow":["GET"]}}],"collection":[{"href":"https:\/\/ztsports.com\/fr\/wp-json\/wp\/v2\/product"}],"about":[{"href":"https:\/\/ztsports.com\/fr\/wp-json\/wp\/v2\/types\/product"}],"replies":[{"embeddable":true,"href":"https:\/\/ztsports.com\/fr\/wp-json\/wp\/v2\/comments?post=20566"}],"version-history":[{"count":1,"href":"https:\/\/ztsports.com\/fr\/wp-json\/wp\/v2\/product\/20566\/revisions"}],"predecessor-version":[{"id":20567,"href":"https:\/\/ztsports.com\/fr\/wp-json\/wp\/v2\/product\/20566\/revisions\/20567"}],"wp:featuredmedia":[{"embeddable":true,"href":"https:\/\/ztsports.com\/fr\/wp-json\/wp\/v2\/media\/20568"}],"wp:attachment":[{"href":"https:\/\/ztsports.com\/fr\/wp-json\/wp\/v2\/media?parent=20566"}],"wp:term":[{"taxonomy":"product_brand","embeddable":true,"href":"https:\/\/ztsports.com\/fr\/wp-json\/wp\/v2\/product_brand?post=20566"},{"taxonomy":"product_cat","embeddable":true,"href":"https:\/\/ztsports.com\/fr\/wp-json\/wp\/v2\/product_cat?post=20566"},{"taxonomy":"product_tag","embeddable":true,"href":"https:\/\/ztsports.com\/fr\/wp-json\/wp\/v2\/product_tag?post=20566"}],"curies":[{"name":"wp","href":"https:\/\/api.w.org\/{rel}","templated":true}]}}