{"id":20561,"date":"2024-06-03T11:16:50","date_gmt":"2024-06-03T11:16:50","guid":{"rendered":"https:\/\/ztsports.com\/?post_type=product&#038;p=20561"},"modified":"2026-04-14T22:58:54","modified_gmt":"2026-04-14T22:58:54","slug":"preparation-des-lames-pour-la-piste-courte","status":"publish","type":"product","link":"https:\/\/ztsports.com\/fr\/store\/preparation-des-lames-pour-la-piste-courte\/","title":{"rendered":"Pr\u00e9paration des lames pour la piste courte"},"content":{"rendered":"<h2>Pr\u00e9paration des lames pour la piste courte<\/h2>\n<p>Pr\u00e9paration compl\u00e8te de vos lames. Profitez de notre expertise et de notre service personnalis\u00e9 pour configurer vos lames et vous assurer qu&#8217;elles seront pr\u00eates \u00e0 affronter la glace !<\/p>\n<p><strong>INCLUT :<\/strong><\/p>\n<ul>\n<li>Contr\u00f4le de qualit\u00e9 (qualit\u00e9 de la lame (vagues), de la colle et du tube)<\/li>\n<li>Pr\u00e9paration de la courbure avec une grande pr\u00e9cision<\/li>\n<li>Rockering sur les profils de haute performance<\/li>\n<li>L&#8217;arrondi des extr\u00e9mit\u00e9s des lames est r\u00e9glementaire et s\u00fbr.<\/li>\n<li>Polissage l\u00e9ger des lames<\/li>\n<li>\u00c9bavurage de lames sur mesure<\/li>\n<li>Premier aff\u00fbtage<\/li>\n<li>polissage miroir de la course<\/li>\n<\/ul>\n","protected":false},"excerpt":{"rendered":"<p>Pr\u00e9paration des lames pour la piste courte Pr\u00e9paration compl\u00e8te de vos lames. Profitez de notre expertise et de notre service personnalis\u00e9 pour configurer vos lames et vous assurer qu&#8217;elles seront pr\u00eates \u00e0 affronter la glace ! INCLUT : Contr\u00f4le de qualit\u00e9 (qualit\u00e9 de la lame (vagues), de la colle et du tube) Pr\u00e9paration de la [&hellip;]<\/p>\n","protected":false},"featured_media":20042,"comment_status":"open","ping_status":"closed","template":"","meta":{"_acf_changed":false,"_monsterinsights_skip_tracking":false,"_monsterinsights_sitenote_active":false,"_monsterinsights_sitenote_note":"","_monsterinsights_sitenote_category":0,"_uf_show_specific_survey":0,"_uf_disable_surveys":false,"site-sidebar-layout":"default","site-content-layout":"","ast-site-content-layout":"default","site-content-style":"default","site-sidebar-style":"default","ast-global-header-display":"","ast-banner-title-visibility":"","ast-main-header-display":"","ast-hfb-above-header-display":"","ast-hfb-below-header-display":"","ast-hfb-mobile-header-display":"","site-post-title":"","ast-breadcrumbs-content":"","ast-featured-img":"","footer-sml-layout":"","ast-disable-related-posts":"","theme-transparent-header-meta":"default","adv-header-id-meta":"","stick-header-meta":"","header-above-stick-meta":"","header-main-stick-meta":"","header-below-stick-meta":"","astra-migrate-meta-layouts":"set","ast-page-background-enabled":"default","ast-page-background-meta":{"desktop":{"background-color":"","background-image":"","background-repeat":"repeat","background-position":"center center","background-size":"auto","background-attachment":"scroll","background-type":"","background-media":"","overlay-type":"","overlay-color":"","overlay-opacity":"","overlay-gradient":""},"tablet":{"background-color":"","background-image":"","background-repeat":"repeat","background-position":"center center","background-size":"auto","background-attachment":"scroll","background-type":"","background-media":"","overlay-type":"","overlay-color":"","overlay-opacity":"","overlay-gradient":""},"mobile":{"background-color":"","background-image":"","background-repeat":"repeat","background-position":"center center","background-size":"auto","background-attachment":"scroll","background-type":"","background-media":"","overlay-type":"","overlay-color":"","overlay-opacity":"","overlay-gradient":""}},"ast-content-background-meta":{"desktop":{"background-color":"var(--ast-global-color-5)","background-image":"","background-repeat":"repeat","background-position":"center center","background-size":"auto","background-attachment":"scroll","background-type":"","background-media":"","overlay-type":"","overlay-color":"","overlay-opacity":"","overlay-gradient":""},"tablet":{"background-color":"var(--ast-global-color-5)","background-image":"","background-repeat":"repeat","background-position":"center center","background-size":"auto","background-attachment":"scroll","background-type":"","background-media":"","overlay-type":"","overlay-color":"","overlay-opacity":"","overlay-gradient":""},"mobile":{"background-color":"var(--ast-global-color-5)","background-image":"","background-repeat":"repeat","background-position":"center center","background-size":"auto","background-attachment":"scroll","background-type":"","background-media":"","overlay-type":"","overlay-color":"","overlay-opacity":"","overlay-gradient":""}}},"product_brand":[3326,3352,3365],"product_cat":[3514,4308],"product_tag":[4319,4320,4321,3040,1752],"class_list":{"0":"post-20561","1":"product","2":"type-product","3":"status-publish","4":"has-post-thumbnail","6":"product_brand-nagano","7":"product_brand-twin","8":"product_brand-zt-sports","9":"product_cat-entretien-des-lames","10":"product_cat-preparation-des-lames-pour-la-piste-courte","11":"product_tag-cintrage-des-lames","12":"product_tag-lame-a-bascule","13":"product_tag-preparation-des-lames-de-patins","14":"product_tag-sharpening","15":"product_tag-speed-skating-equipment","16":"desktop-align-left","17":"tablet-align-left","18":"mobile-align-left","20":"first","21":"instock","22":"taxable","23":"shipping-taxable","24":"purchasable","25":"product-type-simple"},"acf":[],"_links":{"self":[{"href":"https:\/\/ztsports.com\/fr\/wp-json\/wp\/v2\/product\/20561","targetHints":{"allow":["GET"]}}],"collection":[{"href":"https:\/\/ztsports.com\/fr\/wp-json\/wp\/v2\/product"}],"about":[{"href":"https:\/\/ztsports.com\/fr\/wp-json\/wp\/v2\/types\/product"}],"replies":[{"embeddable":true,"href":"https:\/\/ztsports.com\/fr\/wp-json\/wp\/v2\/comments?post=20561"}],"version-history":[{"count":2,"href":"https:\/\/ztsports.com\/fr\/wp-json\/wp\/v2\/product\/20561\/revisions"}],"predecessor-version":[{"id":25484,"href":"https:\/\/ztsports.com\/fr\/wp-json\/wp\/v2\/product\/20561\/revisions\/25484"}],"wp:featuredmedia":[{"embeddable":true,"href":"https:\/\/ztsports.com\/fr\/wp-json\/wp\/v2\/media\/20042"}],"wp:attachment":[{"href":"https:\/\/ztsports.com\/fr\/wp-json\/wp\/v2\/media?parent=20561"}],"wp:term":[{"taxonomy":"product_brand","embeddable":true,"href":"https:\/\/ztsports.com\/fr\/wp-json\/wp\/v2\/product_brand?post=20561"},{"taxonomy":"product_cat","embeddable":true,"href":"https:\/\/ztsports.com\/fr\/wp-json\/wp\/v2\/product_cat?post=20561"},{"taxonomy":"product_tag","embeddable":true,"href":"https:\/\/ztsports.com\/fr\/wp-json\/wp\/v2\/product_tag?post=20561"}],"curies":[{"name":"wp","href":"https:\/\/api.w.org\/{rel}","templated":true}]}}