{"id":20553,"date":"2024-04-26T11:45:39","date_gmt":"2024-04-26T11:45:39","guid":{"rendered":"https:\/\/ztsports.com\/?post_type=product&#038;p=20553"},"modified":"2026-04-14T22:58:47","modified_gmt":"2026-04-14T22:58:47","slug":"gant-auclair-en-kevlar","status":"publish","type":"product","link":"https:\/\/ztsports.com\/fr\/store\/gant-auclair-en-kevlar\/","title":{"rendered":"Gant Auclair en Kevlar\/Doublure de gant en Kevlar Auclair"},"content":{"rendered":"<h1>Doublure de gant en Kevlar Auclair<\/h1>\n<p>Gant Auclair en Kevlar Features<\/p>\n<p>Le <strong>Kevlar\u00ae<\/strong> offre une excellente protection contre les coupures, une r\u00e9sistance \u00e0 la chaleur et est intrins\u00e8quement r\u00e9sistant aux flammes. La construction en tricot sans couture prot\u00e8ge les mains sans sacrifier le confort ou la dext\u00e9rit\u00e9. Le poignet tricot\u00e9 emp\u00eache la salet\u00e9 et les d\u00e9bris de p\u00e9n\u00e9trer dans le gant. La conception r\u00e9versible permet de remplacer un gant \u00e0 la fois, plut\u00f4t que des paires. Peut \u00eatre utilis\u00e9 comme gants ou doublures de gants. Code couleur des ourlets pour faciliter l&#8217;identification de la taille<\/p>\n<h3>Gant Auclair en Kevlar<\/h3>\n<p>Gant Auclair en Kevlar\/Doublure de gant en Kevlar Auclair.<\/p>\n<p>Produit Paris Gloves.<\/p>\n<p>Doublure technique pour les patineurs de vitesse juniors et adultes.<\/p>\n<p>R\u00e9sistant aux coupures (niveau 2).<\/p>\n<p>Jauge 13, 100% Kevlar tricot\u00e9.<\/p>\n<p>Enfin voir tous les gants <a href=\"https:\/\/ztsports.com\/product-category\/protection\/gloves\/\"><strong>gants de piste<\/strong><\/a> ici.<\/p>\n<h1 class=\"product-title\">GANTS DE SKI NAUTIQUE EN KEVLAR<\/h1>\n<p>Ces gants peuvent r\u00e9duire consid\u00e9rablement la formation d&#8217;ampoules, mais rien n&#8217;arr\u00eatera totalement l&#8217;usure de vos mains. Nous pensons que ces gants, bien ajust\u00e9s, peuvent vraiment faire la diff\u00e9rence sans entraver les performances.<\/p>\n","protected":false},"excerpt":{"rendered":"<p>Doublure de gant en Kevlar Auclair Gant Auclair en Kevlar Features Le Kevlar\u00ae offre une excellente protection contre les coupures, une r\u00e9sistance \u00e0 la chaleur et est intrins\u00e8quement r\u00e9sistant aux flammes. La construction en tricot sans couture prot\u00e8ge les mains sans sacrifier le confort ou la dext\u00e9rit\u00e9. Le poignet tricot\u00e9 emp\u00eache la salet\u00e9 et les [&hellip;]<\/p>\n","protected":false},"featured_media":20555,"comment_status":"open","ping_status":"closed","template":"","meta":{"_acf_changed":false,"_monsterinsights_skip_tracking":false,"_monsterinsights_sitenote_active":false,"_monsterinsights_sitenote_note":"","_monsterinsights_sitenote_category":0,"_uf_show_specific_survey":0,"_uf_disable_surveys":false,"site-sidebar-layout":"default","site-content-layout":"","ast-site-content-layout":"default","site-content-style":"default","site-sidebar-style":"default","ast-global-header-display":"","ast-banner-title-visibility":"","ast-main-header-display":"","ast-hfb-above-header-display":"","ast-hfb-below-header-display":"","ast-hfb-mobile-header-display":"","site-post-title":"","ast-breadcrumbs-content":"","ast-featured-img":"","footer-sml-layout":"","ast-disable-related-posts":"","theme-transparent-header-meta":"default","adv-header-id-meta":"","stick-header-meta":"","header-above-stick-meta":"","header-main-stick-meta":"","header-below-stick-meta":"","astra-migrate-meta-layouts":"set","ast-page-background-enabled":"default","ast-page-background-meta":{"desktop":{"background-color":"","background-image":"","background-repeat":"repeat","background-position":"center center","background-size":"auto","background-attachment":"scroll","background-type":"","background-media":"","overlay-type":"","overlay-color":"","overlay-opacity":"","overlay-gradient":""},"tablet":{"background-color":"","background-image":"","background-repeat":"repeat","background-position":"center center","background-size":"auto","background-attachment":"scroll","background-type":"","background-media":"","overlay-type":"","overlay-color":"","overlay-opacity":"","overlay-gradient":""},"mobile":{"background-color":"","background-image":"","background-repeat":"repeat","background-position":"center center","background-size":"auto","background-attachment":"scroll","background-type":"","background-media":"","overlay-type":"","overlay-color":"","overlay-opacity":"","overlay-gradient":""}},"ast-content-background-meta":{"desktop":{"background-color":"var(--ast-global-color-5)","background-image":"","background-repeat":"repeat","background-position":"center center","background-size":"auto","background-attachment":"scroll","background-type":"","background-media":"","overlay-type":"","overlay-color":"","overlay-opacity":"","overlay-gradient":""},"tablet":{"background-color":"var(--ast-global-color-5)","background-image":"","background-repeat":"repeat","background-position":"center center","background-size":"auto","background-attachment":"scroll","background-type":"","background-media":"","overlay-type":"","overlay-color":"","overlay-opacity":"","overlay-gradient":""},"mobile":{"background-color":"var(--ast-global-color-5)","background-image":"","background-repeat":"repeat","background-position":"center center","background-size":"auto","background-attachment":"scroll","background-type":"","background-media":"","overlay-type":"","overlay-color":"","overlay-opacity":"","overlay-gradient":""}}},"product_brand":[3278],"product_cat":[3395,3483,3536,3481,3482],"product_tag":[1843,4313,4314,4315,4316,3964,4317,3533,4318,1808],"class_list":{"0":"post-20553","1":"product","2":"type-product","3":"status-publish","4":"has-post-thumbnail","6":"product_brand-auclair","7":"product_cat-courte-piste","8":"product_cat-gants","9":"product_cat-gants-de-patinage-de-vitesse","10":"product_cat-gants-pour-short-track","11":"product_cat-protection-contre-les-coupures","12":"product_tag-auclair","13":"product_tag-doublure-de-protection","14":"product_tag-doublures-de-gants","15":"product_tag-doublures-de-gants-de-ski-nautique","16":"product_tag-gant-auclair-en-kevlar","17":"product_tag-gant-de-kevlar","18":"product_tag-gant-de-patinage-marathon","19":"product_tag-gant-de-short-track","20":"product_tag-gants-de-ski-nautique-en-kevlar","21":"product_tag-kevlar","22":"desktop-align-left","23":"tablet-align-left","24":"mobile-align-left","26":"first","27":"instock","28":"taxable","29":"shipping-taxable","30":"purchasable","31":"product-type-simple"},"acf":[],"_links":{"self":[{"href":"https:\/\/ztsports.com\/fr\/wp-json\/wp\/v2\/product\/20553","targetHints":{"allow":["GET"]}}],"collection":[{"href":"https:\/\/ztsports.com\/fr\/wp-json\/wp\/v2\/product"}],"about":[{"href":"https:\/\/ztsports.com\/fr\/wp-json\/wp\/v2\/types\/product"}],"replies":[{"embeddable":true,"href":"https:\/\/ztsports.com\/fr\/wp-json\/wp\/v2\/comments?post=20553"}],"version-history":[{"count":1,"href":"https:\/\/ztsports.com\/fr\/wp-json\/wp\/v2\/product\/20553\/revisions"}],"predecessor-version":[{"id":20554,"href":"https:\/\/ztsports.com\/fr\/wp-json\/wp\/v2\/product\/20553\/revisions\/20554"}],"wp:featuredmedia":[{"embeddable":true,"href":"https:\/\/ztsports.com\/fr\/wp-json\/wp\/v2\/media\/20555"}],"wp:attachment":[{"href":"https:\/\/ztsports.com\/fr\/wp-json\/wp\/v2\/media?parent=20553"}],"wp:term":[{"taxonomy":"product_brand","embeddable":true,"href":"https:\/\/ztsports.com\/fr\/wp-json\/wp\/v2\/product_brand?post=20553"},{"taxonomy":"product_cat","embeddable":true,"href":"https:\/\/ztsports.com\/fr\/wp-json\/wp\/v2\/product_cat?post=20553"},{"taxonomy":"product_tag","embeddable":true,"href":"https:\/\/ztsports.com\/fr\/wp-json\/wp\/v2\/product_tag?post=20553"}],"curies":[{"name":"wp","href":"https:\/\/api.w.org\/{rel}","templated":true}]}}