{"id":20544,"date":"2021-12-29T11:12:41","date_gmt":"2021-12-29T11:12:41","guid":{"rendered":"https:\/\/ztsports.com\/?post_type=product&#038;p=20544"},"modified":"2026-02-02T19:23:45","modified_gmt":"2026-02-02T19:23:45","slug":"feuilles-de-diamant-nagano","status":"publish","type":"product","link":"https:\/\/ztsports.com\/fr\/store\/feuilles-de-diamant-nagano\/","title":{"rendered":"1.5\u2033 FEUILLES DE DIAMANT POUR LES PLAQUES D&#8217;AFF\u00dbTAGE NAGANO"},"content":{"rendered":"<pre class=\"tw-data-text tw-text-large tw-ta\" dir=\"ltr\" data-placeholder=\"Translation\"><span class=\"Y2IQFc\" lang=\"en\">FEUILLES DE DIAMANT\/DIAMOND SHEETS 1.5 \"Frank s Signature 1.5\" Diamond sheets are replacement sheets \r\nfor sharpening plates. \r\n<\/span><\/pre>\n<p>Les feuilles de diamant Frank&#8217;s Signature sont des feuilles de remplacement pour les plaques d&#8217;aff\u00fbtage.<br \/>\nIl suffit de retirer l&#8217;ancienne feuille de diamant de la plaque et d&#8217;installer la nouvelle. Les feuilles de remplacement ont une face collante, il suffit de retirer le papier de protection avant de les installer.<\/p>\n<p>Pour retirer la feuille de diamant :<\/p>\n<ol>\n<li>Chauffez la plaque \u00e0 l&#8217;aide d&#8217;un &#8220;pistolet \u00e0 chaleur&#8221;, nous vous conseillons de porter des gants pour \u00e9viter les br\u00fblures.<\/li>\n<li>Passez une lame x-acto entre le diamant et la plaque Frank&#8217;s Signature, nous vous conseillons de porter des gants Nagano Skate pour \u00e9viter les coupures.<\/li>\n<li>Enlevez compl\u00e8tement la colle r\u00e9siduelle (\u00e0 l&#8217;aide d&#8217;un dissolvant de colle et d&#8217;adh\u00e9sif tel que Goo Gone).<\/li>\n<li>Une fois nettoy\u00e9 et d\u00e9barrass\u00e9 de la colle, s\u00e9chez soigneusement le panneau.<\/li>\n<li>Installez la nouvelle feuille de diamant.<\/li>\n<\/ol>\n<p>Lorsque vous choisissez vos options, notez que plus le nombre est \u00e9lev\u00e9, plus la pierre est tendre. La feuille noire est donc plus rugueuse et la feuille d&#8217;or plus douce.<\/p>\n<p>FEUILLES DE DIAMANT\u00a0Choisir le grain :<br \/>\n-Black (140)<br \/>\n-Blue (400)<br \/>\n-Red (600)<br \/>\n-Or (1200)<\/p>\n<p>Enfin, vous trouverez ici toutes nos pierres \u00e0 aiguiser et \u00e0 \u00e9barber en diamant. <a href=\"https:\/\/ztsports.com\/product-category\/diamond-stones-2\/\">https:\/\/ztsports.com\/product-category\/diamond-stones-2\/<\/a><\/p>\n<pre id=\"tw-target-text\" class=\"tw-data-text tw-text-large tw-ta\" dir=\"ltr\" data-placeholder=\"Translation\"><\/pre>\n","protected":false},"excerpt":{"rendered":"<p>FEUILLES DE DIAMANT\/DIAMOND SHEETS 1.5 &#8220;Frank s Signature 1.5&#8221; Diamond sheets are replacement sheets for sharpening plates. Les feuilles de diamant Frank&#8217;s Signature sont des feuilles de remplacement pour les plaques d&#8217;aff\u00fbtage. Il suffit de retirer l&#8217;ancienne feuille de diamant de la plaque et d&#8217;installer la nouvelle. Les feuilles de remplacement ont une face collante, [&hellip;]<\/p>\n","protected":false},"featured_media":18420,"comment_status":"open","ping_status":"closed","template":"","meta":{"_acf_changed":false,"_monsterinsights_skip_tracking":false,"_monsterinsights_sitenote_active":false,"_monsterinsights_sitenote_note":"","_monsterinsights_sitenote_category":0,"_uf_show_specific_survey":0,"_uf_disable_surveys":false,"site-sidebar-layout":"default","site-content-layout":"","ast-site-content-layout":"default","site-content-style":"default","site-sidebar-style":"default","ast-global-header-display":"","ast-banner-title-visibility":"","ast-main-header-display":"","ast-hfb-above-header-display":"","ast-hfb-below-header-display":"","ast-hfb-mobile-header-display":"","site-post-title":"","ast-breadcrumbs-content":"","ast-featured-img":"","footer-sml-layout":"","ast-disable-related-posts":"","theme-transparent-header-meta":"default","adv-header-id-meta":"","stick-header-meta":"","header-above-stick-meta":"","header-main-stick-meta":"","header-below-stick-meta":"","astra-migrate-meta-layouts":"set","ast-page-background-enabled":"default","ast-page-background-meta":{"desktop":{"background-color":"","background-image":"","background-repeat":"repeat","background-position":"center center","background-size":"auto","background-attachment":"scroll","background-type":"","background-media":"","overlay-type":"","overlay-color":"","overlay-opacity":"","overlay-gradient":""},"tablet":{"background-color":"","background-image":"","background-repeat":"repeat","background-position":"center center","background-size":"auto","background-attachment":"scroll","background-type":"","background-media":"","overlay-type":"","overlay-color":"","overlay-opacity":"","overlay-gradient":""},"mobile":{"background-color":"","background-image":"","background-repeat":"repeat","background-position":"center center","background-size":"auto","background-attachment":"scroll","background-type":"","background-media":"","overlay-type":"","overlay-color":"","overlay-opacity":"","overlay-gradient":""}},"ast-content-background-meta":{"desktop":{"background-color":"var(--ast-global-color-5)","background-image":"","background-repeat":"repeat","background-position":"center center","background-size":"auto","background-attachment":"scroll","background-type":"","background-media":"","overlay-type":"","overlay-color":"","overlay-opacity":"","overlay-gradient":""},"tablet":{"background-color":"var(--ast-global-color-5)","background-image":"","background-repeat":"repeat","background-position":"center center","background-size":"auto","background-attachment":"scroll","background-type":"","background-media":"","overlay-type":"","overlay-color":"","overlay-opacity":"","overlay-gradient":""},"mobile":{"background-color":"var(--ast-global-color-5)","background-image":"","background-repeat":"repeat","background-position":"center center","background-size":"auto","background-attachment":"scroll","background-type":"","background-media":"","overlay-type":"","overlay-color":"","overlay-opacity":"","overlay-gradient":""}}},"product_brand":[3326],"product_cat":[3393,3580,3873,3469,3515],"product_tag":[],"class_list":{"0":"post-20544","1":"product","2":"type-product","3":"status-publish","4":"has-post-thumbnail","6":"product_brand-nagano","7":"product_cat-aiguisage","8":"product_cat-bandes-de-rechange","9":"product_cat-pierres-de-diamant","11":"product_cat-pierres-de-ronce","12":"desktop-align-left","13":"tablet-align-left","14":"mobile-align-left","16":"first","17":"instock","18":"taxable","19":"shipping-taxable","20":"purchasable","21":"product-type-simple"},"acf":[],"_links":{"self":[{"href":"https:\/\/ztsports.com\/fr\/wp-json\/wp\/v2\/product\/20544","targetHints":{"allow":["GET"]}}],"collection":[{"href":"https:\/\/ztsports.com\/fr\/wp-json\/wp\/v2\/product"}],"about":[{"href":"https:\/\/ztsports.com\/fr\/wp-json\/wp\/v2\/types\/product"}],"replies":[{"embeddable":true,"href":"https:\/\/ztsports.com\/fr\/wp-json\/wp\/v2\/comments?post=20544"}],"version-history":[{"count":1,"href":"https:\/\/ztsports.com\/fr\/wp-json\/wp\/v2\/product\/20544\/revisions"}],"predecessor-version":[{"id":20545,"href":"https:\/\/ztsports.com\/fr\/wp-json\/wp\/v2\/product\/20544\/revisions\/20545"}],"wp:featuredmedia":[{"embeddable":true,"href":"https:\/\/ztsports.com\/fr\/wp-json\/wp\/v2\/media\/18420"}],"wp:attachment":[{"href":"https:\/\/ztsports.com\/fr\/wp-json\/wp\/v2\/media?parent=20544"}],"wp:term":[{"taxonomy":"product_brand","embeddable":true,"href":"https:\/\/ztsports.com\/fr\/wp-json\/wp\/v2\/product_brand?post=20544"},{"taxonomy":"product_cat","embeddable":true,"href":"https:\/\/ztsports.com\/fr\/wp-json\/wp\/v2\/product_cat?post=20544"},{"taxonomy":"product_tag","embeddable":true,"href":"https:\/\/ztsports.com\/fr\/wp-json\/wp\/v2\/product_tag?post=20544"}],"curies":[{"name":"wp","href":"https:\/\/api.w.org\/{rel}","templated":true}]}}