{"id":20541,"date":"2021-09-23T02:53:14","date_gmt":"2021-09-23T02:53:14","guid":{"rendered":"https:\/\/ztsports.com\/?post_type=product&#038;p=20541"},"modified":"2026-02-02T19:58:48","modified_gmt":"2026-02-02T19:58:48","slug":"soft-blade-protectors","status":"publish","type":"product","link":"https:\/\/ztsports.com\/fr\/store\/soft-blade-protectors\/","title":{"rendered":"SOFT BLADE PROTECTORS"},"content":{"rendered":"<p>SOFT BLADE PROTECTORS<\/p>\n<p>Les serviettes hygi\u00e9niques sont fabriqu\u00e9es en molleton de coton et sont tr\u00e8s absorbantes.<\/p>\n<p>Ils sont de taille unique pour des lames de 12\u2033 \u00e0 18\u2033.<\/p>\n<p>Basic soft blade protectors.<br \/>\nIn fabrics with an elastic.  Universal size.<\/p>\n<p>Un prot\u00e8ge-lame est essentiel pour garantir que votre tranchant dure le plus longtemps possible.<\/p>\n<p>Fabriqu\u00e9 au Qu\u00e9bec, Canada<\/p>\n<p>Des <b>serviettes souples pour patins de vitesse afin de s\u00e9cher et de prot\u00e9ger vos lames lorsque vous avez fini de patiner<\/b>.<\/p>\n<p>Une autre habitude de tous les patineurs, lorsqu&#8217;ils ont fini de patiner, est d&#8217;essuyer les lames pour enlever toute trace de neige et d&#8217;eau.<br \/>\nN&#8217;importe quel essuie-mains fait l&#8217;affaire.  Veillez \u00e0 ne pas vous couper sur les bords inf\u00e9rieurs, car ils sont tranchants.<br \/>\nGardez les lames d\u00e9couvertes dans votre sac ou procurez-vous une paire de &#8220;soakers&#8221;.  Les trempes absorbent l&#8217;humidit\u00e9 sur vos lames et les emp\u00eachent de rouiller.<br \/>\nLa rouille sur les lames a un aspect brun et \u00e9caill\u00e9. Elle \u00e9mousse vos patins et les rend dangereux \u00e0 utiliser. <\/p>\n","protected":false},"excerpt":{"rendered":"<p>SOFT BLADE PROTECTORS Les serviettes hygi\u00e9niques sont fabriqu\u00e9es en molleton de coton et sont tr\u00e8s absorbantes. Ils sont de taille unique pour des lames de 12\u2033 \u00e0 18\u2033. Basic soft blade protectors. In fabrics with an elastic. Universal size. Un prot\u00e8ge-lame est essentiel pour garantir que votre tranchant dure le plus longtemps possible. Fabriqu\u00e9 au [&hellip;]<\/p>\n","protected":false},"featured_media":20543,"comment_status":"open","ping_status":"closed","template":"","meta":{"_acf_changed":false,"_monsterinsights_skip_tracking":false,"_monsterinsights_sitenote_active":false,"_monsterinsights_sitenote_note":"","_monsterinsights_sitenote_category":0,"_uf_show_specific_survey":0,"_uf_disable_surveys":false,"site-sidebar-layout":"default","site-content-layout":"","ast-site-content-layout":"default","site-content-style":"default","site-sidebar-style":"default","ast-global-header-display":"","ast-banner-title-visibility":"","ast-main-header-display":"","ast-hfb-above-header-display":"","ast-hfb-below-header-display":"","ast-hfb-mobile-header-display":"","site-post-title":"","ast-breadcrumbs-content":"","ast-featured-img":"","footer-sml-layout":"","ast-disable-related-posts":"","theme-transparent-header-meta":"default","adv-header-id-meta":"","stick-header-meta":"","header-above-stick-meta":"","header-main-stick-meta":"","header-below-stick-meta":"","astra-migrate-meta-layouts":"set","ast-page-background-enabled":"default","ast-page-background-meta":{"desktop":{"background-color":"","background-image":"","background-repeat":"repeat","background-position":"center center","background-size":"auto","background-attachment":"scroll","background-type":"","background-media":"","overlay-type":"","overlay-color":"","overlay-opacity":"","overlay-gradient":""},"tablet":{"background-color":"","background-image":"","background-repeat":"repeat","background-position":"center center","background-size":"auto","background-attachment":"scroll","background-type":"","background-media":"","overlay-type":"","overlay-color":"","overlay-opacity":"","overlay-gradient":""},"mobile":{"background-color":"","background-image":"","background-repeat":"repeat","background-position":"center center","background-size":"auto","background-attachment":"scroll","background-type":"","background-media":"","overlay-type":"","overlay-color":"","overlay-opacity":"","overlay-gradient":""}},"ast-content-background-meta":{"desktop":{"background-color":"var(--ast-global-color-5)","background-image":"","background-repeat":"repeat","background-position":"center center","background-size":"auto","background-attachment":"scroll","background-type":"","background-media":"","overlay-type":"","overlay-color":"","overlay-opacity":"","overlay-gradient":""},"tablet":{"background-color":"var(--ast-global-color-5)","background-image":"","background-repeat":"repeat","background-position":"center center","background-size":"auto","background-attachment":"scroll","background-type":"","background-media":"","overlay-type":"","overlay-color":"","overlay-opacity":"","overlay-gradient":""},"mobile":{"background-color":"var(--ast-global-color-5)","background-image":"","background-repeat":"repeat","background-position":"center center","background-size":"auto","background-attachment":"scroll","background-type":"","background-media":"","overlay-type":"","overlay-color":"","overlay-opacity":"","overlay-gradient":""}}},"product_brand":[],"product_cat":[3392,3396,3455,3489,4308,3876,3501,3502,3877,4216,3507,3504],"product_tag":[4047,4309,4130,4310,3778,2381,1752,4219,3512,3513,2384],"class_list":{"0":"post-20541","1":"product","2":"type-product","3":"status-publish","4":"has-post-thumbnail","6":"product_cat-accessoires-short-track","7":"product_cat-accessories","9":"product_cat-offres-de-club","10":"product_cat-preparation-des-lames-pour-la-piste-courte","11":"product_cat-protecteurs-de-lames-et-gardes","12":"product_cat-protection-de-la-lame","15":"product_cat-protections-et-trempeurs-pour-patins","17":"product_cat-soigneurs-de-lames","18":"product_tag-chaussettes-a-lame","19":"product_tag-chaussettes-pour-lames-de-patins-de-vitesse","20":"product_tag-couvertures-de-lames-de-patins-a-glace","21":"product_tag-patinage-de-vitesse-lame-soakers","22":"product_tag-protections-de-patins","23":"product_tag-soft-blade-protectors","24":"product_tag-speed-skating-equipment","25":"product_tag-trempes","26":"product_tag-trempes-a-lames","27":"product_tag-trempeurs-de-lames-de-woofy","28":"product_tag-woofies","29":"desktop-align-left","30":"tablet-align-left","31":"mobile-align-left","33":"first","34":"instock","35":"sale","36":"taxable","37":"shipping-taxable","38":"purchasable","39":"product-type-simple"},"acf":[],"_links":{"self":[{"href":"https:\/\/ztsports.com\/fr\/wp-json\/wp\/v2\/product\/20541","targetHints":{"allow":["GET"]}}],"collection":[{"href":"https:\/\/ztsports.com\/fr\/wp-json\/wp\/v2\/product"}],"about":[{"href":"https:\/\/ztsports.com\/fr\/wp-json\/wp\/v2\/types\/product"}],"replies":[{"embeddable":true,"href":"https:\/\/ztsports.com\/fr\/wp-json\/wp\/v2\/comments?post=20541"}],"version-history":[{"count":1,"href":"https:\/\/ztsports.com\/fr\/wp-json\/wp\/v2\/product\/20541\/revisions"}],"predecessor-version":[{"id":20542,"href":"https:\/\/ztsports.com\/fr\/wp-json\/wp\/v2\/product\/20541\/revisions\/20542"}],"wp:featuredmedia":[{"embeddable":true,"href":"https:\/\/ztsports.com\/fr\/wp-json\/wp\/v2\/media\/20543"}],"wp:attachment":[{"href":"https:\/\/ztsports.com\/fr\/wp-json\/wp\/v2\/media?parent=20541"}],"wp:term":[{"taxonomy":"product_brand","embeddable":true,"href":"https:\/\/ztsports.com\/fr\/wp-json\/wp\/v2\/product_brand?post=20541"},{"taxonomy":"product_cat","embeddable":true,"href":"https:\/\/ztsports.com\/fr\/wp-json\/wp\/v2\/product_cat?post=20541"},{"taxonomy":"product_tag","embeddable":true,"href":"https:\/\/ztsports.com\/fr\/wp-json\/wp\/v2\/product_tag?post=20541"}],"curies":[{"name":"wp","href":"https:\/\/api.w.org\/{rel}","templated":true}]}}