{"id":20535,"date":"2021-12-30T07:52:40","date_gmt":"2021-12-30T07:52:40","guid":{"rendered":"https:\/\/ztsports.com\/?post_type=product&#038;p=20535"},"modified":"2026-02-02T19:21:16","modified_gmt":"2026-02-02T19:21:16","slug":"pierre-a-ronce-de-linde","status":"publish","type":"product","link":"https:\/\/ztsports.com\/fr\/store\/pierre-a-ronce-de-linde\/","title":{"rendered":"PIERRE \u00c0 RONCE DE L&#8217;INDE 1X2"},"content":{"rendered":"<h1>NORTON India BURR STONE 1 X 2&#8243; (pierre de l&#8217;Inde)<\/h1>\n<p>PIERRE \u00c0 RONCE DE L&#8217;INDE<\/p>\n<p>La pierre INDIA BURR STONE 1&#8243; x 2&#8243; India (oxyde d&#8217;aluminium) est la pierre la plus populaire pour l&#8217;\u00e9barbage des patins. Le classique va \u00e0 pour l&#8217;\u00e9limination des bavures. Disponible en grains Med \/ Fine ou Fine, il laisse une bonne finition et conservera sa forme pendant longtemps.<\/p>\n<p>La pierre India Burr Stone de Norton est le compl\u00e9ment parfait pour tout travail d&#8217;aff\u00fbtage. De sa fine bavure indienne \u00e0 sa capacit\u00e9 d&#8217;\u00e9limination rapide des bavures, cette pierre vous permettra d&#8217;aiguiser vos lames et de leur donner un aspect neuf en toute simplicit\u00e9.<\/p>\n<p>PIERRE \u00c0 RONCE DE L&#8217;INDE<\/p>\n<p>Il est con\u00e7u pour durer, garantissant des performances de premier ordre pour les ann\u00e9es \u00e0 venir. Cette pierre d&#8217;Inde \u00e0 grain fin permet de pr\u00e9parer et de maintenir un tranchant fin sur vos lames.<\/p>\n<p>Norton recommande d&#8217;utiliser de l&#8217;huile de rodage pour de meilleurs r\u00e9sultats, bien que l&#8217;eau du robinet puisse \u00e9galement \u00eatre utilis\u00e9e pour lubrifier la surface.<\/p>\n<p>La plupart des patineurs de vitesse utilisent une pierre s\u00e8che.<\/p>\n<p>Si vous utilisez la pierre s\u00e8che, notez que vous devrez la nettoyer ou la resurfacer de temps en temps.<\/p>\n<p>PIERRE \u00c0 RONCE DE L&#8217;INDE<\/p>\n<p>Grains disponibles :<\/p>\n<p>FINE<\/p>\n<p>MED\/FINE Enfin,<\/p>\n<p>vous pouvez trouver toutes les huiles et pierres \u00e0 aiguiser Norton.<\/p>\n<p><a href=\"https:\/\/ztsports.com\/brand\/norton\/\"><strong>huiles et pierres \u00e0 aiguiser Norton ici<\/strong><\/a>.<\/p>\n<p><a href=\"https:\/\/ztsports.com\/product-category\/sharpening\/burr-stones\/\"><strong>En outre, vous pouvez consulter toutes nos pierres \u00e0 ronce ici.<\/strong><\/a><\/p>\n","protected":false},"excerpt":{"rendered":"<p>NORTON India BURR STONE 1 X 2&#8243; (pierre de l&#8217;Inde) PIERRE \u00c0 RONCE DE L&#8217;INDE La pierre INDIA BURR STONE 1&#8243; x 2&#8243; India (oxyde d&#8217;aluminium) est la pierre la plus populaire pour l&#8217;\u00e9barbage des patins. Le classique va \u00e0 pour l&#8217;\u00e9limination des bavures. Disponible en grains Med \/ Fine ou Fine, il laisse une [&hellip;]<\/p>\n","protected":false},"featured_media":20537,"comment_status":"open","ping_status":"closed","template":"","meta":{"_acf_changed":false,"_monsterinsights_skip_tracking":false,"_monsterinsights_sitenote_active":false,"_monsterinsights_sitenote_note":"","_monsterinsights_sitenote_category":0,"_uf_show_specific_survey":0,"_uf_disable_surveys":false,"site-sidebar-layout":"default","site-content-layout":"","ast-site-content-layout":"default","site-content-style":"default","site-sidebar-style":"default","ast-global-header-display":"","ast-banner-title-visibility":"","ast-main-header-display":"","ast-hfb-above-header-display":"","ast-hfb-below-header-display":"","ast-hfb-mobile-header-display":"","site-post-title":"","ast-breadcrumbs-content":"","ast-featured-img":"","footer-sml-layout":"","ast-disable-related-posts":"","theme-transparent-header-meta":"default","adv-header-id-meta":"","stick-header-meta":"","header-above-stick-meta":"","header-main-stick-meta":"","header-below-stick-meta":"","astra-migrate-meta-layouts":"set","ast-page-background-enabled":"default","ast-page-background-meta":{"desktop":{"background-color":"","background-image":"","background-repeat":"repeat","background-position":"center center","background-size":"auto","background-attachment":"scroll","background-type":"","background-media":"","overlay-type":"","overlay-color":"","overlay-opacity":"","overlay-gradient":""},"tablet":{"background-color":"","background-image":"","background-repeat":"repeat","background-position":"center center","background-size":"auto","background-attachment":"scroll","background-type":"","background-media":"","overlay-type":"","overlay-color":"","overlay-opacity":"","overlay-gradient":""},"mobile":{"background-color":"","background-image":"","background-repeat":"repeat","background-position":"center center","background-size":"auto","background-attachment":"scroll","background-type":"","background-media":"","overlay-type":"","overlay-color":"","overlay-opacity":"","overlay-gradient":""}},"ast-content-background-meta":{"desktop":{"background-color":"var(--ast-global-color-5)","background-image":"","background-repeat":"repeat","background-position":"center center","background-size":"auto","background-attachment":"scroll","background-type":"","background-media":"","overlay-type":"","overlay-color":"","overlay-opacity":"","overlay-gradient":""},"tablet":{"background-color":"var(--ast-global-color-5)","background-image":"","background-repeat":"repeat","background-position":"center center","background-size":"auto","background-attachment":"scroll","background-type":"","background-media":"","overlay-type":"","overlay-color":"","overlay-opacity":"","overlay-gradient":""},"mobile":{"background-color":"var(--ast-global-color-5)","background-image":"","background-repeat":"repeat","background-position":"center center","background-size":"auto","background-attachment":"scroll","background-type":"","background-media":"","overlay-type":"","overlay-color":"","overlay-opacity":"","overlay-gradient":""}}},"product_brand":[3328],"product_cat":[3389,3392,3455,3514,3489,3515],"product_tag":[3516,4306,2499,1929,3938,4307],"class_list":{"0":"post-20535","1":"product","2":"type-product","3":"status-publish","4":"has-post-thumbnail","6":"product_brand-norton","7":"product_cat-accessoires-longue-piste","8":"product_cat-accessoires-short-track","9":"product_cat-accessories","10":"product_cat-entretien-des-lames","11":"product_cat-offres-de-club","12":"product_cat-pierres-de-ronce","13":"product_tag-entretien-des-lames","14":"product_tag-inde","15":"product_tag-india-burr-stone","16":"product_tag-norton","17":"product_tag-pierre-a-ronce","18":"product_tag-pierre-de-burr-1x2","19":"desktop-align-left","20":"tablet-align-left","21":"mobile-align-left","23":"first","24":"instock","25":"taxable","26":"shipping-taxable","27":"purchasable","28":"product-type-simple"},"acf":[],"_links":{"self":[{"href":"https:\/\/ztsports.com\/fr\/wp-json\/wp\/v2\/product\/20535","targetHints":{"allow":["GET"]}}],"collection":[{"href":"https:\/\/ztsports.com\/fr\/wp-json\/wp\/v2\/product"}],"about":[{"href":"https:\/\/ztsports.com\/fr\/wp-json\/wp\/v2\/types\/product"}],"replies":[{"embeddable":true,"href":"https:\/\/ztsports.com\/fr\/wp-json\/wp\/v2\/comments?post=20535"}],"version-history":[{"count":1,"href":"https:\/\/ztsports.com\/fr\/wp-json\/wp\/v2\/product\/20535\/revisions"}],"predecessor-version":[{"id":20536,"href":"https:\/\/ztsports.com\/fr\/wp-json\/wp\/v2\/product\/20535\/revisions\/20536"}],"wp:featuredmedia":[{"embeddable":true,"href":"https:\/\/ztsports.com\/fr\/wp-json\/wp\/v2\/media\/20537"}],"wp:attachment":[{"href":"https:\/\/ztsports.com\/fr\/wp-json\/wp\/v2\/media?parent=20535"}],"wp:term":[{"taxonomy":"product_brand","embeddable":true,"href":"https:\/\/ztsports.com\/fr\/wp-json\/wp\/v2\/product_brand?post=20535"},{"taxonomy":"product_cat","embeddable":true,"href":"https:\/\/ztsports.com\/fr\/wp-json\/wp\/v2\/product_cat?post=20535"},{"taxonomy":"product_tag","embeddable":true,"href":"https:\/\/ztsports.com\/fr\/wp-json\/wp\/v2\/product_tag?post=20535"}],"curies":[{"name":"wp","href":"https:\/\/api.w.org\/{rel}","templated":true}]}}