{"id":20528,"date":"2021-09-23T03:05:03","date_gmt":"2021-09-23T03:05:03","guid":{"rendered":"https:\/\/ztsports.com\/?post_type=product&#038;p=20528"},"modified":"2026-02-02T19:46:55","modified_gmt":"2026-02-02T19:46:55","slug":"pierre-de-bourgeois-de-linde","status":"publish","type":"product","link":"https:\/\/ztsports.com\/fr\/store\/pierre-de-bourgeois-de-linde\/","title":{"rendered":"PIERRE DE BOURGEOIS DE L&#8217;INDE 1 x 2&#8243; Norton"},"content":{"rendered":"<h2 class=\"product_title entry-title show-product-nav\">PIERRE DE BOURGEOIS DE L\u2019INDE<\/h2>\n<p class=\"product_title entry-title show-product-nav\">PIERRE DE BOURGEOIS DE L\u2019INDE\/INDIA BURR STONE 1 &#8220;x 2&#8221; Inde (oxyde d&#8217;aluminium) Les Burr Stones sont les pierres d&#8217;\u00e9bavurage les plus populaires.<\/p>\n<p>Le classique va \u00e0 pour l&#8217;\u00e9limination des bavures. Disponible en grains Med \/ Fine ou Fine, il laisse une bonne finition et conservera sa forme pendant longtemps.<\/p>\n<h4>PIERRE DE BOURGEOIS DE L&#8217;INDE<\/h4>\n<p>La pierre India Burr Stone de Norton est le compl\u00e9ment parfait pour tout travail d&#8217;aff\u00fbtage.<\/p>\n<p>De sa fine bavure indienne \u00e0 sa capacit\u00e9 d&#8217;\u00e9limination rapide des bavures, cette pierre vous permettra d&#8217;aiguiser vos lames et de leur donner un aspect neuf en toute simplicit\u00e9.<\/p>\n<p>Il est con\u00e7u pour durer, garantissant des performances de premier ordre pour les ann\u00e9es \u00e0 venir.<\/p>\n<p><a href=\"https:\/\/ztsports.com\/product-category\/sharpening\/burr-stones\/\"><strong>Vous pouvez trouver toutes nos pierres de ronce ici.<\/strong><\/a><\/p>\n<p><a href=\"https:\/\/ztsports.com\/brand\/norton\/\"><strong>Vous trouverez ici tous les produits Norton Sharpening.<\/strong><\/a><\/p>\n","protected":false},"excerpt":{"rendered":"<p>PIERRE DE BOURGEOIS DE L\u2019INDE PIERRE DE BOURGEOIS DE L\u2019INDE\/INDIA BURR STONE 1 &#8220;x 2&#8221; Inde (oxyde d&#8217;aluminium) Les Burr Stones sont les pierres d&#8217;\u00e9bavurage les plus populaires. Le classique va \u00e0 pour l&#8217;\u00e9limination des bavures. Disponible en grains Med \/ Fine ou Fine, il laisse une bonne finition et conservera sa forme pendant longtemps. [&hellip;]<\/p>\n","protected":false},"featured_media":20530,"comment_status":"open","ping_status":"closed","template":"","meta":{"_acf_changed":false,"_monsterinsights_skip_tracking":false,"_monsterinsights_sitenote_active":false,"_monsterinsights_sitenote_note":"","_monsterinsights_sitenote_category":0,"_uf_show_specific_survey":0,"_uf_disable_surveys":false,"site-sidebar-layout":"default","site-content-layout":"","ast-site-content-layout":"default","site-content-style":"default","site-sidebar-style":"default","ast-global-header-display":"","ast-banner-title-visibility":"","ast-main-header-display":"","ast-hfb-above-header-display":"","ast-hfb-below-header-display":"","ast-hfb-mobile-header-display":"","site-post-title":"","ast-breadcrumbs-content":"","ast-featured-img":"","footer-sml-layout":"","ast-disable-related-posts":"","theme-transparent-header-meta":"default","adv-header-id-meta":"","stick-header-meta":"","header-above-stick-meta":"","header-main-stick-meta":"","header-below-stick-meta":"","astra-migrate-meta-layouts":"set","ast-page-background-enabled":"default","ast-page-background-meta":{"desktop":{"background-color":"","background-image":"","background-repeat":"repeat","background-position":"center center","background-size":"auto","background-attachment":"scroll","background-type":"","background-media":"","overlay-type":"","overlay-color":"","overlay-opacity":"","overlay-gradient":""},"tablet":{"background-color":"","background-image":"","background-repeat":"repeat","background-position":"center center","background-size":"auto","background-attachment":"scroll","background-type":"","background-media":"","overlay-type":"","overlay-color":"","overlay-opacity":"","overlay-gradient":""},"mobile":{"background-color":"","background-image":"","background-repeat":"repeat","background-position":"center center","background-size":"auto","background-attachment":"scroll","background-type":"","background-media":"","overlay-type":"","overlay-color":"","overlay-opacity":"","overlay-gradient":""}},"ast-content-background-meta":{"desktop":{"background-color":"var(--ast-global-color-5)","background-image":"","background-repeat":"repeat","background-position":"center center","background-size":"auto","background-attachment":"scroll","background-type":"","background-media":"","overlay-type":"","overlay-color":"","overlay-opacity":"","overlay-gradient":""},"tablet":{"background-color":"var(--ast-global-color-5)","background-image":"","background-repeat":"repeat","background-position":"center center","background-size":"auto","background-attachment":"scroll","background-type":"","background-media":"","overlay-type":"","overlay-color":"","overlay-opacity":"","overlay-gradient":""},"mobile":{"background-color":"var(--ast-global-color-5)","background-image":"","background-repeat":"repeat","background-position":"center center","background-size":"auto","background-attachment":"scroll","background-type":"","background-media":"","overlay-type":"","overlay-color":"","overlay-opacity":"","overlay-gradient":""}}},"product_brand":[3328],"product_cat":[3455,3393,3454,3515],"product_tag":[2497,3488,4305,2499,3938],"class_list":{"0":"post-20528","1":"product","2":"type-product","3":"status-publish","4":"has-post-thumbnail","6":"product_brand-norton","7":"product_cat-accessories","8":"product_cat-aiguisage","9":"product_cat-lames","10":"product_cat-pierres-de-ronce","11":"product_tag-burrremover","12":"product_tag-equipement-daffutage","13":"product_tag-inde-burr","14":"product_tag-india-burr-stone","15":"product_tag-pierre-a-ronce","16":"desktop-align-left","17":"tablet-align-left","18":"mobile-align-left","20":"first","21":"instock","22":"taxable","23":"shipping-taxable","24":"purchasable","25":"product-type-simple"},"acf":[],"_links":{"self":[{"href":"https:\/\/ztsports.com\/fr\/wp-json\/wp\/v2\/product\/20528","targetHints":{"allow":["GET"]}}],"collection":[{"href":"https:\/\/ztsports.com\/fr\/wp-json\/wp\/v2\/product"}],"about":[{"href":"https:\/\/ztsports.com\/fr\/wp-json\/wp\/v2\/types\/product"}],"replies":[{"embeddable":true,"href":"https:\/\/ztsports.com\/fr\/wp-json\/wp\/v2\/comments?post=20528"}],"version-history":[{"count":1,"href":"https:\/\/ztsports.com\/fr\/wp-json\/wp\/v2\/product\/20528\/revisions"}],"predecessor-version":[{"id":20529,"href":"https:\/\/ztsports.com\/fr\/wp-json\/wp\/v2\/product\/20528\/revisions\/20529"}],"wp:featuredmedia":[{"embeddable":true,"href":"https:\/\/ztsports.com\/fr\/wp-json\/wp\/v2\/media\/20530"}],"wp:attachment":[{"href":"https:\/\/ztsports.com\/fr\/wp-json\/wp\/v2\/media?parent=20528"}],"wp:term":[{"taxonomy":"product_brand","embeddable":true,"href":"https:\/\/ztsports.com\/fr\/wp-json\/wp\/v2\/product_brand?post=20528"},{"taxonomy":"product_cat","embeddable":true,"href":"https:\/\/ztsports.com\/fr\/wp-json\/wp\/v2\/product_cat?post=20528"},{"taxonomy":"product_tag","embeddable":true,"href":"https:\/\/ztsports.com\/fr\/wp-json\/wp\/v2\/product_tag?post=20528"}],"curies":[{"name":"wp","href":"https:\/\/api.w.org\/{rel}","templated":true}]}}