{"id":20518,"date":"2021-12-30T11:20:50","date_gmt":"2021-12-30T11:20:50","guid":{"rendered":"https:\/\/ztsports.com\/?post_type=product&#038;p=20518"},"modified":"2026-02-02T19:20:05","modified_gmt":"2026-02-02T19:20:05","slug":"shin-guards-protege-tibias","status":"publish","type":"product","link":"https:\/\/ztsports.com\/fr\/store\/shin-guards-protege-tibias\/","title":{"rendered":"SHIN GUARDS\/Prot\u00e8ge-tibias pour le short track et d&#8217;autres sports"},"content":{"rendered":"<h1>Prot\u00e8ge-tibias pour le short track et d&#8217;autres sports<\/h1>\n<p>SHIN GUARDS<\/p>\n<p>Ces protections sont parfaites pour les patineurs de vitesse sur piste courte.<\/p>\n<p>Une sangle \u00e9lastique qui s&#8217;attache \u00e0 l&#8217;aide d&#8217;un velcro.<\/p>\n<p>Tailles SM &#8211; XL<\/p>\n<p>Vous pouvez trouver tous les <a href=\"https:\/\/ztsports.com\/product-category\/protection\/lower-body-protection\/\"><strong>\u00e9quipements de protection du bas du corps<\/strong><\/a> ici.<\/p>\n","protected":false},"excerpt":{"rendered":"<p>Prot\u00e8ge-tibias pour le short track et d&#8217;autres sports SHIN GUARDS Ces protections sont parfaites pour les patineurs de vitesse sur piste courte. Une sangle \u00e9lastique qui s&#8217;attache \u00e0 l&#8217;aide d&#8217;un velcro. Tailles SM &#8211; XL Vous pouvez trouver tous les \u00e9quipements de protection du bas du corps ici.<\/p>\n","protected":false},"featured_media":20520,"comment_status":"open","ping_status":"closed","template":"","meta":{"_acf_changed":false,"_monsterinsights_skip_tracking":false,"_monsterinsights_sitenote_active":false,"_monsterinsights_sitenote_note":"","_monsterinsights_sitenote_category":0,"_uf_show_specific_survey":0,"_uf_disable_surveys":false,"site-sidebar-layout":"default","site-content-layout":"","ast-site-content-layout":"default","site-content-style":"default","site-sidebar-style":"default","ast-global-header-display":"","ast-banner-title-visibility":"","ast-main-header-display":"","ast-hfb-above-header-display":"","ast-hfb-below-header-display":"","ast-hfb-mobile-header-display":"","site-post-title":"","ast-breadcrumbs-content":"","ast-featured-img":"","footer-sml-layout":"","ast-disable-related-posts":"","theme-transparent-header-meta":"default","adv-header-id-meta":"","stick-header-meta":"","header-above-stick-meta":"","header-main-stick-meta":"","header-below-stick-meta":"","astra-migrate-meta-layouts":"set","ast-page-background-enabled":"default","ast-page-background-meta":{"desktop":{"background-color":"","background-image":"","background-repeat":"repeat","background-position":"center center","background-size":"auto","background-attachment":"scroll","background-type":"","background-media":"","overlay-type":"","overlay-color":"","overlay-opacity":"","overlay-gradient":""},"tablet":{"background-color":"","background-image":"","background-repeat":"repeat","background-position":"center center","background-size":"auto","background-attachment":"scroll","background-type":"","background-media":"","overlay-type":"","overlay-color":"","overlay-opacity":"","overlay-gradient":""},"mobile":{"background-color":"","background-image":"","background-repeat":"repeat","background-position":"center center","background-size":"auto","background-attachment":"scroll","background-type":"","background-media":"","overlay-type":"","overlay-color":"","overlay-opacity":"","overlay-gradient":""}},"ast-content-background-meta":{"desktop":{"background-color":"var(--ast-global-color-5)","background-image":"","background-repeat":"repeat","background-position":"center center","background-size":"auto","background-attachment":"scroll","background-type":"","background-media":"","overlay-type":"","overlay-color":"","overlay-opacity":"","overlay-gradient":""},"tablet":{"background-color":"var(--ast-global-color-5)","background-image":"","background-repeat":"repeat","background-position":"center center","background-size":"auto","background-attachment":"scroll","background-type":"","background-media":"","overlay-type":"","overlay-color":"","overlay-opacity":"","overlay-gradient":""},"mobile":{"background-color":"var(--ast-global-color-5)","background-image":"","background-repeat":"repeat","background-position":"center center","background-size":"auto","background-attachment":"scroll","background-type":"","background-media":"","overlay-type":"","overlay-color":"","overlay-opacity":"","overlay-gradient":""}}},"product_brand":[3279],"product_cat":[3479,3396,3421],"product_tag":[3673,3569,2634],"class_list":{"0":"post-20518","1":"product","2":"type-product","3":"status-publish","4":"has-post-thumbnail","6":"product_brand-base-360","7":"product_cat-accessoires-pour-le-short-track","8":"product_cat-accessories","9":"product_cat-protection-bebe-inferieure","10":"product_tag-equipement-de-protection","11":"product_tag-protege-tibias","12":"product_tag-speed-sk","13":"desktop-align-left","14":"tablet-align-left","15":"mobile-align-left","17":"first","18":"instock","19":"taxable","20":"shipping-taxable","21":"purchasable","22":"product-type-simple"},"acf":[],"_links":{"self":[{"href":"https:\/\/ztsports.com\/fr\/wp-json\/wp\/v2\/product\/20518","targetHints":{"allow":["GET"]}}],"collection":[{"href":"https:\/\/ztsports.com\/fr\/wp-json\/wp\/v2\/product"}],"about":[{"href":"https:\/\/ztsports.com\/fr\/wp-json\/wp\/v2\/types\/product"}],"replies":[{"embeddable":true,"href":"https:\/\/ztsports.com\/fr\/wp-json\/wp\/v2\/comments?post=20518"}],"version-history":[{"count":2,"href":"https:\/\/ztsports.com\/fr\/wp-json\/wp\/v2\/product\/20518\/revisions"}],"predecessor-version":[{"id":21384,"href":"https:\/\/ztsports.com\/fr\/wp-json\/wp\/v2\/product\/20518\/revisions\/21384"}],"wp:featuredmedia":[{"embeddable":true,"href":"https:\/\/ztsports.com\/fr\/wp-json\/wp\/v2\/media\/20520"}],"wp:attachment":[{"href":"https:\/\/ztsports.com\/fr\/wp-json\/wp\/v2\/media?parent=20518"}],"wp:term":[{"taxonomy":"product_brand","embeddable":true,"href":"https:\/\/ztsports.com\/fr\/wp-json\/wp\/v2\/product_brand?post=20518"},{"taxonomy":"product_cat","embeddable":true,"href":"https:\/\/ztsports.com\/fr\/wp-json\/wp\/v2\/product_cat?post=20518"},{"taxonomy":"product_tag","embeddable":true,"href":"https:\/\/ztsports.com\/fr\/wp-json\/wp\/v2\/product_tag?post=20518"}],"curies":[{"name":"wp","href":"https:\/\/api.w.org\/{rel}","templated":true}]}}