{"id":20509,"date":"2021-09-23T03:00:54","date_gmt":"2021-09-23T03:00:54","guid":{"rendered":"https:\/\/ztsports.com\/?post_type=product&#038;p=20509"},"modified":"2026-02-02T19:52:47","modified_gmt":"2026-02-02T19:52:47","slug":"bont-neoprene-boot-covers","status":"publish","type":"product","link":"https:\/\/ztsports.com\/fr\/store\/bont-neoprene-boot-covers\/","title":{"rendered":"bont neoprene boot covers\/Couvre-bottes en n\u00e9opr\u00e8ne Bont Patinage de vitesse"},"content":{"rendered":"<p dir=\"ltr\" data-placeholder=\"Translation\">Bont neoprene boot covers\/<span class=\"Y2IQFc\" lang=\"en\">Ces couvre-bottes en n\u00e9opr\u00e8ne de Bont pour le patinage de vitesse sur piste longue ou courte gardent vos pieds au chaud et au sec. <\/span><\/p>\n<p class=\"tw-data-text tw-text-large tw-ta\" dir=\"ltr\" data-placeholder=\"Translation\"><span class=\"Y2IQFc\" lang=\"en\">Fabriqu\u00e9es en n\u00e9opr\u00e8ne, elles conservent la chaleur et coupent le vent pour garder vos pieds au chaud.<\/span><\/p>\n<p>BONT neoprene Boot\/Skate Cover &#8211; Housse de patin pour garder vos pieds au chaud<\/p>\n<p>Ce couvre-bottes est fabriqu\u00e9 en maille noire + n\u00e9opr\u00e8ne de 2 mm.<\/p>\n<p class=\"tw-data-text tw-text-large tw-ta\" dir=\"ltr\" data-placeholder=\"Translation\"><span class=\"Y2IQFc\" lang=\"en\">Available in three sizes: <\/span><\/p>\n<p class=\"tw-data-text tw-text-large tw-ta\" dir=\"ltr\" data-placeholder=\"Translation\"><span class=\"Y2IQFc\" lang=\"en\">Small (37-39) <\/span><\/p>\n<p class=\"tw-data-text tw-text-large tw-ta\" dir=\"ltr\" data-placeholder=\"Translation\"><span class=\"Y2IQFc\" lang=\"en\">Medium (40-41)<\/span><\/p>\n<p class=\"tw-data-text tw-text-large tw-ta\" dir=\"ltr\" data-placeholder=\"Translation\"><span class=\"Y2IQFc\" lang=\"en\"> Large (42-44) <\/span><\/p>\n<p dir=\"ltr\" data-placeholder=\"Translation\">Enfin, vous pouvez consulter tous nos <a href=\"https:\/\/ztsports.com\/product-category\/boot-covers\/\"><strong>housses de bottes<\/strong><\/a> ici.<\/p>\n","protected":false},"excerpt":{"rendered":"<p>Bont neoprene boot covers\/Ces couvre-bottes en n\u00e9opr\u00e8ne de Bont pour le patinage de vitesse sur piste longue ou courte gardent vos pieds au chaud et au sec. Fabriqu\u00e9es en n\u00e9opr\u00e8ne, elles conservent la chaleur et coupent le vent pour garder vos pieds au chaud. BONT neoprene Boot\/Skate Cover &#8211; Housse de patin pour garder vos [&hellip;]<\/p>\n","protected":false},"featured_media":20511,"comment_status":"open","ping_status":"closed","template":"","meta":{"_acf_changed":false,"_monsterinsights_skip_tracking":false,"_monsterinsights_sitenote_active":false,"_monsterinsights_sitenote_note":"","_monsterinsights_sitenote_category":0,"_uf_show_specific_survey":0,"_uf_disable_surveys":false,"site-sidebar-layout":"default","site-content-layout":"","ast-site-content-layout":"default","site-content-style":"default","site-sidebar-style":"default","ast-global-header-display":"","ast-banner-title-visibility":"","ast-main-header-display":"","ast-hfb-above-header-display":"","ast-hfb-below-header-display":"","ast-hfb-mobile-header-display":"","site-post-title":"","ast-breadcrumbs-content":"","ast-featured-img":"","footer-sml-layout":"","ast-disable-related-posts":"","theme-transparent-header-meta":"default","adv-header-id-meta":"","stick-header-meta":"","header-above-stick-meta":"","header-main-stick-meta":"","header-below-stick-meta":"","astra-migrate-meta-layouts":"set","ast-page-background-enabled":"default","ast-page-background-meta":{"desktop":{"background-color":"","background-image":"","background-repeat":"repeat","background-position":"center center","background-size":"auto","background-attachment":"scroll","background-type":"","background-media":"","overlay-type":"","overlay-color":"","overlay-opacity":"","overlay-gradient":""},"tablet":{"background-color":"","background-image":"","background-repeat":"repeat","background-position":"center center","background-size":"auto","background-attachment":"scroll","background-type":"","background-media":"","overlay-type":"","overlay-color":"","overlay-opacity":"","overlay-gradient":""},"mobile":{"background-color":"","background-image":"","background-repeat":"repeat","background-position":"center center","background-size":"auto","background-attachment":"scroll","background-type":"","background-media":"","overlay-type":"","overlay-color":"","overlay-opacity":"","overlay-gradient":""}},"ast-content-background-meta":{"desktop":{"background-color":"var(--ast-global-color-5)","background-image":"","background-repeat":"repeat","background-position":"center center","background-size":"auto","background-attachment":"scroll","background-type":"","background-media":"","overlay-type":"","overlay-color":"","overlay-opacity":"","overlay-gradient":""},"tablet":{"background-color":"var(--ast-global-color-5)","background-image":"","background-repeat":"repeat","background-position":"center center","background-size":"auto","background-attachment":"scroll","background-type":"","background-media":"","overlay-type":"","overlay-color":"","overlay-opacity":"","overlay-gradient":""},"mobile":{"background-color":"var(--ast-global-color-5)","background-image":"","background-repeat":"repeat","background-position":"center center","background-size":"auto","background-attachment":"scroll","background-type":"","background-media":"","overlay-type":"","overlay-color":"","overlay-opacity":"","overlay-gradient":""}}},"product_brand":[3285],"product_cat":[3396,3526,3786,3495,3494,3395,3522,3418,3390,3467],"product_tag":[3528,4303],"class_list":{"0":"post-20509","1":"product","2":"type-product","3":"status-publish","4":"has-post-thumbnail","6":"product_brand-bont","7":"product_cat-accessories","8":"product_cat-blades","9":"product_cat-bottes","11":"product_cat-bottes-de-piste-longues","12":"product_cat-courte-piste","13":"product_cat-couvre-bottes","15":"product_cat-longue-piste","16":"product_cat-patinage-de-vitesse","17":"product_tag-cache-bottes","18":"product_tag-couvertures-thermiques-a-longue-voie","19":"desktop-align-left","20":"tablet-align-left","21":"mobile-align-left","23":"first","24":"instock","25":"featured","26":"taxable","27":"shipping-taxable","28":"purchasable","29":"product-type-simple"},"acf":[],"_links":{"self":[{"href":"https:\/\/ztsports.com\/fr\/wp-json\/wp\/v2\/product\/20509","targetHints":{"allow":["GET"]}}],"collection":[{"href":"https:\/\/ztsports.com\/fr\/wp-json\/wp\/v2\/product"}],"about":[{"href":"https:\/\/ztsports.com\/fr\/wp-json\/wp\/v2\/types\/product"}],"replies":[{"embeddable":true,"href":"https:\/\/ztsports.com\/fr\/wp-json\/wp\/v2\/comments?post=20509"}],"version-history":[{"count":1,"href":"https:\/\/ztsports.com\/fr\/wp-json\/wp\/v2\/product\/20509\/revisions"}],"predecessor-version":[{"id":20510,"href":"https:\/\/ztsports.com\/fr\/wp-json\/wp\/v2\/product\/20509\/revisions\/20510"}],"wp:featuredmedia":[{"embeddable":true,"href":"https:\/\/ztsports.com\/fr\/wp-json\/wp\/v2\/media\/20511"}],"wp:attachment":[{"href":"https:\/\/ztsports.com\/fr\/wp-json\/wp\/v2\/media?parent=20509"}],"wp:term":[{"taxonomy":"product_brand","embeddable":true,"href":"https:\/\/ztsports.com\/fr\/wp-json\/wp\/v2\/product_brand?post=20509"},{"taxonomy":"product_cat","embeddable":true,"href":"https:\/\/ztsports.com\/fr\/wp-json\/wp\/v2\/product_cat?post=20509"},{"taxonomy":"product_tag","embeddable":true,"href":"https:\/\/ztsports.com\/fr\/wp-json\/wp\/v2\/product_tag?post=20509"}],"curies":[{"name":"wp","href":"https:\/\/api.w.org\/{rel}","templated":true}]}}