{"id":20503,"date":"2024-05-15T09:50:49","date_gmt":"2024-05-15T09:50:49","guid":{"rendered":"https:\/\/ztsports.com\/?post_type=product&#038;p=20503"},"modified":"2026-04-14T22:49:53","modified_gmt":"2026-04-14T22:49:53","slug":"cadomotus-alpha-3-red-st-helmet-new","status":"publish","type":"product","link":"https:\/\/ztsports.com\/fr\/store\/cadomotus-alpha-3-red-st-helmet-new\/","title":{"rendered":"CADOMOTUS ALPHA 3 Red ST Helmet New"},"content":{"rendered":"<h1>CADOMOTUS ALPHA 3 Red ST Helmet New<\/h1>\n<p>Ce casque CADOMOTUS ALPHA 3 Blue ST est le successeur de notre casque de patinage de vitesse le plus vendu : le Cadomotus Alpha Aerospeed 2015. Apr\u00e8s 5 ans, il \u00e9tait temps de faire une mise \u00e0 jour !<\/p>\n<div id=\"product-content\" class=\"product-content general-content content-col mobile-popup\" data-popup=\"product-content\">\n<div class=\"popup-inner\">\n<div class=\"title-small title-font\">Description<\/div>\n<p>Casque pour circuit court. L&#8217;Alpha-3 Red est le successeur de notre casque de patinage de vitesse le plus vendu : le Cadomotus Alpha Aerospeed 2015. Apr\u00e8s 5 ans, il est temps de faire une mise \u00e0 jour !<\/p>\n<h2 class=\"null\">L&#8217;Alpha-3 Red est le casque de patinage le plus s\u00fbr du march\u00e9 !<\/h2>\n<p>En outre, pendant le processus de conception, notre \u00e9quipe de R&amp;D est rest\u00e9e en contact permanent avec le comit\u00e9 technique de l&#8217;ISU. C&#8217;est pourquoi nous pouvons garantir que l&#8217;Alpha-3 r\u00e9pond \u00e0 toutes les directives de s\u00e9curit\u00e9 r\u00e9centes ET aux adaptations qui doivent encore \u00eatre mises en \u0153uvre.<\/p>\n<p>Avec le casque Alpha-3, vous \u00eates s\u00fbr d&#8217;avoir un casque certifi\u00e9, maintenant et \u00e0 l&#8217;avenir !<\/p>\n<p>Ceci, combin\u00e9 \u00e0 un design \u00e9l\u00e9gant et a\u00e9rodynamique, fait de l&#8217;Alpha-3 un casque que m\u00eame les patineurs les plus conservateurs aiment porter !<\/p>\n<h2>Quelles sont les nouveaut\u00e9s du casque CADOMOTUS ALPHA 3 Red ST ?<\/h2>\n<ul>\n<li>Le casque Alpha-3 a un nouveau design plus rond \u00e0 l&#8217;arri\u00e8re.<\/li>\n<li>Cette forme ronde offre une meilleure protection \u00e0 l&#8217;arri\u00e8re de la t\u00eate.<\/li>\n<li>Contrairement \u00e0 l&#8217;Alpha Aerospeed, l&#8217;Alpha-3 est disponible en deux tailles : M (54-57 cm) et L (58-62 cm).<\/li>\n<li>L&#8217;Alpha-3 n&#8217;a pas de visi\u00e8re ni de bouclier a\u00e9rodynamique.<\/li>\n<li>L&#8217;effet global, un motif nervur\u00e9 \u00e0 l&#8217;avant du casque, r\u00e9duit la tra\u00een\u00e9e a\u00e9rodynamique.<\/li>\n<li>Les \u00e9vents recouverts de fils m\u00e9talliques sont conformes aux directives de l&#8217;ISU et vous offrent une protection suppl\u00e9mentaire en cas de chute.<\/li>\n<li>Ce qui n&#8217;a pas chang\u00e9 : l\u00e9g\u00e8ret\u00e9 et confort.<\/li>\n<\/ul>\n<h2>CADOMOTUS ALPHA 3 Red ST Helmet Casque certifi\u00e9 ISU<\/h2>\n<p>En outre, l&#8217;Alpha-3 est l&#8217;un des rares casques de skate officiellement approuv\u00e9s par l&#8217;ISU sur le march\u00e9. Selon les r\u00e8gles, un casque doit avoir la forme d&#8217;une t\u00eate et ne doit pas pr\u00e9senter de protub\u00e9rances. Les casques de patinage de vitesse doivent \u00e9galement \u00eatre conformes \u00e0 un test d&#8217;impact d\u00e9velopp\u00e9 \u00e0 l&#8217;origine pour le short track. Presque tous les casques de v\u00e9lo ne conviennent donc pas au patinage sur piste courte. Le casque Alpha-3 peut \u00eatre utilis\u00e9 en toute s\u00e9curit\u00e9 pour le patinage de vitesse, le short track et le marathon.<\/p>\n<h2>Remplacement des collisions<\/h2>\n<p>Lorsque vous enregistrez l&#8217;achat de votre casque chez C\u00e1domotus Crash Replacement, vous b\u00e9n\u00e9ficiez d&#8217;une r\u00e9duction de 50 % sur l&#8217;achat d&#8217;un nouveau casque apr\u00e8s un accident. Votre casque a-t-il subi un choc apr\u00e8s une chute ? Sachez que la construction de votre casque peut \u00eatre endommag\u00e9e m\u00eame si vous ne le voyez pas. L&#8217;option la plus s\u00fbre est toujours de remplacer votre casque.<\/p>\n<\/div>\n<\/div>\n<div class=\"content-col specs mobile-popup\" data-popup=\"product-specs\">\n<div class=\"popup-inner\">\n<div class=\"title-small title-font\">CadoMotus alpha 3 Red Sp\u00e9cifications :<\/div>\n<div class=\"spec-table\">\n<table>\n<tbody>\n<tr>\n<td class=\"spec-title\"><strong>Approuv\u00e9 pour la course<\/strong><\/td>\n<td>Patinage de vitesse ISU<\/td>\n<\/tr>\n<tr>\n<td class=\"spec-title\"><strong>Visi\u00e8re int\u00e9gr\u00e9e<\/strong><\/td>\n<td>Non<\/td>\n<\/tr>\n<tr>\n<td class=\"spec-title\"><strong>Option Aeroshield<\/strong><\/td>\n<td>Non<\/td>\n<\/tr>\n<tr>\n<td class=\"spec-title\"><strong>Ventilation<\/strong><\/td>\n<td>Canalisation interne, ventilation par-dessus les sourcils<\/td>\n<\/tr>\n<tr>\n<td class=\"spec-title\"><strong>Bouclier anti-insectes<\/strong><\/td>\n<td>Non<\/td>\n<\/tr>\n<tr>\n<td class=\"spec-title\"><strong>Syst\u00e8me d&#8217;ajustement<\/strong><\/td>\n<td>Verrouillage \u00e0 cliquet, r\u00e9glage vertical<\/td>\n<\/tr>\n<tr>\n<td class=\"spec-title\"><strong>Boucle<\/strong><\/td>\n<td>Clip \u00e0 boucle standard<\/td>\n<\/tr>\n<tr>\n<td class=\"spec-title\"><strong>Construction<\/strong><\/td>\n<td>Inmold EPC\/PC<\/td>\n<\/tr>\n<tr>\n<td class=\"spec-title\"><strong>Doublure<\/strong><\/td>\n<td>Double \u00e9paisseur | 3 pi\u00e8ces<\/td>\n<\/tr>\n<tr>\n<td class=\"spec-title\"><strong>Doublure lavable<\/strong><\/td>\n<td>Oui<\/td>\n<\/tr>\n<tr>\n<td class=\"spec-title\"><strong>Certification<\/strong><\/td>\n<td>CE, ASTM F-1849<\/td>\n<\/tr>\n<tr>\n<td class=\"spec-title\"><strong>Test\u00e9 en soufflerie<\/strong><\/td>\n<td>Oui<\/td>\n<\/tr>\n<\/tbody>\n<\/table>\n<div id=\"product-content\" class=\"product-content general-content content-col mobile-popup\" data-popup=\"product-content\">\n<div class=\"popup-inner\">\n<p><strong>Vid\u00e9o de <a href=\"https:\/\/www.youtube.com\/watch?v=7XZzirH3PzI\" target=\"_blank\" rel=\"noopener\">tests de casques par Cadomotus<\/a>.<\/strong><\/p>\n<\/div>\n<\/div>\n<p>Lastly check out all our <a href=\"https:\/\/ztsports.com\/categorie-produit\/protection\/casques\/?lang=fr\"><strong>Short Track Helmets here<\/strong><\/a>.<\/p>\n<\/div>\n<\/div>\n<\/div>\n","protected":false},"excerpt":{"rendered":"<p>CADOMOTUS ALPHA 3 Red ST Helmet New Ce casque CADOMOTUS ALPHA 3 Blue ST est le successeur de notre casque de patinage de vitesse le plus vendu : le Cadomotus Alpha Aerospeed 2015. Apr\u00e8s 5 ans, il \u00e9tait temps de faire une mise \u00e0 jour ! Description Casque pour circuit court. L&#8217;Alpha-3 Red est le [&hellip;]<\/p>\n","protected":false},"featured_media":20505,"comment_status":"open","ping_status":"closed","template":"","meta":{"_acf_changed":false,"_monsterinsights_skip_tracking":false,"_monsterinsights_sitenote_active":false,"_monsterinsights_sitenote_note":"","_monsterinsights_sitenote_category":0,"_uf_show_specific_survey":0,"_uf_disable_surveys":false,"site-sidebar-layout":"default","site-content-layout":"","ast-site-content-layout":"default","site-content-style":"default","site-sidebar-style":"default","ast-global-header-display":"","ast-banner-title-visibility":"","ast-main-header-display":"","ast-hfb-above-header-display":"","ast-hfb-below-header-display":"","ast-hfb-mobile-header-display":"","site-post-title":"","ast-breadcrumbs-content":"","ast-featured-img":"","footer-sml-layout":"","ast-disable-related-posts":"","theme-transparent-header-meta":"default","adv-header-id-meta":"","stick-header-meta":"","header-above-stick-meta":"","header-main-stick-meta":"","header-below-stick-meta":"","astra-migrate-meta-layouts":"set","ast-page-background-enabled":"default","ast-page-background-meta":{"desktop":{"background-color":"","background-image":"","background-repeat":"repeat","background-position":"center center","background-size":"auto","background-attachment":"scroll","background-type":"","background-media":"","overlay-type":"","overlay-color":"","overlay-opacity":"","overlay-gradient":""},"tablet":{"background-color":"","background-image":"","background-repeat":"repeat","background-position":"center center","background-size":"auto","background-attachment":"scroll","background-type":"","background-media":"","overlay-type":"","overlay-color":"","overlay-opacity":"","overlay-gradient":""},"mobile":{"background-color":"","background-image":"","background-repeat":"repeat","background-position":"center center","background-size":"auto","background-attachment":"scroll","background-type":"","background-media":"","overlay-type":"","overlay-color":"","overlay-opacity":"","overlay-gradient":""}},"ast-content-background-meta":{"desktop":{"background-color":"var(--ast-global-color-5)","background-image":"","background-repeat":"repeat","background-position":"center center","background-size":"auto","background-attachment":"scroll","background-type":"","background-media":"","overlay-type":"","overlay-color":"","overlay-opacity":"","overlay-gradient":""},"tablet":{"background-color":"var(--ast-global-color-5)","background-image":"","background-repeat":"repeat","background-position":"center center","background-size":"auto","background-attachment":"scroll","background-type":"","background-media":"","overlay-type":"","overlay-color":"","overlay-opacity":"","overlay-gradient":""},"mobile":{"background-color":"var(--ast-global-color-5)","background-image":"","background-repeat":"repeat","background-position":"center center","background-size":"auto","background-attachment":"scroll","background-type":"","background-media":"","overlay-type":"","overlay-color":"","overlay-opacity":"","overlay-gradient":""}}},"product_brand":[3289],"product_cat":[3396,3644,3589,3395,3750,4076,3381],"product_tag":[2705,2895,2048,2029,3593,1752],"class_list":{"0":"post-20503","1":"product","2":"type-product","3":"status-publish","4":"has-post-thumbnail","6":"product_brand-cadomotus","7":"product_cat-accessories","8":"product_cat-casque-short-track","9":"product_cat-casques","10":"product_cat-courte-piste","11":"product_cat-equipement-de-protection-pour-le-patinage-de-vitesse","12":"product_cat-hlmet","13":"product_cat-patinage-de-vitesse-en-ligne","14":"product_tag-alpha-3","15":"product_tag-cadamotus-alpha-3","16":"product_tag-cado-motus","17":"product_tag-cadomotus","18":"product_tag-casque-short-track","19":"product_tag-speed-skating-equipment","20":"desktop-align-left","21":"tablet-align-left","22":"mobile-align-left","24":"first","25":"instock","26":"featured","27":"taxable","28":"shipping-taxable","29":"purchasable","30":"product-type-simple"},"acf":[],"_links":{"self":[{"href":"https:\/\/ztsports.com\/fr\/wp-json\/wp\/v2\/product\/20503","targetHints":{"allow":["GET"]}}],"collection":[{"href":"https:\/\/ztsports.com\/fr\/wp-json\/wp\/v2\/product"}],"about":[{"href":"https:\/\/ztsports.com\/fr\/wp-json\/wp\/v2\/types\/product"}],"replies":[{"embeddable":true,"href":"https:\/\/ztsports.com\/fr\/wp-json\/wp\/v2\/comments?post=20503"}],"version-history":[{"count":1,"href":"https:\/\/ztsports.com\/fr\/wp-json\/wp\/v2\/product\/20503\/revisions"}],"predecessor-version":[{"id":20504,"href":"https:\/\/ztsports.com\/fr\/wp-json\/wp\/v2\/product\/20503\/revisions\/20504"}],"wp:featuredmedia":[{"embeddable":true,"href":"https:\/\/ztsports.com\/fr\/wp-json\/wp\/v2\/media\/20505"}],"wp:attachment":[{"href":"https:\/\/ztsports.com\/fr\/wp-json\/wp\/v2\/media?parent=20503"}],"wp:term":[{"taxonomy":"product_brand","embeddable":true,"href":"https:\/\/ztsports.com\/fr\/wp-json\/wp\/v2\/product_brand?post=20503"},{"taxonomy":"product_cat","embeddable":true,"href":"https:\/\/ztsports.com\/fr\/wp-json\/wp\/v2\/product_cat?post=20503"},{"taxonomy":"product_tag","embeddable":true,"href":"https:\/\/ztsports.com\/fr\/wp-json\/wp\/v2\/product_tag?post=20503"}],"curies":[{"name":"wp","href":"https:\/\/api.w.org\/{rel}","templated":true}]}}