{"id":20500,"date":"2021-09-23T02:37:09","date_gmt":"2021-09-23T02:37:09","guid":{"rendered":"https:\/\/ztsports.com\/?post_type=product&#038;p=20500"},"modified":"2026-02-02T20:20:45","modified_gmt":"2026-02-02T20:20:45","slug":"sports-de-vitesse-de-la-vitesse","status":"publish","type":"product","link":"https:\/\/ztsports.com\/fr\/store\/sports-de-vitesse-de-la-vitesse\/","title":{"rendered":"Sports de vitesse 3\u00e8me \u00e9dition Aspects de la vitesse"},"content":{"rendered":"<h1><span data-sheets-value=\"{\" data-sheets-userformat=\"{\">Sports de vitesse 3\u00e8me \u00e9dition Aspects de la vitesse<\/span><\/h1>\n<p>Sports Speed 3rd Edition vous aidera \u00e0 atteindre votre potentiel de vitesse de jeu ! As an athlete or coach who knows that faster is better, you&#8217;ll appreciate the advice offered in Sports Speed.<\/p>\n<p>With all-new techniques and drills to improve your straight-ahead and multidirectional speed, Sports Speed will help you improve your ability to start, stop, change direction, and accelerate, taking your performance to the next level.<\/p>\n<p>No matter what sport you play or coach, you&#8217;ll learn all aspects of speed development, including<\/p>\n<p>-tests and assessment,<br \/>\n-strength base building,<br \/>\n-ballistic and plyometric training,<br \/>\n-speed endurance training,<br \/>\n-running technique,<br \/>\n-footwork drills,<br \/>\n-overspeed training, and<br \/>\n-program planning and periodization.<\/p>\n<p>Photo sequences accompanied by detailed descriptions teach all the fine points of technique. Sample speed training programs for basketball, football, baseball, softball, and soccer can be used as they are or modified to meet specific needs. Charts, tables, and worksheets in each chapter help coaches and athletes understand and apply the material.<\/p>\n<p>Pour une <a href=\"https:\/\/worldathletics.org\/download\/downloadnsa?filename=147da291-317a-4a54-978e-445e409f6209.pdf&amp;urlslug=sports-speed-3rd-edition-by-george-dintiman-a\" target=\"_blank\" rel=\"noopener\"><strong>PDF complet de la revue de livres, cliquez ici.<\/strong><\/a><\/p>\n<h5>Enfin, consultez notre biblioth\u00e8que de <a href=\"https:\/\/ztsports.com\/brand\/human-kinetics\/\"><strong>Livres de cin\u00e9tique humaine<\/strong><\/a>.<\/h5>\n","protected":false},"excerpt":{"rendered":"<p>Sports de vitesse 3\u00e8me \u00e9dition Aspects de la vitesse Sports Speed 3rd Edition vous aidera \u00e0 atteindre votre potentiel de vitesse de jeu ! As an athlete or coach who knows that faster is better, you&#8217;ll appreciate the advice offered in Sports Speed. With all-new techniques and drills to improve your straight-ahead and multidirectional speed, [&hellip;]<\/p>\n","protected":false},"featured_media":20502,"comment_status":"open","ping_status":"closed","template":"","meta":{"_acf_changed":false,"_monsterinsights_skip_tracking":false,"_monsterinsights_sitenote_active":false,"_monsterinsights_sitenote_note":"","_monsterinsights_sitenote_category":0,"_uf_show_specific_survey":0,"_uf_disable_surveys":false,"site-sidebar-layout":"default","site-content-layout":"","ast-site-content-layout":"default","site-content-style":"default","site-sidebar-style":"default","ast-global-header-display":"","ast-banner-title-visibility":"","ast-main-header-display":"","ast-hfb-above-header-display":"","ast-hfb-below-header-display":"","ast-hfb-mobile-header-display":"","site-post-title":"","ast-breadcrumbs-content":"","ast-featured-img":"","footer-sml-layout":"","ast-disable-related-posts":"","theme-transparent-header-meta":"default","adv-header-id-meta":"","stick-header-meta":"","header-above-stick-meta":"","header-main-stick-meta":"","header-below-stick-meta":"","astra-migrate-meta-layouts":"set","ast-page-background-enabled":"default","ast-page-background-meta":{"desktop":{"background-color":"","background-image":"","background-repeat":"repeat","background-position":"center center","background-size":"auto","background-attachment":"scroll","background-type":"","background-media":"","overlay-type":"","overlay-color":"","overlay-opacity":"","overlay-gradient":""},"tablet":{"background-color":"","background-image":"","background-repeat":"repeat","background-position":"center center","background-size":"auto","background-attachment":"scroll","background-type":"","background-media":"","overlay-type":"","overlay-color":"","overlay-opacity":"","overlay-gradient":""},"mobile":{"background-color":"","background-image":"","background-repeat":"repeat","background-position":"center center","background-size":"auto","background-attachment":"scroll","background-type":"","background-media":"","overlay-type":"","overlay-color":"","overlay-opacity":"","overlay-gradient":""}},"ast-content-background-meta":{"desktop":{"background-color":"var(--ast-global-color-5)","background-image":"","background-repeat":"repeat","background-position":"center center","background-size":"auto","background-attachment":"scroll","background-type":"","background-media":"","overlay-type":"","overlay-color":"","overlay-opacity":"","overlay-gradient":""},"tablet":{"background-color":"var(--ast-global-color-5)","background-image":"","background-repeat":"repeat","background-position":"center center","background-size":"auto","background-attachment":"scroll","background-type":"","background-media":"","overlay-type":"","overlay-color":"","overlay-opacity":"","overlay-gradient":""},"mobile":{"background-color":"var(--ast-global-color-5)","background-image":"","background-repeat":"repeat","background-position":"center center","background-size":"auto","background-attachment":"scroll","background-type":"","background-media":"","overlay-type":"","overlay-color":"","overlay-opacity":"","overlay-gradient":""}}},"product_brand":[3310],"product_cat":[3553,3879,3664],"product_tag":[4302,2215,3667,2216,2217],"class_list":{"0":"post-20500","1":"product","2":"type-product","3":"status-publish","4":"has-post-thumbnail","6":"product_brand-human-kinetics","7":"product_cat-aides-a-lentrainement-et-a-la-formation","8":"product_cat-aides-a-la-formation","9":"product_cat-livres-et-manuels-de-formation","10":"product_tag-aspects-de-la-vitesse","11":"product_tag-bob-ward","12":"product_tag-cinetique-humaine","13":"product_tag-george-dintiman","14":"product_tag-sports-speed-3rd-edition","15":"desktop-align-left","16":"tablet-align-left","17":"mobile-align-left","19":"first","20":"instock","21":"sale","22":"taxable","23":"shipping-taxable","24":"purchasable","25":"product-type-simple"},"acf":[],"_links":{"self":[{"href":"https:\/\/ztsports.com\/fr\/wp-json\/wp\/v2\/product\/20500","targetHints":{"allow":["GET"]}}],"collection":[{"href":"https:\/\/ztsports.com\/fr\/wp-json\/wp\/v2\/product"}],"about":[{"href":"https:\/\/ztsports.com\/fr\/wp-json\/wp\/v2\/types\/product"}],"replies":[{"embeddable":true,"href":"https:\/\/ztsports.com\/fr\/wp-json\/wp\/v2\/comments?post=20500"}],"version-history":[{"count":1,"href":"https:\/\/ztsports.com\/fr\/wp-json\/wp\/v2\/product\/20500\/revisions"}],"predecessor-version":[{"id":20501,"href":"https:\/\/ztsports.com\/fr\/wp-json\/wp\/v2\/product\/20500\/revisions\/20501"}],"wp:featuredmedia":[{"embeddable":true,"href":"https:\/\/ztsports.com\/fr\/wp-json\/wp\/v2\/media\/20502"}],"wp:attachment":[{"href":"https:\/\/ztsports.com\/fr\/wp-json\/wp\/v2\/media?parent=20500"}],"wp:term":[{"taxonomy":"product_brand","embeddable":true,"href":"https:\/\/ztsports.com\/fr\/wp-json\/wp\/v2\/product_brand?post=20500"},{"taxonomy":"product_cat","embeddable":true,"href":"https:\/\/ztsports.com\/fr\/wp-json\/wp\/v2\/product_cat?post=20500"},{"taxonomy":"product_tag","embeddable":true,"href":"https:\/\/ztsports.com\/fr\/wp-json\/wp\/v2\/product_tag?post=20500"}],"curies":[{"name":"wp","href":"https:\/\/api.w.org\/{rel}","templated":true}]}}