{"id":20494,"date":"2024-04-30T12:38:55","date_gmt":"2024-04-30T12:38:55","guid":{"rendered":"https:\/\/ztsports.com\/?post_type=product&#038;p=20494"},"modified":"2026-04-14T22:44:39","modified_gmt":"2026-04-14T22:44:39","slug":"marqueurs-de-courte-piste","status":"publish","type":"product","link":"https:\/\/ztsports.com\/fr\/store\/marqueurs-de-courte-piste\/","title":{"rendered":"Marqueurs de courte piste"},"content":{"rendered":"<h1>Marqueurs de courte piste<\/h1>\n<p>Les traceurs Skate-Tec Short Track sont le choix id\u00e9al pour le patinage sur glace ! Coup\u00e9s en usine pour s&#8217;adapter parfaitement \u00e0 la glace, ils sont plus souples et plus s\u00fbrs que jamais. Profitez du frisson de la course avec nos marqueurs Short Track am\u00e9lior\u00e9s !<\/p>\n<p class=\"archive-title\">Sept blocs de caoutchouc appel\u00e9s &#8220;Track Markers&#8221; sont plac\u00e9s autour de chacun des coins pour identifier la piste utilis\u00e9e pour chaque course (14 au total). La piste est chang\u00e9e de temps en temps pour \u00e9viter de trop user la glace dans une zone. il est important de disposer d&#8217;au moins 2 \u00e0 4 pi\u00e8ces suppl\u00e9mentaires pour permettre aux commissaires de piste de changer rapidement de piste ou de remplacer un palet bott\u00e9.<\/p>\n<p class=\"archive-title\">Les patineurs patinent \u00e0 l&#8217;ext\u00e9rieur des balises. Le fait de patiner \u00e0 l&#8217;int\u00e9rieur des balises entra\u00eene la disqualification.<\/p>\n<p>Traceurs de pistes de la marque Skate-Tec.<\/p>\n<p>Le prix est pour une unit\u00e9.<\/p>\n<p>Fabriqu\u00e9 en caoutchouc de haute qualit\u00e9<\/p>\n<p>Nouveaux traceurs coup\u00e9s en usine<\/p>\n<p>&#8211; D\u00e9j\u00e0 coup\u00e9 en usine<br \/>\n&#8211; Plus doux<br \/>\n&#8211; Plus s\u00fbr<br \/>\n&#8211; D\u00e9velopp\u00e9 au Qu\u00e9bec<\/p>\n","protected":false},"excerpt":{"rendered":"<p>Marqueurs de courte piste Les traceurs Skate-Tec Short Track sont le choix id\u00e9al pour le patinage sur glace ! Coup\u00e9s en usine pour s&#8217;adapter parfaitement \u00e0 la glace, ils sont plus souples et plus s\u00fbrs que jamais. Profitez du frisson de la course avec nos marqueurs Short Track am\u00e9lior\u00e9s ! Sept blocs de caoutchouc appel\u00e9s [&hellip;]<\/p>\n","protected":false},"featured_media":20496,"comment_status":"open","ping_status":"closed","template":"","meta":{"_acf_changed":false,"_monsterinsights_skip_tracking":false,"_monsterinsights_sitenote_active":false,"_monsterinsights_sitenote_note":"","_monsterinsights_sitenote_category":0,"_uf_show_specific_survey":0,"_uf_disable_surveys":false,"site-sidebar-layout":"default","site-content-layout":"","ast-site-content-layout":"default","site-content-style":"default","site-sidebar-style":"default","ast-global-header-display":"","ast-banner-title-visibility":"","ast-main-header-display":"","ast-hfb-above-header-display":"","ast-hfb-below-header-display":"","ast-hfb-mobile-header-display":"","site-post-title":"","ast-breadcrumbs-content":"","ast-featured-img":"","footer-sml-layout":"","ast-disable-related-posts":"","theme-transparent-header-meta":"default","adv-header-id-meta":"","stick-header-meta":"","header-above-stick-meta":"","header-main-stick-meta":"","header-below-stick-meta":"","astra-migrate-meta-layouts":"set","ast-page-background-enabled":"default","ast-page-background-meta":{"desktop":{"background-color":"","background-image":"","background-repeat":"repeat","background-position":"center center","background-size":"auto","background-attachment":"scroll","background-type":"","background-media":"","overlay-type":"","overlay-color":"","overlay-opacity":"","overlay-gradient":""},"tablet":{"background-color":"","background-image":"","background-repeat":"repeat","background-position":"center center","background-size":"auto","background-attachment":"scroll","background-type":"","background-media":"","overlay-type":"","overlay-color":"","overlay-opacity":"","overlay-gradient":""},"mobile":{"background-color":"","background-image":"","background-repeat":"repeat","background-position":"center center","background-size":"auto","background-attachment":"scroll","background-type":"","background-media":"","overlay-type":"","overlay-color":"","overlay-opacity":"","overlay-gradient":""}},"ast-content-background-meta":{"desktop":{"background-color":"var(--ast-global-color-5)","background-image":"","background-repeat":"repeat","background-position":"center center","background-size":"auto","background-attachment":"scroll","background-type":"","background-media":"","overlay-type":"","overlay-color":"","overlay-opacity":"","overlay-gradient":""},"tablet":{"background-color":"var(--ast-global-color-5)","background-image":"","background-repeat":"repeat","background-position":"center center","background-size":"auto","background-attachment":"scroll","background-type":"","background-media":"","overlay-type":"","overlay-color":"","overlay-opacity":"","overlay-gradient":""},"mobile":{"background-color":"var(--ast-global-color-5)","background-image":"","background-repeat":"repeat","background-position":"center center","background-size":"auto","background-attachment":"scroll","background-type":"","background-media":"","overlay-type":"","overlay-color":"","overlay-opacity":"","overlay-gradient":""}}},"product_brand":[3338],"product_cat":[3422,3479,3392,3874,3396,3433,3553,3879,3395,3489,3838,3467],"product_tag":[4298,4299,4300,3983,1752,4301],"class_list":{"0":"post-20494","1":"product","2":"type-product","3":"status-publish","4":"has-post-thumbnail","6":"product_brand-skate-tec","7":"product_cat-accessoires","8":"product_cat-accessoires-pour-le-short-track","9":"product_cat-accessoires-short-track","10":"product_cat-accessories","13":"product_cat-aides-a-lentrainement-et-a-la-formation","14":"product_cat-aides-a-la-formation","15":"product_cat-courte-piste","16":"product_cat-offres-de-club","18":"product_cat-patinage-de-vitesse","19":"product_tag-marqueurs","20":"product_tag-marqueurs-de-courte-piste","21":"product_tag-marqueurs-de-piste","22":"product_tag-offres-du-club","23":"product_tag-speed-skating-equipment","24":"product_tag-traceurs-de-pistes-skate-tec","25":"desktop-align-left","26":"tablet-align-left","27":"mobile-align-left","29":"first","30":"instock","31":"sale","32":"taxable","33":"shipping-taxable","34":"purchasable","35":"product-type-simple"},"acf":[],"_links":{"self":[{"href":"https:\/\/ztsports.com\/fr\/wp-json\/wp\/v2\/product\/20494","targetHints":{"allow":["GET"]}}],"collection":[{"href":"https:\/\/ztsports.com\/fr\/wp-json\/wp\/v2\/product"}],"about":[{"href":"https:\/\/ztsports.com\/fr\/wp-json\/wp\/v2\/types\/product"}],"replies":[{"embeddable":true,"href":"https:\/\/ztsports.com\/fr\/wp-json\/wp\/v2\/comments?post=20494"}],"version-history":[{"count":3,"href":"https:\/\/ztsports.com\/fr\/wp-json\/wp\/v2\/product\/20494\/revisions"}],"predecessor-version":[{"id":25480,"href":"https:\/\/ztsports.com\/fr\/wp-json\/wp\/v2\/product\/20494\/revisions\/25480"}],"wp:featuredmedia":[{"embeddable":true,"href":"https:\/\/ztsports.com\/fr\/wp-json\/wp\/v2\/media\/20496"}],"wp:attachment":[{"href":"https:\/\/ztsports.com\/fr\/wp-json\/wp\/v2\/media?parent=20494"}],"wp:term":[{"taxonomy":"product_brand","embeddable":true,"href":"https:\/\/ztsports.com\/fr\/wp-json\/wp\/v2\/product_brand?post=20494"},{"taxonomy":"product_cat","embeddable":true,"href":"https:\/\/ztsports.com\/fr\/wp-json\/wp\/v2\/product_cat?post=20494"},{"taxonomy":"product_tag","embeddable":true,"href":"https:\/\/ztsports.com\/fr\/wp-json\/wp\/v2\/product_tag?post=20494"}],"curies":[{"name":"wp","href":"https:\/\/api.w.org\/{rel}","templated":true}]}}