{"id":20487,"date":"2024-04-22T17:03:16","date_gmt":"2024-04-22T17:03:16","guid":{"rendered":"https:\/\/ztsports.com\/?post_type=product&#038;p=20487"},"modified":"2026-04-14T21:43:46","modified_gmt":"2026-04-14T21:43:46","slug":"planche-dequilibre","status":"publish","type":"product","link":"https:\/\/ztsports.com\/fr\/store\/planche-dequilibre\/","title":{"rendered":"Planche d&#8217;\u00e9quilibre TRI-LEVEL T\u00e9tranglement"},"content":{"rendered":"<h1>PLANCHE ONDUL\u00c9E \u00c0 TROIS NIVEAUX<\/h1>\n<p>Cette planche d&#8217;\u00e9quilibre \u00e0 trois niveaux est une planche de 16 pouces pour les exercices d&#8217;\u00e9quilibre, le Pilates et le d\u00e9veloppement de la force musculaire. Les entra\u00eeneurs des centres d&#8217;entra\u00eenement mondiaux reconnaissent ses avantages.<\/p>\n<p><strong>A propos de la planche WOBBLE TRI-LEVEL<\/strong><\/p>\n<p>Notre planche \u00e0 trois niveaux a un diam\u00e8tre de 36 cm (16) et une hauteur de 5,5 cm (2,2). La planche d&#8217;\u00e9quilibre p\u00e8se 565 g (19,9 oz).<\/p>\n<p>Notre exerciseur d&#8217;\u00e9quilibre est disponible en noir et est fabriqu\u00e9 en plastique polypropyl\u00e8ne durable et r\u00e9sistant, facile \u00e0 nettoyer.<\/p>\n<ul>\n<li>Notre planche d&#8217;\u00e9quilibre \u00e0 trois niveaux est con\u00e7ue pour g\u00e9n\u00e9rer des mouvements musculaires afin d&#8217;am\u00e9liorer l&#8217;\u00e9quilibre et la coordination, tout en stimulant la force et la stabilit\u00e9 au cours de vos s\u00e9ances d&#8217;entra\u00eenement.<\/li>\n<li>Notre planche d&#8217;\u00e9quilibre est une plate-forme plate avec une surface sup\u00e9rieure antid\u00e9rapante et une base centrale arrondie et sur\u00e9lev\u00e9e qui force l&#8217;instabilit\u00e9 et l&#8217;inclinaison pour encourager les mouvements musculaires compensatoires et l&#8217;\u00e9quilibre du poids contr\u00f4l\u00e9 pendant vos s\u00e9ances.<\/li>\n<li>Nos exerciseurs d&#8217;\u00e9quilibre sont parfaits pour renforcer le bas du corps gr\u00e2ce \u00e0 des exercices en position debout qui stimulent les pieds, les chevilles, les jambes et le tronc. Notre planche d&#8217;\u00e9quilibre peut \u00eatre utilis\u00e9e avec des exercices pour le haut du corps pour compl\u00e9ter les pompes, les planches, le yoga, le Pilates et plus encore.<\/li>\n<li>Notre planche d&#8217;\u00e9quilibre et d&#8217;oscillation convient aussi bien aux hommes qu&#8217;aux femmes. Elle est id\u00e9ale pour la salle de sport, \u00e0 la maison ou en d\u00e9placement et se range facilement dans un grand sac pour le transport ou pour le stockage \u00e0 la maison. Avertissement : Usage r\u00e9serv\u00e9 aux adultes. Le produit ne convient pas aux enfants de moins de 14 ans. Convient uniquement aux personnes pesant moins de 160 kg.<\/li>\n<\/ul>\n<p><strong>Les planches ondul\u00e9es sont-elles bonnes ?<\/strong><\/p>\n<p>Les planches oscillantes sont simples et faciles \u00e0 utiliser, ce qui en fait une <strong>excellente option pour les personnes de tous niveaux de condition physique<\/strong>. Ils peuvent \u00eatre utilis\u00e9s \u00e0 la maison, dans une salle de sport ou m\u00eame au travail, et peuvent \u00eatre utilis\u00e9s pour une vari\u00e9t\u00e9 d&#8217;exercices, y compris des exercices d&#8217;\u00e9quilibre, des poses de yoga et m\u00eame des exercices de cardio.<\/p>\n<p><strong>Perd-on du poids sur une planche ondul\u00e9e ?<\/strong><\/p>\n<p>Non seulement vous pouvez am\u00e9liorer votre \u00e9quilibre avec votre planche <strong>d&#8217;\u00e9quilibre, mais vous pouvez \u00e9galement perdre du poids avec votre planche d&#8217;\u00e9quilibre<\/strong>. M\u00eame si votre planche n&#8217;est pas con\u00e7ue pour perdre du poids, elle peut vous aider \u00e0 le faire. En effet, l&#8217;exercice sur la planche d&#8217;\u00e9quilibre fait travailler \u00e0 la fois les muscles superficiels et les muscles profonds.<\/p>\n<p><strong>Combien de temps devez-vous rester sur une planche ondul\u00e9e \u00e0 trois niveaux ?<\/strong><\/p>\n<p>Pour am\u00e9liorer la proprioception de votre cheville, essayez chacun des exercices suivants pendant <strong>2 minutes<\/strong> sur votre planche d&#8217;\u00e9quilibre : Tenez-vous debout, les pieds \u00e9cart\u00e9s de la largeur des \u00e9paules, et faites osciller la planche d&#8217;avant en arri\u00e8re.<\/p>\n<p>Tenez-vous debout, les pieds \u00e9cart\u00e9s de la largeur des \u00e9paules, et faites pivoter la planche de mani\u00e8re \u00e0 ce que le bord de la planche soit toujours en contact avec le sol.<\/p>\n<p><a href=\"http:\/\/TOP%2010%20Wobble%20Board%20Exercises%20for%20Balance%20&amp;%20Strength\"><strong>En outre, le TOP 10 des exercices sur planche oscillante<\/strong><\/a>pour l&#8217;\u00e9quilibre et la force.<\/p>\n<p>Enfin, consultez nos <a href=\"https:\/\/ztsports.com\/product-category\/accessories\/training-aids\/\">accessoires de formation en ligne<\/a>.<\/p>\n","protected":false},"excerpt":{"rendered":"<p>PLANCHE ONDUL\u00c9E \u00c0 TROIS NIVEAUX Cette planche d&#8217;\u00e9quilibre \u00e0 trois niveaux est une planche de 16 pouces pour les exercices d&#8217;\u00e9quilibre, le Pilates et le d\u00e9veloppement de la force musculaire. Les entra\u00eeneurs des centres d&#8217;entra\u00eenement mondiaux reconnaissent ses avantages. A propos de la planche WOBBLE TRI-LEVEL Notre planche \u00e0 trois niveaux a un diam\u00e8tre de [&hellip;]<\/p>\n","protected":false},"featured_media":20489,"comment_status":"open","ping_status":"closed","template":"","meta":{"_acf_changed":false,"_monsterinsights_skip_tracking":false,"_monsterinsights_sitenote_active":false,"_monsterinsights_sitenote_note":"","_monsterinsights_sitenote_category":0,"_uf_show_specific_survey":0,"_uf_disable_surveys":false,"site-sidebar-layout":"default","site-content-layout":"","ast-site-content-layout":"default","site-content-style":"default","site-sidebar-style":"default","ast-global-header-display":"","ast-banner-title-visibility":"","ast-main-header-display":"","ast-hfb-above-header-display":"","ast-hfb-below-header-display":"","ast-hfb-mobile-header-display":"","site-post-title":"","ast-breadcrumbs-content":"","ast-featured-img":"","footer-sml-layout":"","ast-disable-related-posts":"","theme-transparent-header-meta":"default","adv-header-id-meta":"","stick-header-meta":"","header-above-stick-meta":"","header-main-stick-meta":"","header-below-stick-meta":"","astra-migrate-meta-layouts":"set","ast-page-background-enabled":"default","ast-page-background-meta":{"desktop":{"background-color":"","background-image":"","background-repeat":"repeat","background-position":"center center","background-size":"auto","background-attachment":"scroll","background-type":"","background-media":"","overlay-type":"","overlay-color":"","overlay-opacity":"","overlay-gradient":""},"tablet":{"background-color":"","background-image":"","background-repeat":"repeat","background-position":"center center","background-size":"auto","background-attachment":"scroll","background-type":"","background-media":"","overlay-type":"","overlay-color":"","overlay-opacity":"","overlay-gradient":""},"mobile":{"background-color":"","background-image":"","background-repeat":"repeat","background-position":"center center","background-size":"auto","background-attachment":"scroll","background-type":"","background-media":"","overlay-type":"","overlay-color":"","overlay-opacity":"","overlay-gradient":""}},"ast-content-background-meta":{"desktop":{"background-color":"var(--ast-global-color-5)","background-image":"","background-repeat":"repeat","background-position":"center center","background-size":"auto","background-attachment":"scroll","background-type":"","background-media":"","overlay-type":"","overlay-color":"","overlay-opacity":"","overlay-gradient":""},"tablet":{"background-color":"var(--ast-global-color-5)","background-image":"","background-repeat":"repeat","background-position":"center center","background-size":"auto","background-attachment":"scroll","background-type":"","background-media":"","overlay-type":"","overlay-color":"","overlay-opacity":"","overlay-gradient":""},"mobile":{"background-color":"var(--ast-global-color-5)","background-image":"","background-repeat":"repeat","background-position":"center center","background-size":"auto","background-attachment":"scroll","background-type":"","background-media":"","overlay-type":"","overlay-color":"","overlay-opacity":"","overlay-gradient":""}}},"product_brand":[3279],"product_cat":[3479,3874,3553,3879,3878,3572,3838],"product_tag":[4293,3598,3556,3677,4294,3427,4295,4296,4297,3023],"class_list":{"0":"post-20487","1":"product","2":"type-product","3":"status-publish","4":"has-post-thumbnail","6":"product_brand-base-360","7":"product_cat-accessoires-pour-le-short-track","8":"product_cat-accessories","9":"product_cat-aides-a-lentrainement-et-a-la-formation","10":"product_cat-aides-a-la-formation","11":"product_cat-cadeaux","12":"product_cat-cadeaux-pour-patineurs","13":"product_cat-offres-de-club","14":"product_tag-a-trois-niveaux","15":"product_tag-aide-a-la-formation","16":"product_tag-conseil-dequilibre","17":"product_tag-entraineur-en-milieu-sec","18":"product_tag-equilibre-physique","19":"product_tag-equipement-de-patinage-de-vitesse","20":"product_tag-fitness-de-base","21":"product_tag-planche-ondulee","22":"product_tag-planche-ondulee-a-trois-niveaux","23":"product_tag-zt-sports","24":"desktop-align-left","25":"tablet-align-left","26":"mobile-align-left","28":"first","29":"instock","30":"taxable","31":"shipping-taxable","32":"purchasable","33":"product-type-simple"},"acf":[],"_links":{"self":[{"href":"https:\/\/ztsports.com\/fr\/wp-json\/wp\/v2\/product\/20487","targetHints":{"allow":["GET"]}}],"collection":[{"href":"https:\/\/ztsports.com\/fr\/wp-json\/wp\/v2\/product"}],"about":[{"href":"https:\/\/ztsports.com\/fr\/wp-json\/wp\/v2\/types\/product"}],"replies":[{"embeddable":true,"href":"https:\/\/ztsports.com\/fr\/wp-json\/wp\/v2\/comments?post=20487"}],"version-history":[{"count":1,"href":"https:\/\/ztsports.com\/fr\/wp-json\/wp\/v2\/product\/20487\/revisions"}],"predecessor-version":[{"id":20488,"href":"https:\/\/ztsports.com\/fr\/wp-json\/wp\/v2\/product\/20487\/revisions\/20488"}],"wp:featuredmedia":[{"embeddable":true,"href":"https:\/\/ztsports.com\/fr\/wp-json\/wp\/v2\/media\/20489"}],"wp:attachment":[{"href":"https:\/\/ztsports.com\/fr\/wp-json\/wp\/v2\/media?parent=20487"}],"wp:term":[{"taxonomy":"product_brand","embeddable":true,"href":"https:\/\/ztsports.com\/fr\/wp-json\/wp\/v2\/product_brand?post=20487"},{"taxonomy":"product_cat","embeddable":true,"href":"https:\/\/ztsports.com\/fr\/wp-json\/wp\/v2\/product_cat?post=20487"},{"taxonomy":"product_tag","embeddable":true,"href":"https:\/\/ztsports.com\/fr\/wp-json\/wp\/v2\/product_tag?post=20487"}],"curies":[{"name":"wp","href":"https:\/\/api.w.org\/{rel}","templated":true}]}}