{"id":20476,"date":"2024-04-18T15:47:48","date_gmt":"2024-04-18T15:47:48","guid":{"rendered":"https:\/\/ztsports.com\/?post_type=product&#038;p=20476"},"modified":"2026-04-17T12:58:10","modified_gmt":"2026-04-17T12:58:10","slug":"cadomotus-omega-aero-helmet-speedy","status":"publish","type":"product","link":"https:\/\/ztsports.com\/fr\/store\/cadomotus-omega-aero-helmet-speedy\/","title":{"rendered":"Cadomotus Omega Aero Helmet Speedy Red or Blue"},"content":{"rendered":"<h1>Casque Cadomotus Omega Aero<\/h1>\n<div id=\"product-content\" class=\"product-content general-content content-col mobile-popup\" data-popup=\"product-content\">\n<div class=\"popup-inner\">\n<p>Ce casque fabriqu\u00e9 aux Pays-Bas r\u00e9pond \u00e0 toutes les normes ASTM, EN et CE pour le patinage de vitesse sur glace et le cyclisme sur route. Un v\u00e9ritable casque polyvalent qui vous aidera \u00e0 gagner de pr\u00e9cieuses secondes, quelle que soit la discipline qui vous passionne.<\/p>\n<p>Le casque Cadomotus Omega \u00e9tablit de nouvelles normes en mati\u00e8re d&#8217;a\u00e9rodynamisme, de ventilation et de protection contre les chocs dans les casques haute performance.<\/p>\n<p>Construit sur une base de s\u00e9curit\u00e9 stricte de respirabilit\u00e9 et de r\u00e9sistance sans compromis, l&#8217;Omega accepte le fardeau du contr\u00f4le climatique et de l&#8217;absorption des traumatismes, vous gardant au frais et en s\u00e9curit\u00e9 lorsque les choses s&#8217;\u00e9chauffent !<\/p>\n<h3>Cadomotus Omega Aero<\/h3>\n<p>Notre processus de fabrication exclusif cr\u00e9e une monocoque, n\u00e9e d&#8217;un processus qui int\u00e8gre des structures en nid d&#8217;abeilles dans un moule de production en mousse de polystyr\u00e8ne expans\u00e9 (EPS) pour forger une monocoque unique sur le march\u00e9.<\/p>\n<p>Cet hybride moul\u00e9 exclusif d&#8217;un noyau structurel l\u00e9ger et d&#8217;EPS permet plus d&#8217;a\u00e9rations sans sacrifier les exigences de protection \u00e9lev\u00e9es d&#8217;un casque de patinage de vitesse. Cette technologie brevet\u00e9e fait l&#8217;objet d&#8217;une licence exclusive accord\u00e9e \u00e0 Cadomotus.<\/p>\n<p>Le design a\u00e9rodynamique de l&#8217;Omega optimise l&#8217;avantage que vous obtenez dans un couloir et vous permet de l\u00e2cher la ligne avec le moins de r\u00e9sistance que vous ayez jamais ressentie. D\u00e9jouez le vent avec facilit\u00e9, en restant au frais gr\u00e2ce \u00e0 un flux d&#8217;air constant au-dessus de votre t\u00eate.<\/p>\n<p><strong>Cadomotus Omega Aero size LG 58-62cm<\/strong><\/p>\n<p>Enfin, beaucoup d\u2019autres\u00a0<a href=\"https:\/\/ztsports.com\/product-category\/protection\/helmets\/\"><strong>Casques Short Track ici<\/strong><\/a>.<\/p>\n<\/div>\n<\/div>\n<div class=\"content-col specs mobile-popup\" data-popup=\"product-specs\">\n<div class=\"popup-inner\">\n<div class=\"title-small title-font\">Sp\u00e9cifications<\/div>\n<div class=\"spec-table\">\n<table>\n<tbody>\n<tr>\n<td class=\"spec-title\"><strong>Approuv\u00e9 pour les courses<\/strong><\/td>\n<td>Triathlon ITU, cyclisme UCI, patinage de vitesse ISU, World Skate (FIRS)<\/td>\n<\/tr>\n<tr>\n<td class=\"spec-title\"><strong>Visi\u00e8re int\u00e9gr\u00e9e<\/strong><\/td>\n<td>Oui | Snap-on\/off magn\u00e9tique<\/td>\n<\/tr>\n<tr>\n<td class=\"spec-title\"><strong>Option Aeroshield<\/strong><\/td>\n<td>Non<\/td>\n<\/tr>\n<tr>\n<td class=\"spec-title\"><strong>Ventilation<\/strong><\/td>\n<td>Canalisation interne, ventilation au-dessus des sourcils<\/td>\n<\/tr>\n<tr>\n<td class=\"spec-title\"><strong>Bouclier anti-insectes<\/strong><\/td>\n<td>Oui<\/td>\n<\/tr>\n<tr>\n<td class=\"spec-title\"><strong>Syst\u00e8me d&#8217;ajustement<\/strong><\/td>\n<td>Verrouillage \u00e0 cliquet \u00e0 cadran, r\u00e9glage vertical<\/td>\n<\/tr>\n<tr>\n<td class=\"spec-title\"><strong>Boucle<\/strong><\/td>\n<td>Clip \u00e0 boucle standard<\/td>\n<\/tr>\n<tr>\n<td class=\"spec-title\"><strong>La construction<\/strong><\/td>\n<td>Structure hybride en nid d&#8217;abeille, Inmold EPC\/PC<\/td>\n<\/tr>\n<tr>\n<td class=\"spec-title\"><strong>Liner<\/strong><\/td>\n<td>Simple \u00e9paisseur | 5 pi\u00e8ces<\/td>\n<\/tr>\n<tr>\n<td class=\"spec-title\"><strong>Doublure lavable<\/strong><\/td>\n<td>Oui<\/td>\n<\/tr>\n<tr>\n<td class=\"spec-title\"><strong>Certification<\/strong><\/td>\n<td>CE, ASTM F-1849, EN1078<\/td>\n<\/tr>\n<tr>\n<td class=\"spec-title\"><strong>Essai de soufflerie<\/strong><\/td>\n<td>Oui<\/td>\n<\/tr>\n<\/tbody>\n<\/table>\n<\/div>\n<\/div>\n<\/div>\n","protected":false},"excerpt":{"rendered":"<p>Casque Cadomotus Omega Aero Ce casque fabriqu\u00e9 aux Pays-Bas r\u00e9pond \u00e0 toutes les normes ASTM, EN et CE pour le patinage de vitesse sur glace et le cyclisme sur route. Un v\u00e9ritable casque polyvalent qui vous aidera \u00e0 gagner de pr\u00e9cieuses secondes, quelle que soit la discipline qui vous passionne. Le casque Cadomotus Omega \u00e9tablit [&hellip;]<\/p>\n","protected":false},"featured_media":20478,"comment_status":"open","ping_status":"closed","template":"","meta":{"_acf_changed":false,"_monsterinsights_skip_tracking":false,"_monsterinsights_sitenote_active":false,"_monsterinsights_sitenote_note":"","_monsterinsights_sitenote_category":0,"_uf_show_specific_survey":0,"_uf_disable_surveys":false,"site-sidebar-layout":"default","site-content-layout":"","ast-site-content-layout":"default","site-content-style":"default","site-sidebar-style":"default","ast-global-header-display":"","ast-banner-title-visibility":"","ast-main-header-display":"","ast-hfb-above-header-display":"","ast-hfb-below-header-display":"","ast-hfb-mobile-header-display":"","site-post-title":"","ast-breadcrumbs-content":"","ast-featured-img":"","footer-sml-layout":"","ast-disable-related-posts":"","theme-transparent-header-meta":"default","adv-header-id-meta":"","stick-header-meta":"","header-above-stick-meta":"","header-main-stick-meta":"","header-below-stick-meta":"","astra-migrate-meta-layouts":"set","ast-page-background-enabled":"default","ast-page-background-meta":{"desktop":{"background-color":"","background-image":"","background-repeat":"repeat","background-position":"center center","background-size":"auto","background-attachment":"scroll","background-type":"","background-media":"","overlay-type":"","overlay-color":"","overlay-opacity":"","overlay-gradient":""},"tablet":{"background-color":"","background-image":"","background-repeat":"repeat","background-position":"center center","background-size":"auto","background-attachment":"scroll","background-type":"","background-media":"","overlay-type":"","overlay-color":"","overlay-opacity":"","overlay-gradient":""},"mobile":{"background-color":"","background-image":"","background-repeat":"repeat","background-position":"center center","background-size":"auto","background-attachment":"scroll","background-type":"","background-media":"","overlay-type":"","overlay-color":"","overlay-opacity":"","overlay-gradient":""}},"ast-content-background-meta":{"desktop":{"background-color":"var(--ast-global-color-5)","background-image":"","background-repeat":"repeat","background-position":"center center","background-size":"auto","background-attachment":"scroll","background-type":"","background-media":"","overlay-type":"","overlay-color":"","overlay-opacity":"","overlay-gradient":""},"tablet":{"background-color":"var(--ast-global-color-5)","background-image":"","background-repeat":"repeat","background-position":"center center","background-size":"auto","background-attachment":"scroll","background-type":"","background-media":"","overlay-type":"","overlay-color":"","overlay-opacity":"","overlay-gradient":""},"mobile":{"background-color":"var(--ast-global-color-5)","background-image":"","background-repeat":"repeat","background-position":"center center","background-size":"auto","background-attachment":"scroll","background-type":"","background-media":"","overlay-type":"","overlay-color":"","overlay-opacity":"","overlay-gradient":""}}},"product_brand":[3289],"product_cat":[3389,3391,3643,3589,3750,4076,3390,3467,3381,3645],"product_tag":[2029,4287,4288,4289,4290,4291,4292,3427,3014,3015,3497,2156],"class_list":{"0":"post-20476","1":"product","2":"type-product","3":"status-publish","4":"has-post-thumbnail","6":"product_brand-cadomotus","7":"product_cat-accessoires-longue-piste","8":"product_cat-accessoires-pour-la-longue-piste","9":"product_cat-casque-long-track","10":"product_cat-casques","11":"product_cat-equipement-de-protection-pour-le-patinage-de-vitesse","12":"product_cat-hlmet","13":"product_cat-longue-piste","14":"product_cat-patinage-de-vitesse","15":"product_cat-patinage-de-vitesse-en-ligne","16":"product_cat-protection","17":"product_tag-cadomotus","18":"product_tag-casque-cadomotus-omega-aero","19":"product_tag-casque-de-patinage-lt","20":"product_tag-casque-de-patinage-omega-lt","21":"product_tag-casque-de-velo","22":"product_tag-casque-longue-piste","23":"product_tag-casque-omega-aero","24":"product_tag-equipement-de-patinage-de-vitesse","25":"product_tag-omega","26":"product_tag-omega-aero","27":"product_tag-patinage-de-vitesse","28":"product_tag-protection","29":"desktop-align-left","30":"tablet-align-left","31":"mobile-align-left","33":"first","34":"instock","35":"sale","36":"taxable","37":"shipping-taxable","38":"purchasable","39":"product-type-simple"},"acf":[],"_links":{"self":[{"href":"https:\/\/ztsports.com\/fr\/wp-json\/wp\/v2\/product\/20476","targetHints":{"allow":["GET"]}}],"collection":[{"href":"https:\/\/ztsports.com\/fr\/wp-json\/wp\/v2\/product"}],"about":[{"href":"https:\/\/ztsports.com\/fr\/wp-json\/wp\/v2\/types\/product"}],"replies":[{"embeddable":true,"href":"https:\/\/ztsports.com\/fr\/wp-json\/wp\/v2\/comments?post=20476"}],"version-history":[{"count":1,"href":"https:\/\/ztsports.com\/fr\/wp-json\/wp\/v2\/product\/20476\/revisions"}],"predecessor-version":[{"id":20477,"href":"https:\/\/ztsports.com\/fr\/wp-json\/wp\/v2\/product\/20476\/revisions\/20477"}],"wp:featuredmedia":[{"embeddable":true,"href":"https:\/\/ztsports.com\/fr\/wp-json\/wp\/v2\/media\/20478"}],"wp:attachment":[{"href":"https:\/\/ztsports.com\/fr\/wp-json\/wp\/v2\/media?parent=20476"}],"wp:term":[{"taxonomy":"product_brand","embeddable":true,"href":"https:\/\/ztsports.com\/fr\/wp-json\/wp\/v2\/product_brand?post=20476"},{"taxonomy":"product_cat","embeddable":true,"href":"https:\/\/ztsports.com\/fr\/wp-json\/wp\/v2\/product_cat?post=20476"},{"taxonomy":"product_tag","embeddable":true,"href":"https:\/\/ztsports.com\/fr\/wp-json\/wp\/v2\/product_tag?post=20476"}],"curies":[{"name":"wp","href":"https:\/\/api.w.org\/{rel}","templated":true}]}}